{"id":313,"date":"2025-11-24T06:03:42","date_gmt":"2025-11-24T06:03:42","guid":{"rendered":"https:\/\/hdxenergy.com\/?post_type=product&#038;p=313"},"modified":"2026-01-07T05:53:58","modified_gmt":"2026-01-07T05:53:58","slug":"51-2v105ah-versione-con-guscio-in-ferro","status":"publish","type":"product","link":"https:\/\/hdxenergy.com\/it\/product\/51-2v105ah-iron-shell-version\/","title":{"rendered":"51.2V 105Ah Golf Cart Battery ordine in blocco | 5000+ ciclo LiFePO4 Power"},"content":{"rendered":"<p><strong>Specifiche e parametri del prodotto<\/strong><br \/>\n<strong>Parametri tecnici della batteria<\/strong><\/p>\n<div class=\"table-container\">\n<table>\n<tbody>\n<tr>\n<td>Specifiche del progetto<\/td>\n<td>Parametri standard<\/td>\n<td>Osservazioni<\/td>\n<\/tr>\n<tr>\n<td>Modello di batteria<\/td>\n<td>51,2V105Ah<\/td>\n<td><\/td>\n<\/tr>\n<tr>\n<td>Tipo di batteria<\/td>\n<td>Batteria LFP<\/td>\n<td><\/td>\n<\/tr>\n<tr>\n<td>Tensione nominale (V\uff09)<\/td>\n<td>51.2<\/td>\n<td><\/td>\n<\/tr>\n<tr>\n<td>Capacit\u00e0 nominale (Ah)<\/td>\n<td>105\u00b15%<\/td>\n<td>25\u2103\u00b12\u2103, 0,5C Carica, 0,5C Scarico<\/td>\n<\/tr>\n<tr>\n<td>Energia nominale (Wh)<\/td>\n<td>5376<\/td>\n<td><\/td>\n<\/tr>\n<tr>\n<td>Tensione di carica nominale (V\uff09)<\/td>\n<td>57.6<\/td>\n<td><\/td>\n<\/tr>\n<tr>\n<td>Tensione nominale di interruzione della scarica (V\uff09)<\/td>\n<td>40<\/td>\n<td><\/td>\n<\/tr>\n<tr>\n<td>Corrente di carica standard (A\uff09)<\/td>\n<td>20<\/td>\n<td><\/td>\n<\/tr>\n<tr>\n<td>Corrente di carica massima (A\uff09)<\/td>\n<td>50<\/td>\n<td><\/td>\n<\/tr>\n<tr>\n<td>Corrente di scarica standard (A\uff09)<\/td>\n<td>20<\/td>\n<td><\/td>\n<\/tr>\n<tr>\n<td>Corrente di scarica continua (A\uff09)<\/td>\n<td>200<\/td>\n<td><\/td>\n<\/tr>\n<tr>\n<td>Corrente di scarica massima (A\uff09)<\/td>\n<td>400(35S)<\/td>\n<td><\/td>\n<\/tr>\n<tr>\n<td>Corrente di scarica massima di picco (A\uff09)<\/td>\n<td>600A(3S)<\/td>\n<td><\/td>\n<\/tr>\n<tr>\n<td>Materiale della scocca<\/td>\n<td>Involucro in metallo<\/td>\n<td><\/td>\n<\/tr>\n<tr>\n<td>Peso (kg)<\/td>\n<td>Circa 51 kg<\/td>\n<td><\/td>\n<\/tr>\n<tr>\n<td>Resistenza interna iniziale (m\u03a9\uff09)<\/td>\n<td>\u226450<\/td>\n<td>Batteria nuova entro 3 mesi, ACIR, 1000HZ<\/td>\n<\/tr>\n<tr>\n<td>Tasso di autoscarica mensile<\/td>\n<td>\u22645%<\/td>\n<td>Carica standard a 100% SOC e conservazione per 28 giorni a 25\u00b12\u2103\u3002<\/td>\n<\/tr>\n<\/tbody>\n<\/table>\n<table>\n<tbody>\n<tr>\n<td>Dimensioni complessive (mm)<\/td>\n<td>550*300*245mm \u00b12,0<\/td>\n<td>Lunghezza \u00d7 larghezza \u00d7 altezza (dimensioni della scatola, senza maniglia)<\/td>\n<\/tr>\n<tr>\n<td>Tensione di consegna (V\uff09)<\/td>\n<td>51 ~ 52.8<\/td>\n<td>30~70%SOC<\/td>\n<\/tr>\n<tr>\n<td>Ciclo di vita (tempi) (25\u2103\u00b12\u2103)<\/td>\n<td><\/td>\n<td>a\uff09A temperatura ambiente, continuare a caricare a 20A di corrente costante fino a quando la tensione della batteria \u00e8 43,8, e caricare a tensione costante fino a quando la corrente \u00e8 0.05C, lasciare riposare 2h; b\uff09Scaricare a 20A fino alla tensione di spegnimento di 30V a temperatura ambiente, lasciare riposare 3h; c\uff09Ripetere le fasi di a\uff09~ b), fino a quando la capacit\u00e0 di scarica ha raggiunto gli 80% della capacit\u00e0 nominale, il numero di cicli completati \u00e8 stato definito come la durata della batteria.<\/td>\n<\/tr>\n<\/tbody>\n<\/table>\n<table>\n<tbody>\n<tr>\n<td>Ciclo di vita (tempi) (25\u2103\u00b12\u2103)<\/td>\n<td><\/td>\n<td>a\uff09A temperatura ambiente, continuare a caricare a 20A di corrente costante fino a quando la tensione della batteria \u00e8 43,8, e caricare a tensione costante fino a quando la corrente \u00e8 0.05C, lasciare riposare 2h; b\uff09Scaricare a 20A fino alla tensione di spegnimento di 30V a temperatura ambiente, lasciare riposare 3h; c\uff09Ripetere le fasi di a\uff09~ b), fino a quando la capacit\u00e0 di scarica ha raggiunto gli 80% della capacit\u00e0 nominale, il numero di cicli completati \u00e8 stato definito come la durata della batteria.<\/td>\n<\/tr>\n<tr>\n<td>Modalit\u00e0 di comunicazione<\/td>\n<td colspan=\"2\">UART<\/td>\n<\/tr>\n<tr>\n<td>Temperatura di carica (\u2103\uff09)<\/td>\n<td>30A<\/td>\n<td>0~10\u2103<\/td>\n<\/tr>\n<tr>\n<td><\/td>\n<td>20A<\/td>\n<td>10~20\u2103<\/td>\n<\/tr>\n<tr>\n<td><\/td>\n<td>50A<\/td>\n<td>20~40\u2103<\/td>\n<\/tr>\n<tr>\n<td><\/td>\n<td>30A<\/td>\n<td>40~55\u2103<\/td>\n<\/tr>\n<tr>\n<td>Temperatura di scarico (\u2103\uff09)<\/td>\n<td>-20~55<\/td>\n<td>La temperatura superficiale della cella non deve superare i 60\u2103.<\/td>\n<\/tr>\n<tr>\n<td>Temperatura di conservazione<\/td>\n<td>-30~55\u2103 90\uff05RH Max -10\uff5e45\u2103 70\uff05RH Max<\/td>\n<td>Meno di 1 mese Pi\u00f9 di 3 mesi<\/td>\n<\/tr>\n<tr>\n<td>Temperatura di conservazione consigliata<\/td>\n<td>-10\uff5e35\u2103 85\uff05RH Max<\/td>\n<td>la durata della batteria si riduce se la batteria \u00e8 conservata a temperature elevate<\/td>\n<\/tr>\n<\/tbody>\n<\/table>\n<\/div>\n<p><img fetchpriority=\"high\" decoding=\"async\" class=\"alignnone wp-image-357 size-full\" src=\"https:\/\/hdxenergy.com\/wp-content\/uploads\/2025\/11\/51.2v105ah-iron-shell-version07.jpg\" alt=\"Alimentazione pi\u00f9 veloce e pi\u00f9 lunga per il vostro carrello da golf\" width=\"1000\" height=\"1000\" srcset=\"https:\/\/hdxenergy.com\/wp-content\/uploads\/2025\/11\/51.2v105ah-iron-shell-version07.jpg 1000w, https:\/\/hdxenergy.com\/wp-content\/uploads\/2025\/11\/51.2v105ah-iron-shell-version07-300x300.jpg 300w, https:\/\/hdxenergy.com\/wp-content\/uploads\/2025\/11\/51.2v105ah-iron-shell-version07-150x150.jpg 150w, https:\/\/hdxenergy.com\/wp-content\/uploads\/2025\/11\/51.2v105ah-iron-shell-version07-768x768.jpg 768w, https:\/\/hdxenergy.com\/wp-content\/uploads\/2025\/11\/51.2v105ah-iron-shell-version07-600x600.jpg 600w, https:\/\/hdxenergy.com\/wp-content\/uploads\/2025\/11\/51.2v105ah-iron-shell-version07-100x100.jpg 100w\" sizes=\"(max-width: 1000px) 100vw, 1000px\" \/> <img decoding=\"async\" class=\"alignnone wp-image-356 size-full\" src=\"https:\/\/hdxenergy.com\/wp-content\/uploads\/2025\/11\/51.2v105ah-iron-shell-version06.jpg\" alt=\"Batteria OEM \/ VOSTRO LOGO\" width=\"1000\" height=\"1000\" srcset=\"https:\/\/hdxenergy.com\/wp-content\/uploads\/2025\/11\/51.2v105ah-iron-shell-version06.jpg 1000w, https:\/\/hdxenergy.com\/wp-content\/uploads\/2025\/11\/51.2v105ah-iron-shell-version06-300x300.jpg 300w, https:\/\/hdxenergy.com\/wp-content\/uploads\/2025\/11\/51.2v105ah-iron-shell-version06-150x150.jpg 150w, https:\/\/hdxenergy.com\/wp-content\/uploads\/2025\/11\/51.2v105ah-iron-shell-version06-768x768.jpg 768w, https:\/\/hdxenergy.com\/wp-content\/uploads\/2025\/11\/51.2v105ah-iron-shell-version06-600x600.jpg 600w, https:\/\/hdxenergy.com\/wp-content\/uploads\/2025\/11\/51.2v105ah-iron-shell-version06-100x100.jpg 100w\" sizes=\"(max-width: 1000px) 100vw, 1000px\" \/> <img decoding=\"async\" class=\"alignnone wp-image-355 size-full\" src=\"https:\/\/hdxenergy.com\/wp-content\/uploads\/2025\/11\/51.2v105ah-iron-shell-version05.jpg\" alt=\"Batteria per carrello da golf Lifepo4\" width=\"750\" height=\"750\" srcset=\"https:\/\/hdxenergy.com\/wp-content\/uploads\/2025\/11\/51.2v105ah-iron-shell-version05.jpg 750w, https:\/\/hdxenergy.com\/wp-content\/uploads\/2025\/11\/51.2v105ah-iron-shell-version05-300x300.jpg 300w, https:\/\/hdxenergy.com\/wp-content\/uploads\/2025\/11\/51.2v105ah-iron-shell-version05-150x150.jpg 150w, https:\/\/hdxenergy.com\/wp-content\/uploads\/2025\/11\/51.2v105ah-iron-shell-version05-600x600.jpg 600w, https:\/\/hdxenergy.com\/wp-content\/uploads\/2025\/11\/51.2v105ah-iron-shell-version05-100x100.jpg 100w\" sizes=\"(max-width: 750px) 100vw, 750px\" \/> <img loading=\"lazy\" decoding=\"async\" class=\"alignnone wp-image-354 size-full\" src=\"https:\/\/hdxenergy.com\/wp-content\/uploads\/2025\/11\/51.2v105ah-iron-shell-version04.jpg\" alt=\"Tecnologia di produzione\" width=\"1000\" height=\"1000\" srcset=\"https:\/\/hdxenergy.com\/wp-content\/uploads\/2025\/11\/51.2v105ah-iron-shell-version04.jpg 1000w, https:\/\/hdxenergy.com\/wp-content\/uploads\/2025\/11\/51.2v105ah-iron-shell-version04-300x300.jpg 300w, https:\/\/hdxenergy.com\/wp-content\/uploads\/2025\/11\/51.2v105ah-iron-shell-version04-150x150.jpg 150w, https:\/\/hdxenergy.com\/wp-content\/uploads\/2025\/11\/51.2v105ah-iron-shell-version04-768x768.jpg 768w, https:\/\/hdxenergy.com\/wp-content\/uploads\/2025\/11\/51.2v105ah-iron-shell-version04-600x600.jpg 600w, https:\/\/hdxenergy.com\/wp-content\/uploads\/2025\/11\/51.2v105ah-iron-shell-version04-100x100.jpg 100w\" sizes=\"(max-width: 1000px) 100vw, 1000px\" \/> <img loading=\"lazy\" decoding=\"async\" class=\"alignnone wp-image-353 size-full\" src=\"https:\/\/hdxenergy.com\/wp-content\/uploads\/2025\/11\/51.2v105ah-iron-shell-version03.jpg\" alt=\"Caricatore: corrente di carica selezionabile\" width=\"1000\" height=\"1000\" srcset=\"https:\/\/hdxenergy.com\/wp-content\/uploads\/2025\/11\/51.2v105ah-iron-shell-version03.jpg 1000w, https:\/\/hdxenergy.com\/wp-content\/uploads\/2025\/11\/51.2v105ah-iron-shell-version03-300x300.jpg 300w, https:\/\/hdxenergy.com\/wp-content\/uploads\/2025\/11\/51.2v105ah-iron-shell-version03-150x150.jpg 150w, https:\/\/hdxenergy.com\/wp-content\/uploads\/2025\/11\/51.2v105ah-iron-shell-version03-768x768.jpg 768w, https:\/\/hdxenergy.com\/wp-content\/uploads\/2025\/11\/51.2v105ah-iron-shell-version03-600x600.jpg 600w, https:\/\/hdxenergy.com\/wp-content\/uploads\/2025\/11\/51.2v105ah-iron-shell-version03-100x100.jpg 100w\" sizes=\"(max-width: 1000px) 100vw, 1000px\" \/><\/p>","protected":false},"excerpt":{"rendered":"<ol>\n<li>Prestazioni di base<\/li>\n<\/ol>\n<p>100Ah Grande capacit\u00e0: Fornisce energia affidabile per l'accumulo di energia solare, i sistemi di alimentazione di riserva, i camper, gli utensili elettrici e altri scenari versatili.<\/p>\n<ol start=\"2\">\n<li>Sicurezza ai massimi livelli<\/li>\n<\/ol>\n<p>Doppia protezione di sicurezza: Offre un'eccezionale stabilit\u00e0 termica e un sistema di gestione della batteria (BMS) integrato per prevenire sovraccarichi, sovrascarichi e cortocircuiti.<\/p>\n<ol start=\"3\">\n<li>Durata nel tempo<\/li>\n<\/ol>\n<p>Oltre 5000 cicli di carica: Assicura un'affidabilit\u00e0 a lungo termine, riduce la necessit\u00e0 di sostituzioni frequenti e i costi di manutenzione complessivi.<\/p>\n<ol start=\"4\">\n<li>Ricarica rapida ed efficiente<\/li>\n<\/ol>\n<p>Supporto per la ricarica rapida: Ricarica rapida ed efficiente, con ampia compatibilit\u00e0 con vari dispositivi e sistemi di alimentazione.<\/p>\n<ol start=\"5\">\n<li>Design eco-compatibile<\/li>\n<\/ol>\n<p>Non tossico e riciclabile: Conforme agli standard ambientali internazionali, \u00e8 una soluzione energetica sostenibile.<\/p>","protected":false},"featured_media":351,"comment_status":"open","ping_status":"closed","template":"","meta":[],"product_brand":[],"product_cat":[29],"product_tag":[],"class_list":{"0":"post-313","1":"product","2":"type-product","3":"status-publish","4":"has-post-thumbnail","6":"product_cat-golf-cart-lithium-battery","8":"first","9":"instock","10":"shipping-taxable","11":"product-type-simple"},"_links":{"self":[{"href":"https:\/\/hdxenergy.com\/it\/wp-json\/wp\/v2\/product\/313","targetHints":{"allow":["GET"]}}],"collection":[{"href":"https:\/\/hdxenergy.com\/it\/wp-json\/wp\/v2\/product"}],"about":[{"href":"https:\/\/hdxenergy.com\/it\/wp-json\/wp\/v2\/types\/product"}],"replies":[{"embeddable":true,"href":"https:\/\/hdxenergy.com\/it\/wp-json\/wp\/v2\/comments?post=313"}],"wp:featuredmedia":[{"embeddable":true,"href":"https:\/\/hdxenergy.com\/it\/wp-json\/wp\/v2\/media\/351"}],"wp:attachment":[{"href":"https:\/\/hdxenergy.com\/it\/wp-json\/wp\/v2\/media?parent=313"}],"wp:term":[{"taxonomy":"product_brand","embeddable":true,"href":"https:\/\/hdxenergy.com\/it\/wp-json\/wp\/v2\/product_brand?post=313"},{"taxonomy":"product_cat","embeddable":true,"href":"https:\/\/hdxenergy.com\/it\/wp-json\/wp\/v2\/product_cat?post=313"},{"taxonomy":"product_tag","embeddable":true,"href":"https:\/\/hdxenergy.com\/it\/wp-json\/wp\/v2\/product_tag?post=313"}],"curies":[{"name":"wp","href":"https:\/\/api.w.org\/{rel}","templated":true}]}}