{"id":1109,"date":"2025-12-08T01:32:39","date_gmt":"2025-12-08T01:32:39","guid":{"rendered":"https:\/\/hdxenergy.com\/?post_type=product&#038;p=1109"},"modified":"2026-01-07T07:46:33","modified_gmt":"2026-01-07T07:46:33","slug":"250kw500kw","status":"publish","type":"product","link":"https:\/\/hdxenergy.com\/it\/product\/250kw500kw\/","title":{"rendered":"250KW\/500KWH Vendor ESS containerizzato | BESS compatto e ad alta efficienza"},"content":{"rendered":"<table border=\"0\" width=\"100%\" cellspacing=\"0\" cellpadding=\"0\">\n<tbody>\n<tr>\n<td><strong>Modello del prodotto<\/strong><\/td>\n<td><strong>H098-500 kWh<\/strong><\/td>\n<\/tr>\n<tr>\n<td><strong>Capacit\u00e0 della batteria<\/strong><\/td>\n<td>840 Ah\/598,4 V 502,6 kWh)<\/td>\n<\/tr>\n<tr>\n<td><strong>Potenza nominale<\/strong><\/td>\n<td>250 kW<\/td>\n<\/tr>\n<tr>\n<td><strong>Potenza di picco<\/strong><\/td>\n<td>275 kW<\/td>\n<\/tr>\n<tr>\n<td><strong>Intervallo di tensione della batteria<\/strong><\/td>\n<td>467,5\u2013682,5 V<\/td>\n<\/tr>\n<tr>\n<td><strong>Corrente nominale CA<\/strong><\/td>\n<td>361A<\/td>\n<\/tr>\n<tr>\n<td><strong>Corrente massima di uscita CA<\/strong><\/td>\n<td>397A<\/td>\n<\/tr>\n<tr>\n<td><strong>Dimensioni (L*P*A)<\/strong><\/td>\n<td>6058*2438*2591 (mm)<\/td>\n<\/tr>\n<tr>\n<td><strong>Peso<\/strong><\/td>\n<td>11.500 kg<\/td>\n<\/tr>\n<tr>\n<td><strong>Tipo di batteria<\/strong><\/td>\n<td>LiFePO4<\/td>\n<\/tr>\n<tr>\n<td><strong>Tensione di uscita CA<\/strong><\/td>\n<td>400 V (-201 TP3T ~ +151 TP3T)<\/td>\n<\/tr>\n<tr>\n<td><strong>Comunicazione wireless<\/strong><\/td>\n<td>Supporta la comunicazione 4G<\/td>\n<\/tr>\n<tr>\n<td><strong>Comunicare<\/strong><\/td>\n<td>RS485\/CAN<\/td>\n<\/tr>\n<tr>\n<td><strong>Durata del ciclo della batteria<\/strong><\/td>\n<td>Oltre 6000 cicli<\/td>\n<\/tr>\n<tr>\n<td><strong>Protezione del sistema<\/strong><\/td>\n<td>Protezione da sovratemperatura\/Protezione da sovratensione\/Protezione da sovracorrente\/Protezione da sovraccarico\/Protezione da scarica eccessiva\/Protezione da cortocircuito del carico\/Protezione da sovraccarico.<\/td>\n<\/tr>\n<tr>\n<td><strong>Temperatura di scarico<\/strong><\/td>\n<td>-20 \u00b0C ~ 50 \u00b0C (la temperatura ambiente consigliata \u00e8 compresa tra 20 \u00b0C e 30 \u00b0C).<\/td>\n<\/tr>\n<tr>\n<td><strong>Intervallo di temperatura di carica<\/strong><\/td>\n<td>-5 \u00b0C ~ 50 \u00b0C (la temperatura ambiente consigliata \u00e8 compresa tra 20 \u00b0C e 30 \u00b0C).<\/td>\n<\/tr>\n<tr>\n<td><strong>Temperatura di conservazione<\/strong><\/td>\n<td>La temperatura ambiente consigliata \u00e8 compresa tra 0 \u00b0C e 45 \u00b0C.<\/td>\n<\/tr>\n<tr>\n<td><strong>Standard di certificazione<\/strong><\/td>\n<td>IEC UN38.3 MSDS ROHS<\/td>\n<\/tr>\n<\/tbody>\n<\/table>","protected":false},"excerpt":{"rendered":"<ul>\n<li>Questo sistema di accumulo con batterie solari da 250 kW\/500 kWh \u00e8 dotato di batterie di accumulo energetico, PCS, controller fotovoltaico (MPPT) (opzionale), sistema di gestione BMS, sistema di gestione EMS, sistema di distribuzione dell'energia, sistema di controllo ambientale e sistema antincendio per il controllo completo dello stato operativo e dei rischi del sistema.<\/li>\n<li>Configurato con un PCS modulare montato su rack, supporta il collegamento in parallelo di pi\u00f9 macchine e offre una buona scalabilit\u00e0; il numero di moduli PCS e la potenza totale della batteria possono essere selezionati in base ai requisiti di capacit\u00e0 del sistema di accumulo termico dell'energia solare della microgrid e di altri scenari.<\/li>\n<li>Il livello di protezione \u00e8 IP54, che pu\u00f2 affrontare perfettamente vari tipi di condizioni atmosferiche esterne.<\/li>\n<li>Il condizionatore integrato montato sulla porta non occupa spazio nell'armadio, aumenta lo spazio disponibile negli armadi esterni, offre una migliore integrit\u00e0 strutturale superiore e un buon effetto impermeabilizzante.<\/li>\n<li>Il pannello di controllo locale pu\u00f2 svolgere diverse funzioni, come il monitoraggio del funzionamento del sistema, la formulazione di strategie di gestione energetica e l'aggiornamento remoto delle apparecchiature.<\/li>\n<\/ul>","protected":false},"featured_media":1110,"comment_status":"open","ping_status":"closed","template":"","meta":[],"product_brand":[],"product_cat":[33,32,35],"product_tag":[],"class_list":{"0":"post-1109","1":"product","2":"type-product","3":"status-publish","4":"has-post-thumbnail","6":"product_cat-all-in-one-battery-energy-storage-system","7":"product_cat-commercial-and-industrial-energy-storage","8":"product_cat-container-series","10":"first","11":"instock","12":"shipping-taxable","13":"product-type-simple"},"_links":{"self":[{"href":"https:\/\/hdxenergy.com\/it\/wp-json\/wp\/v2\/product\/1109","targetHints":{"allow":["GET"]}}],"collection":[{"href":"https:\/\/hdxenergy.com\/it\/wp-json\/wp\/v2\/product"}],"about":[{"href":"https:\/\/hdxenergy.com\/it\/wp-json\/wp\/v2\/types\/product"}],"replies":[{"embeddable":true,"href":"https:\/\/hdxenergy.com\/it\/wp-json\/wp\/v2\/comments?post=1109"}],"wp:featuredmedia":[{"embeddable":true,"href":"https:\/\/hdxenergy.com\/it\/wp-json\/wp\/v2\/media\/1110"}],"wp:attachment":[{"href":"https:\/\/hdxenergy.com\/it\/wp-json\/wp\/v2\/media?parent=1109"}],"wp:term":[{"taxonomy":"product_brand","embeddable":true,"href":"https:\/\/hdxenergy.com\/it\/wp-json\/wp\/v2\/product_brand?post=1109"},{"taxonomy":"product_cat","embeddable":true,"href":"https:\/\/hdxenergy.com\/it\/wp-json\/wp\/v2\/product_cat?post=1109"},{"taxonomy":"product_tag","embeddable":true,"href":"https:\/\/hdxenergy.com\/it\/wp-json\/wp\/v2\/product_tag?post=1109"}],"curies":[{"name":"wp","href":"https:\/\/api.w.org\/{rel}","templated":true}]}}