{"id":670,"date":"2025-11-25T06:42:34","date_gmt":"2025-11-25T06:42:34","guid":{"rendered":"https:\/\/hdxenergy.com\/?post_type=product&#038;p=670"},"modified":"2026-01-07T07:29:56","modified_gmt":"2026-01-07T07:29:56","slug":"serie-ccs2","status":"publish","type":"product","link":"https:\/\/hdxenergy.com\/fr\/product\/ccs2-series\/","title":{"rendered":"CCS2 EV Charging Station Original Equipment Manufacturer | 60-240kW"},"content":{"rendered":"<div class=\"table-container\">\n<table>\n<tbody>\n<tr>\n<td colspan=\"2\"><strong>ltem<\/strong><\/td>\n<td colspan=\"6\">Valeur standard du param\u00e8tre<\/td>\n<\/tr>\n<tr>\n<td colspan=\"2\"><strong>Tension d'entr\u00e9e<\/strong><\/td>\n<td colspan=\"6\">Triphas\u00e9 260-530 V CA<\/td>\n<\/tr>\n<tr>\n<td colspan=\"2\"><strong>fr\u00e9quence de luput<\/strong><\/td>\n<td colspan=\"6\">50 Hz\/60 Hz<\/td>\n<\/tr>\n<tr>\n<td colspan=\"2\"><strong>Puissance nominale<\/strong><\/td>\n<td colspan=\"6\">60 kW\/120 kW\/160 kW\/240 kW<\/td>\n<\/tr>\n<tr>\n<td colspan=\"2\"><strong>Tension de sortie<\/strong><\/td>\n<td colspan=\"6\">200 \u00e0 1000 Vcc<\/td>\n<\/tr>\n<tr>\n<td colspan=\"2\"><strong>Courant de sortie<\/strong><\/td>\n<td colspan=\"6\">0-200 Adc<\/td>\n<\/tr>\n<tr>\n<td colspan=\"2\"><strong>Tension d'entr\u00e9e<\/strong><\/td>\n<td colspan=\"6\">Triphas\u00e9 260-530 V CA<\/td>\n<\/tr>\n<tr>\n<td colspan=\"2\"><strong>Indice de protection<\/strong><\/td>\n<td colspan=\"6\">IP55\/IK10<\/td>\n<\/tr>\n<tr>\n<td colspan=\"2\"><strong>Normes<\/strong><\/td>\n<td colspan=\"6\">UL 2202, CSA-C22.2 n\u00b0 107.1-16, UL 2231, CSA C22.2 n\u00b0 281<\/td>\n<\/tr>\n<tr>\n<td colspan=\"2\"><strong>Poids<\/strong><\/td>\n<td colspan=\"6\">230 kg ~ 260 kg<\/td>\n<\/tr>\n<tr>\n<td colspan=\"2\"><strong>Dimension<\/strong><\/td>\n<td colspan=\"6\">6507001700 mm (L**H)<\/td>\n<\/tr>\n<tr>\n<td colspan=\"2\"><strong>Interface r\u00e9seau<\/strong><\/td>\n<td colspan=\"6\">Ethemet, WIFl, 4G<\/td>\n<\/tr>\n<tr>\n<td colspan=\"2\"><strong>Norme de s\u00e9curit\u00e9<\/strong><\/td>\n<td colspan=\"6\">EN 61851-1-2001 EN 61851-21-2001 EN 61851-22-2001<\/td>\n<\/tr>\n<\/tbody>\n<\/table>\n<\/div>\n<p><img fetchpriority=\"high\" decoding=\"async\" class=\"alignnone wp-image-676 size-full\" src=\"https:\/\/hdxenergy.com\/wp-content\/uploads\/2025\/11\/CCS2-Series6.jpg\" alt=\"Applications de la station de recharge CCS2 EV\" width=\"1000\" height=\"1000\" srcset=\"https:\/\/hdxenergy.com\/wp-content\/uploads\/2025\/11\/CCS2-Series6.jpg 1000w, https:\/\/hdxenergy.com\/wp-content\/uploads\/2025\/11\/CCS2-Series6-300x300.jpg 300w, https:\/\/hdxenergy.com\/wp-content\/uploads\/2025\/11\/CCS2-Series6-150x150.jpg 150w, https:\/\/hdxenergy.com\/wp-content\/uploads\/2025\/11\/CCS2-Series6-768x768.jpg 768w, https:\/\/hdxenergy.com\/wp-content\/uploads\/2025\/11\/CCS2-Series6-600x600.jpg 600w, https:\/\/hdxenergy.com\/wp-content\/uploads\/2025\/11\/CCS2-Series6-100x100.jpg 100w\" sizes=\"(max-width: 1000px) 100vw, 1000px\" \/> <img decoding=\"async\" class=\"alignnone wp-image-675 size-full\" src=\"https:\/\/hdxenergy.com\/wp-content\/uploads\/2025\/11\/CCS2-Series5.png\" alt=\"Ports simples\/doubles en option\" width=\"1000\" height=\"1000\" srcset=\"https:\/\/hdxenergy.com\/wp-content\/uploads\/2025\/11\/CCS2-Series5.png 1000w, https:\/\/hdxenergy.com\/wp-content\/uploads\/2025\/11\/CCS2-Series5-300x300.png 300w, https:\/\/hdxenergy.com\/wp-content\/uploads\/2025\/11\/CCS2-Series5-150x150.png 150w, https:\/\/hdxenergy.com\/wp-content\/uploads\/2025\/11\/CCS2-Series5-768x768.png 768w, https:\/\/hdxenergy.com\/wp-content\/uploads\/2025\/11\/CCS2-Series5-600x600.png 600w, https:\/\/hdxenergy.com\/wp-content\/uploads\/2025\/11\/CCS2-Series5-100x100.png 100w\" sizes=\"(max-width: 1000px) 100vw, 1000px\" \/><\/p>","protected":false},"excerpt":{"rendered":"<ul>\n<li>Chargeur rapide 2 Guns DC pour v\u00e9hicules \u00e9lectriques<\/li>\n<li>Offre une flexibilit\u00e9 sur des plages de puissance allant de 40 kW \u00e0 400 kW pour recharger simultan\u00e9ment deux v\u00e9hicules \u00e9lectriques.<\/li>\n<li>60\/80\/160\/180\/240\/360 En option<\/li>\n<li>Gain de temps \u2013 Recharge rapide<\/li>\n<li>Mode de paiement RFID\/QR CODE\/Terminal de paiement \u00e9lectronique<\/li>\n<li>1 pistolet ou 2 pistolets ( CCS1 || CCS2 || CHAdeMO || GBT|| Tesla )<\/li>\n<li>\u00c9cran tactile couleur LCD 7 pouces<\/li>\n<li>Garantie de 24 mois<\/li>\n<\/ul>","protected":false},"featured_media":672,"comment_status":"open","ping_status":"closed","template":"","meta":[],"product_brand":[],"product_cat":[24],"product_tag":[],"class_list":{"0":"post-670","1":"product","2":"type-product","3":"status-publish","4":"has-post-thumbnail","6":"product_cat-electric-vehicle-charging-stations","8":"first","9":"instock","10":"shipping-taxable","11":"product-type-simple"},"_links":{"self":[{"href":"https:\/\/hdxenergy.com\/fr\/wp-json\/wp\/v2\/product\/670","targetHints":{"allow":["GET"]}}],"collection":[{"href":"https:\/\/hdxenergy.com\/fr\/wp-json\/wp\/v2\/product"}],"about":[{"href":"https:\/\/hdxenergy.com\/fr\/wp-json\/wp\/v2\/types\/product"}],"replies":[{"embeddable":true,"href":"https:\/\/hdxenergy.com\/fr\/wp-json\/wp\/v2\/comments?post=670"}],"wp:featuredmedia":[{"embeddable":true,"href":"https:\/\/hdxenergy.com\/fr\/wp-json\/wp\/v2\/media\/672"}],"wp:attachment":[{"href":"https:\/\/hdxenergy.com\/fr\/wp-json\/wp\/v2\/media?parent=670"}],"wp:term":[{"taxonomy":"product_brand","embeddable":true,"href":"https:\/\/hdxenergy.com\/fr\/wp-json\/wp\/v2\/product_brand?post=670"},{"taxonomy":"product_cat","embeddable":true,"href":"https:\/\/hdxenergy.com\/fr\/wp-json\/wp\/v2\/product_cat?post=670"},{"taxonomy":"product_tag","embeddable":true,"href":"https:\/\/hdxenergy.com\/fr\/wp-json\/wp\/v2\/product_tag?post=670"}],"curies":[{"name":"wp","href":"https:\/\/api.w.org\/{rel}","templated":true}]}}