{"id":663,"date":"2025-11-25T06:24:24","date_gmt":"2025-11-25T06:24:24","guid":{"rendered":"https:\/\/hdxenergy.com\/?post_type=product&#038;p=663"},"modified":"2026-01-07T07:24:18","modified_gmt":"2026-01-07T07:24:18","slug":"serie-gbt","status":"publish","type":"product","link":"https:\/\/hdxenergy.com\/fr\/product\/gbt-series\/","title":{"rendered":"Stations de recharge pour v\u00e9hicules \u00e9lectriques de la s\u00e9rie GBT"},"content":{"rendered":"<div class=\"table-container\">\n<table>\n<tbody>\n<tr>\n<td colspan=\"2\">ltem<\/td>\n<td colspan=\"6\">Valeur standard du param\u00e8tre<\/td>\n<\/tr>\n<tr>\n<td colspan=\"2\">Tension d'entr\u00e9e<\/td>\n<td colspan=\"6\">AC380V<\/td>\n<\/tr>\n<tr>\n<td colspan=\"2\">fr\u00e9quence de luput<\/td>\n<td colspan=\"6\">50 Hz\/60 Hz<\/td>\n<\/tr>\n<tr>\n<td colspan=\"2\">Puissance nominale<\/td>\n<td colspan=\"6\">30 kW\/60 kW\/120 kW<\/td>\n<\/tr>\n<tr>\n<td colspan=\"2\">Tension de sortie<\/td>\n<td colspan=\"6\">200 \u00e0 1000 Vcc<\/td>\n<\/tr>\n<tr>\n<td colspan=\"2\">Courant de sortie<\/td>\n<td colspan=\"6\">0-200 Adc<\/td>\n<\/tr>\n<tr>\n<td colspan=\"2\">Tension d'entr\u00e9e<\/td>\n<td colspan=\"6\">Triphas\u00e9 260-530 V CA<\/td>\n<\/tr>\n<tr>\n<td colspan=\"2\">Indice de protection<\/td>\n<td colspan=\"6\">IP55\/IK10<\/td>\n<\/tr>\n<tr>\n<td colspan=\"2\">Normes<\/td>\n<td colspan=\"6\">CSA-C22.2No.107.1-16UL2231,CSA C22.2 NO.281<\/td>\n<\/tr>\n<tr>\n<td colspan=\"2\">Poids<\/td>\n<td colspan=\"6\">230 kg ~ 260 kg<\/td>\n<\/tr>\n<tr>\n<td colspan=\"2\">Dimension<\/td>\n<td colspan=\"6\">6507001700 mm (L**H)<\/td>\n<\/tr>\n<tr>\n<td colspan=\"2\">Interface r\u00e9seau<\/td>\n<td colspan=\"6\">Ethemet, WIFl, 4G<\/td>\n<\/tr>\n<tr>\n<td colspan=\"2\">Norme de s\u00e9curit\u00e9<\/td>\n<td colspan=\"6\">EN 61851-1-2001 EN 61851-21-2001 EN 61851-22-2001<\/td>\n<\/tr>\n<\/tbody>\n<\/table>\n<\/div>\n<p><img fetchpriority=\"high\" decoding=\"async\" class=\"alignnone wp-image-669 size-full\" src=\"https:\/\/hdxenergy.com\/wp-content\/uploads\/2025\/11\/GBT-Series04.jpg\" alt=\"Affichage du certificat\" width=\"1000\" height=\"1000\" srcset=\"https:\/\/hdxenergy.com\/wp-content\/uploads\/2025\/11\/GBT-Series04.jpg 1000w, https:\/\/hdxenergy.com\/wp-content\/uploads\/2025\/11\/GBT-Series04-300x300.jpg 300w, https:\/\/hdxenergy.com\/wp-content\/uploads\/2025\/11\/GBT-Series04-150x150.jpg 150w, https:\/\/hdxenergy.com\/wp-content\/uploads\/2025\/11\/GBT-Series04-768x768.jpg 768w, https:\/\/hdxenergy.com\/wp-content\/uploads\/2025\/11\/GBT-Series04-600x600.jpg 600w, https:\/\/hdxenergy.com\/wp-content\/uploads\/2025\/11\/GBT-Series04-100x100.jpg 100w\" sizes=\"(max-width: 1000px) 100vw, 1000px\" \/> <img decoding=\"async\" class=\"alignnone wp-image-668 size-full\" src=\"https:\/\/hdxenergy.com\/wp-content\/uploads\/2025\/11\/GBT-Series03.jpg\" alt=\"Prise en charge de diff\u00e9rents ports de charge\" width=\"1000\" height=\"1000\" srcset=\"https:\/\/hdxenergy.com\/wp-content\/uploads\/2025\/11\/GBT-Series03.jpg 1000w, https:\/\/hdxenergy.com\/wp-content\/uploads\/2025\/11\/GBT-Series03-300x300.jpg 300w, https:\/\/hdxenergy.com\/wp-content\/uploads\/2025\/11\/GBT-Series03-150x150.jpg 150w, https:\/\/hdxenergy.com\/wp-content\/uploads\/2025\/11\/GBT-Series03-768x768.jpg 768w, https:\/\/hdxenergy.com\/wp-content\/uploads\/2025\/11\/GBT-Series03-600x600.jpg 600w, https:\/\/hdxenergy.com\/wp-content\/uploads\/2025\/11\/GBT-Series03-100x100.jpg 100w\" sizes=\"(max-width: 1000px) 100vw, 1000px\" \/> <img decoding=\"async\" class=\"alignnone wp-image-667 size-full\" src=\"https:\/\/hdxenergy.com\/wp-content\/uploads\/2025\/11\/GBT-Series02.jpg\" alt=\"Am\u00e9liorez votre Roi\" width=\"1000\" height=\"1000\" srcset=\"https:\/\/hdxenergy.com\/wp-content\/uploads\/2025\/11\/GBT-Series02.jpg 1000w, https:\/\/hdxenergy.com\/wp-content\/uploads\/2025\/11\/GBT-Series02-300x300.jpg 300w, https:\/\/hdxenergy.com\/wp-content\/uploads\/2025\/11\/GBT-Series02-150x150.jpg 150w, https:\/\/hdxenergy.com\/wp-content\/uploads\/2025\/11\/GBT-Series02-768x768.jpg 768w, https:\/\/hdxenergy.com\/wp-content\/uploads\/2025\/11\/GBT-Series02-600x600.jpg 600w, https:\/\/hdxenergy.com\/wp-content\/uploads\/2025\/11\/GBT-Series02-100x100.jpg 100w\" sizes=\"(max-width: 1000px) 100vw, 1000px\" \/> <img loading=\"lazy\" decoding=\"async\" class=\"alignnone wp-image-665 size-full\" src=\"https:\/\/hdxenergy.com\/wp-content\/uploads\/2025\/11\/GBT-Series01.jpg\" alt=\"S\u00e9rie GBT Sc\u00e8ne\" width=\"1000\" height=\"1000\" srcset=\"https:\/\/hdxenergy.com\/wp-content\/uploads\/2025\/11\/GBT-Series01.jpg 1000w, https:\/\/hdxenergy.com\/wp-content\/uploads\/2025\/11\/GBT-Series01-300x300.jpg 300w, https:\/\/hdxenergy.com\/wp-content\/uploads\/2025\/11\/GBT-Series01-150x150.jpg 150w, https:\/\/hdxenergy.com\/wp-content\/uploads\/2025\/11\/GBT-Series01-768x768.jpg 768w, https:\/\/hdxenergy.com\/wp-content\/uploads\/2025\/11\/GBT-Series01-600x600.jpg 600w, https:\/\/hdxenergy.com\/wp-content\/uploads\/2025\/11\/GBT-Series01-100x100.jpg 100w\" sizes=\"(max-width: 1000px) 100vw, 1000px\" \/><\/p>","protected":false},"excerpt":{"rendered":"<ul>\n<li>60\/80\/160\/180\/240\/360 En option<\/li>\n<li>Gain de temps \u2013 Recharge rapide<\/li>\n<li>Mode de paiement RFID\/QR CODE\/Terminal de paiement \u00e9lectronique<\/li>\n<li>1 pistolet ou 2 pistolets ( CCS1 || CCS2 || CHAdeMO || GBT|| Tesla )<\/li>\n<li>\u00c9cran tactile couleur LCD 7 pouces<\/li>\n<li>Garantie de 24 mois<\/li>\n<\/ul>","protected":false},"featured_media":708,"comment_status":"open","ping_status":"closed","template":"","meta":[],"product_brand":[],"product_cat":[24],"product_tag":[],"class_list":{"0":"post-663","1":"product","2":"type-product","3":"status-publish","4":"has-post-thumbnail","6":"product_cat-electric-vehicle-charging-stations","8":"first","9":"instock","10":"shipping-taxable","11":"product-type-simple"},"_links":{"self":[{"href":"https:\/\/hdxenergy.com\/fr\/wp-json\/wp\/v2\/product\/663","targetHints":{"allow":["GET"]}}],"collection":[{"href":"https:\/\/hdxenergy.com\/fr\/wp-json\/wp\/v2\/product"}],"about":[{"href":"https:\/\/hdxenergy.com\/fr\/wp-json\/wp\/v2\/types\/product"}],"replies":[{"embeddable":true,"href":"https:\/\/hdxenergy.com\/fr\/wp-json\/wp\/v2\/comments?post=663"}],"wp:featuredmedia":[{"embeddable":true,"href":"https:\/\/hdxenergy.com\/fr\/wp-json\/wp\/v2\/media\/708"}],"wp:attachment":[{"href":"https:\/\/hdxenergy.com\/fr\/wp-json\/wp\/v2\/media?parent=663"}],"wp:term":[{"taxonomy":"product_brand","embeddable":true,"href":"https:\/\/hdxenergy.com\/fr\/wp-json\/wp\/v2\/product_brand?post=663"},{"taxonomy":"product_cat","embeddable":true,"href":"https:\/\/hdxenergy.com\/fr\/wp-json\/wp\/v2\/product_cat?post=663"},{"taxonomy":"product_tag","embeddable":true,"href":"https:\/\/hdxenergy.com\/fr\/wp-json\/wp\/v2\/product_tag?post=663"}],"curies":[{"name":"wp","href":"https:\/\/api.w.org\/{rel}","templated":true}]}}