{"id":657,"date":"2025-11-25T06:12:48","date_gmt":"2025-11-25T06:12:48","guid":{"rendered":"https:\/\/hdxenergy.com\/?post_type=product&#038;p=657"},"modified":"2026-01-07T07:21:22","modified_gmt":"2026-01-07T07:21:22","slug":"serie-nacs","status":"publish","type":"product","link":"https:\/\/hdxenergy.com\/fr\/product\/nacs-series\/","title":{"rendered":"NACS Series CCS1 EV Charging Station Manufacturer | 60-360kW"},"content":{"rendered":"<div class=\"table-container\">\n<table>\n<tbody>\n<tr>\n<td colspan=\"2\"><strong>ltem<\/strong><\/td>\n<td colspan=\"6\">Valeur standard du param\u00e8tre<\/td>\n<\/tr>\n<tr>\n<td colspan=\"2\"><strong>Tension d'entr\u00e9e<\/strong><\/td>\n<td colspan=\"6\">Triphas\u00e9 260-530 V CA<\/td>\n<\/tr>\n<tr>\n<td colspan=\"2\"><strong>fr\u00e9quence de luput<\/strong><\/td>\n<td colspan=\"6\">50 Hz\/60 Hz<\/td>\n<\/tr>\n<tr>\n<td colspan=\"2\"><strong>Puissance nominale<\/strong><\/td>\n<td colspan=\"6\">30 kW\/60 kW\/120 kW<\/td>\n<\/tr>\n<tr>\n<td colspan=\"2\"><strong>Tension de sortie<\/strong><\/td>\n<td colspan=\"6\">200 \u00e0 1000 Vcc<\/td>\n<\/tr>\n<tr>\n<td colspan=\"2\"><strong>Courant de sortie<\/strong><\/td>\n<td colspan=\"6\">0-200 Adc<\/td>\n<\/tr>\n<tr>\n<td colspan=\"2\"><strong>Tension d'entr\u00e9e<\/strong><\/td>\n<td colspan=\"6\">Triphas\u00e9 260-530 V CA<\/td>\n<\/tr>\n<tr>\n<td colspan=\"2\"><strong>Indice de protection<\/strong><\/td>\n<td colspan=\"6\">IP55\/IK10<\/td>\n<\/tr>\n<tr>\n<td colspan=\"2\"><strong>Normes<\/strong><\/td>\n<td colspan=\"6\">UL 2202, CSA-C22.2 n\u00b0 107.1-16, UL 2231, CSA C22.2 n\u00b0 281<\/td>\n<\/tr>\n<tr>\n<td colspan=\"2\"><strong>Poids<\/strong><\/td>\n<td colspan=\"6\">230 kg ~ 260 kg<\/td>\n<\/tr>\n<tr>\n<td colspan=\"2\"><strong>Dimension<\/strong><\/td>\n<td colspan=\"6\">6507001700 mm (L**H)<\/td>\n<\/tr>\n<tr>\n<td colspan=\"2\"><strong>Interface r\u00e9seau<\/strong><\/td>\n<td colspan=\"6\">Ethemet, WIFl, 4G<\/td>\n<\/tr>\n<tr>\n<td colspan=\"2\"><strong>Norme de s\u00e9curit\u00e9<\/strong><\/td>\n<td colspan=\"6\">EN 61851-1-2001 EN 61851-21-2001 EN 61851-22-2001<\/td>\n<\/tr>\n<\/tbody>\n<\/table>\n<\/div>\n<p><img fetchpriority=\"high\" decoding=\"async\" class=\"alignnone wp-image-658 size-full\" src=\"https:\/\/hdxenergy.com\/wp-content\/uploads\/2025\/11\/NACS-Series00.jpg\" alt=\"NACS Series CCS1 EV Charging Station Description des indications fonctionnelles\" width=\"1000\" height=\"1000\" srcset=\"https:\/\/hdxenergy.com\/wp-content\/uploads\/2025\/11\/NACS-Series00.jpg 1000w, https:\/\/hdxenergy.com\/wp-content\/uploads\/2025\/11\/NACS-Series00-300x300.jpg 300w, https:\/\/hdxenergy.com\/wp-content\/uploads\/2025\/11\/NACS-Series00-150x150.jpg 150w, https:\/\/hdxenergy.com\/wp-content\/uploads\/2025\/11\/NACS-Series00-768x768.jpg 768w, https:\/\/hdxenergy.com\/wp-content\/uploads\/2025\/11\/NACS-Series00-600x600.jpg 600w, https:\/\/hdxenergy.com\/wp-content\/uploads\/2025\/11\/NACS-Series00-100x100.jpg 100w\" sizes=\"(max-width: 1000px) 100vw, 1000px\" \/><\/p>\n<p><strong>Recharge rapide haute puissance (60 \u00e0 300 kW)<\/strong><\/p>\n<p>Offre des options d'alimentation flexibles pour prendre en charge diff\u00e9rents types de v\u00e9hicules et sc\u00e9narios d'utilisation commerciale, fournissant une recharge CC rapide et efficace pour les emplacements \u00e0 forte circulation.<\/p>\n<p><strong>Fonctionnement stable, durable et intelligent<\/strong><\/p>\n<p>Con\u00e7u avec des composants de qualit\u00e9 industrielle, un syst\u00e8me de refroidissement avanc\u00e9 et une gestion intelligente de l'alimentation pour garantir une stabilit\u00e9 \u00e0 long terme, une gestion efficace de l'\u00e9nergie et de faibles co\u00fbts d'exploitation.<\/p>\n<p><strong>S\u00fbr, certifi\u00e9 et facile \u00e0 utiliser<\/strong><\/p>\n<p>Comprend des fonctions de protection compl\u00e8tes et une interface conviviale. Certifi\u00e9 CE et UKCA, ce qui le rend adapt\u00e9 aux installations de recharge publiques, commerciales et pour flottes.<\/p>\n<p><img decoding=\"async\" class=\"alignnone wp-image-1087 size-full\" src=\"https:\/\/hdxenergy.com\/wp-content\/uploads\/2025\/11\/NACS-SeriesCCS1.jpg\" alt=\"Taille de la station de recharge pour v\u00e9hicules \u00e9lectriques CCS1 de la s\u00e9rie NACS\" width=\"568\" height=\"551\" srcset=\"https:\/\/hdxenergy.com\/wp-content\/uploads\/2025\/11\/NACS-SeriesCCS1.jpg 568w, https:\/\/hdxenergy.com\/wp-content\/uploads\/2025\/11\/NACS-SeriesCCS1-300x291.jpg 300w\" sizes=\"(max-width: 568px) 100vw, 568px\" \/><\/p>\n<p><strong>Applications<\/strong><br \/>\nBornes de recharge publiques pour v\u00e9hicules \u00e9lectriques<br \/>\nParkings commerciaux<br \/>\nEntreprises de logistique et exploitants de flottes<br \/>\nConcessionnaires automobiles et centres de service<br \/>\nCentres commerciaux et parcs d'activit\u00e9s<br \/>\nCommunaut\u00e9s r\u00e9sidentielles et complexes \u00e0 usage mixte<br \/>\nSites n\u00e9cessitant l'int\u00e9gration de panneaux solaires et d'armoires de stockage d'\u00e9nergie pour construire un syst\u00e8me \u00e9nerg\u00e9tique commercial complet.<\/p>\n<p><img decoding=\"async\" class=\"alignnone wp-image-1089 size-full\" src=\"https:\/\/hdxenergy.com\/wp-content\/uploads\/2025\/11\/NACS-Series-2.jpg\" alt=\"Sc\u00e9narios d&#039;utilisation de la station de recharge pour v\u00e9hicules \u00e9lectriques CCS1 de la s\u00e9rie NACS 1\" width=\"965\" height=\"721\" srcset=\"https:\/\/hdxenergy.com\/wp-content\/uploads\/2025\/11\/NACS-Series-2.jpg 965w, https:\/\/hdxenergy.com\/wp-content\/uploads\/2025\/11\/NACS-Series-2-300x224.jpg 300w, https:\/\/hdxenergy.com\/wp-content\/uploads\/2025\/11\/NACS-Series-2-768x574.jpg 768w, https:\/\/hdxenergy.com\/wp-content\/uploads\/2025\/11\/NACS-Series-2-600x448.jpg 600w\" sizes=\"(max-width: 965px) 100vw, 965px\" \/><\/p>\n<p><img loading=\"lazy\" decoding=\"async\" class=\"alignnone wp-image-1090 size-full\" src=\"https:\/\/hdxenergy.com\/wp-content\/uploads\/2025\/11\/NACS-Series-3.jpg\" alt=\"Sc\u00e9narios d&#039;utilisation de la station de recharge pour v\u00e9hicules \u00e9lectriques CCS1 de la s\u00e9rie NACS 2\" width=\"965\" height=\"452\" srcset=\"https:\/\/hdxenergy.com\/wp-content\/uploads\/2025\/11\/NACS-Series-3.jpg 965w, https:\/\/hdxenergy.com\/wp-content\/uploads\/2025\/11\/NACS-Series-3-300x141.jpg 300w, https:\/\/hdxenergy.com\/wp-content\/uploads\/2025\/11\/NACS-Series-3-768x360.jpg 768w, https:\/\/hdxenergy.com\/wp-content\/uploads\/2025\/11\/NACS-Series-3-600x281.jpg 600w\" sizes=\"(max-width: 965px) 100vw, 965px\" \/><\/p>","protected":false},"excerpt":{"rendered":"<ul>\n<li>60\/80\/160\/180\/240\/360 kW en option<\/li>\n<li>Gain de temps \u2013 Recharge rapide<\/li>\n<li>Mode de paiement RFID\/QR CODE\/Terminal de paiement \u00e9lectronique<\/li>\n<li>1 pistolet ou 2 pistolets ( CCS1 || CCS2 || CHAdeMO || GBT|| Tesla )<\/li>\n<li>\u00c9cran tactile couleur LCD 7 pouces<\/li>\n<li>Garantie de 24 mois<\/li>\n<\/ul>","protected":false},"featured_media":707,"comment_status":"open","ping_status":"closed","template":"","meta":[],"product_brand":[],"product_cat":[24],"product_tag":[],"class_list":{"0":"post-657","1":"product","2":"type-product","3":"status-publish","4":"has-post-thumbnail","6":"product_cat-electric-vehicle-charging-stations","8":"first","9":"instock","10":"shipping-taxable","11":"product-type-simple"},"_links":{"self":[{"href":"https:\/\/hdxenergy.com\/fr\/wp-json\/wp\/v2\/product\/657","targetHints":{"allow":["GET"]}}],"collection":[{"href":"https:\/\/hdxenergy.com\/fr\/wp-json\/wp\/v2\/product"}],"about":[{"href":"https:\/\/hdxenergy.com\/fr\/wp-json\/wp\/v2\/types\/product"}],"replies":[{"embeddable":true,"href":"https:\/\/hdxenergy.com\/fr\/wp-json\/wp\/v2\/comments?post=657"}],"wp:featuredmedia":[{"embeddable":true,"href":"https:\/\/hdxenergy.com\/fr\/wp-json\/wp\/v2\/media\/707"}],"wp:attachment":[{"href":"https:\/\/hdxenergy.com\/fr\/wp-json\/wp\/v2\/media?parent=657"}],"wp:term":[{"taxonomy":"product_brand","embeddable":true,"href":"https:\/\/hdxenergy.com\/fr\/wp-json\/wp\/v2\/product_brand?post=657"},{"taxonomy":"product_cat","embeddable":true,"href":"https:\/\/hdxenergy.com\/fr\/wp-json\/wp\/v2\/product_cat?post=657"},{"taxonomy":"product_tag","embeddable":true,"href":"https:\/\/hdxenergy.com\/fr\/wp-json\/wp\/v2\/product_tag?post=657"}],"curies":[{"name":"wp","href":"https:\/\/api.w.org\/{rel}","templated":true}]}}