{"id":645,"date":"2025-11-25T06:03:14","date_gmt":"2025-11-25T06:03:14","guid":{"rendered":"https:\/\/hdxenergy.com\/?post_type=product&#038;p=645"},"modified":"2026-01-07T07:16:03","modified_gmt":"2026-01-07T07:16:03","slug":"systeme-integre-de-recharge-par-stockage-solaire","status":"publish","type":"product","link":"https:\/\/hdxenergy.com\/fr\/product\/solar-storage-charging-integrated-system\/","title":{"rendered":"Syst\u00e8me int\u00e9gr\u00e9 de stockage et de recharge solaire"},"content":{"rendered":"<div class=\"table-container\">\n<table>\n<tbody>\n<tr>\n<td colspan=\"3\"><strong>Mod\u00e8le<\/strong><\/td>\n<td>H098-193kWh<\/td>\n<\/tr>\n<tr>\n<td><strong>Taille (LWH)<\/strong><\/td>\n<td>1340mm1100mm2280mm<\/td>\n<td>M\u00e9thode de recharge de la batterie<\/td>\n<td>Norme nationale DC Norme nationale DC Pistolet de charge<\/td>\n<\/tr>\n<tr>\n<td><strong>Poids<\/strong><\/td>\n<td>1600kg<\/td>\n<td><\/td>\n<td>AC\uff1a380Vac(3P+N+PE)<\/td>\n<\/tr>\n<tr>\n<td><strong>Tension de la batterie<\/strong><\/td>\n<td>614.4V<\/td>\n<td>Puissance de sortie<\/td>\n<td>180kW<\/td>\n<\/tr>\n<tr>\n<td><strong>Plage de tension de la batterie<\/strong><\/td>\n<td>480V-700.8V<\/td>\n<td>Tension de sortie<\/td>\n<td>DC200-1000V<\/td>\n<\/tr>\n<tr>\n<td><strong>\u00c9nergie nominale<\/strong><\/td>\n<td>193kWh<\/td>\n<td>Courant de charge<\/td>\n<td>0-250A<\/td>\n<\/tr>\n<tr>\n<td><strong>Puissance d'entr\u00e9e nominale<\/strong><\/td>\n<td>60kW<\/td>\n<td>Pistolet de chargement standard<\/td>\n<td>Norme nationale (personnalisable)<\/td>\n<\/tr>\n<tr>\n<td><strong>Puissance de sortie nominale<\/strong><\/td>\n<td>120kW<\/td>\n<td>Longueur du c\u00e2ble du pistolet de chargement<\/td>\n<td>7m<\/td>\n<\/tr>\n<tr>\n<td><strong>Tension nominale du r\u00e9seau<\/strong><\/td>\n<td>380V<\/td>\n<td>M\u00e9thode de communication<\/td>\n<td>4G<\/td>\n<\/tr>\n<tr>\n<td><strong>Plage de tension du r\u00e9seau<\/strong><\/td>\n<td>323V~418V<\/td>\n<td>Plage de temp\u00e9rature de fonctionnement<\/td>\n<td>-30\u00b0C~+50\u00b0C<\/td>\n<\/tr>\n<tr>\n<td><strong>Gamme de fr\u00e9quences de la grille<\/strong><\/td>\n<td>45Hz-55Hz<\/td>\n<td>Altitude maximale de fonctionnement<\/td>\n<td>3000m<\/td>\n<\/tr>\n<tr>\n<td><strong>Classe de protection<\/strong><\/td>\n<td>IP55<\/td>\n<td>Normes de certification<\/td>\n<td>GBIT 36276,GBT 34131,GBIT 34120,GBT 34133<\/td>\n<\/tr>\n<tr>\n<td><strong>M\u00e9thode de contr\u00f4le de la temp\u00e9rature<\/strong><\/td>\n<td>refroidissement liquide intelligent<\/td>\n<td>Interface de communication<\/td>\n<td>LAN\/CAN\/485<\/td>\n<\/tr>\n<\/tbody>\n<\/table>\n<\/div>\n<p><img fetchpriority=\"high\" decoding=\"async\" class=\"alignnone wp-image-655 size-full\" src=\"https:\/\/hdxenergy.com\/wp-content\/uploads\/2025\/11\/Solar-Storage-Charging-Integrated-System7.jpg\" alt=\"Syst\u00e8me int\u00e9gr\u00e9 de recharge par stockage solaire objet physique\" width=\"1000\" height=\"1000\" srcset=\"https:\/\/hdxenergy.com\/wp-content\/uploads\/2025\/11\/Solar-Storage-Charging-Integrated-System7.jpg 1000w, https:\/\/hdxenergy.com\/wp-content\/uploads\/2025\/11\/Solar-Storage-Charging-Integrated-System7-300x300.jpg 300w, https:\/\/hdxenergy.com\/wp-content\/uploads\/2025\/11\/Solar-Storage-Charging-Integrated-System7-150x150.jpg 150w, https:\/\/hdxenergy.com\/wp-content\/uploads\/2025\/11\/Solar-Storage-Charging-Integrated-System7-768x768.jpg 768w, https:\/\/hdxenergy.com\/wp-content\/uploads\/2025\/11\/Solar-Storage-Charging-Integrated-System7-600x600.jpg 600w, https:\/\/hdxenergy.com\/wp-content\/uploads\/2025\/11\/Solar-Storage-Charging-Integrated-System7-100x100.jpg 100w\" sizes=\"(max-width: 1000px) 100vw, 1000px\" \/> <img decoding=\"async\" class=\"alignnone wp-image-654 size-full\" src=\"https:\/\/hdxenergy.com\/wp-content\/uploads\/2025\/11\/Solar-Storage-Charging-Integrated-System6.jpg\" alt=\"tableau des param\u00e8tres\" width=\"1000\" height=\"1000\" srcset=\"https:\/\/hdxenergy.com\/wp-content\/uploads\/2025\/11\/Solar-Storage-Charging-Integrated-System6.jpg 1000w, https:\/\/hdxenergy.com\/wp-content\/uploads\/2025\/11\/Solar-Storage-Charging-Integrated-System6-300x300.jpg 300w, https:\/\/hdxenergy.com\/wp-content\/uploads\/2025\/11\/Solar-Storage-Charging-Integrated-System6-150x150.jpg 150w, https:\/\/hdxenergy.com\/wp-content\/uploads\/2025\/11\/Solar-Storage-Charging-Integrated-System6-768x768.jpg 768w, https:\/\/hdxenergy.com\/wp-content\/uploads\/2025\/11\/Solar-Storage-Charging-Integrated-System6-600x600.jpg 600w, https:\/\/hdxenergy.com\/wp-content\/uploads\/2025\/11\/Solar-Storage-Charging-Integrated-System6-100x100.jpg 100w\" sizes=\"(max-width: 1000px) 100vw, 1000px\" \/> <img decoding=\"async\" class=\"alignnone wp-image-653 size-full\" src=\"https:\/\/hdxenergy.com\/wp-content\/uploads\/2025\/11\/Solar-Storage-Charging-Integrated-System5.jpg\" alt=\"Syst\u00e8me int\u00e9gr\u00e9 de recharge par stockage solaire Sc\u00e9narios d&#039;application 3\" width=\"1000\" height=\"1000\" srcset=\"https:\/\/hdxenergy.com\/wp-content\/uploads\/2025\/11\/Solar-Storage-Charging-Integrated-System5.jpg 1000w, https:\/\/hdxenergy.com\/wp-content\/uploads\/2025\/11\/Solar-Storage-Charging-Integrated-System5-300x300.jpg 300w, https:\/\/hdxenergy.com\/wp-content\/uploads\/2025\/11\/Solar-Storage-Charging-Integrated-System5-150x150.jpg 150w, https:\/\/hdxenergy.com\/wp-content\/uploads\/2025\/11\/Solar-Storage-Charging-Integrated-System5-768x768.jpg 768w, https:\/\/hdxenergy.com\/wp-content\/uploads\/2025\/11\/Solar-Storage-Charging-Integrated-System5-600x600.jpg 600w, https:\/\/hdxenergy.com\/wp-content\/uploads\/2025\/11\/Solar-Storage-Charging-Integrated-System5-100x100.jpg 100w\" sizes=\"(max-width: 1000px) 100vw, 1000px\" \/> <img loading=\"lazy\" decoding=\"async\" class=\"alignnone wp-image-652 size-full\" src=\"https:\/\/hdxenergy.com\/wp-content\/uploads\/2025\/11\/Solar-Storage-Charging-Integrated-System4.jpg\" alt=\"Syst\u00e8me int\u00e9gr\u00e9 de recharge par stockage solaire Sc\u00e9narios d&#039;application 2\" width=\"1000\" height=\"1000\" srcset=\"https:\/\/hdxenergy.com\/wp-content\/uploads\/2025\/11\/Solar-Storage-Charging-Integrated-System4.jpg 1000w, https:\/\/hdxenergy.com\/wp-content\/uploads\/2025\/11\/Solar-Storage-Charging-Integrated-System4-300x300.jpg 300w, https:\/\/hdxenergy.com\/wp-content\/uploads\/2025\/11\/Solar-Storage-Charging-Integrated-System4-150x150.jpg 150w, https:\/\/hdxenergy.com\/wp-content\/uploads\/2025\/11\/Solar-Storage-Charging-Integrated-System4-768x768.jpg 768w, https:\/\/hdxenergy.com\/wp-content\/uploads\/2025\/11\/Solar-Storage-Charging-Integrated-System4-600x600.jpg 600w, https:\/\/hdxenergy.com\/wp-content\/uploads\/2025\/11\/Solar-Storage-Charging-Integrated-System4-100x100.jpg 100w\" sizes=\"(max-width: 1000px) 100vw, 1000px\" \/> <img loading=\"lazy\" decoding=\"async\" class=\"alignnone wp-image-651 size-full\" src=\"https:\/\/hdxenergy.com\/wp-content\/uploads\/2025\/11\/Solar-Storage-Charging-Integrated-System3.jpg\" alt=\"Syst\u00e8me int\u00e9gr\u00e9 de recharge par stockage solaire Sc\u00e9narios d&#039;application 1\" width=\"1080\" height=\"1440\" srcset=\"https:\/\/hdxenergy.com\/wp-content\/uploads\/2025\/11\/Solar-Storage-Charging-Integrated-System3.jpg 1080w, https:\/\/hdxenergy.com\/wp-content\/uploads\/2025\/11\/Solar-Storage-Charging-Integrated-System3-225x300.jpg 225w, https:\/\/hdxenergy.com\/wp-content\/uploads\/2025\/11\/Solar-Storage-Charging-Integrated-System3-768x1024.jpg 768w, https:\/\/hdxenergy.com\/wp-content\/uploads\/2025\/11\/Solar-Storage-Charging-Integrated-System3-600x800.jpg 600w, https:\/\/hdxenergy.com\/wp-content\/uploads\/2025\/11\/Solar-Storage-Charging-Integrated-System3-1000x1333.jpg 1000w\" sizes=\"(max-width: 1080px) 100vw, 1080px\" \/><\/p>","protected":false},"excerpt":{"rendered":"<ul>\n<li>Station de recharge rapide DC pour v\u00e9hicules \u00e0 \u00e9nergie nouvelle, hors r\u00e9seau et pr\u00eate \u00e0 l'emploi<\/li>\n<li>Solution int\u00e9gr\u00e9e pour les cellules de batterie LiFePO4 et le syst\u00e8me de charge<\/li>\n<li>Le mode de chargement est celui de l'entr\u00e9e de la pile de chargement CC.<\/li>\n<li>Sortie \u00e0 deux pistolets, compatible avec les pistolets de chargement personnalis\u00e9s de norme nationale (norme europ\u00e9enne\/am\u00e9ricaine\/japonaise).<\/li>\n<li>La conception modulaire facilite l'installation et la maintenance<\/li>\n<\/ul>\n<p>&nbsp;<\/p>","protected":false},"featured_media":650,"comment_status":"open","ping_status":"closed","template":"","meta":[],"product_brand":[],"product_cat":[24],"product_tag":[],"class_list":{"0":"post-645","1":"product","2":"type-product","3":"status-publish","4":"has-post-thumbnail","6":"product_cat-electric-vehicle-charging-stations","8":"first","9":"instock","10":"shipping-taxable","11":"product-type-simple"},"_links":{"self":[{"href":"https:\/\/hdxenergy.com\/fr\/wp-json\/wp\/v2\/product\/645","targetHints":{"allow":["GET"]}}],"collection":[{"href":"https:\/\/hdxenergy.com\/fr\/wp-json\/wp\/v2\/product"}],"about":[{"href":"https:\/\/hdxenergy.com\/fr\/wp-json\/wp\/v2\/types\/product"}],"replies":[{"embeddable":true,"href":"https:\/\/hdxenergy.com\/fr\/wp-json\/wp\/v2\/comments?post=645"}],"wp:featuredmedia":[{"embeddable":true,"href":"https:\/\/hdxenergy.com\/fr\/wp-json\/wp\/v2\/media\/650"}],"wp:attachment":[{"href":"https:\/\/hdxenergy.com\/fr\/wp-json\/wp\/v2\/media?parent=645"}],"wp:term":[{"taxonomy":"product_brand","embeddable":true,"href":"https:\/\/hdxenergy.com\/fr\/wp-json\/wp\/v2\/product_brand?post=645"},{"taxonomy":"product_cat","embeddable":true,"href":"https:\/\/hdxenergy.com\/fr\/wp-json\/wp\/v2\/product_cat?post=645"},{"taxonomy":"product_tag","embeddable":true,"href":"https:\/\/hdxenergy.com\/fr\/wp-json\/wp\/v2\/product_tag?post=645"}],"curies":[{"name":"wp","href":"https:\/\/api.w.org\/{rel}","templated":true}]}}