{"id":640,"date":"2025-11-25T05:55:37","date_gmt":"2025-11-25T05:55:37","guid":{"rendered":"https:\/\/hdxenergy.com\/?post_type=product&#038;p=640"},"modified":"2026-01-07T07:12:44","modified_gmt":"2026-01-07T07:12:44","slug":"systeme-mural","status":"publish","type":"product","link":"https:\/\/hdxenergy.com\/fr\/product\/wall-mounted-system\/","title":{"rendered":"Station de recharge murale pour v\u00e9hicules \u00e9lectriques Faire | Smart App Control &amp; High Power"},"content":{"rendered":"<div class=\"table-container\">\n<table>\n<tbody>\n<tr>\n<td colspan=\"3\">20\/30\/40KW En option<\/td>\n<\/tr>\n<tr>\n<td colspan=\"3\">Gain de temps \u2013 Recharge rapide<\/td>\n<\/tr>\n<tr>\n<td colspan=\"3\">Mode de paiement RFID\/QR CODE\/Terminal de paiement \u00e9lectronique<\/td>\n<\/tr>\n<tr>\n<td colspan=\"3\">1 arme ou 2 armes ( CCS1 || CCS2 || CHAdeMO || GBT || Tesla )<\/td>\n<\/tr>\n<tr>\n<td colspan=\"3\">\u00c9cran tactile couleur LCD 7 pouces<\/td>\n<\/tr>\n<tr>\n<td colspan=\"3\">Garantie de 24 mois<\/td>\n<\/tr>\n<tr>\n<td colspan=\"3\">Notre station de recharge DC pour VE permet une recharge rapide jusqu'\u00e0 40KW via un port CCS2 standardis\u00e9, ce qui permet de gagner de pr\u00e9cieuses minutes \u00e0 chaque arr\u00eat de recharge.<\/td>\n<\/tr>\n<tr>\n<td colspan=\"3\">Alimentez efficacement votre v\u00e9hicule \u00e9lectrique gr\u00e2ce \u00e0 nos bornes de recharge DC EV \u00e0 la pointe de la technologie. Profitez d'un contr\u00f4le transparent gr\u00e2ce \u00e0 notre \u00e9cran publicitaire de 32 pouces. Nos unit\u00e9s certifi\u00e9es, notamment CE, UKCA, TUV, donnent la priorit\u00e9 \u00e0 la s\u00e9curit\u00e9.<\/td>\n<\/tr>\n<tr>\n<td colspan=\"3\">Un logiciel intelligent g\u00e8re le chargement et la collecte des donn\u00e9es, et surveille les op\u00e9rations et la fr\u00e9quence des activit\u00e9s 24 heures sur 24, 7 jours sur 7.<\/td>\n<\/tr>\n<\/tbody>\n<\/table>\n<\/div>\n<p><img fetchpriority=\"high\" decoding=\"async\" class=\"alignnone wp-image-641 size-full\" src=\"https:\/\/hdxenergy.com\/wp-content\/uploads\/2025\/11\/Wall-Mounted-System1.jpg\" alt=\"Diff\u00e9rents KW&amp;Fonctions Vous permettent de choisir\" width=\"1000\" height=\"1000\" srcset=\"https:\/\/hdxenergy.com\/wp-content\/uploads\/2025\/11\/Wall-Mounted-System1.jpg 1000w, https:\/\/hdxenergy.com\/wp-content\/uploads\/2025\/11\/Wall-Mounted-System1-300x300.jpg 300w, https:\/\/hdxenergy.com\/wp-content\/uploads\/2025\/11\/Wall-Mounted-System1-150x150.jpg 150w, https:\/\/hdxenergy.com\/wp-content\/uploads\/2025\/11\/Wall-Mounted-System1-768x768.jpg 768w, https:\/\/hdxenergy.com\/wp-content\/uploads\/2025\/11\/Wall-Mounted-System1-600x600.jpg 600w, https:\/\/hdxenergy.com\/wp-content\/uploads\/2025\/11\/Wall-Mounted-System1-100x100.jpg 100w\" sizes=\"(max-width: 1000px) 100vw, 1000px\" \/> <img decoding=\"async\" class=\"alignnone wp-image-644 size-full\" src=\"https:\/\/hdxenergy.com\/wp-content\/uploads\/2025\/11\/Wall-Mounted-System4.jpg\" alt=\"Station de recharge murale pour VE\" width=\"1000\" height=\"1000\" srcset=\"https:\/\/hdxenergy.com\/wp-content\/uploads\/2025\/11\/Wall-Mounted-System4.jpg 1000w, https:\/\/hdxenergy.com\/wp-content\/uploads\/2025\/11\/Wall-Mounted-System4-300x300.jpg 300w, https:\/\/hdxenergy.com\/wp-content\/uploads\/2025\/11\/Wall-Mounted-System4-150x150.jpg 150w, https:\/\/hdxenergy.com\/wp-content\/uploads\/2025\/11\/Wall-Mounted-System4-768x768.jpg 768w, https:\/\/hdxenergy.com\/wp-content\/uploads\/2025\/11\/Wall-Mounted-System4-600x600.jpg 600w, https:\/\/hdxenergy.com\/wp-content\/uploads\/2025\/11\/Wall-Mounted-System4-100x100.jpg 100w\" sizes=\"(max-width: 1000px) 100vw, 1000px\" \/><\/p>","protected":false},"excerpt":{"rendered":"<ul>\n<li>Station de recharge pour VE rapide, efficace et s\u00fbre<\/li>\n<li>Fonctions de protection compl\u00e8te<\/li>\n<li>Programme APP\/administrateur de recharge pour appareils intelligents<\/li>\n<li>Fonctionnalit\u00e9 de haute puissance, efficacit\u00e9 \u00e9nerg\u00e9tique et fiabilit\u00e9 dans des conditions exigeantes.<\/li>\n<\/ul>","protected":false},"featured_media":643,"comment_status":"open","ping_status":"closed","template":"","meta":[],"product_brand":[],"product_cat":[24],"product_tag":[],"class_list":{"0":"post-640","1":"product","2":"type-product","3":"status-publish","4":"has-post-thumbnail","6":"product_cat-electric-vehicle-charging-stations","8":"first","9":"instock","10":"shipping-taxable","11":"product-type-simple"},"_links":{"self":[{"href":"https:\/\/hdxenergy.com\/fr\/wp-json\/wp\/v2\/product\/640","targetHints":{"allow":["GET"]}}],"collection":[{"href":"https:\/\/hdxenergy.com\/fr\/wp-json\/wp\/v2\/product"}],"about":[{"href":"https:\/\/hdxenergy.com\/fr\/wp-json\/wp\/v2\/types\/product"}],"replies":[{"embeddable":true,"href":"https:\/\/hdxenergy.com\/fr\/wp-json\/wp\/v2\/comments?post=640"}],"wp:featuredmedia":[{"embeddable":true,"href":"https:\/\/hdxenergy.com\/fr\/wp-json\/wp\/v2\/media\/643"}],"wp:attachment":[{"href":"https:\/\/hdxenergy.com\/fr\/wp-json\/wp\/v2\/media?parent=640"}],"wp:term":[{"taxonomy":"product_brand","embeddable":true,"href":"https:\/\/hdxenergy.com\/fr\/wp-json\/wp\/v2\/product_brand?post=640"},{"taxonomy":"product_cat","embeddable":true,"href":"https:\/\/hdxenergy.com\/fr\/wp-json\/wp\/v2\/product_cat?post=640"},{"taxonomy":"product_tag","embeddable":true,"href":"https:\/\/hdxenergy.com\/fr\/wp-json\/wp\/v2\/product_tag?post=640"}],"curies":[{"name":"wp","href":"https:\/\/api.w.org\/{rel}","templated":true}]}}