{"id":635,"date":"2025-11-25T05:42:57","date_gmt":"2025-11-25T05:42:57","guid":{"rendered":"https:\/\/hdxenergy.com\/?post_type=product&#038;p=635"},"modified":"2026-01-07T07:09:30","modified_gmt":"2026-01-07T07:09:30","slug":"h096-10-kwh-2","status":"publish","type":"product","link":"https:\/\/hdxenergy.com\/fr\/product\/h096-10kwh-2\/","title":{"rendered":"H096-10kWh Floor-Standing Battery Service Provider | Scalable Storage"},"content":{"rendered":"<div class=\"table-container\">\n<table>\n<tbody>\n<tr>\n<td>Mod\u00e8le<\/td>\n<td>H096 - Classe 10 kWh<\/td>\n<\/tr>\n<tr>\n<td>Capacit\u00e9 de la batterie<\/td>\n<td>200 Ah\/51,2 V (10,24 kWh)<\/td>\n<\/tr>\n<tr>\n<td>Taille (LWH)<\/td>\n<td>L460mmL245mmH620mm<\/td>\n<\/tr>\n<tr>\n<td>Peser<\/td>\n<td>95 kg<\/td>\n<\/tr>\n<tr>\n<td>Type de batterie<\/td>\n<td>LiFePO4<\/td>\n<\/tr>\n<tr>\n<td>Plage de tension de la batterie<\/td>\n<td>40~58V<\/td>\n<\/tr>\n<tr>\n<td>Mode de communication<\/td>\n<td>Prise en charge de la connexion Wi-Fi et Bluetooth avec l'application mobile<\/td>\n<\/tr>\n<tr>\n<td>Communiquer<\/td>\n<td>RS485\/CAN<\/td>\n<\/tr>\n<tr>\n<td>Dur\u00e9e de vie de la batterie<\/td>\n<td>Apr\u00e8s 3000 cycles, la capacit\u00e9 restante est toujours sup\u00e9rieure \u00e0 80%.<\/td>\n<\/tr>\n<tr>\n<td>Protection du syst\u00e8me<\/td>\n<td>Protection contre la surchauffe\/la surtension\/la surintensit\u00e9\/la surcharge\/la surd\u00e9charge\/le court-circuit de charge\/la surcharge.<\/td>\n<\/tr>\n<tr>\n<td>Temp\u00e9rature de d\u00e9charge<\/td>\n<td>-20 \u00b0C \u00e0 50 \u00b0C (La temp\u00e9rature ambiante recommand\u00e9e est comprise entre 20 \u00b0C et 30 \u00b0C.)<\/td>\n<\/tr>\n<tr>\n<td>Temp\u00e9rature de charge<\/td>\n<td>-5 \u00b0C \u00e0 50 \u00b0C (La temp\u00e9rature ambiante recommand\u00e9e est comprise entre 20 \u00b0C et 30 \u00b0C.)<\/td>\n<\/tr>\n<tr>\n<td>Temp\u00e9rature de stockage<\/td>\n<td>La temp\u00e9rature ambiante recommand\u00e9e est comprise entre 0 \u00b0C et 45 \u00b0C.<\/td>\n<\/tr>\n<tr>\n<td>Interface utilisateur<\/td>\n<td>\u00e9cran LCD<\/td>\n<\/tr>\n<tr>\n<td>Niveau de protection<\/td>\n<td>IP20<\/td>\n<\/tr>\n<tr>\n<td>Mode d'installation<\/td>\n<td>Au sol<\/td>\n<\/tr>\n<tr>\n<td>Normes de certification<\/td>\n<td>CE FCC ROHS<\/td>\n<\/tr>\n<\/tbody>\n<\/table>\n<\/div>","protected":false},"excerpt":{"rendered":"<ul>\n<li>BMS int\u00e9gr\u00e9 de 200 A LiFePO\u2084<\/li>\n<li>6 500+ cycles profonds \u00e0 90 % DOD, soit une dur\u00e9e de vie \u2265 15 ans<\/li>\n<li>L'\u00e9cran tactile couleur de 7 pouces affiche en temps r\u00e9el les volts, les amp\u00e8res, le SOC et les \u00e9conomies journali\u00e8res.<\/li>\n<li>Jusqu'\u00e0 16 unit\u00e9s en parall\u00e8le, fournissant 200 A de charge\/d\u00e9charge et 10,24 kWh d'\u00e9nergie pr\u00eate \u00e0 l'emploi.<\/li>\n<li>BMS intelligent int\u00e9gr\u00e9 avec ports CAN\/RS485 pour un couplage plug-and-play avec les onduleurs 48 V les plus courants (Deye, Solis, Goodwe, etc.)<\/li>\n<\/ul>","protected":false},"featured_media":637,"comment_status":"open","ping_status":"closed","template":"","meta":[],"product_brand":[],"product_cat":[31],"product_tag":[],"class_list":{"0":"post-635","1":"product","2":"type-product","3":"status-publish","4":"has-post-thumbnail","6":"product_cat-floor-standing-lithiumbattery","8":"first","9":"instock","10":"shipping-taxable","11":"product-type-simple"},"_links":{"self":[{"href":"https:\/\/hdxenergy.com\/fr\/wp-json\/wp\/v2\/product\/635","targetHints":{"allow":["GET"]}}],"collection":[{"href":"https:\/\/hdxenergy.com\/fr\/wp-json\/wp\/v2\/product"}],"about":[{"href":"https:\/\/hdxenergy.com\/fr\/wp-json\/wp\/v2\/types\/product"}],"replies":[{"embeddable":true,"href":"https:\/\/hdxenergy.com\/fr\/wp-json\/wp\/v2\/comments?post=635"}],"wp:featuredmedia":[{"embeddable":true,"href":"https:\/\/hdxenergy.com\/fr\/wp-json\/wp\/v2\/media\/637"}],"wp:attachment":[{"href":"https:\/\/hdxenergy.com\/fr\/wp-json\/wp\/v2\/media?parent=635"}],"wp:term":[{"taxonomy":"product_brand","embeddable":true,"href":"https:\/\/hdxenergy.com\/fr\/wp-json\/wp\/v2\/product_brand?post=635"},{"taxonomy":"product_cat","embeddable":true,"href":"https:\/\/hdxenergy.com\/fr\/wp-json\/wp\/v2\/product_cat?post=635"},{"taxonomy":"product_tag","embeddable":true,"href":"https:\/\/hdxenergy.com\/fr\/wp-json\/wp\/v2\/product_tag?post=635"}],"curies":[{"name":"wp","href":"https:\/\/api.w.org\/{rel}","templated":true}]}}