{"id":620,"date":"2025-11-25T05:38:18","date_gmt":"2025-11-25T05:38:18","guid":{"rendered":"https:\/\/hdxenergy.com\/?post_type=product&#038;p=620"},"modified":"2026-01-07T07:05:48","modified_gmt":"2026-01-07T07:05:48","slug":"h096-15kwh","status":"publish","type":"product","link":"https:\/\/hdxenergy.com\/fr\/product\/h096-15kwh\/","title":{"rendered":"H096-15kWh Batterie au sol Dropshipping | 6500 cycles, empilable"},"content":{"rendered":"<div class=\"table-container\">\n<table>\n<tbody>\n<tr>\n<td>Mod\u00e8le<\/td>\n<td>H096-15 kWh<\/td>\n<\/tr>\n<tr>\n<td>Capacit\u00e9 de la batterie<\/td>\n<td>280 Ah\/51,2 V (14,33 kWh)<\/td>\n<\/tr>\n<tr>\n<td>Taille (LWH)<\/td>\n<td>L460mmL245mmH760mm<\/td>\n<\/tr>\n<tr>\n<td>Peser<\/td>\n<td>120 kg<\/td>\n<\/tr>\n<tr>\n<td>Type de batterie<\/td>\n<td>LiFePO4<\/td>\n<\/tr>\n<tr>\n<td>Plage de tension de la batterie<\/td>\n<td>40~58V<\/td>\n<\/tr>\n<tr>\n<td>Mode de communication<\/td>\n<td>Prise en charge de la connexion Wi-Fi et Bluetooth avec l'application mobile<\/td>\n<\/tr>\n<tr>\n<td>Communiquer<\/td>\n<td>RS485\/CAN<\/td>\n<\/tr>\n<tr>\n<td>Dur\u00e9e de vie de la batterie<\/td>\n<td>Apr\u00e8s 3000 cycles, la capacit\u00e9 restante est toujours sup\u00e9rieure \u00e0 80%.<\/td>\n<\/tr>\n<tr>\n<td>Protection du syst\u00e8me<\/td>\n<td>Protection contre la surchauffe\/la surtension\/la surintensit\u00e9\/la surcharge\/la surd\u00e9charge\/le court-circuit de charge\/la surcharge.<\/td>\n<\/tr>\n<tr>\n<td>Temp\u00e9rature de d\u00e9charge<\/td>\n<td>-20 \u00b0C \u00e0 50 \u00b0C (La temp\u00e9rature ambiante recommand\u00e9e est comprise entre 20 \u00b0C et 30 \u00b0C.)<\/td>\n<\/tr>\n<tr>\n<td>Temp\u00e9rature de charge<\/td>\n<td>-5 \u00b0C \u00e0 50 \u00b0C (La temp\u00e9rature ambiante recommand\u00e9e est comprise entre 20 \u00b0C et 30 \u00b0C.)<\/td>\n<\/tr>\n<tr>\n<td>Temp\u00e9rature de stockage<\/td>\n<td>La temp\u00e9rature ambiante recommand\u00e9e est comprise entre 0 \u00b0C et 45 \u00b0C.<\/td>\n<\/tr>\n<tr>\n<td>Interface utilisateur<\/td>\n<td>\u00e9cran LCD<\/td>\n<\/tr>\n<tr>\n<td>Niveau de protection<\/td>\n<td>IP20<\/td>\n<\/tr>\n<tr>\n<td>Mode d'installation<\/td>\n<td>Au sol<\/td>\n<\/tr>\n<tr>\n<td>Normes de certification<\/td>\n<td>CE FCC ROHS<\/td>\n<\/tr>\n<\/tbody>\n<\/table>\n<\/div>","protected":false},"excerpt":{"rendered":"<ul>\n<li>Cellules de qualit\u00e9 a avec un cycle de vie de plus de 6500 fois et une dur\u00e9e de vie de 12 ans.<\/li>\n<li>Les fonctions de protection comprennent : Surd\u00e9charge, surcharge, surintensit\u00e9 et temp\u00e9rature trop \u00e9lev\u00e9e ou trop basse. Le syst\u00e8me peut g\u00e9rer automatiquement l'\u00e9tat de charge et de d\u00e9charge et \u00e9quilibrer le courant et la tension de chaque cellule.<\/li>\n<li>Prise en charge d'un maximum de 16 pi\u00e8ces en parall\u00e8le\/empil\u00e9es, avec une charge et une d\u00e9charge maximales de 200 amp\u00e8res, soit 10240Wh en courant alternatif.<\/li>\n<li>L'\u00e9cran tactile couleur de 7 pouces affiche en temps r\u00e9el les volts, les amp\u00e8res, le SOC et les \u00e9conomies journali\u00e8res.<\/li>\n<li>Parfaitement compatible avec la plupart des marques d'onduleurs hybrides dans le monde<\/li>\n<\/ul>","protected":false},"featured_media":632,"comment_status":"open","ping_status":"closed","template":"","meta":[],"product_brand":[],"product_cat":[31],"product_tag":[],"class_list":{"0":"post-620","1":"product","2":"type-product","3":"status-publish","4":"has-post-thumbnail","6":"product_cat-floor-standing-lithiumbattery","8":"first","9":"instock","10":"shipping-taxable","11":"product-type-simple"},"_links":{"self":[{"href":"https:\/\/hdxenergy.com\/fr\/wp-json\/wp\/v2\/product\/620","targetHints":{"allow":["GET"]}}],"collection":[{"href":"https:\/\/hdxenergy.com\/fr\/wp-json\/wp\/v2\/product"}],"about":[{"href":"https:\/\/hdxenergy.com\/fr\/wp-json\/wp\/v2\/types\/product"}],"replies":[{"embeddable":true,"href":"https:\/\/hdxenergy.com\/fr\/wp-json\/wp\/v2\/comments?post=620"}],"wp:featuredmedia":[{"embeddable":true,"href":"https:\/\/hdxenergy.com\/fr\/wp-json\/wp\/v2\/media\/632"}],"wp:attachment":[{"href":"https:\/\/hdxenergy.com\/fr\/wp-json\/wp\/v2\/media?parent=620"}],"wp:term":[{"taxonomy":"product_brand","embeddable":true,"href":"https:\/\/hdxenergy.com\/fr\/wp-json\/wp\/v2\/product_brand?post=620"},{"taxonomy":"product_cat","embeddable":true,"href":"https:\/\/hdxenergy.com\/fr\/wp-json\/wp\/v2\/product_cat?post=620"},{"taxonomy":"product_tag","embeddable":true,"href":"https:\/\/hdxenergy.com\/fr\/wp-json\/wp\/v2\/product_tag?post=620"}],"curies":[{"name":"wp","href":"https:\/\/api.w.org\/{rel}","templated":true}]}}