{"id":588,"date":"2025-11-25T05:33:11","date_gmt":"2025-11-25T05:33:11","guid":{"rendered":"https:\/\/hdxenergy.com\/?post_type=product&#038;p=588"},"modified":"2026-01-07T07:02:01","modified_gmt":"2026-01-07T07:02:01","slug":"mur-de-stockage-denergie","status":"publish","type":"product","link":"https:\/\/hdxenergy.com\/fr\/product\/power-storage-wall\/","title":{"rendered":"Power Storage Wall - Home Battery Faire | Scalable 5-80kWh, 6500+ Cycles"},"content":{"rendered":"<div class=\"table-container\">\n<table>\n<thead>\n<tr>\n<th>Param\u00e8tre \u00c9l\u00e9ment<\/th>\n<th>H096 - Classe 5 kWh<\/th>\n<th>H096 - Classe 10 kWh<\/th>\n<th>H096-15 kWh<\/th>\n<\/tr>\n<\/thead>\n<tbody>\n<tr>\n<td>Mod\u00e8le<\/td>\n<td>H096 - Classe 5 kWh<\/td>\n<td>H096 - Classe 10 kWh<\/td>\n<td>H096-15 kWh<\/td>\n<\/tr>\n<tr>\n<td>Capacit\u00e9 de la batterie<\/td>\n<td>100 Ah\/51,2 V (5,12 kWh)<\/td>\n<td>200 Ah\/51,2 V (10,24 kWh)<\/td>\n<td>280 Ah\/51,2 V (14,33 kWh)<\/td>\n<\/tr>\n<tr>\n<td>Taille (w<em>h<\/em>l)<\/td>\n<td>L460 mm<em>145 mm<\/em>H515 mm<\/td>\n<td>L460 mm<em>245 mm<\/em>H620 mm<\/td>\n<td>L460 mm<em>245 mm<\/em>760 mm<\/td>\n<\/tr>\n<tr>\n<td>Poids<\/td>\n<td>45 kg<\/td>\n<td>95 kg<\/td>\n<td>120 kg<\/td>\n<\/tr>\n<tr>\n<td>Type de batterie<\/td>\n<td>LiFePO\u2084<\/td>\n<td>LiFePO\u2084<\/td>\n<td>LiFePO\u2084<\/td>\n<\/tr>\n<tr>\n<td>Plage de tension de la batterie<\/td>\n<td>40-58 V<\/td>\n<td>40-58 V<\/td>\n<td>40-58 V<\/td>\n<\/tr>\n<tr>\n<td>Mode de communication<\/td>\n<td>Prise en charge de la connexion Wi-Fi et Bluetooth avec l'application mobile<\/td>\n<td>Prise en charge de la connexion Wi-Fi et Bluetooth avec l'application mobile<\/td>\n<td>Prise en charge de la connexion Wi-Fi et Bluetooth avec l'application mobile<\/td>\n<\/tr>\n<tr>\n<td>Communiquer<\/td>\n<td>RS485\/CAN<\/td>\n<td>RS485\/CAN<\/td>\n<td>RS485\/CAN<\/td>\n<\/tr>\n<tr>\n<td>Dur\u00e9e de vie de la batterie<\/td>\n<td>Apr\u00e8s 3000 cycles, la capacit\u00e9 restante est toujours sup\u00e9rieure \u00e0 80%.<\/td>\n<td>Apr\u00e8s 3000 cycles, la capacit\u00e9 restante est toujours sup\u00e9rieure \u00e0 80%.<\/td>\n<td>Apr\u00e8s 3000 cycles, la capacit\u00e9 restante est toujours sup\u00e9rieure \u00e0 80%.<\/td>\n<\/tr>\n<tr>\n<td>Protection du syst\u00e8me<\/td>\n<td>Protection contre la surchauffe\/Protection contre les surtensions\/Protection contre les surintensit\u00e9s\/Protection contre les surcharges\/Protection contre les d\u00e9charges excessives\/Protection contre les courts-circuits\/Protection contre les surcharges.<\/td>\n<td>Protection contre la surchauffe\/Protection contre les surtensions\/Protection contre les surintensit\u00e9s\/Protection contre les surcharges\/Protection contre les d\u00e9charges excessives\/Protection contre les courts-circuits\/Protection contre les surcharges.<\/td>\n<td>Protection contre la surchauffe\/Protection contre les surtensions\/Protection contre les surintensit\u00e9s\/Protection contre les surcharges\/Protection contre les d\u00e9charges excessives\/Protection contre les courts-circuits\/Protection contre les surcharges.<\/td>\n<\/tr>\n<tr>\n<td>Temp\u00e9rature de d\u00e9charge<\/td>\n<td>-20 \u00b0C \u00e0 50 \u00b0C (La temp\u00e9rature ambiante recommand\u00e9e est comprise entre 20 \u00b0C et 30 \u00b0C.)<\/td>\n<td>-20 \u00b0C \u00e0 50 \u00b0C (La temp\u00e9rature ambiante recommand\u00e9e est comprise entre 20 \u00b0C et 30 \u00b0C.)<\/td>\n<td>-20 \u00b0C \u00e0 50 \u00b0C (La temp\u00e9rature ambiante recommand\u00e9e est comprise entre 20 \u00b0C et 30 \u00b0C.)<\/td>\n<\/tr>\n<tr>\n<td>Temp\u00e9rature de charge<\/td>\n<td>-5 \u00b0C \u00e0 50 \u00b0C (La temp\u00e9rature ambiante recommand\u00e9e est comprise entre 20 \u00b0C et 30 \u00b0C.)<\/td>\n<td>-5 \u00b0C \u00e0 50 \u00b0C (La temp\u00e9rature ambiante recommand\u00e9e est comprise entre 20 \u00b0C et 30 \u00b0C.)<\/td>\n<td>-5 \u00b0C \u00e0 50 \u00b0C (La temp\u00e9rature ambiante recommand\u00e9e est comprise entre 20 \u00b0C et 30 \u00b0C.)<\/td>\n<\/tr>\n<tr>\n<td>Temp\u00e9rature de stockage<\/td>\n<td>La temp\u00e9rature ambiante recommand\u00e9e est comprise entre 0 \u00b0C et 45 \u00b0C.<\/td>\n<td>La temp\u00e9rature ambiante recommand\u00e9e est comprise entre 0 \u00b0C et 45 \u00b0C.<\/td>\n<td>La temp\u00e9rature ambiante recommand\u00e9e est comprise entre 0 \u00b0C et 45 \u00b0C.<\/td>\n<\/tr>\n<tr>\n<td>Interface utilisateur<\/td>\n<td>\u00e9cran LCD<\/td>\n<td>\u00e9cran LCD<\/td>\n<td>\u00e9cran LCD<\/td>\n<\/tr>\n<tr>\n<td>Niveau de protection<\/td>\n<td>IP20<\/td>\n<td>IP20<\/td>\n<td>IP20<\/td>\n<\/tr>\n<tr>\n<td>Mode d'installation<\/td>\n<td>Fixation murale<\/td>\n<td>Au sol<\/td>\n<td>Au sol<\/td>\n<\/tr>\n<tr>\n<td>Normes de certification<\/td>\n<td>CE FCC ROHS<\/td>\n<td>CE FCC ROHS<\/td>\n<td>CE FCC ROHS<\/td>\n<\/tr>\n<\/tbody>\n<\/table>\n<\/div>","protected":false},"excerpt":{"rendered":"<ul>\n<li><b>\u00c9conomisez jusqu'\u00e0 90% sur vos factures d'\u00e9nergie<\/b>\u2013 stocker l'\u00e9nergie solaire ou l'\u00e9lectricit\u00e9 hors pointe \u00e0 bas prix et l'utiliser pendant les heures de pointe co\u00fbteuses<\/li>\n<li><b>V\u00e9ritablement pr\u00eat \u00e0 l'emploi<\/b>\u2013 Conception l\u00e9g\u00e8re de 45 kg \u00e0 fixation murale pouvant \u00eatre install\u00e9e par deux personnes en moins d'une heure sans outils lourds.<\/li>\n<li><b>Plus de 6500 cycles et garantie de 10 ans <\/b>\u2013 Les cellules LiFePO\u2084 offrent plus de 6 000 cycles de d\u00e9charge profonde, soit une dur\u00e9e de vie de 25 ans dans le cadre d'une utilisation domestique normale.<\/li>\n<li><b>Rendement aller-retour 98% <\/b>\u2013 une plus grande quantit\u00e9 d'\u00e9nergie stock\u00e9e alimente vos appareils, surpassant les batteries au plomb ou les anciennes batteries au lithium de 10 \u00e0 20%<b><\/b><\/li>\n<li><b>\u00c9cran tactile couleur 7 pouces<\/b><b><\/b>\u2013 affiche en temps r\u00e9el la tension, l'intensit\u00e9, l'\u00e9tat de charge et les \u00e9conomies quotidiennes<\/li>\n<li><b>\u00c9volutif 5 \u2192 <\/b><strong><b>80<\/b><\/strong><strong><b>kWh <\/b><\/strong>\u2013 il suffit de raccorder jusqu'\u00e0 16 unit\u00e9s identiques en parall\u00e8le lorsque votre famille ajoute un v\u00e9hicule \u00e9lectrique ou une pompe \u00e0 chaleur ult\u00e9rieurement<\/li>\n<\/ul>","protected":false},"featured_media":602,"comment_status":"open","ping_status":"closed","template":"","meta":[],"product_brand":[],"product_cat":[30],"product_tag":[],"class_list":{"0":"post-588","1":"product","2":"type-product","3":"status-publish","4":"has-post-thumbnail","6":"product_cat-home-battery-storage","8":"first","9":"instock","10":"shipping-taxable","11":"product-type-simple"},"_links":{"self":[{"href":"https:\/\/hdxenergy.com\/fr\/wp-json\/wp\/v2\/product\/588","targetHints":{"allow":["GET"]}}],"collection":[{"href":"https:\/\/hdxenergy.com\/fr\/wp-json\/wp\/v2\/product"}],"about":[{"href":"https:\/\/hdxenergy.com\/fr\/wp-json\/wp\/v2\/types\/product"}],"replies":[{"embeddable":true,"href":"https:\/\/hdxenergy.com\/fr\/wp-json\/wp\/v2\/comments?post=588"}],"wp:featuredmedia":[{"embeddable":true,"href":"https:\/\/hdxenergy.com\/fr\/wp-json\/wp\/v2\/media\/602"}],"wp:attachment":[{"href":"https:\/\/hdxenergy.com\/fr\/wp-json\/wp\/v2\/media?parent=588"}],"wp:term":[{"taxonomy":"product_brand","embeddable":true,"href":"https:\/\/hdxenergy.com\/fr\/wp-json\/wp\/v2\/product_brand?post=588"},{"taxonomy":"product_cat","embeddable":true,"href":"https:\/\/hdxenergy.com\/fr\/wp-json\/wp\/v2\/product_cat?post=588"},{"taxonomy":"product_tag","embeddable":true,"href":"https:\/\/hdxenergy.com\/fr\/wp-json\/wp\/v2\/product_tag?post=588"}],"curies":[{"name":"wp","href":"https:\/\/api.w.org\/{rel}","templated":true}]}}