{"id":549,"date":"2025-11-24T07:54:31","date_gmt":"2025-11-24T07:54:31","guid":{"rendered":"https:\/\/hdxenergy.com\/?post_type=product&#038;p=549"},"modified":"2026-01-07T06:45:38","modified_gmt":"2026-01-07T06:45:38","slug":"12-v-100-ah","status":"publish","type":"product","link":"https:\/\/hdxenergy.com\/fr\/product\/12v100ah\/","title":{"rendered":"Batterie 12V 100Ah LiFePO4 Factory | Custom BMS, 8000+ Cycles"},"content":{"rendered":"<p><strong>HM-LF12100 12.8V 100Ah<\/strong><br \/>\n<strong>Sp\u00e9cifications g\u00e9n\u00e9rales<\/strong><\/p>\n<div class=\"table-container\">\n<table>\n<tbody>\n<tr>\n<td>Caract\u00e9ristiques \u00e9lectriques<\/td>\n<td>Tension nominale<\/td>\n<td>12.8V<\/td>\n<\/tr>\n<tr>\n<td><\/td>\n<td>Capacit\u00e9 nominale<\/td>\n<td>100Ah<\/td>\n<\/tr>\n<tr>\n<td><\/td>\n<td>L'\u00e9nergie<\/td>\n<td>1280Wh<\/td>\n<\/tr>\n<tr>\n<td><\/td>\n<td>R\u00e9sistance interne<\/td>\n<td>\u226435m\u03a9<\/td>\n<\/tr>\n<tr>\n<td><\/td>\n<td>Cycle de vie<\/td>\n<td>8000 cycles \u00e0 0,2C de charge\/d\u00e9charge, jusqu'\u00e0 la capacit\u00e9 80%<\/td>\n<\/tr>\n<tr>\n<td><\/td>\n<td>Autod\u00e9charge<\/td>\n<td>\u22643.5% par mois \u00e0 25\u2103<\/td>\n<\/tr>\n<tr>\n<td>tandard Charging<\/td>\n<td>Tension de charge maximale<\/td>\n<td>14.0~14.6V<\/td>\n<\/tr>\n<tr>\n<td><\/td>\n<td>Mode de chargement<\/td>\n<td>A une temp\u00e9rature de 0\u2103~45\u2103, charg\u00e9 \u00e0 14.6V \u00e0 un courant constant de 0.2C, et ensuite, chang\u00e9 continuellement avec une tension constante de 14.6V jusqu'\u00e0 ce que le courant ne soit pas plus de 0.02C.<\/td>\n<\/tr>\n<tr>\n<td><\/td>\n<td>Courant de charge<\/td>\n<td>50A<\/td>\n<\/tr>\n<tr>\n<td><\/td>\n<td>Courant de charge max.<\/td>\n<td>100A<\/td>\n<\/tr>\n<tr>\n<td>D\u00e9charge standard<\/td>\n<td>Courant de d\u00e9charge<\/td>\n<td>100A<\/td>\n<\/tr>\n<tr>\n<td><\/td>\n<td>Courant continu max. Courant continu<\/td>\n<td>100A<\/td>\n<\/tr>\n<tr>\n<td><\/td>\n<td>Courant d'impulsion maximal<\/td>\n<td>200A(&lt;3S\uff09)<\/td>\n<\/tr>\n<tr>\n<td><\/td>\n<td>Tension de coupure de la d\u00e9charge<\/td>\n<td>10.0<\/td>\n<\/tr>\n<tr>\n<td>\u00c9tat de fonctionnement<\/td>\n<td>Temp\u00e9rature de charge<\/td>\n<td>0\u2103 \u00e0 45\u2103(32\u2109 \u00e0 113\u2109) @60\u00b125% Humidit\u00e9 relative<\/td>\n<\/tr>\n<tr>\n<td><\/td>\n<td>Temp\u00e9rature de d\u00e9charge<\/td>\n<td>-20\u2103 \u00e0 60\u2103(-4\u2109 \u00e0 140\u2109) @60\u00b125% Humidit\u00e9 relative<\/td>\n<\/tr>\n<tr>\n<td><\/td>\n<td>Temp\u00e9rature de stockage<\/td>\n<td>0\u2103 \u00e0 45\u2103(32\u2109 \u00e0 113\u2109) @60\u00b125% Humidit\u00e9 relative<\/td>\n<\/tr>\n<tr>\n<td><\/td>\n<td>R\u00e9sistance \u00e0 l'eau et \u00e0 la poussi\u00e8re<\/td>\n<td>IP55<\/td>\n<\/tr>\n<tr>\n<td>Structure<\/td>\n<td>Cellule et format<\/td>\n<td>LFP3.2V100Ah (4S1P)<\/td>\n<\/tr>\n<tr>\n<td><\/td>\n<td>Enveloppe<\/td>\n<td>Plastique<\/td>\n<\/tr>\n<tr>\n<td><\/td>\n<td>Dimension(LWHTH)<\/td>\n<td>330172215mm<\/td>\n<\/tr>\n<tr>\n<td><\/td>\n<td>Dimension de l'emballage<\/td>\n<td>360210*260mm<\/td>\n<\/tr>\n<tr>\n<td><\/td>\n<td>Poids<\/td>\n<td>Environ 10 kg<\/td>\n<\/tr>\n<tr>\n<td><\/td>\n<td>Terminal<\/td>\n<td>M8<\/td>\n<\/tr>\n<\/tbody>\n<\/table>\n<\/div>\n<p><img fetchpriority=\"high\" decoding=\"async\" class=\"alignnone wp-image-559 size-full\" src=\"https:\/\/hdxenergy.com\/wp-content\/uploads\/2025\/11\/12v100ah06.jpg\" alt=\"Surveillance par Bluetooth : Suivi de l&#039;\u00e9tat de la batterie \u00e0 tout moment et en tout lieu\" width=\"1000\" height=\"1000\" srcset=\"https:\/\/hdxenergy.com\/wp-content\/uploads\/2025\/11\/12v100ah06.jpg 1000w, https:\/\/hdxenergy.com\/wp-content\/uploads\/2025\/11\/12v100ah06-300x300.jpg 300w, https:\/\/hdxenergy.com\/wp-content\/uploads\/2025\/11\/12v100ah06-150x150.jpg 150w, https:\/\/hdxenergy.com\/wp-content\/uploads\/2025\/11\/12v100ah06-768x768.jpg 768w, https:\/\/hdxenergy.com\/wp-content\/uploads\/2025\/11\/12v100ah06-600x600.jpg 600w, https:\/\/hdxenergy.com\/wp-content\/uploads\/2025\/11\/12v100ah06-100x100.jpg 100w\" sizes=\"(max-width: 1000px) 100vw, 1000px\" \/> <img decoding=\"async\" class=\"alignnone wp-image-557 size-full\" src=\"https:\/\/hdxenergy.com\/wp-content\/uploads\/2025\/11\/12v100ah04.jpg\" alt=\"Stockage de l&#039;\u00e9nergie solaire \u00c9nergie renouvelable Jour et nuit\" width=\"1000\" height=\"1000\" srcset=\"https:\/\/hdxenergy.com\/wp-content\/uploads\/2025\/11\/12v100ah04.jpg 1000w, https:\/\/hdxenergy.com\/wp-content\/uploads\/2025\/11\/12v100ah04-300x300.jpg 300w, https:\/\/hdxenergy.com\/wp-content\/uploads\/2025\/11\/12v100ah04-150x150.jpg 150w, https:\/\/hdxenergy.com\/wp-content\/uploads\/2025\/11\/12v100ah04-768x768.jpg 768w, https:\/\/hdxenergy.com\/wp-content\/uploads\/2025\/11\/12v100ah04-600x600.jpg 600w, https:\/\/hdxenergy.com\/wp-content\/uploads\/2025\/11\/12v100ah04-100x100.jpg 100w\" sizes=\"(max-width: 1000px) 100vw, 1000px\" \/> <img decoding=\"async\" class=\"alignnone wp-image-558 size-full\" src=\"https:\/\/hdxenergy.com\/wp-content\/uploads\/2025\/11\/12v100ah05.jpg\" alt=\"IP55\" width=\"1000\" height=\"1000\" srcset=\"https:\/\/hdxenergy.com\/wp-content\/uploads\/2025\/11\/12v100ah05.jpg 1000w, https:\/\/hdxenergy.com\/wp-content\/uploads\/2025\/11\/12v100ah05-300x300.jpg 300w, https:\/\/hdxenergy.com\/wp-content\/uploads\/2025\/11\/12v100ah05-150x150.jpg 150w, https:\/\/hdxenergy.com\/wp-content\/uploads\/2025\/11\/12v100ah05-768x768.jpg 768w, https:\/\/hdxenergy.com\/wp-content\/uploads\/2025\/11\/12v100ah05-600x600.jpg 600w, https:\/\/hdxenergy.com\/wp-content\/uploads\/2025\/11\/12v100ah05-100x100.jpg 100w\" sizes=\"(max-width: 1000px) 100vw, 1000px\" \/> <img loading=\"lazy\" decoding=\"async\" class=\"alignnone wp-image-556 size-full\" src=\"https:\/\/hdxenergy.com\/wp-content\/uploads\/2025\/11\/12v100ah03.jpg\" alt=\"RV Power Solution De l&#039;\u00e9nergie pour vos voyages\" width=\"1000\" height=\"1000\" srcset=\"https:\/\/hdxenergy.com\/wp-content\/uploads\/2025\/11\/12v100ah03.jpg 1000w, https:\/\/hdxenergy.com\/wp-content\/uploads\/2025\/11\/12v100ah03-300x300.jpg 300w, https:\/\/hdxenergy.com\/wp-content\/uploads\/2025\/11\/12v100ah03-150x150.jpg 150w, https:\/\/hdxenergy.com\/wp-content\/uploads\/2025\/11\/12v100ah03-768x768.jpg 768w, https:\/\/hdxenergy.com\/wp-content\/uploads\/2025\/11\/12v100ah03-600x600.jpg 600w, https:\/\/hdxenergy.com\/wp-content\/uploads\/2025\/11\/12v100ah03-100x100.jpg 100w\" sizes=\"(max-width: 1000px) 100vw, 1000px\" \/> <img loading=\"lazy\" decoding=\"async\" class=\"alignnone wp-image-555 size-full\" src=\"https:\/\/hdxenergy.com\/wp-content\/uploads\/2025\/11\/12v100ah02.jpg\" alt=\"Stockage de l&#039;\u00e9nergie domestique - Alimentez votre foyer en toute fiabilit\u00e9\" width=\"1000\" height=\"1000\" srcset=\"https:\/\/hdxenergy.com\/wp-content\/uploads\/2025\/11\/12v100ah02.jpg 1000w, https:\/\/hdxenergy.com\/wp-content\/uploads\/2025\/11\/12v100ah02-300x300.jpg 300w, https:\/\/hdxenergy.com\/wp-content\/uploads\/2025\/11\/12v100ah02-150x150.jpg 150w, https:\/\/hdxenergy.com\/wp-content\/uploads\/2025\/11\/12v100ah02-768x768.jpg 768w, https:\/\/hdxenergy.com\/wp-content\/uploads\/2025\/11\/12v100ah02-600x600.jpg 600w, https:\/\/hdxenergy.com\/wp-content\/uploads\/2025\/11\/12v100ah02-100x100.jpg 100w\" sizes=\"(max-width: 1000px) 100vw, 1000px\" \/><\/p>","protected":false},"excerpt":{"rendered":"<ul>\n<li>La batterie au lithium se distingue par son rapport capacit\u00e9\/poids \u00e9lev\u00e9, sa forte puissance de d\u00e9charge, sa charge rapide, sa longue dur\u00e9e de vie et son excellente stabilit\u00e9 \u00e0 haute temp\u00e9rature.<\/li>\n<li>Avec une profondeur de d\u00e9charge de 80% et une chimie LiFePO4, elle garantit la s\u00e9curit\u00e9 thermique, des r\u00e9actions redox stables et une dur\u00e9e de vie prolong\u00e9e. Sa tension de d\u00e9charge constante simplifie la r\u00e9gulation de la tension, et sa conception antichoc r\u00e9siste aux chocs violents sans risque d'explosion.<\/li>\n<li>La marque BMS offre des possibilit\u00e9s de personnalisation, notamment en ce qui concerne la conception du logo et l'aspect ext\u00e9rieur.<\/li>\n<\/ul>\n<p>&nbsp;<\/p>","protected":false},"featured_media":554,"comment_status":"open","ping_status":"closed","template":"","meta":[],"product_brand":[],"product_cat":[28],"product_tag":[],"class_list":{"0":"post-549","1":"product","2":"type-product","3":"status-publish","4":"has-post-thumbnail","6":"product_cat-12v-24v-lifepo4-battery","8":"first","9":"instock","10":"shipping-taxable","11":"product-type-simple"},"_links":{"self":[{"href":"https:\/\/hdxenergy.com\/fr\/wp-json\/wp\/v2\/product\/549","targetHints":{"allow":["GET"]}}],"collection":[{"href":"https:\/\/hdxenergy.com\/fr\/wp-json\/wp\/v2\/product"}],"about":[{"href":"https:\/\/hdxenergy.com\/fr\/wp-json\/wp\/v2\/types\/product"}],"replies":[{"embeddable":true,"href":"https:\/\/hdxenergy.com\/fr\/wp-json\/wp\/v2\/comments?post=549"}],"wp:featuredmedia":[{"embeddable":true,"href":"https:\/\/hdxenergy.com\/fr\/wp-json\/wp\/v2\/media\/554"}],"wp:attachment":[{"href":"https:\/\/hdxenergy.com\/fr\/wp-json\/wp\/v2\/media?parent=549"}],"wp:term":[{"taxonomy":"product_brand","embeddable":true,"href":"https:\/\/hdxenergy.com\/fr\/wp-json\/wp\/v2\/product_brand?post=549"},{"taxonomy":"product_cat","embeddable":true,"href":"https:\/\/hdxenergy.com\/fr\/wp-json\/wp\/v2\/product_cat?post=549"},{"taxonomy":"product_tag","embeddable":true,"href":"https:\/\/hdxenergy.com\/fr\/wp-json\/wp\/v2\/product_tag?post=549"}],"curies":[{"name":"wp","href":"https:\/\/api.w.org\/{rel}","templated":true}]}}