{"id":529,"date":"2025-11-24T07:41:52","date_gmt":"2025-11-24T07:41:52","guid":{"rendered":"https:\/\/hdxenergy.com\/?post_type=product&#038;p=529"},"modified":"2026-01-07T06:36:59","modified_gmt":"2026-01-07T06:36:59","slug":"12v200ah","status":"publish","type":"product","link":"https:\/\/hdxenergy.com\/fr\/product\/12v200ah\/","title":{"rendered":"Batterie 12V 200Ah LiFePO4 Fournisseur | 2000 Cycles"},"content":{"rendered":"<p><strong>HM-LF12200 12.8V 200Ah<\/strong><\/p>\n<p><strong>Sp\u00e9cifications g\u00e9n\u00e9rales<\/strong><\/p>\n<div class=\"table-container\">\n<table>\n<tbody>\n<tr>\n<td>Caract\u00e9ristiques \u00e9lectriques<\/td>\n<td>Tension nominale<\/td>\n<td>12.8V<\/td>\n<\/tr>\n<tr>\n<td><\/td>\n<td>Capacit\u00e9 nominale<\/td>\n<td>200Ah<\/td>\n<\/tr>\n<tr>\n<td><\/td>\n<td>L'\u00e9nergie<\/td>\n<td>2560Wh<\/td>\n<\/tr>\n<tr>\n<td><\/td>\n<td>R\u00e9sistance interne<\/td>\n<td>\u226435m\u03a9<\/td>\n<\/tr>\n<tr>\n<td><\/td>\n<td>Cycle de vie<\/td>\n<td>2000 cycles \u00e0 0,2C de charge\/d\u00e9charge, jusqu'\u00e0 la capacit\u00e9 80%<\/td>\n<\/tr>\n<tr>\n<td><\/td>\n<td>Autod\u00e9charge<\/td>\n<td>\u22643.5% par mois \u00e0 25\u2103<\/td>\n<\/tr>\n<tr>\n<td>Chargement standard<\/td>\n<td>Tension de charge maximale<\/td>\n<td>14.0~14.6V<\/td>\n<\/tr>\n<tr>\n<td><\/td>\n<td>Mode de chargement<\/td>\n<td>A une temp\u00e9rature de 0\u2103~45\u2103, charg\u00e9 \u00e0 14.6V \u00e0 un courant constant de 0.2C, et ensuite, chang\u00e9 continuellement avec une tension constante de 14.6V jusqu'\u00e0 ce que le courant ne soit pas plus de 0.02C.<\/td>\n<\/tr>\n<tr>\n<td><\/td>\n<td>Courant de charge<\/td>\n<td>100A<\/td>\n<\/tr>\n<tr>\n<td><\/td>\n<td>Courant de charge max.<\/td>\n<td>200A<\/td>\n<\/tr>\n<tr>\n<td>D\u00e9charge standard<\/td>\n<td>Courant de d\u00e9charge<\/td>\n<td>200A<\/td>\n<\/tr>\n<tr>\n<td><\/td>\n<td>Courant continu max. Courant continu<\/td>\n<td>200A<\/td>\n<\/tr>\n<tr>\n<td><\/td>\n<td>Courant d'impulsion maximal<\/td>\n<td>400A(&lt;3S\uff09)<\/td>\n<\/tr>\n<tr>\n<td><\/td>\n<td>Tension de coupure de la d\u00e9charge<\/td>\n<td>10.0<\/td>\n<\/tr>\n<tr>\n<td>\u00c9tat de fonctionnement<\/td>\n<td>Temp\u00e9rature de charge<\/td>\n<td>0\u2103 \u00e0 45\u2103(32\u2109 \u00e0 113\u2109) @60\u00b125% Humidit\u00e9 relative<\/td>\n<\/tr>\n<tr>\n<td><\/td>\n<td>Temp\u00e9rature de d\u00e9charge<\/td>\n<td>-20\u2103 \u00e0 60\u2103(-4\u2109 \u00e0 140\u2109) @60\u00b125% Humidit\u00e9 relative<\/td>\n<\/tr>\n<tr>\n<td><\/td>\n<td>Temp\u00e9rature de stockage<\/td>\n<td>0\u2103 \u00e0 45\u2103(32\u2109 \u00e0 113\u2109) @60\u00b125% Humidit\u00e9 relative<\/td>\n<\/tr>\n<tr>\n<td><\/td>\n<td>R\u00e9sistance \u00e0 l'eau et \u00e0 la poussi\u00e8re<\/td>\n<td>IP55<\/td>\n<\/tr>\n<tr>\n<td>Structure<\/td>\n<td>Cellule et format<\/td>\n<td>LFP72H4K0(4S1P)<\/td>\n<\/tr>\n<tr>\n<td><\/td>\n<td>Enveloppe<\/td>\n<td>Plastique<\/td>\n<\/tr>\n<tr>\n<td><\/td>\n<td>Dimension(LWHTH)<\/td>\n<td>522238218218mm<\/td>\n<\/tr>\n<tr>\n<td><\/td>\n<td>Dimension de l'emballage<\/td>\n<td>570310297mm<\/td>\n<\/tr>\n<tr>\n<td><\/td>\n<td>Poids<\/td>\n<td>Environ 22 kg<\/td>\n<\/tr>\n<tr>\n<td><\/td>\n<td>Terminal<\/td>\n<td>M8<\/td>\n<\/tr>\n<\/tbody>\n<\/table>\n<\/div>\n<p><img fetchpriority=\"high\" decoding=\"async\" class=\"alignnone wp-image-543 size-full\" src=\"https:\/\/hdxenergy.com\/wp-content\/uploads\/2025\/11\/12v200ah06.jpg\" alt=\"Performance d&#039;\u00e9tanch\u00e9it\u00e9 : IP67, adapt\u00e9 \u00e0 une utilisation en ext\u00e9rieur\" width=\"1000\" height=\"1000\" srcset=\"https:\/\/hdxenergy.com\/wp-content\/uploads\/2025\/11\/12v200ah06.jpg 1000w, https:\/\/hdxenergy.com\/wp-content\/uploads\/2025\/11\/12v200ah06-300x300.jpg 300w, https:\/\/hdxenergy.com\/wp-content\/uploads\/2025\/11\/12v200ah06-150x150.jpg 150w, https:\/\/hdxenergy.com\/wp-content\/uploads\/2025\/11\/12v200ah06-768x768.jpg 768w, https:\/\/hdxenergy.com\/wp-content\/uploads\/2025\/11\/12v200ah06-600x600.jpg 600w, https:\/\/hdxenergy.com\/wp-content\/uploads\/2025\/11\/12v200ah06-100x100.jpg 100w\" sizes=\"(max-width: 1000px) 100vw, 1000px\" \/> <img decoding=\"async\" class=\"alignnone wp-image-542 size-full\" src=\"https:\/\/hdxenergy.com\/wp-content\/uploads\/2025\/11\/12v200ah05.jpg\" alt=\"Stockage de l&#039;\u00e9nergie \u00e0 domicile : Une alimentation de secours fiable pour votre m\u00e9nage\" width=\"1000\" height=\"1000\" srcset=\"https:\/\/hdxenergy.com\/wp-content\/uploads\/2025\/11\/12v200ah05.jpg 1000w, https:\/\/hdxenergy.com\/wp-content\/uploads\/2025\/11\/12v200ah05-300x300.jpg 300w, https:\/\/hdxenergy.com\/wp-content\/uploads\/2025\/11\/12v200ah05-150x150.jpg 150w, https:\/\/hdxenergy.com\/wp-content\/uploads\/2025\/11\/12v200ah05-768x768.jpg 768w, https:\/\/hdxenergy.com\/wp-content\/uploads\/2025\/11\/12v200ah05-600x600.jpg 600w, https:\/\/hdxenergy.com\/wp-content\/uploads\/2025\/11\/12v200ah05-100x100.jpg 100w\" sizes=\"(max-width: 1000px) 100vw, 1000px\" \/> <img decoding=\"async\" class=\"alignnone wp-image-541 size-full\" src=\"https:\/\/hdxenergy.com\/wp-content\/uploads\/2025\/11\/12v200ah04.jpg\" alt=\"Solution d&#039;alimentation pour v\u00e9hicules de loisirs : Alimentation en \u00e9nergie efficace pour les aventures en mouvement\" width=\"1000\" height=\"1000\" srcset=\"https:\/\/hdxenergy.com\/wp-content\/uploads\/2025\/11\/12v200ah04.jpg 1000w, https:\/\/hdxenergy.com\/wp-content\/uploads\/2025\/11\/12v200ah04-300x300.jpg 300w, https:\/\/hdxenergy.com\/wp-content\/uploads\/2025\/11\/12v200ah04-150x150.jpg 150w, https:\/\/hdxenergy.com\/wp-content\/uploads\/2025\/11\/12v200ah04-768x768.jpg 768w, https:\/\/hdxenergy.com\/wp-content\/uploads\/2025\/11\/12v200ah04-600x600.jpg 600w, https:\/\/hdxenergy.com\/wp-content\/uploads\/2025\/11\/12v200ah04-100x100.jpg 100w\" sizes=\"(max-width: 1000px) 100vw, 1000px\" \/> <img loading=\"lazy\" decoding=\"async\" class=\"alignnone wp-image-540 size-full\" src=\"https:\/\/hdxenergy.com\/wp-content\/uploads\/2025\/11\/12v200ah03.jpg\" alt=\"HDXenergy 12V 200Ah LiFePO4 Battery - Id\u00e9al pour les syst\u00e8mes de stockage d&#039;\u00e9nergie solaire, 8000+ Cycles, 2560Wh\" width=\"1000\" height=\"1000\" srcset=\"https:\/\/hdxenergy.com\/wp-content\/uploads\/2025\/11\/12v200ah03.jpg 1000w, https:\/\/hdxenergy.com\/wp-content\/uploads\/2025\/11\/12v200ah03-300x300.jpg 300w, https:\/\/hdxenergy.com\/wp-content\/uploads\/2025\/11\/12v200ah03-150x150.jpg 150w, https:\/\/hdxenergy.com\/wp-content\/uploads\/2025\/11\/12v200ah03-768x768.jpg 768w, https:\/\/hdxenergy.com\/wp-content\/uploads\/2025\/11\/12v200ah03-600x600.jpg 600w, https:\/\/hdxenergy.com\/wp-content\/uploads\/2025\/11\/12v200ah03-100x100.jpg 100w\" sizes=\"(max-width: 1000px) 100vw, 1000px\" \/><\/p>","protected":false},"excerpt":{"rendered":"<p>HM-LF12200\u00a012.8V\u00a0200Ah General\u00a0Specification Electrical Characteristics Nominal Voltage 12.8V Nominal Capacity 200Ah Energy 2560Wh Internal Resistance \u226435m\u03a9 Cycle Life 2000 Cycles @ 0.2C Charging\/Discharging ,Until 80% Capacity Self Discharge \u22643.5% per month at 25\u2103 Standard Charging Max.Charging Voltage 14.0~14.6V Charging Mode At 0\u2103~45\u2103 temperature, charged to 14.6V at a constant current of 0.2C, and then,changed continuously with [&hellip;]<\/p>\n","protected":false},"featured_media":538,"comment_status":"open","ping_status":"closed","template":"","meta":[],"product_brand":[],"product_cat":[28],"product_tag":[],"class_list":{"0":"post-529","1":"product","2":"type-product","3":"status-publish","4":"has-post-thumbnail","6":"product_cat-12v-24v-lifepo4-battery","8":"first","9":"instock","10":"shipping-taxable","11":"product-type-simple"},"_links":{"self":[{"href":"https:\/\/hdxenergy.com\/fr\/wp-json\/wp\/v2\/product\/529","targetHints":{"allow":["GET"]}}],"collection":[{"href":"https:\/\/hdxenergy.com\/fr\/wp-json\/wp\/v2\/product"}],"about":[{"href":"https:\/\/hdxenergy.com\/fr\/wp-json\/wp\/v2\/types\/product"}],"replies":[{"embeddable":true,"href":"https:\/\/hdxenergy.com\/fr\/wp-json\/wp\/v2\/comments?post=529"}],"wp:featuredmedia":[{"embeddable":true,"href":"https:\/\/hdxenergy.com\/fr\/wp-json\/wp\/v2\/media\/538"}],"wp:attachment":[{"href":"https:\/\/hdxenergy.com\/fr\/wp-json\/wp\/v2\/media?parent=529"}],"wp:term":[{"taxonomy":"product_brand","embeddable":true,"href":"https:\/\/hdxenergy.com\/fr\/wp-json\/wp\/v2\/product_brand?post=529"},{"taxonomy":"product_cat","embeddable":true,"href":"https:\/\/hdxenergy.com\/fr\/wp-json\/wp\/v2\/product_cat?post=529"},{"taxonomy":"product_tag","embeddable":true,"href":"https:\/\/hdxenergy.com\/fr\/wp-json\/wp\/v2\/product_tag?post=529"}],"curies":[{"name":"wp","href":"https:\/\/api.w.org\/{rel}","templated":true}]}}