{"id":472,"date":"2025-11-24T07:21:22","date_gmt":"2025-11-24T07:21:22","guid":{"rendered":"https:\/\/hdxenergy.com\/?post_type=product&#038;p=472"},"modified":"2026-01-07T06:24:02","modified_gmt":"2026-01-07T06:24:02","slug":"24v200ah","status":"publish","type":"product","link":"https:\/\/hdxenergy.com\/fr\/product\/24v200ah\/","title":{"rendered":"24V 200Ah LiFePO4 Battery OEM\/ODM | Deep Cycle pour Solar, UPS &amp; Golf Cart"},"content":{"rendered":"<p><strong><b>Application<\/b><\/strong><\/p>\n<p>\u25c6 UPS<\/p>\n<p>\u25c6 Syst\u00e8me d'\u00e9nergie solaire et \u00e9olienne<\/p>\n<p>\u25c6 Chariot de golf<\/p>\n<p>\u25c6 V\u00e9hicule \u00e9lectrique, E-bike, E-rickshaw, etc.<\/p>\n<p>\u25c6 \u00c9clairage<\/p>\n<p><strong><b>G\u00e9n\u00e9ral<\/b><\/strong><strong><b>\u00a0<\/b><\/strong><strong><b>Sp\u00e9cifications<\/b><\/strong><\/p>\n<div class=\"table-container\">\n<table>\n<tbody>\n<tr>\n<td>Caract\u00e9ristiques \u00e9lectriques<\/td>\n<td>Tension nominale<\/td>\n<td>25.6V<\/td>\n<\/tr>\n<tr>\n<td><\/td>\n<td>Capacit\u00e9 nominale<\/td>\n<td>200Ah<\/td>\n<\/tr>\n<tr>\n<td><\/td>\n<td>L'\u00e9nergie<\/td>\n<td>5120Wh<\/td>\n<\/tr>\n<tr>\n<td><\/td>\n<td>R\u00e9sistance interne<\/td>\n<td>\u226435m\u03a9<\/td>\n<\/tr>\n<tr>\n<td><\/td>\n<td>Cycle de vie<\/td>\n<td>2000 cycles \u00e0 0,2C de charge\/d\u00e9charge, jusqu'\u00e0 la capacit\u00e9 80%<\/td>\n<\/tr>\n<tr>\n<td><\/td>\n<td>Autod\u00e9charge<\/td>\n<td>\u22643.5% par mois \u00e0 25\u2103<\/td>\n<\/tr>\n<tr>\n<td>Chargement standard<\/td>\n<td>Tension de charge maximale<\/td>\n<td>28.0~25.6V<\/td>\n<\/tr>\n<tr>\n<td><\/td>\n<td>Mode de chargement<\/td>\n<td>A une temp\u00e9rature de 0\u2103~45\u2103, charg\u00e9 \u00e0 14.6V \u00e0 un courant constant de 0.2C, et ensuite, chang\u00e9 continuellement avec une tension constante de 14.6V jusqu'\u00e0 ce que le courant ne soit pas plus de 0.02C.<\/td>\n<\/tr>\n<tr>\n<td><\/td>\n<td>Courant de charge<\/td>\n<td>100A<\/td>\n<\/tr>\n<tr>\n<td><\/td>\n<td>Courant de charge max.<\/td>\n<td>200A<\/td>\n<\/tr>\n<tr>\n<td>D\u00e9charge standard<\/td>\n<td>Courant de d\u00e9charge<\/td>\n<td>200A<\/td>\n<\/tr>\n<tr>\n<td><\/td>\n<td>Courant continu max. Courant continu<\/td>\n<td>200A<\/td>\n<\/tr>\n<tr>\n<td><\/td>\n<td>Courant d'impulsion maximal<\/td>\n<td>400A(&lt;3S\uff09)<\/td>\n<\/tr>\n<tr>\n<td><\/td>\n<td>Tension de coupure de la d\u00e9charge<\/td>\n<td>20.0<\/td>\n<\/tr>\n<tr>\n<td>\u00c9tat de fonctionnement<\/td>\n<td>Temp\u00e9rature de charge<\/td>\n<td>0\u2103 \u00e0 45\u2103(32\u2109 \u00e0 113\u2109) @60\u00b125% Humidit\u00e9 relative<\/td>\n<\/tr>\n<tr>\n<td><\/td>\n<td>Temp\u00e9rature de d\u00e9charge<\/td>\n<td>-20\u2103 \u00e0 60\u2103(-4\u2109 \u00e0 140\u2109) @60\u00b125% Humidit\u00e9 relative<\/td>\n<\/tr>\n<tr>\n<td><\/td>\n<td>Temp\u00e9rature de stockage<\/td>\n<td>0\u2103 \u00e0 45\u2103(32\u2109 \u00e0 113\u2109) @60\u00b125% Humidit\u00e9 relative<\/td>\n<\/tr>\n<tr>\n<td><\/td>\n<td>R\u00e9sistance \u00e0 l'eau et \u00e0 la poussi\u00e8re<\/td>\n<td>IP55<\/td>\n<\/tr>\n<tr>\n<td>Structure<\/td>\n<td>Cellule et format<\/td>\n<td>LFP206AH(8S1P)<\/td>\n<\/tr>\n<tr>\n<td><\/td>\n<td>Enveloppe<\/td>\n<td>Plastique<\/td>\n<\/tr>\n<tr>\n<td><\/td>\n<td>Dimension(LWHTH)<\/td>\n<td>522238218218mm<\/td>\n<\/tr>\n<tr>\n<td><\/td>\n<td>Dimension de l'emballage<\/td>\n<td>570310280mm<\/td>\n<\/tr>\n<tr>\n<td><\/td>\n<td>Poids<\/td>\n<td>Environ 3,8 kg<\/td>\n<\/tr>\n<tr>\n<td><\/td>\n<td>Terminal<\/td>\n<td>M8<\/td>\n<\/tr>\n<\/tbody>\n<\/table>\n<\/div>\n<p><img fetchpriority=\"high\" decoding=\"async\" class=\"alignnone wp-image-514 size-full\" src=\"https:\/\/hdxenergy.com\/wp-content\/uploads\/2025\/11\/24v200ah08.jpg\" alt=\"Protection contre les coupures \u00e0 basse temp\u00e9rature\" width=\"1000\" height=\"1000\" srcset=\"https:\/\/hdxenergy.com\/wp-content\/uploads\/2025\/11\/24v200ah08.jpg 1000w, https:\/\/hdxenergy.com\/wp-content\/uploads\/2025\/11\/24v200ah08-300x300.jpg 300w, https:\/\/hdxenergy.com\/wp-content\/uploads\/2025\/11\/24v200ah08-150x150.jpg 150w, https:\/\/hdxenergy.com\/wp-content\/uploads\/2025\/11\/24v200ah08-768x768.jpg 768w, https:\/\/hdxenergy.com\/wp-content\/uploads\/2025\/11\/24v200ah08-600x600.jpg 600w, https:\/\/hdxenergy.com\/wp-content\/uploads\/2025\/11\/24v200ah08-100x100.jpg 100w\" sizes=\"(max-width: 1000px) 100vw, 1000px\" \/> <img decoding=\"async\" class=\"alignnone wp-image-513 size-full\" src=\"https:\/\/hdxenergy.com\/wp-content\/uploads\/2025\/11\/24v200ah07.jpg\" alt=\"FORTE IMPERM\u00c9ABILIT\u00c9\" width=\"1000\" height=\"1000\" srcset=\"https:\/\/hdxenergy.com\/wp-content\/uploads\/2025\/11\/24v200ah07.jpg 1000w, https:\/\/hdxenergy.com\/wp-content\/uploads\/2025\/11\/24v200ah07-300x300.jpg 300w, https:\/\/hdxenergy.com\/wp-content\/uploads\/2025\/11\/24v200ah07-150x150.jpg 150w, https:\/\/hdxenergy.com\/wp-content\/uploads\/2025\/11\/24v200ah07-768x768.jpg 768w, https:\/\/hdxenergy.com\/wp-content\/uploads\/2025\/11\/24v200ah07-600x600.jpg 600w, https:\/\/hdxenergy.com\/wp-content\/uploads\/2025\/11\/24v200ah07-100x100.jpg 100w\" sizes=\"(max-width: 1000px) 100vw, 1000px\" \/> <img decoding=\"async\" class=\"alignnone wp-image-512 size-full\" src=\"https:\/\/hdxenergy.com\/wp-content\/uploads\/2025\/11\/24v200ah06.jpg\" alt=\"L&#039;alimentation par batterie de vos aventures en camping-car\" width=\"1000\" height=\"1000\" srcset=\"https:\/\/hdxenergy.com\/wp-content\/uploads\/2025\/11\/24v200ah06.jpg 1000w, https:\/\/hdxenergy.com\/wp-content\/uploads\/2025\/11\/24v200ah06-300x300.jpg 300w, https:\/\/hdxenergy.com\/wp-content\/uploads\/2025\/11\/24v200ah06-150x150.jpg 150w, https:\/\/hdxenergy.com\/wp-content\/uploads\/2025\/11\/24v200ah06-768x768.jpg 768w, https:\/\/hdxenergy.com\/wp-content\/uploads\/2025\/11\/24v200ah06-600x600.jpg 600w, https:\/\/hdxenergy.com\/wp-content\/uploads\/2025\/11\/24v200ah06-100x100.jpg 100w\" sizes=\"(max-width: 1000px) 100vw, 1000px\" \/> <img loading=\"lazy\" decoding=\"async\" class=\"alignnone wp-image-511 size-full\" src=\"https:\/\/hdxenergy.com\/wp-content\/uploads\/2025\/11\/24v200ah05.jpg\" alt=\"Batterie LiFePo4 24V 200Ah - Une alimentation fiable pour les voyages en bateau\" width=\"1000\" height=\"1000\" srcset=\"https:\/\/hdxenergy.com\/wp-content\/uploads\/2025\/11\/24v200ah05.jpg 1000w, https:\/\/hdxenergy.com\/wp-content\/uploads\/2025\/11\/24v200ah05-300x300.jpg 300w, https:\/\/hdxenergy.com\/wp-content\/uploads\/2025\/11\/24v200ah05-150x150.jpg 150w, https:\/\/hdxenergy.com\/wp-content\/uploads\/2025\/11\/24v200ah05-768x768.jpg 768w, https:\/\/hdxenergy.com\/wp-content\/uploads\/2025\/11\/24v200ah05-600x600.jpg 600w, https:\/\/hdxenergy.com\/wp-content\/uploads\/2025\/11\/24v200ah05-100x100.jpg 100w\" sizes=\"(max-width: 1000px) 100vw, 1000px\" \/><\/p>","protected":false},"excerpt":{"rendered":"<ul>\n<li>La batterie au lithium se distingue par son rapport capacit\u00e9\/poids \u00e9lev\u00e9, sa forte puissance de d\u00e9charge, sa charge rapide, sa longue dur\u00e9e de vie et son excellente stabilit\u00e9 \u00e0 haute temp\u00e9rature.<\/li>\n<li>Avec une profondeur de d\u00e9charge de 80% et une chimie LiFePO4, elle garantit la s\u00e9curit\u00e9 thermique, des r\u00e9actions redox stables et une dur\u00e9e de vie prolong\u00e9e. Sa tension de d\u00e9charge constante simplifie la r\u00e9gulation de la tension, et sa conception antichoc r\u00e9siste aux chocs violents sans risque d'explosion.<\/li>\n<li>La marque BMS offre des possibilit\u00e9s de personnalisation, notamment en ce qui concerne la conception du logo et l'aspect ext\u00e9rieur.<\/li>\n<\/ul>","protected":false},"featured_media":507,"comment_status":"open","ping_status":"closed","template":"","meta":[],"product_brand":[],"product_cat":[28],"product_tag":[],"class_list":{"0":"post-472","1":"product","2":"type-product","3":"status-publish","4":"has-post-thumbnail","6":"product_cat-12v-24v-lifepo4-battery","8":"first","9":"instock","10":"shipping-taxable","11":"product-type-simple"},"_links":{"self":[{"href":"https:\/\/hdxenergy.com\/fr\/wp-json\/wp\/v2\/product\/472","targetHints":{"allow":["GET"]}}],"collection":[{"href":"https:\/\/hdxenergy.com\/fr\/wp-json\/wp\/v2\/product"}],"about":[{"href":"https:\/\/hdxenergy.com\/fr\/wp-json\/wp\/v2\/types\/product"}],"replies":[{"embeddable":true,"href":"https:\/\/hdxenergy.com\/fr\/wp-json\/wp\/v2\/comments?post=472"}],"wp:featuredmedia":[{"embeddable":true,"href":"https:\/\/hdxenergy.com\/fr\/wp-json\/wp\/v2\/media\/507"}],"wp:attachment":[{"href":"https:\/\/hdxenergy.com\/fr\/wp-json\/wp\/v2\/media?parent=472"}],"wp:term":[{"taxonomy":"product_brand","embeddable":true,"href":"https:\/\/hdxenergy.com\/fr\/wp-json\/wp\/v2\/product_brand?post=472"},{"taxonomy":"product_cat","embeddable":true,"href":"https:\/\/hdxenergy.com\/fr\/wp-json\/wp\/v2\/product_cat?post=472"},{"taxonomy":"product_tag","embeddable":true,"href":"https:\/\/hdxenergy.com\/fr\/wp-json\/wp\/v2\/product_tag?post=472"}],"curies":[{"name":"wp","href":"https:\/\/api.w.org\/{rel}","templated":true}]}}