{"id":361,"date":"2025-11-24T06:18:35","date_gmt":"2025-11-24T06:18:35","guid":{"rendered":"https:\/\/hdxenergy.com\/?post_type=product&#038;p=361"},"modified":"2026-01-07T05:58:03","modified_gmt":"2026-01-07T05:58:03","slug":"51-version-avec-coque-en-caoutchouc-2v105ah","status":"publish","type":"product","link":"https:\/\/hdxenergy.com\/fr\/product\/51-2v105ah-rubber-shell-version\/","title":{"rendered":"51.2V 105Ah Golf Cart Battery Exporter | Durable Rubber Shell LiFePO4"},"content":{"rendered":"<p><strong>Sp\u00e9cifications et param\u00e8tres du produit<\/strong><br \/>\n<strong>Param\u00e8tres techniques de la batterie<\/strong><\/p>\n<div class=\"table-container\">\n<table>\n<tbody>\n<tr>\n<td>Sp\u00e9cifications du projet<\/td>\n<td>Param\u00e8tres standard<\/td>\n<td>Remarques<\/td>\n<\/tr>\n<tr>\n<td>Mod\u00e8le de batterie<\/td>\n<td>51.2V105Ah<\/td>\n<td><\/td>\n<\/tr>\n<tr>\n<td>Type de batterie<\/td>\n<td>Batterie LFP<\/td>\n<td><\/td>\n<\/tr>\n<tr>\n<td>Tension nominale (V)<\/td>\n<td>51.2<\/td>\n<td><\/td>\n<\/tr>\n<tr>\n<td>Capacit\u00e9 nominale (Ah)<\/td>\n<td>105 \u00b1 51 TP3T<\/td>\n<td>25 \u00b0C \u00b1 2 \u00b0C, charge 0,5 C, d\u00e9charge 0,5 C<\/td>\n<\/tr>\n<tr>\n<td>\u00c9nergie nominale (Wh)<\/td>\n<td>5376<\/td>\n<td><\/td>\n<\/tr>\n<tr>\n<td>Tension de charge nominale (V)<\/td>\n<td>57.6<\/td>\n<td><\/td>\n<\/tr>\n<tr>\n<td>Tension nominale de coupure de d\u00e9charge (V)<\/td>\n<td>40<\/td>\n<td><\/td>\n<\/tr>\n<tr>\n<td>Courant de charge standard (A)<\/td>\n<td>20<\/td>\n<td><\/td>\n<\/tr>\n<tr>\n<td>Courant de charge maximal (A)<\/td>\n<td>50<\/td>\n<td><\/td>\n<\/tr>\n<tr>\n<td>Courant de d\u00e9charge standard (A)<\/td>\n<td>20<\/td>\n<td><\/td>\n<\/tr>\n<tr>\n<td>Courant de d\u00e9charge continu (A)<\/td>\n<td>200<\/td>\n<td><\/td>\n<\/tr>\n<tr>\n<td>Courant de d\u00e9charge maximal (A)<\/td>\n<td>400 (35S)<\/td>\n<td><\/td>\n<\/tr>\n<tr>\n<td>Courant de d\u00e9charge maximal (A)<\/td>\n<td>600 A (3 S)<\/td>\n<td><\/td>\n<\/tr>\n<tr>\n<td>Mat\u00e9riau de la coque<\/td>\n<td>Coque en plastique<\/td>\n<td><\/td>\n<\/tr>\n<tr>\n<td>Poids (kg)<\/td>\n<td>Environ 39,6 kg<\/td>\n<td><\/td>\n<\/tr>\n<tr>\n<td>R\u00e9sistance interne initiale (m\u03a9)<\/td>\n<td>\u226450<\/td>\n<td>Nouvelle batterie dans les 3 mois, ACIR, 1000 Hz<\/td>\n<\/tr>\n<tr>\n<td>Taux d'autod\u00e9charge mensuel<\/td>\n<td>\u22645%<\/td>\n<td>Charg\u00e9 selon la norme 100% SOC, et stockage pendant 28 jours \u00e0 25 \u00b1 2 \u00b0C.<\/td>\n<\/tr>\n<\/tbody>\n<\/table>\n<table>\n<tbody>\n<tr>\n<td>Dimensions hors tout (mm)<\/td>\n<td>520 \u00d7 268 \u00d7 220 mm \u00b1 2,0<\/td>\n<td>Longueur \u00d7 Largeur \u00d7 Hauteur (dimensions de la bo\u00eete, sans poign\u00e9e)<\/td>\n<\/tr>\n<tr>\n<td>Tension de sortie (V)<\/td>\n<td>51 ~ 52.8<\/td>\n<td>30~70%SOC<\/td>\n<\/tr>\n<tr>\n<td>Dur\u00e9e de vie (cycles) (25 \u00b0C \u00b1 2 \u00b0C)<\/td>\n<td>capacit\u00e9 de r\u00e9tention : \u2265 801 TP3T<\/td>\n<td>a\uff09\u00c0 temp\u00e9rature ambiante, continuer \u00e0 charger \u00e0 un courant constant de 20 A jusqu'\u00e0 ce que la tension de la batterie atteigne 43,8 V, puis charger \u00e0 tension constante jusqu'\u00e0 ce que le courant atteigne 0,05 C. Laisser reposer pendant 2 heures. b\uff09D\u00e9charger \u00e0 20 A jusqu'\u00e0 la tension de coupure de 30 V \u00e0 temp\u00e9rature ambiante, laisser reposer 3 heures ; c\uff09R\u00e9p\u00e9ter les \u00e9tapes a\uff09\u00e0 b), jusqu'\u00e0 ce que la capacit\u00e9 de d\u00e9charge atteigne 801 TP3T de la capacit\u00e9 nominale, le nombre de cycles effectu\u00e9s \u00e9tant d\u00e9fini comme la dur\u00e9e de vie de la batterie.<\/td>\n<\/tr>\n<\/tbody>\n<\/table>\n<table>\n<tbody>\n<tr>\n<td>Dur\u00e9e de vie (cycles) (25 \u00b0C \u00b1 2 \u00b0C)<\/td>\n<td>capacit\u00e9 de r\u00e9tention : \u2265 801 TP3T<\/td>\n<td>a\uff09\u00c0 temp\u00e9rature ambiante, continuer \u00e0 charger \u00e0 un courant constant de 20 A jusqu'\u00e0 ce que la tension de la batterie atteigne 43,8 V, puis charger \u00e0 tension constante jusqu'\u00e0 ce que le courant atteigne 0,05 C. Laisser reposer pendant 2 heures. b\uff09D\u00e9charger \u00e0 20 A jusqu'\u00e0 la tension de coupure de 30 V \u00e0 temp\u00e9rature ambiante, laisser reposer 3 heures ; c\uff09R\u00e9p\u00e9ter les \u00e9tapes a\uff09\u00e0 b), jusqu'\u00e0 ce que la capacit\u00e9 de d\u00e9charge atteigne 801 TP3T de la capacit\u00e9 nominale, le nombre de cycles effectu\u00e9s \u00e9tant d\u00e9fini comme la dur\u00e9e de vie de la batterie.<\/td>\n<\/tr>\n<tr>\n<td>Mode de communication<\/td>\n<td colspan=\"2\">UART<\/td>\n<\/tr>\n<tr>\n<td>Temp\u00e9rature de charge (\u2103)<\/td>\n<td>30A<\/td>\n<td>0~10 \u00b0C<\/td>\n<\/tr>\n<tr>\n<td><\/td>\n<td>20A<\/td>\n<td>10 \u00e0 20 \u00b0C<\/td>\n<\/tr>\n<tr>\n<td><\/td>\n<td>50A<\/td>\n<td>20~40 \u00b0C<\/td>\n<\/tr>\n<tr>\n<td><\/td>\n<td>30A<\/td>\n<td>40 \u00e0 55 \u00b0C<\/td>\n<\/tr>\n<tr>\n<td>Temp\u00e9rature de d\u00e9charge (\u2103)<\/td>\n<td>-20~55<\/td>\n<td>La temp\u00e9rature de surface de la cellule ne doit pas d\u00e9passer 60 \u00b0C.<\/td>\n<\/tr>\n<tr>\n<td>Temp\u00e9rature de stockage<\/td>\n<td>-30 \u00e0 55 \u00b0C, 90 % HR max. -10 \u00e0 45 \u00b0C, 70 % HR max.<\/td>\n<td>Moins d'un mois Plus de trois mois<\/td>\n<\/tr>\n<tr>\n<td>Temp\u00e9rature de stockage recommand\u00e9e<\/td>\n<td>-10 \u00e0 35 \u00b0C, 85 % HR max.<\/td>\n<td>la dur\u00e9e de vie de la batterie serait r\u00e9duite si celle-ci \u00e9tait stock\u00e9e \u00e0 une temp\u00e9rature \u00e9lev\u00e9e.<\/td>\n<\/tr>\n<\/tbody>\n<\/table>\n<\/div>\n<p><img fetchpriority=\"high\" decoding=\"async\" class=\"alignnone wp-image-387 size-full\" src=\"https:\/\/hdxenergy.com\/wp-content\/uploads\/2025\/11\/51.2v105ah-rubber-shell-version06.jpg\" alt=\"OEM\" width=\"1000\" height=\"1000\" srcset=\"https:\/\/hdxenergy.com\/wp-content\/uploads\/2025\/11\/51.2v105ah-rubber-shell-version06.jpg 1000w, https:\/\/hdxenergy.com\/wp-content\/uploads\/2025\/11\/51.2v105ah-rubber-shell-version06-300x300.jpg 300w, https:\/\/hdxenergy.com\/wp-content\/uploads\/2025\/11\/51.2v105ah-rubber-shell-version06-150x150.jpg 150w, https:\/\/hdxenergy.com\/wp-content\/uploads\/2025\/11\/51.2v105ah-rubber-shell-version06-768x768.jpg 768w, https:\/\/hdxenergy.com\/wp-content\/uploads\/2025\/11\/51.2v105ah-rubber-shell-version06-600x600.jpg 600w, https:\/\/hdxenergy.com\/wp-content\/uploads\/2025\/11\/51.2v105ah-rubber-shell-version06-100x100.jpg 100w\" sizes=\"(max-width: 1000px) 100vw, 1000px\" \/> <img decoding=\"async\" class=\"alignnone wp-image-386 size-full\" src=\"https:\/\/hdxenergy.com\/wp-content\/uploads\/2025\/11\/51.2v105ah-rubber-shell-version05.jpg\" alt=\"Supporte un courant important pour grimper les collines (200A\/250AV\/300A)\" width=\"750\" height=\"750\" srcset=\"https:\/\/hdxenergy.com\/wp-content\/uploads\/2025\/11\/51.2v105ah-rubber-shell-version05.jpg 750w, https:\/\/hdxenergy.com\/wp-content\/uploads\/2025\/11\/51.2v105ah-rubber-shell-version05-300x300.jpg 300w, https:\/\/hdxenergy.com\/wp-content\/uploads\/2025\/11\/51.2v105ah-rubber-shell-version05-150x150.jpg 150w, https:\/\/hdxenergy.com\/wp-content\/uploads\/2025\/11\/51.2v105ah-rubber-shell-version05-600x600.jpg 600w, https:\/\/hdxenergy.com\/wp-content\/uploads\/2025\/11\/51.2v105ah-rubber-shell-version05-100x100.jpg 100w\" sizes=\"(max-width: 750px) 100vw, 750px\" \/> <img decoding=\"async\" class=\"alignnone wp-image-385 size-full\" src=\"https:\/\/hdxenergy.com\/wp-content\/uploads\/2025\/11\/51.2v105ah-rubber-shell-version04.jpg\" alt=\"Structure du module de batterie de voiturette de golf\" width=\"1000\" height=\"1000\" srcset=\"https:\/\/hdxenergy.com\/wp-content\/uploads\/2025\/11\/51.2v105ah-rubber-shell-version04.jpg 1000w, https:\/\/hdxenergy.com\/wp-content\/uploads\/2025\/11\/51.2v105ah-rubber-shell-version04-300x300.jpg 300w, https:\/\/hdxenergy.com\/wp-content\/uploads\/2025\/11\/51.2v105ah-rubber-shell-version04-150x150.jpg 150w, https:\/\/hdxenergy.com\/wp-content\/uploads\/2025\/11\/51.2v105ah-rubber-shell-version04-768x768.jpg 768w, https:\/\/hdxenergy.com\/wp-content\/uploads\/2025\/11\/51.2v105ah-rubber-shell-version04-600x600.jpg 600w, https:\/\/hdxenergy.com\/wp-content\/uploads\/2025\/11\/51.2v105ah-rubber-shell-version04-100x100.jpg 100w\" sizes=\"(max-width: 1000px) 100vw, 1000px\" \/> <img loading=\"lazy\" decoding=\"async\" class=\"alignnone wp-image-384 size-full\" src=\"https:\/\/hdxenergy.com\/wp-content\/uploads\/2025\/11\/51.2v105ah-rubber-shell-version03.jpg\" alt=\"Con\u00e7u sp\u00e9cifiquement pour les voiturettes de golf\" width=\"1000\" height=\"1000\" srcset=\"https:\/\/hdxenergy.com\/wp-content\/uploads\/2025\/11\/51.2v105ah-rubber-shell-version03.jpg 1000w, https:\/\/hdxenergy.com\/wp-content\/uploads\/2025\/11\/51.2v105ah-rubber-shell-version03-300x300.jpg 300w, https:\/\/hdxenergy.com\/wp-content\/uploads\/2025\/11\/51.2v105ah-rubber-shell-version03-150x150.jpg 150w, https:\/\/hdxenergy.com\/wp-content\/uploads\/2025\/11\/51.2v105ah-rubber-shell-version03-768x768.jpg 768w, https:\/\/hdxenergy.com\/wp-content\/uploads\/2025\/11\/51.2v105ah-rubber-shell-version03-600x600.jpg 600w, https:\/\/hdxenergy.com\/wp-content\/uploads\/2025\/11\/51.2v105ah-rubber-shell-version03-100x100.jpg 100w\" sizes=\"(max-width: 1000px) 100vw, 1000px\" \/><\/p>","protected":false},"excerpt":{"rendered":"<ol>\n<li>Performance de base<\/li>\n<\/ol>\n<p>Grande capacit\u00e9 de 100 Ah : fournit une alimentation fiable pour le stockage d'\u00e9nergie solaire, les syst\u00e8mes d'alimentation de secours, les camping-cars, les outils \u00e9lectriques et d'autres sc\u00e9narios polyvalents.<\/p>\n<ol start=\"2\">\n<li>S\u00e9curit\u00e9 de premier ordre<\/li>\n<\/ol>\n<p>Double protection de s\u00e9curit\u00e9 : offre une stabilit\u00e9 thermique exceptionnelle et int\u00e8gre un syst\u00e8me de gestion de batterie (BMS) pour \u00e9viter les surcharges, les d\u00e9charges excessives et les courts-circuits.<\/p>\n<ol start=\"3\">\n<li>Durabilit\u00e9 \u00e0 long terme<\/li>\n<\/ol>\n<p>Plus de 5 000 cycles de charge : garantit une fiabilit\u00e9 \u00e0 long terme, r\u00e9duit les besoins de remplacement fr\u00e9quents et diminue les co\u00fbts globaux de maintenance.<\/p>\n<ol start=\"4\">\n<li>Chargement rapide et efficace<\/li>\n<\/ol>\n<p>Prise en charge de la recharge rapide : recharge rapide et efficace, avec une large compatibilit\u00e9 pour divers appareils et syst\u00e8mes d'alimentation.<\/p>\n<ol start=\"5\">\n<li>Conception respectueuse de l'environnement<\/li>\n<\/ol>\n<p>Non toxique et recyclable : Conforme aux normes environnementales internationales, il s'agit d'une solution d'alimentation durable.<\/p>","protected":false},"featured_media":382,"comment_status":"open","ping_status":"closed","template":"","meta":[],"product_brand":[],"product_cat":[29],"product_tag":[],"class_list":{"0":"post-361","1":"product","2":"type-product","3":"status-publish","4":"has-post-thumbnail","6":"product_cat-golf-cart-lithium-battery","8":"first","9":"instock","10":"shipping-taxable","11":"product-type-simple"},"_links":{"self":[{"href":"https:\/\/hdxenergy.com\/fr\/wp-json\/wp\/v2\/product\/361","targetHints":{"allow":["GET"]}}],"collection":[{"href":"https:\/\/hdxenergy.com\/fr\/wp-json\/wp\/v2\/product"}],"about":[{"href":"https:\/\/hdxenergy.com\/fr\/wp-json\/wp\/v2\/types\/product"}],"replies":[{"embeddable":true,"href":"https:\/\/hdxenergy.com\/fr\/wp-json\/wp\/v2\/comments?post=361"}],"wp:featuredmedia":[{"embeddable":true,"href":"https:\/\/hdxenergy.com\/fr\/wp-json\/wp\/v2\/media\/382"}],"wp:attachment":[{"href":"https:\/\/hdxenergy.com\/fr\/wp-json\/wp\/v2\/media?parent=361"}],"wp:term":[{"taxonomy":"product_brand","embeddable":true,"href":"https:\/\/hdxenergy.com\/fr\/wp-json\/wp\/v2\/product_brand?post=361"},{"taxonomy":"product_cat","embeddable":true,"href":"https:\/\/hdxenergy.com\/fr\/wp-json\/wp\/v2\/product_cat?post=361"},{"taxonomy":"product_tag","embeddable":true,"href":"https:\/\/hdxenergy.com\/fr\/wp-json\/wp\/v2\/product_tag?post=361"}],"curies":[{"name":"wp","href":"https:\/\/api.w.org\/{rel}","templated":true}]}}