{"id":216,"date":"2025-11-24T05:48:05","date_gmt":"2025-11-24T05:48:05","guid":{"rendered":"https:\/\/hdxenergy.com\/?post_type=product&#038;p=216"},"modified":"2026-01-07T05:40:25","modified_gmt":"2026-01-07T05:40:25","slug":"serie-1000w","status":"publish","type":"product","link":"https:\/\/hdxenergy.com\/fr\/product\/1000w-series\/","title":{"rendered":"H092-1000Wh Centrale \u00e9lectrique portable Distributeur | 1000W LiFePO4 Solar Generator"},"content":{"rendered":"<div class=\"table-container\"><strong>H092-1000Wh Sp\u00e9cifications techniques<\/strong><\/p>\n<table>\n<tbody>\n<tr>\n<td>Mod\u00e8le<\/td>\n<td>H092-1000 Wh<\/td>\n<\/tr>\n<tr>\n<td>Dimensions (L*l*H)<\/td>\n<td>350 mm \u00d7 200 mm \u00d7 304 mm<\/td>\n<\/tr>\n<tr>\n<td>Poids<\/td>\n<td>13 kg<\/td>\n<\/tr>\n<tr>\n<td>Capacit\u00e9 de la batterie<\/td>\n<td>40 Ah\/25,6 V (1024 Wh)<\/td>\n<\/tr>\n<tr>\n<td>Normes de certification<\/td>\n<td>CE FCC ROHS<\/td>\n<\/tr>\n<tr>\n<td>Sortie CA<\/td>\n<td>Onde sinuso\u00efdale pure CA 110 V \u00e0 60 Hz*2 OU CA 220 V \u00e0 50 Hz*2<\/td>\n<\/tr>\n<tr>\n<td>Puissance de sortie de l'onduleur<\/td>\n<td>Puissance nominale 1000 W, puissance de cr\u00eate 2000 W<\/td>\n<\/tr>\n<tr>\n<td>Entr\u00e9e de charge solaire<\/td>\n<td>12\u201330 V\u23936 A max. 180 W<\/td>\n<\/tr>\n<tr>\n<td>Puissance de charge de la voiture<\/td>\n<td>14 V\u239315 A*1<\/td>\n<\/tr>\n<tr>\n<td>Autres entr\u00e9es<\/td>\n<td>Entr\u00e9e onduleur : 28 V\u23936 A Entr\u00e9e Type-C : 5\u201320 V\u23935 A Max 100 W<\/td>\n<\/tr>\n<tr>\n<td>Sortie DC5521<\/td>\n<td>13,5 V\u23935 A*2<\/td>\n<\/tr>\n<tr>\n<td>Sortie USB<\/td>\n<td>5 V\u23932,4 A*2 QC3.0 (5 V\u23933 A, 9 V\u23932 A, 12 V\u23931,5 A)*2<\/td>\n<\/tr>\n<tr>\n<td>Type C<\/td>\n<td>Entr\u00e9e : 5\u201320 V\u23935 A max. 100 W Sortie : 100 W PD *1 60 W PD *1<\/td>\n<\/tr>\n<tr>\n<td>\u00c9clairage<\/td>\n<td>Lampe LED 6 W<\/td>\n<\/tr>\n<tr>\n<td>Type de batterie<\/td>\n<td>Batterie LiFePO4<\/td>\n<\/tr>\n<tr>\n<td>Dur\u00e9e de vie de la batterie<\/td>\n<td>Apr\u00e8s 3000 cycles, la capacit\u00e9 restante est toujours sup\u00e9rieure \u00e0 80%.<\/td>\n<\/tr>\n<tr>\n<td>Temp\u00e9rature de stockage<\/td>\n<td>La temp\u00e9rature ambiante recommand\u00e9e varie entre 20 \u00b0C et 30 \u00b0C.<\/td>\n<\/tr>\n<tr>\n<td>Temp\u00e9rature de d\u00e9charge<\/td>\n<td>-20 \u00b0C \u00e0 50 \u00b0C<\/td>\n<\/tr>\n<tr>\n<td>Temp\u00e9rature de charge<\/td>\n<td>-5 \u00b0C \u00e0 50 \u00b0C<\/td>\n<\/tr>\n<tr>\n<td>Protection du syst\u00e8me<\/td>\n<td>Protection contre la surchauffe, protection contre les surtensions, protection contre les surintensit\u00e9s, protection contre les surcharges, protection contre les d\u00e9charges excessives, protection contre les courts-circuits de charge.,<\/td>\n<\/tr>\n<\/tbody>\n<\/table>\n<\/div>\n<p><img fetchpriority=\"high\" decoding=\"async\" class=\"alignnone wp-image-312 size-full\" src=\"https:\/\/hdxenergy.com\/wp-content\/uploads\/2025\/11\/1000W-Series06.jpg\" alt=\"STATION D&#039;ALIMENTATION PORTABLE1000W\/1500W Personnalisable OEM\/ODM\" width=\"1000\" height=\"1000\" srcset=\"https:\/\/hdxenergy.com\/wp-content\/uploads\/2025\/11\/1000W-Series06.jpg 1000w, https:\/\/hdxenergy.com\/wp-content\/uploads\/2025\/11\/1000W-Series06-300x300.jpg 300w, https:\/\/hdxenergy.com\/wp-content\/uploads\/2025\/11\/1000W-Series06-150x150.jpg 150w, https:\/\/hdxenergy.com\/wp-content\/uploads\/2025\/11\/1000W-Series06-768x768.jpg 768w, https:\/\/hdxenergy.com\/wp-content\/uploads\/2025\/11\/1000W-Series06-600x600.jpg 600w, https:\/\/hdxenergy.com\/wp-content\/uploads\/2025\/11\/1000W-Series06-100x100.jpg 100w\" sizes=\"(max-width: 1000px) 100vw, 1000px\" \/> <img decoding=\"async\" class=\"alignnone wp-image-311 size-full\" src=\"https:\/\/hdxenergy.com\/wp-content\/uploads\/2025\/11\/1000W-Series05.jpg\" alt=\"1000\/1500W SORTIE AC PUISSANTE\" width=\"1000\" height=\"1000\" srcset=\"https:\/\/hdxenergy.com\/wp-content\/uploads\/2025\/11\/1000W-Series05.jpg 1000w, https:\/\/hdxenergy.com\/wp-content\/uploads\/2025\/11\/1000W-Series05-300x300.jpg 300w, https:\/\/hdxenergy.com\/wp-content\/uploads\/2025\/11\/1000W-Series05-150x150.jpg 150w, https:\/\/hdxenergy.com\/wp-content\/uploads\/2025\/11\/1000W-Series05-768x768.jpg 768w, https:\/\/hdxenergy.com\/wp-content\/uploads\/2025\/11\/1000W-Series05-600x600.jpg 600w, https:\/\/hdxenergy.com\/wp-content\/uploads\/2025\/11\/1000W-Series05-100x100.jpg 100w\" sizes=\"(max-width: 1000px) 100vw, 1000px\" \/> <img decoding=\"async\" class=\"alignnone wp-image-310 size-full\" src=\"https:\/\/hdxenergy.com\/wp-content\/uploads\/2025\/11\/1000W-Series04.jpg\" alt=\"HAUTE CAPACIT\u00c9\" width=\"1000\" height=\"1000\" srcset=\"https:\/\/hdxenergy.com\/wp-content\/uploads\/2025\/11\/1000W-Series04.jpg 1000w, https:\/\/hdxenergy.com\/wp-content\/uploads\/2025\/11\/1000W-Series04-300x300.jpg 300w, https:\/\/hdxenergy.com\/wp-content\/uploads\/2025\/11\/1000W-Series04-150x150.jpg 150w, https:\/\/hdxenergy.com\/wp-content\/uploads\/2025\/11\/1000W-Series04-768x768.jpg 768w, https:\/\/hdxenergy.com\/wp-content\/uploads\/2025\/11\/1000W-Series04-600x600.jpg 600w, https:\/\/hdxenergy.com\/wp-content\/uploads\/2025\/11\/1000W-Series04-100x100.jpg 100w\" sizes=\"(max-width: 1000px) 100vw, 1000px\" \/> <img loading=\"lazy\" decoding=\"async\" class=\"alignnone wp-image-309 size-full\" src=\"https:\/\/hdxenergy.com\/wp-content\/uploads\/2025\/11\/1000W-Series03.jpg\" alt=\"7 sorties pour alimenter les appareils simultan\u00e9ment\" width=\"1000\" height=\"1000\" srcset=\"https:\/\/hdxenergy.com\/wp-content\/uploads\/2025\/11\/1000W-Series03.jpg 1000w, https:\/\/hdxenergy.com\/wp-content\/uploads\/2025\/11\/1000W-Series03-300x300.jpg 300w, https:\/\/hdxenergy.com\/wp-content\/uploads\/2025\/11\/1000W-Series03-150x150.jpg 150w, https:\/\/hdxenergy.com\/wp-content\/uploads\/2025\/11\/1000W-Series03-768x768.jpg 768w, https:\/\/hdxenergy.com\/wp-content\/uploads\/2025\/11\/1000W-Series03-600x600.jpg 600w, https:\/\/hdxenergy.com\/wp-content\/uploads\/2025\/11\/1000W-Series03-100x100.jpg 100w\" sizes=\"(max-width: 1000px) 100vw, 1000px\" \/><\/p>","protected":false},"excerpt":{"rendered":"<ul>\n<li>3 modes de recharge flexibles : prise secteur, prise murale, recharge solaire, allume-cigare<\/li>\n<li>Prend en charge 3 modes d'alimentation : 12 V CC, 5 V USB et CA<\/li>\n<li>Avec une capacit\u00e9 de 1024 Wh, il assure un fonctionnement longue dur\u00e9e.<\/li>\n<li>Prise en charge de la fonction de recharge des voitures \u00e9lectriques, pas d'inqui\u00e9tude quant \u00e0 l'alimentation \u00e9lectrique sur la route.<\/li>\n<li>Sortie \u00e0 onde sinuso\u00efdale pure Cellule de batterie LifePo4<\/li>\n<\/ul>","protected":false},"featured_media":307,"comment_status":"open","ping_status":"closed","template":"","meta":[],"product_brand":[],"product_cat":[23],"product_tag":[49],"class_list":{"0":"post-216","1":"product","2":"type-product","3":"status-publish","4":"has-post-thumbnail","6":"product_cat-portable-power-station","7":"product_tag-lifepo4","9":"first","10":"instock","11":"shipping-taxable","12":"product-type-simple"},"_links":{"self":[{"href":"https:\/\/hdxenergy.com\/fr\/wp-json\/wp\/v2\/product\/216","targetHints":{"allow":["GET"]}}],"collection":[{"href":"https:\/\/hdxenergy.com\/fr\/wp-json\/wp\/v2\/product"}],"about":[{"href":"https:\/\/hdxenergy.com\/fr\/wp-json\/wp\/v2\/types\/product"}],"replies":[{"embeddable":true,"href":"https:\/\/hdxenergy.com\/fr\/wp-json\/wp\/v2\/comments?post=216"}],"wp:featuredmedia":[{"embeddable":true,"href":"https:\/\/hdxenergy.com\/fr\/wp-json\/wp\/v2\/media\/307"}],"wp:attachment":[{"href":"https:\/\/hdxenergy.com\/fr\/wp-json\/wp\/v2\/media?parent=216"}],"wp:term":[{"taxonomy":"product_brand","embeddable":true,"href":"https:\/\/hdxenergy.com\/fr\/wp-json\/wp\/v2\/product_brand?post=216"},{"taxonomy":"product_cat","embeddable":true,"href":"https:\/\/hdxenergy.com\/fr\/wp-json\/wp\/v2\/product_cat?post=216"},{"taxonomy":"product_tag","embeddable":true,"href":"https:\/\/hdxenergy.com\/fr\/wp-json\/wp\/v2\/product_tag?post=216"}],"curies":[{"name":"wp","href":"https:\/\/api.w.org\/{rel}","templated":true}]}}