{"id":198,"date":"2025-11-24T02:50:19","date_gmt":"2025-11-24T02:50:19","guid":{"rendered":"https:\/\/hdxenergy.com\/?post_type=product&#038;p=198"},"modified":"2026-01-07T05:31:45","modified_gmt":"2026-01-07T05:31:45","slug":"valise-trolley-3-6kwh","status":"publish","type":"product","link":"https:\/\/hdxenergy.com\/fr\/product\/trolley-case-3-6kwh\/","title":{"rendered":"Centrale \u00e9lectrique portable Trolley Case 3.6kWh Supplier | 3600W LiFePO4"},"content":{"rendered":"<p><strong>Centrale \u00e9lectrique portable 3600W avec roues mobiles personnalisable Camping Home House<\/strong><\/p>\n<div class=\"table-container\">\n<table>\n<tbody>\n<tr>\n<td>Capacit\u00e9 de la batterie\/mod\u00e8le<\/td>\n<td>67Ah\/48V\uff083216Wh)\/LiFePO4<\/td>\n<td>Sortie CA<\/td>\n<td>Onde sinuso\u00efdale pure AC 120V@60Hz*2 OU AC 230V@50Hz*2<\/td>\n<\/tr>\n<tr>\n<td>Dimensions (L*l*H)<\/td>\n<td>700mm*364mm*393mm<\/td>\n<td>Sortie USB<\/td>\n<td>QC3.0(5V 3A 9V 2A 12V 1.5A)*4,Puissance maximale 18W<\/td>\n<\/tr>\n<tr>\n<td>Poids<\/td>\n<td>45Kg<\/td>\n<td>Puissance d'entr\u00e9e AC<\/td>\n<td>Puissance d'entr\u00e9e maximale 3600W<\/td>\n<\/tr>\n<tr>\n<td>Normes de certification<\/td>\n<td>CE FCC ROHS<\/td>\n<td>Tension d'entr\u00e9e AC<\/td>\n<td>100-120V@60Hz ou 220-240V@50Hz<\/td>\n<\/tr>\n<tr>\n<td>5521 Sortie<\/td>\n<td>12V 5A*2<\/td>\n<td>Entr\u00e9e de charge solaire<\/td>\n<td>12-150V 25A Max 2400W<\/td>\n<\/tr>\n<tr>\n<td>Sortie Type-C<\/td>\n<td>100W PD *2<\/td>\n<td>Pile de chargement fonction de charge rapide<\/td>\n<td>Prise en charge de la charge rapide par la pile de chargement de la voiture, puissance de charge maximale de 3600 W.<\/td>\n<\/tr>\n<tr>\n<td>Puissance de charge de la voiture<\/td>\n<td>12V 10A;Sortie max. 120W<\/td>\n<td>Chargement des v\u00e9hicules \u00e9lectriques<\/td>\n<td>Soutenir la recharge des VE<\/td>\n<\/tr>\n<tr>\n<td>XT60 Sortie<\/td>\n<td>24V20A, sortie max. 480W<\/td>\n<td>Dur\u00e9e de vie de la batterie<\/td>\n<td>Apr\u00e8s 3000 cycles, la capacit\u00e9 restante est toujours sup\u00e9rieure \u00e0 80%.<\/td>\n<\/tr>\n<tr>\n<td>EC5 Sortie<\/td>\n<td>12V30A, sortie max. 360W<\/td>\n<td>Temp\u00e9rature de d\u00e9charge<\/td>\n<td>-5 \u00b0C \u00e0 50 \u00b0C<\/td>\n<\/tr>\n<tr>\n<td>Puissance de sortie de l'onduleur<\/td>\n<td>Puissance nominale 3600W, puissance de cr\u00eate 7200W<\/td>\n<td>Temp\u00e9rature de charge<\/td>\n<td>-20 \u00b0C \u00e0 50 \u00b0C<\/td>\n<\/tr>\n<tr>\n<td>Connexion en parall\u00e8le<\/td>\n<td>Prise en charge de deux machines en parall\u00e8le, puissance totale de sortie jusqu'\u00e0 7200W<\/td>\n<td>Temp\u00e9rature de stockage<\/td>\n<td>La temp\u00e9rature ambiante recommand\u00e9e varie entre 20 \u00b0C et 30 \u00b0C.<\/td>\n<\/tr>\n<tr>\n<td>Fonction d'extension des capacit\u00e9s<\/td>\n<td>Prise en charge de deux machines en parall\u00e8le ou d'une batterie externe jusqu'\u00e0 18kWh<\/td>\n<td>Temp\u00e9rature de stockage<\/td>\n<td>Prise en charge de la connexion WIFI Bluetooth avec l'APP mobile<\/td>\n<\/tr>\n<tr>\n<td>Protection du syst\u00e8me<\/td>\n<td>assurent une protection contre les surchauffes, les surtensions, les surintensit\u00e9s, les surcharges, les d\u00e9charges, les courts-circuits de charge, les surcharges, etc.<\/td>\n<td><\/td>\n<td><\/td>\n<\/tr>\n<\/tbody>\n<\/table>\n<\/div>","protected":false},"excerpt":{"rendered":"<ul>\n<li>Centrale \u00e9lectrique portable multifonction Smart Safety avec barre de traction<\/li>\n<li>\u00c9cran tactile avec interface Bluetooth<\/li>\n<li>Prise en charge de la recharge des v\u00e9hicules \u00e9lectriques, onduleur bidirectionnel int\u00e9gr\u00e9<\/li>\n<li>Prise en charge de deux machines en parall\u00e8le ou d'une batterie externe jusqu'\u00e0 18kwh<\/li>\n<\/ul>","protected":false},"featured_media":200,"comment_status":"open","ping_status":"closed","template":"","meta":[],"product_brand":[],"product_cat":[23],"product_tag":[49],"class_list":{"0":"post-198","1":"product","2":"type-product","3":"status-publish","4":"has-post-thumbnail","6":"product_cat-portable-power-station","7":"product_tag-lifepo4","9":"first","10":"instock","11":"shipping-taxable","12":"product-type-simple"},"_links":{"self":[{"href":"https:\/\/hdxenergy.com\/fr\/wp-json\/wp\/v2\/product\/198","targetHints":{"allow":["GET"]}}],"collection":[{"href":"https:\/\/hdxenergy.com\/fr\/wp-json\/wp\/v2\/product"}],"about":[{"href":"https:\/\/hdxenergy.com\/fr\/wp-json\/wp\/v2\/types\/product"}],"replies":[{"embeddable":true,"href":"https:\/\/hdxenergy.com\/fr\/wp-json\/wp\/v2\/comments?post=198"}],"wp:featuredmedia":[{"embeddable":true,"href":"https:\/\/hdxenergy.com\/fr\/wp-json\/wp\/v2\/media\/200"}],"wp:attachment":[{"href":"https:\/\/hdxenergy.com\/fr\/wp-json\/wp\/v2\/media?parent=198"}],"wp:term":[{"taxonomy":"product_brand","embeddable":true,"href":"https:\/\/hdxenergy.com\/fr\/wp-json\/wp\/v2\/product_brand?post=198"},{"taxonomy":"product_cat","embeddable":true,"href":"https:\/\/hdxenergy.com\/fr\/wp-json\/wp\/v2\/product_cat?post=198"},{"taxonomy":"product_tag","embeddable":true,"href":"https:\/\/hdxenergy.com\/fr\/wp-json\/wp\/v2\/product_tag?post=198"}],"curies":[{"name":"wp","href":"https:\/\/api.w.org\/{rel}","templated":true}]}}