{"id":185,"date":"2025-11-24T02:36:58","date_gmt":"2025-11-24T02:36:58","guid":{"rendered":"https:\/\/hdxenergy.com\/?post_type=product&#038;p=185"},"modified":"2026-01-07T05:18:45","modified_gmt":"2026-01-07T05:18:45","slug":"h096-5-20kwh","status":"publish","type":"product","link":"https:\/\/hdxenergy.com\/fr\/product\/h096-5-20kwh\/","title":{"rendered":"H096 (5-20kWh) Batterie LiFePO4 \u00e9volutive Vente en gros"},"content":{"rendered":"<div class=\"table-container\">\n<table>\n<tbody>\n<tr>\n<td><strong>Nom du produit<\/strong><\/td>\n<td colspan=\"4\"><strong>H096-(5-20)kWh<\/strong><\/td>\n<td><strong>H096-10kWh Pro<\/strong><\/td>\n<\/tr>\n<tr>\n<td>Module de batterie<\/td>\n<td colspan=\"4\">51,2V\/5,12Wh\/51,8kg<\/td>\n<td><\/td>\n<\/tr>\n<tr>\n<td>Nombre de modules<\/td>\n<td>1<\/td>\n<td>2<\/td>\n<td>3<\/td>\n<td>4<\/td>\n<td><\/td>\n<\/tr>\n<tr>\n<td>Capacit\u00e9 de la batterie<\/td>\n<td>5,12 kWh<\/td>\n<td>10,24 kWh<\/td>\n<td>15,36 kWh<\/td>\n<td>20,48 kWh<\/td>\n<td>10,24 kWh<\/td>\n<\/tr>\n<tr>\n<td>Tension nominale<\/td>\n<td>51.2V<\/td>\n<td>51.2V<\/td>\n<td>51.2V<\/td>\n<td>204.8V<\/td>\n<td>51.2V<\/td>\n<\/tr>\n<tr>\n<td>Plage de tension de la batterie<\/td>\n<td>40V~58.4V<\/td>\n<td>40V~58.4V<\/td>\n<td>40V~58.4V<\/td>\n<td>160V~233,6V<\/td>\n<td>40V~58.4V<\/td>\n<\/tr>\n<tr>\n<td>Taille (L*L*H)<\/td>\n<td>637\/387\/914<\/td>\n<td>637\/387\/1075<\/td>\n<td>637\/387\/1236<\/td>\n<td>637\/387\/1397<\/td>\n<td>603\/300\/1620<\/td>\n<\/tr>\n<tr>\n<td>Peser<\/td>\n<td>118 kg<\/td>\n<td>169,8 kg<\/td>\n<td>221,6 kg<\/td>\n<td>277,4 kg<\/td>\n<td>180 kg<\/td>\n<\/tr>\n<tr>\n<td>Courant de charge\/d\u00e9charge maximal<\/td>\n<td>45A<\/td>\n<td>80A<\/td>\n<td>110A<\/td>\n<td>45A<\/td>\n<td>80A<\/td>\n<\/tr>\n<tr>\n<td>Sortie haute tension<\/td>\n<td colspan=\"3\">Non pris en charge<\/td>\n<td>Soutien<\/td>\n<td>Non pris en charge<\/td>\n<\/tr>\n<tr>\n<td>Type de batterie<\/td>\n<td colspan=\"5\">LiFePO4<\/td>\n<\/tr>\n<tr>\n<td>Mode de communication<\/td>\n<td colspan=\"5\">Prise en charge de la connexion Wi-Fi et Bluetooth avec l'application mobile<\/td>\n<\/tr>\n<tr>\n<td>Dur\u00e9e de vie de la batterie<\/td>\n<td colspan=\"5\">Apr\u00e8s 3000 cycles, la capacit\u00e9 restante est toujours sup\u00e9rieure \u00e0 80%.<\/td>\n<\/tr>\n<tr>\n<td>Temp\u00e9rature de charge<\/td>\n<td colspan=\"5\">0\u2103 ~ 50\u2103<\/td>\n<\/tr>\n<tr>\n<td>Temp\u00e9rature de d\u00e9charge<\/td>\n<td colspan=\"5\">-20\u2103 ~ 50\u2103<\/td>\n<\/tr>\n<tr>\n<td>Communiquer<\/td>\n<td colspan=\"5\">RS485\/CAN<\/td>\n<\/tr>\n<tr>\n<td>Niveau de protection<\/td>\n<td colspan=\"5\">IP20<\/td>\n<\/tr>\n<tr>\n<td>Type de connexion au r\u00e9seau<\/td>\n<td colspan=\"5\">L+N+PE<\/td>\n<\/tr>\n<tr>\n<td>Capacit\u00e9 de surcharge<\/td>\n<td colspan=\"5\">110%<\/td>\n<\/tr>\n<tr>\n<td>Protection du syst\u00e8me<\/td>\n<td colspan=\"5\">Protection contre les surchauffes\/Protection contre les surtensions\/Protection contre les surintensit\u00e9s\/<br \/>\nProtection contre les surcharges\/Protection contre les d\u00e9charges excessives_Protection contre les courts-circuits de charge\/Protection contre les surcharges.<\/td>\n<\/tr>\n<tr>\n<td>Mode d'installation<\/td>\n<td colspan=\"5\">Empilable<\/td>\n<\/tr>\n<tr>\n<td>Normes de certification<\/td>\n<td colspan=\"5\">CF FCC ROHS<\/td>\n<\/tr>\n<\/tbody>\n<\/table>\n<\/div>\n<p><img fetchpriority=\"high\" decoding=\"async\" class=\"alignnone wp-image-189 size-full\" src=\"https:\/\/hdxenergy.com\/wp-content\/uploads\/2025\/11\/H096-5-20kWh04.jpg\" alt=\"MONITEUR D&#039;APPLICATIONS INTELLIGENTES\" width=\"1000\" height=\"1000\" srcset=\"https:\/\/hdxenergy.com\/wp-content\/uploads\/2025\/11\/H096-5-20kWh04.jpg 1000w, https:\/\/hdxenergy.com\/wp-content\/uploads\/2025\/11\/H096-5-20kWh04-600x600.jpg 600w, https:\/\/hdxenergy.com\/wp-content\/uploads\/2025\/11\/H096-5-20kWh04-100x100.jpg 100w, https:\/\/hdxenergy.com\/wp-content\/uploads\/2025\/11\/H096-5-20kWh04-300x300.jpg 300w, https:\/\/hdxenergy.com\/wp-content\/uploads\/2025\/11\/H096-5-20kWh04-150x150.jpg 150w, https:\/\/hdxenergy.com\/wp-content\/uploads\/2025\/11\/H096-5-20kWh04-768x768.jpg 768w\" sizes=\"(max-width: 1000px) 100vw, 1000px\" \/> <img decoding=\"async\" class=\"alignnone wp-image-190 size-full\" src=\"https:\/\/hdxenergy.com\/wp-content\/uploads\/2025\/11\/H096-5-20kWh05.jpg\" alt=\"Syst\u00e8me \u00e9nerg\u00e9tique tout-en-un\" width=\"1000\" height=\"1000\" srcset=\"https:\/\/hdxenergy.com\/wp-content\/uploads\/2025\/11\/H096-5-20kWh05.jpg 1000w, https:\/\/hdxenergy.com\/wp-content\/uploads\/2025\/11\/H096-5-20kWh05-600x600.jpg 600w, https:\/\/hdxenergy.com\/wp-content\/uploads\/2025\/11\/H096-5-20kWh05-100x100.jpg 100w, https:\/\/hdxenergy.com\/wp-content\/uploads\/2025\/11\/H096-5-20kWh05-300x300.jpg 300w, https:\/\/hdxenergy.com\/wp-content\/uploads\/2025\/11\/H096-5-20kWh05-150x150.jpg 150w, https:\/\/hdxenergy.com\/wp-content\/uploads\/2025\/11\/H096-5-20kWh05-768x768.jpg 768w\" sizes=\"(max-width: 1000px) 100vw, 1000px\" \/> <img decoding=\"async\" class=\"alignnone wp-image-191 size-full\" src=\"https:\/\/hdxenergy.com\/wp-content\/uploads\/2025\/11\/H096-5-20kWh06.jpg\" alt=\"H096 (5-20kWh)\" width=\"1000\" height=\"1000\" srcset=\"https:\/\/hdxenergy.com\/wp-content\/uploads\/2025\/11\/H096-5-20kWh06.jpg 1000w, https:\/\/hdxenergy.com\/wp-content\/uploads\/2025\/11\/H096-5-20kWh06-600x600.jpg 600w, https:\/\/hdxenergy.com\/wp-content\/uploads\/2025\/11\/H096-5-20kWh06-100x100.jpg 100w, https:\/\/hdxenergy.com\/wp-content\/uploads\/2025\/11\/H096-5-20kWh06-300x300.jpg 300w, https:\/\/hdxenergy.com\/wp-content\/uploads\/2025\/11\/H096-5-20kWh06-150x150.jpg 150w, https:\/\/hdxenergy.com\/wp-content\/uploads\/2025\/11\/H096-5-20kWh06-768x768.jpg 768w\" sizes=\"(max-width: 1000px) 100vw, 1000px\" \/><\/p>\n<p>&nbsp;<\/p>","protected":false},"excerpt":{"rendered":"<ul>\n<li>Appliqu\u00e9 au stockage d'\u00e9nergie domestique, \u00e0 la communication, \u00e0 l'alimentation de secours.<\/li>\n<li>Interface CAN pour la communication avec l'onduleur.<\/li>\n<li>Double interface RS485, supportant la communication parall\u00e8le.<\/li>\n<li>Conception modulaire de l'empilage pour une utilisation flexible de l'\u00e9nergie\uff0cGamme de puissance des batteries de 5KWH \u00e0 20KWH<\/li>\n<li>Le ch\u00e2ssis de la batterie est \u00e9quip\u00e9 de poulies pour un d\u00e9placement facile et rapide.<\/li>\n<li>Configuration flexible, facile \u00e0 installer, plug and play<\/li>\n<li>Surveillance \u00e0 distance par WiFi\/GPRS<\/li>\n<\/ul>","protected":false},"featured_media":193,"comment_status":"open","ping_status":"closed","template":"","meta":[],"product_brand":[],"product_cat":[26],"product_tag":[50,49],"class_list":{"0":"post-185","1":"product","2":"type-product","3":"status-publish","4":"has-post-thumbnail","6":"product_cat-all-in-one-battery-energy","7":"product_tag-all-in-one-battery-energy","8":"product_tag-lifepo4","10":"first","11":"instock","12":"shipping-taxable","13":"product-type-simple"},"_links":{"self":[{"href":"https:\/\/hdxenergy.com\/fr\/wp-json\/wp\/v2\/product\/185","targetHints":{"allow":["GET"]}}],"collection":[{"href":"https:\/\/hdxenergy.com\/fr\/wp-json\/wp\/v2\/product"}],"about":[{"href":"https:\/\/hdxenergy.com\/fr\/wp-json\/wp\/v2\/types\/product"}],"replies":[{"embeddable":true,"href":"https:\/\/hdxenergy.com\/fr\/wp-json\/wp\/v2\/comments?post=185"}],"wp:featuredmedia":[{"embeddable":true,"href":"https:\/\/hdxenergy.com\/fr\/wp-json\/wp\/v2\/media\/193"}],"wp:attachment":[{"href":"https:\/\/hdxenergy.com\/fr\/wp-json\/wp\/v2\/media?parent=185"}],"wp:term":[{"taxonomy":"product_brand","embeddable":true,"href":"https:\/\/hdxenergy.com\/fr\/wp-json\/wp\/v2\/product_brand?post=185"},{"taxonomy":"product_cat","embeddable":true,"href":"https:\/\/hdxenergy.com\/fr\/wp-json\/wp\/v2\/product_cat?post=185"},{"taxonomy":"product_tag","embeddable":true,"href":"https:\/\/hdxenergy.com\/fr\/wp-json\/wp\/v2\/product_tag?post=185"}],"curies":[{"name":"wp","href":"https:\/\/api.w.org\/{rel}","templated":true}]}}