{"id":1120,"date":"2025-12-08T01:02:14","date_gmt":"2025-12-08T01:02:14","guid":{"rendered":"https:\/\/hdxenergy.com\/?post_type=product&#038;p=1120"},"modified":"2026-01-07T07:39:10","modified_gmt":"2026-01-07T07:39:10","slug":"1mw2mwh","status":"publish","type":"product","link":"https:\/\/hdxenergy.com\/fr\/product\/1mw2mwh\/","title":{"rendered":"1MW\/2MWh Container ESS Sourcing | Turnkey BESS Solution"},"content":{"rendered":"<table border=\"0\" width=\"100%\" cellspacing=\"0\" cellpadding=\"0\">\n<tbody>\n<tr>\n<td><strong>Mod\u00e8le de produit<\/strong><\/td>\n<td><strong>H098-2MWh<\/strong><\/td>\n<\/tr>\n<tr>\n<td><strong>Capacit\u00e9 de la batterie<\/strong><\/td>\n<td>3360Ah\/598.4V (2010.6kWh)<\/td>\n<\/tr>\n<tr>\n<td><strong>Puissance nominale<\/strong><\/td>\n<td>1MW<\/td>\n<\/tr>\n<tr>\n<td><strong>Puissance de cr\u00eate<\/strong><\/td>\n<td>1,1MW<\/td>\n<\/tr>\n<tr>\n<td><strong>Plage de tension de la batterie<\/strong><\/td>\n<td>467.5-682.5V<\/td>\n<\/tr>\n<tr>\n<td><strong>Courant nominal AC<\/strong><\/td>\n<td>1444A<\/td>\n<\/tr>\n<tr>\n<td><strong>Courant de sortie CA maximal<\/strong><\/td>\n<td>1588A<\/td>\n<\/tr>\n<tr>\n<td><strong>Taille (L*L*H)<\/strong><\/td>\n<td>12192*2438*2896(mm)<\/td>\n<\/tr>\n<tr>\n<td><strong>Poids<\/strong><\/td>\n<td>25800kg<\/td>\n<\/tr>\n<tr>\n<td><strong>Type de batterie<\/strong><\/td>\n<td>LiFePO4<\/td>\n<\/tr>\n<tr>\n<td><strong>Tension de sortie AC<\/strong><\/td>\n<td>400V(-20%~+15%)<\/td>\n<\/tr>\n<tr>\n<td><strong>Communication sans fil<\/strong><\/td>\n<td>Prise en charge de la communication 4G<\/td>\n<\/tr>\n<tr>\n<td><strong>Communiquer<\/strong><\/td>\n<td>RS485\/CAN<\/td>\n<\/tr>\n<tr>\n<td><strong>Dur\u00e9e de vie de la batterie<\/strong><\/td>\n<td>Plus de 6000 cycles<\/td>\n<\/tr>\n<tr>\n<td><strong>Protection du syst\u00e8me<\/strong><\/td>\n<td>Protection contre les surchauffes\/protection contre les surtensions\/protection contre les surintensit\u00e9s\/protection contre les surcharges\/protection contre les surd\u00e9charges\/protection contre les courts-circuits de charge\/protection contre les surcharges.<\/td>\n<\/tr>\n<tr>\n<td><strong>Temp\u00e9rature de d\u00e9charge<\/strong><\/td>\n<td>-20\u2103~50\u2103\uff08La temp\u00e9rature ambiante recommand\u00e9e est de 20\u2103 \u00e0 30\u2103.\uff09<\/td>\n<\/tr>\n<tr>\n<td><strong>Plage de temp\u00e9rature de charge<\/strong><\/td>\n<td>-5\u2103~50\u2103\uff08La temp\u00e9rature ambiante recommand\u00e9e est de 20\u2103 \u00e0 30\u2103.\uff09<\/td>\n<\/tr>\n<tr>\n<td><strong>Temp\u00e9rature de stockage<\/strong><\/td>\n<td>La temp\u00e9rature ambiante recommand\u00e9e est comprise entre 0 \u00b0C et 45 \u00b0C.<\/td>\n<\/tr>\n<tr>\n<td><strong>Normes de certification<\/strong><\/td>\n<td>IEC UN38.3 MSDS ROHS<\/td>\n<\/tr>\n<\/tbody>\n<\/table>","protected":false},"excerpt":{"rendered":"<ul>\n<li>Conception hautement int\u00e9gr\u00e9e, facile \u00e0 transporter, \u00e0 installer et \u00e0 entretenir, avec surveillance de l'\u00e9tat en temps r\u00e9el et enregistrement des d\u00e9faillances.<\/li>\n<li>Modularit\u00e9 intelligente, ce syst\u00e8me de stockage d'\u00e9nergie utilise la technologie CTP (Cell to Pack), prend en charge la connexion en parall\u00e8le et permet facilement l'expansion du syst\u00e8me.<\/li>\n<li>S\u00fbr et fiable, il est \u00e9quip\u00e9 d'un syst\u00e8me de protection de la batterie \u00e0 plusieurs niveaux et d'un syst\u00e8me d'extinction d'incendie HFC-227ea pour une s\u00e9curit\u00e9 accrue.<\/li>\n<li>Gr\u00e2ce \u00e0 ses options de refroidissement personnalisables, il offre un refroidissement par liquide et par air pour r\u00e9pondre aux diverses exigences en mati\u00e8re d'environnement et de performances.<\/li>\n<li>Longue dur\u00e9e de vie, cette batterie atteint plus de 6 000 cycles tout en maintenant un \u00e9tat de sant\u00e9 70% (SOH).<\/li>\n<li>Durable, le syst\u00e8me de stockage d'\u00e9nergie est con\u00e7u pour durer plus de 15 ans avec une charge quotidienne.<\/li>\n<li>Convient \u00e0 un large \u00e9ventail d'applications, notamment l'int\u00e9gration des \u00e9nergies renouvelables, la stabilisation du r\u00e9seau, la gestion de l'\u00e9nergie dans l'industrie, l'utilisation commerciale, les zones recul\u00e9es, etc.<\/li>\n<\/ul>","protected":false},"featured_media":1121,"comment_status":"open","ping_status":"closed","template":"","meta":[],"product_brand":[],"product_cat":[33,32,35],"product_tag":[],"class_list":{"0":"post-1120","1":"product","2":"type-product","3":"status-publish","4":"has-post-thumbnail","6":"product_cat-all-in-one-battery-energy-storage-system","7":"product_cat-commercial-and-industrial-energy-storage","8":"product_cat-container-series","10":"first","11":"instock","12":"shipping-taxable","13":"product-type-simple"},"_links":{"self":[{"href":"https:\/\/hdxenergy.com\/fr\/wp-json\/wp\/v2\/product\/1120","targetHints":{"allow":["GET"]}}],"collection":[{"href":"https:\/\/hdxenergy.com\/fr\/wp-json\/wp\/v2\/product"}],"about":[{"href":"https:\/\/hdxenergy.com\/fr\/wp-json\/wp\/v2\/types\/product"}],"replies":[{"embeddable":true,"href":"https:\/\/hdxenergy.com\/fr\/wp-json\/wp\/v2\/comments?post=1120"}],"wp:featuredmedia":[{"embeddable":true,"href":"https:\/\/hdxenergy.com\/fr\/wp-json\/wp\/v2\/media\/1121"}],"wp:attachment":[{"href":"https:\/\/hdxenergy.com\/fr\/wp-json\/wp\/v2\/media?parent=1120"}],"wp:term":[{"taxonomy":"product_brand","embeddable":true,"href":"https:\/\/hdxenergy.com\/fr\/wp-json\/wp\/v2\/product_brand?post=1120"},{"taxonomy":"product_cat","embeddable":true,"href":"https:\/\/hdxenergy.com\/fr\/wp-json\/wp\/v2\/product_cat?post=1120"},{"taxonomy":"product_tag","embeddable":true,"href":"https:\/\/hdxenergy.com\/fr\/wp-json\/wp\/v2\/product_tag?post=1120"}],"curies":[{"name":"wp","href":"https:\/\/api.w.org\/{rel}","templated":true}]}}