{"id":1115,"date":"2025-12-08T01:01:56","date_gmt":"2025-12-08T01:01:56","guid":{"rendered":"https:\/\/hdxenergy.com\/?post_type=product&#038;p=1115"},"modified":"2026-01-07T07:35:30","modified_gmt":"2026-01-07T07:35:30","slug":"1mw3mwh","status":"publish","type":"product","link":"https:\/\/hdxenergy.com\/fr\/product\/1mw3mwh\/","title":{"rendered":"1MW\/3MWh Container ESS | Stockage d'\u00e9nergie par batterie de qualit\u00e9 industrielle"},"content":{"rendered":"<table border=\"0\" width=\"100%\" cellspacing=\"0\" cellpadding=\"0\">\n<tbody>\n<tr>\n<td><strong>Mod\u00e8le de produit<\/strong><\/td>\n<td><strong>H098-3MWh<\/strong><\/td>\n<\/tr>\n<tr>\n<td><strong>Capacit\u00e9 de la batterie<\/strong><\/td>\n<td>4480Ah\/704V (3153.9kWh)<\/td>\n<\/tr>\n<tr>\n<td><strong>Puissance nominale<\/strong><\/td>\n<td>1MW<\/td>\n<\/tr>\n<tr>\n<td><strong>Puissance de cr\u00eate<\/strong><\/td>\n<td>1,1MW<\/td>\n<\/tr>\n<tr>\n<td><strong>Plage de tension de la batterie<\/strong><\/td>\n<td>550-803V<\/td>\n<\/tr>\n<tr>\n<td><strong>Courant nominal AC<\/strong><\/td>\n<td>1444A<\/td>\n<\/tr>\n<tr>\n<td><strong>Courant de sortie CA maximal<\/strong><\/td>\n<td>1588A<\/td>\n<\/tr>\n<tr>\n<td><strong>Taille (L*L*H)<\/strong><\/td>\n<td>12192*2438*2896(mm)<\/td>\n<\/tr>\n<tr>\n<td><strong>Poids<\/strong><\/td>\n<td>32000kg<\/td>\n<\/tr>\n<tr>\n<td><strong>Type de batterie<\/strong><\/td>\n<td>LiFePO4<\/td>\n<\/tr>\n<tr>\n<td><strong>Tension de sortie AC<\/strong><\/td>\n<td>400V(-20%~+15%)<\/td>\n<\/tr>\n<tr>\n<td><strong>Communication sans fil<\/strong><\/td>\n<td>Prise en charge de la communication 4G<\/td>\n<\/tr>\n<tr>\n<td><strong>Communiquer<\/strong><\/td>\n<td>RS485\/CAN<\/td>\n<\/tr>\n<tr>\n<td><strong>Dur\u00e9e de vie de la batterie<\/strong><\/td>\n<td>Plus de 6000 cycles<\/td>\n<\/tr>\n<tr>\n<td><strong>Protection du syst\u00e8me<\/strong><\/td>\n<td>Protection contre les surchauffes\/protection contre les surtensions\/protection contre les surintensit\u00e9s\/protection contre les surcharges\/protection contre les surd\u00e9charges\/protection contre les courts-circuits de charge\/protection contre les surcharges.<\/td>\n<\/tr>\n<tr>\n<td><strong>Temp\u00e9rature de d\u00e9charge<\/strong><\/td>\n<td>-20\u2103~50\u2103\uff08La temp\u00e9rature ambiante recommand\u00e9e est de 20\u2103 \u00e0 30\u2103.\uff09<\/td>\n<\/tr>\n<tr>\n<td><strong>Plage de temp\u00e9rature de charge<\/strong><\/td>\n<td>-5\u2103~50\u2103\uff08La temp\u00e9rature ambiante recommand\u00e9e est de 20\u2103 \u00e0 30\u2103.\uff09<\/td>\n<\/tr>\n<tr>\n<td><strong>Temp\u00e9rature de stockage<\/strong><\/td>\n<td>La temp\u00e9rature ambiante recommand\u00e9e est comprise entre 0 \u00b0C et 45 \u00b0C.<\/td>\n<\/tr>\n<tr>\n<td><strong>Normes de certification<\/strong><\/td>\n<td>IEC UN38.3 MSDS ROHS<\/td>\n<\/tr>\n<\/tbody>\n<\/table>","protected":false},"excerpt":{"rendered":"<p><strong>Fonctionnalit\u00e9 polyvalente<\/strong><\/p>\n<ul>\n<li>Elle prend en charge l'\u00e9cr\u00eatement des pointes, le comblement des vall\u00e9es, la r\u00e9ponse \u00e0 la demande, la fourniture d'\u00e9nergie de secours et d'autres fonctions importantes ;<\/li>\n<li>Permet la mise \u00e0 jour \u00e0 distance des strat\u00e9gies d'exploitation et des mises \u00e0 jour des microprogrammes, ce qui r\u00e9duit les co\u00fbts d'exploitation et de maintenance.<\/li>\n<\/ul>\n<p><strong>Hautement int\u00e9gr\u00e9<\/strong><\/p>\n<ul>\n<li>Production de syst\u00e8mes int\u00e9grant des batteries de stockage d'\u00e9nergie, des PCS et la distribution d'\u00e9nergie, le contr\u00f4le de la temp\u00e9rature, la protection contre les incendies, des capteurs de porte \u00e0 immersion d'eau et des communications de surveillance, afin de contr\u00f4ler enti\u00e8rement l'\u00e9tat de fonctionnement du syst\u00e8me et les risques ;<\/li>\n<li>Livraison unique, raccourcissant le cycle d'installation et de mise en service sur le site du projet.<\/li>\n<\/ul>\n<p><strong>S\u00fbr et intelligent<\/strong><\/p>\n<ul>\n<li>M\u00e9canisme de traitement hi\u00e9rarchique des d\u00e9faillances pour r\u00e9pondre \u00e0 des sc\u00e9narios de d\u00e9faillance pr\u00e9d\u00e9finis ;<\/li>\n<li>BMS personnalis\u00e9, offrant des fonctions compl\u00e8tes de mesure et de protection ;<\/li>\n<li>Soutenir la planification des nuages et l'analyse des rapports op\u00e9rationnels.<\/li>\n<li>Ils sont \u00e9quip\u00e9s d'un syst\u00e8me de refroidissement par air ou par liquide, d'un syst\u00e8me de protection contre l'incendie, d'un syst\u00e8me de contr\u00f4le de la temp\u00e9rature et d'un syst\u00e8me d'\u00e9clairage.<\/li>\n<\/ul>\n<p><strong>Flexible et pratique<\/strong><\/p>\n<ul>\n<li>PCS modulaire, unit\u00e9 de batterie \u00e0 expansion lin\u00e9aire et unit\u00e9 d'onduleur bidirectionnel \u00e0 stockage d'\u00e9nergie ;<\/li>\n<li>\u00c9quip\u00e9 de capacit\u00e9s de contr\u00f4le de charge et de d\u00e9charge ind\u00e9pendantes pour plusieurs ensembles de batteries afin d'am\u00e9liorer l'utilisation et la s\u00e9curit\u00e9 des batteries.<\/li>\n<\/ul>","protected":false},"featured_media":1116,"comment_status":"open","ping_status":"closed","template":"","meta":[],"product_brand":[],"product_cat":[33,32,35],"product_tag":[],"class_list":{"0":"post-1115","1":"product","2":"type-product","3":"status-publish","4":"has-post-thumbnail","6":"product_cat-all-in-one-battery-energy-storage-system","7":"product_cat-commercial-and-industrial-energy-storage","8":"product_cat-container-series","10":"first","11":"instock","12":"shipping-taxable","13":"product-type-simple"},"_links":{"self":[{"href":"https:\/\/hdxenergy.com\/fr\/wp-json\/wp\/v2\/product\/1115","targetHints":{"allow":["GET"]}}],"collection":[{"href":"https:\/\/hdxenergy.com\/fr\/wp-json\/wp\/v2\/product"}],"about":[{"href":"https:\/\/hdxenergy.com\/fr\/wp-json\/wp\/v2\/types\/product"}],"replies":[{"embeddable":true,"href":"https:\/\/hdxenergy.com\/fr\/wp-json\/wp\/v2\/comments?post=1115"}],"wp:featuredmedia":[{"embeddable":true,"href":"https:\/\/hdxenergy.com\/fr\/wp-json\/wp\/v2\/media\/1116"}],"wp:attachment":[{"href":"https:\/\/hdxenergy.com\/fr\/wp-json\/wp\/v2\/media?parent=1115"}],"wp:term":[{"taxonomy":"product_brand","embeddable":true,"href":"https:\/\/hdxenergy.com\/fr\/wp-json\/wp\/v2\/product_brand?post=1115"},{"taxonomy":"product_cat","embeddable":true,"href":"https:\/\/hdxenergy.com\/fr\/wp-json\/wp\/v2\/product_cat?post=1115"},{"taxonomy":"product_tag","embeddable":true,"href":"https:\/\/hdxenergy.com\/fr\/wp-json\/wp\/v2\/product_tag?post=1115"}],"curies":[{"name":"wp","href":"https:\/\/api.w.org\/{rel}","templated":true}]}}