{"id":1109,"date":"2025-12-08T01:32:39","date_gmt":"2025-12-08T01:32:39","guid":{"rendered":"https:\/\/hdxenergy.com\/?post_type=product&#038;p=1109"},"modified":"2026-01-07T07:46:33","modified_gmt":"2026-01-07T07:46:33","slug":"250kw500kw","status":"publish","type":"product","link":"https:\/\/hdxenergy.com\/fr\/product\/250kw500kw\/","title":{"rendered":"Vendeur d'ESS conteneuris\u00e9s de 250KW\/500KWH | BESS compacts et \u00e0 haut rendement"},"content":{"rendered":"<table border=\"0\" width=\"100%\" cellspacing=\"0\" cellpadding=\"0\">\n<tbody>\n<tr>\n<td><strong>Mod\u00e8le de produit<\/strong><\/td>\n<td><strong>H098-500kWh<\/strong><\/td>\n<\/tr>\n<tr>\n<td><strong>Capacit\u00e9 de la batterie<\/strong><\/td>\n<td>840Ah\/598.4V 502.6kWh)<\/td>\n<\/tr>\n<tr>\n<td><strong>Puissance nominale<\/strong><\/td>\n<td>250kW<\/td>\n<\/tr>\n<tr>\n<td><strong>Puissance de cr\u00eate<\/strong><\/td>\n<td>275kW<\/td>\n<\/tr>\n<tr>\n<td><strong>Plage de tension de la batterie<\/strong><\/td>\n<td>467.5-682.5V<\/td>\n<\/tr>\n<tr>\n<td><strong>Courant nominal AC<\/strong><\/td>\n<td>361A<\/td>\n<\/tr>\n<tr>\n<td><strong>Courant de sortie CA maximal<\/strong><\/td>\n<td>397A<\/td>\n<\/tr>\n<tr>\n<td><strong>Taille (L*L*H)<\/strong><\/td>\n<td>6058*2438*2591(mm)<\/td>\n<\/tr>\n<tr>\n<td><strong>Poids<\/strong><\/td>\n<td>11500kg<\/td>\n<\/tr>\n<tr>\n<td><strong>Type de batterie<\/strong><\/td>\n<td>LiFePO4<\/td>\n<\/tr>\n<tr>\n<td><strong>Tension de sortie AC<\/strong><\/td>\n<td>400V(-20%~+15%)<\/td>\n<\/tr>\n<tr>\n<td><strong>Communication sans fil<\/strong><\/td>\n<td>Prise en charge de la communication 4G<\/td>\n<\/tr>\n<tr>\n<td><strong>Communiquer<\/strong><\/td>\n<td>RS485\/CAN<\/td>\n<\/tr>\n<tr>\n<td><strong>Dur\u00e9e de vie de la batterie<\/strong><\/td>\n<td>Plus de 6000 cycles<\/td>\n<\/tr>\n<tr>\n<td><strong>Protection du syst\u00e8me<\/strong><\/td>\n<td>Protection contre les surchauffes\/protection contre les surtensions\/protection contre les surintensit\u00e9s\/protection contre les surcharges\/protection contre les surd\u00e9charges\/protection contre les courts-circuits de charge\/protection contre les surcharges.<\/td>\n<\/tr>\n<tr>\n<td><strong>Temp\u00e9rature de d\u00e9charge<\/strong><\/td>\n<td>-20\u2103~50\u2103\uff08La temp\u00e9rature ambiante recommand\u00e9e est de 20\u2103 \u00e0 30\u2103.\uff09<\/td>\n<\/tr>\n<tr>\n<td><strong>Plage de temp\u00e9rature de charge<\/strong><\/td>\n<td>-5\u2103~50\u2103\uff08La temp\u00e9rature ambiante recommand\u00e9e est de 20\u2103 \u00e0 30\u2103.\uff09<\/td>\n<\/tr>\n<tr>\n<td><strong>Temp\u00e9rature de stockage<\/strong><\/td>\n<td>La temp\u00e9rature ambiante recommand\u00e9e est comprise entre 0 \u00b0C et 45 \u00b0C.<\/td>\n<\/tr>\n<tr>\n<td><strong>Normes de certification<\/strong><\/td>\n<td>IEC UN38.3 MSDS ROHS<\/td>\n<\/tr>\n<\/tbody>\n<\/table>","protected":false},"excerpt":{"rendered":"<ul>\n<li>Ce syst\u00e8me de stockage d'\u00e9nergie solaire de 250 kW\/500 kWh comprend des batteries de stockage d'\u00e9nergie, un PCS, un contr\u00f4leur photovolta\u00efque (MPPT) (en option), un syst\u00e8me de gestion BMS, un syst\u00e8me de gestion EMS, un syst\u00e8me de distribution d'\u00e9nergie, un syst\u00e8me de contr\u00f4le environnemental et un syst\u00e8me de contr\u00f4le incendie afin de contr\u00f4ler enti\u00e8rement l'\u00e9tat de fonctionnement et les risques du syst\u00e8me.<\/li>\n<li>Configur\u00e9 avec un PCS modulaire mont\u00e9 en rack, il prend en charge la connexion parall\u00e8le de plusieurs machines et offre une bonne \u00e9volutivit\u00e9 ; le nombre de modules PCS et la puissance totale de la batterie peuvent \u00eatre s\u00e9lectionn\u00e9s en fonction des exigences de capacit\u00e9 du syst\u00e8me de stockage thermique de l'\u00e9nergie solaire du micro-r\u00e9seau et d'autres sc\u00e9narios.<\/li>\n<li>Le niveau de protection est IP54, ce qui permet de r\u00e9sister parfaitement \u00e0 divers types de conditions m\u00e9t\u00e9orologiques ext\u00e9rieures.<\/li>\n<li>Le climatiseur int\u00e9gr\u00e9 mont\u00e9 sur la porte n'occupe pas d'espace dans l'armoire, augmente l'espace disponible dans les armoires ext\u00e9rieures, offre une meilleure int\u00e9grit\u00e9 structurelle sup\u00e9rieure et une bonne \u00e9tanch\u00e9it\u00e9.<\/li>\n<li>Le panneau de commande local permet de r\u00e9aliser diverses fonctions telles que la surveillance du fonctionnement du syst\u00e8me, la formulation de strat\u00e9gies de gestion de l'\u00e9nergie et la mise \u00e0 niveau \u00e0 distance des \u00e9quipements.<\/li>\n<\/ul>","protected":false},"featured_media":1110,"comment_status":"open","ping_status":"closed","template":"","meta":[],"product_brand":[],"product_cat":[33,32,35],"product_tag":[],"class_list":{"0":"post-1109","1":"product","2":"type-product","3":"status-publish","4":"has-post-thumbnail","6":"product_cat-all-in-one-battery-energy-storage-system","7":"product_cat-commercial-and-industrial-energy-storage","8":"product_cat-container-series","10":"first","11":"instock","12":"shipping-taxable","13":"product-type-simple"},"_links":{"self":[{"href":"https:\/\/hdxenergy.com\/fr\/wp-json\/wp\/v2\/product\/1109","targetHints":{"allow":["GET"]}}],"collection":[{"href":"https:\/\/hdxenergy.com\/fr\/wp-json\/wp\/v2\/product"}],"about":[{"href":"https:\/\/hdxenergy.com\/fr\/wp-json\/wp\/v2\/types\/product"}],"replies":[{"embeddable":true,"href":"https:\/\/hdxenergy.com\/fr\/wp-json\/wp\/v2\/comments?post=1109"}],"wp:featuredmedia":[{"embeddable":true,"href":"https:\/\/hdxenergy.com\/fr\/wp-json\/wp\/v2\/media\/1110"}],"wp:attachment":[{"href":"https:\/\/hdxenergy.com\/fr\/wp-json\/wp\/v2\/media?parent=1109"}],"wp:term":[{"taxonomy":"product_brand","embeddable":true,"href":"https:\/\/hdxenergy.com\/fr\/wp-json\/wp\/v2\/product_brand?post=1109"},{"taxonomy":"product_cat","embeddable":true,"href":"https:\/\/hdxenergy.com\/fr\/wp-json\/wp\/v2\/product_cat?post=1109"},{"taxonomy":"product_tag","embeddable":true,"href":"https:\/\/hdxenergy.com\/fr\/wp-json\/wp\/v2\/product_tag?post=1109"}],"curies":[{"name":"wp","href":"https:\/\/api.w.org\/{rel}","templated":true}]}}