{"id":1103,"date":"2025-12-08T01:21:09","date_gmt":"2025-12-08T01:21:09","guid":{"rendered":"https:\/\/hdxenergy.com\/?post_type=product&#038;p=1103"},"modified":"2026-01-07T07:43:00","modified_gmt":"2026-01-07T07:43:00","slug":"500-kw-1-mwh","status":"publish","type":"product","link":"https:\/\/hdxenergy.com\/fr\/product\/500kw1mwh\/","title":{"rendered":"500KW\/1MWH Containerized ESS Exporter | Scalable &amp; High-Cycle BESS"},"content":{"rendered":"<table border=\"0\" width=\"100%\" cellspacing=\"0\" cellpadding=\"0\">\n<tbody>\n<tr>\n<td><strong>Mod\u00e8le de produit<\/strong><\/td>\n<td><strong>H098-1MWh<\/strong><\/td>\n<\/tr>\n<tr>\n<td><strong>Capacit\u00e9 de la batterie<\/strong><\/td>\n<td>1680Ah\/598.4V (1005.3kWh)<\/td>\n<\/tr>\n<tr>\n<td><strong>Puissance nominale<\/strong><\/td>\n<td>500kW<\/td>\n<\/tr>\n<tr>\n<td><strong>Puissance de cr\u00eate<\/strong><\/td>\n<td>550kW<\/td>\n<\/tr>\n<tr>\n<td><strong>Plage de tension de la batterie<\/strong><\/td>\n<td>467.5-682.5V<\/td>\n<\/tr>\n<tr>\n<td><strong>Courant nominal AC<\/strong><\/td>\n<td>722A<\/td>\n<\/tr>\n<tr>\n<td><strong>Courant de sortie CA maximal<\/strong><\/td>\n<td>794A<\/td>\n<\/tr>\n<tr>\n<td><strong>Taille (L*L*H)<\/strong><\/td>\n<td>6058*2438*2591(mm)<\/td>\n<\/tr>\n<tr>\n<td><strong>Poids<\/strong><\/td>\n<td>16200kg<\/td>\n<\/tr>\n<tr>\n<td><strong>Type de batterie<\/strong><\/td>\n<td>LiFePO4<\/td>\n<\/tr>\n<tr>\n<td><strong>Tension de sortie AC<\/strong><\/td>\n<td>400V(-20%~+15%)<\/td>\n<\/tr>\n<tr>\n<td><strong>Communication sans fil<\/strong><\/td>\n<td>Prise en charge de la communication 4G<\/td>\n<\/tr>\n<tr>\n<td><strong>Communiquer<\/strong><\/td>\n<td>RS485\/CAN<\/td>\n<\/tr>\n<tr>\n<td><strong>Dur\u00e9e de vie de la batterie<\/strong><\/td>\n<td>Plus de 6000 cycles<\/td>\n<\/tr>\n<tr>\n<td><strong>Protection du syst\u00e8me<\/strong><\/td>\n<td>Protection contre les surchauffes\/protection contre les surtensions\/protection contre les surintensit\u00e9s\/protection contre les surcharges\/protection contre les surd\u00e9charges\/protection contre les courts-circuits de charge\/protection contre les surcharges.<\/td>\n<\/tr>\n<tr>\n<td><strong>Temp\u00e9rature de d\u00e9charge<\/strong><\/td>\n<td>-20\u2103~50\u2103\uff08La temp\u00e9rature ambiante recommand\u00e9e est de 20\u2103 \u00e0 30\u2103.\uff09<\/td>\n<\/tr>\n<tr>\n<td><strong>Plage de temp\u00e9rature de charge<\/strong><\/td>\n<td>-5\u2103~50\u2103\uff08La temp\u00e9rature ambiante recommand\u00e9e est de 20\u2103 \u00e0 30\u2103.\uff09<\/td>\n<\/tr>\n<tr>\n<td><strong>Temp\u00e9rature de stockage<\/strong><\/td>\n<td>La temp\u00e9rature ambiante recommand\u00e9e est comprise entre 0 \u00b0C et 45 \u00b0C.<\/td>\n<\/tr>\n<tr>\n<td><strong>Normes de certification<\/strong><\/td>\n<td>IEC UN38.3 MSDS ROHS<\/td>\n<\/tr>\n<\/tbody>\n<\/table>","protected":false},"excerpt":{"rendered":"<ul>\n<li>Format conteneur standard : exp\u00e9dition \"plug-and-play\", installation rapide \u00e0 l'aide d'une grue, indice de protection IP pour les conditions ext\u00e9rieures difficiles.<\/li>\n<li>Fonctionnement multi-mode : support VAR sur le r\u00e9seau, \u00eelotage hors r\u00e9seau et onduleur autonome de micro-r\u00e9seau en un seul clic.<\/li>\n<li>BMS intelligent \u00e0 3 niveaux : protection en couches du syst\u00e8me cellule-module, isolation thermique et des d\u00e9faillances en temps r\u00e9el, s\u00e9curit\u00e9 z\u00e9ro-d\u00e9clenchement.<\/li>\n<li>Pr\u00eat pour les r\u00e9seaux intelligents : enti\u00e8rement conforme aux r\u00e8gles d'interconnexion IEC\/IEEE, accepte la r\u00e9partition des services publics en temps r\u00e9el.<\/li>\n<li>Anti-\u00eelotage avanc\u00e9 : d\u00e9tection des sous-cycles et contournement, reconnexion sans faille, stabilit\u00e9 \u00e0 toute \u00e9preuve.<\/li>\n<\/ul>","protected":false},"featured_media":1104,"comment_status":"open","ping_status":"closed","template":"","meta":[],"product_brand":[],"product_cat":[33,32,35],"product_tag":[],"class_list":{"0":"post-1103","1":"product","2":"type-product","3":"status-publish","4":"has-post-thumbnail","6":"product_cat-all-in-one-battery-energy-storage-system","7":"product_cat-commercial-and-industrial-energy-storage","8":"product_cat-container-series","10":"first","11":"instock","12":"shipping-taxable","13":"product-type-simple"},"_links":{"self":[{"href":"https:\/\/hdxenergy.com\/fr\/wp-json\/wp\/v2\/product\/1103","targetHints":{"allow":["GET"]}}],"collection":[{"href":"https:\/\/hdxenergy.com\/fr\/wp-json\/wp\/v2\/product"}],"about":[{"href":"https:\/\/hdxenergy.com\/fr\/wp-json\/wp\/v2\/types\/product"}],"replies":[{"embeddable":true,"href":"https:\/\/hdxenergy.com\/fr\/wp-json\/wp\/v2\/comments?post=1103"}],"wp:featuredmedia":[{"embeddable":true,"href":"https:\/\/hdxenergy.com\/fr\/wp-json\/wp\/v2\/media\/1104"}],"wp:attachment":[{"href":"https:\/\/hdxenergy.com\/fr\/wp-json\/wp\/v2\/media?parent=1103"}],"wp:term":[{"taxonomy":"product_brand","embeddable":true,"href":"https:\/\/hdxenergy.com\/fr\/wp-json\/wp\/v2\/product_brand?post=1103"},{"taxonomy":"product_cat","embeddable":true,"href":"https:\/\/hdxenergy.com\/fr\/wp-json\/wp\/v2\/product_cat?post=1103"},{"taxonomy":"product_tag","embeddable":true,"href":"https:\/\/hdxenergy.com\/fr\/wp-json\/wp\/v2\/product_tag?post=1103"}],"curies":[{"name":"wp","href":"https:\/\/api.w.org\/{rel}","templated":true}]}}