{"id":670,"date":"2025-11-25T06:42:34","date_gmt":"2025-11-25T06:42:34","guid":{"rendered":"https:\/\/hdxenergy.com\/?post_type=product&#038;p=670"},"modified":"2026-01-07T07:29:56","modified_gmt":"2026-01-07T07:29:56","slug":"serie-ccs2","status":"publish","type":"product","link":"https:\/\/hdxenergy.com\/es\/product\/ccs2-series\/","title":{"rendered":"Fabricante de equipos originales de estaciones de carga para veh\u00edculos el\u00e9ctricos CCS2 | 60-240 kW"},"content":{"rendered":"<div class=\"table-container\">\n<table>\n<tbody>\n<tr>\n<td colspan=\"2\"><strong>ltem<\/strong><\/td>\n<td colspan=\"6\">Valor est\u00e1ndar del par\u00e1metro<\/td>\n<\/tr>\n<tr>\n<td colspan=\"2\"><strong>Voltaje de entrada<\/strong><\/td>\n<td colspan=\"6\">Trif\u00e1sico 260-530 VCA<\/td>\n<\/tr>\n<tr>\n<td colspan=\"2\"><strong>frecuencia de luput<\/strong><\/td>\n<td colspan=\"6\">50 Hz\/60 Hz<\/td>\n<\/tr>\n<tr>\n<td colspan=\"2\"><strong>Potencia nominal<\/strong><\/td>\n<td colspan=\"6\">60 kW\/120 kW\/160 kW\/240 kW<\/td>\n<\/tr>\n<tr>\n<td colspan=\"2\"><strong>Voltaje de salida<\/strong><\/td>\n<td colspan=\"6\">200~1000 V CC<\/td>\n<\/tr>\n<tr>\n<td colspan=\"2\"><strong>Corriente de salida<\/strong><\/td>\n<td colspan=\"6\">0-200 Adc<\/td>\n<\/tr>\n<tr>\n<td colspan=\"2\"><strong>Voltaje de entrada<\/strong><\/td>\n<td colspan=\"6\">Trif\u00e1sico 260-530 VCA<\/td>\n<\/tr>\n<tr>\n<td colspan=\"2\"><strong>Grado de protecci\u00f3n<\/strong><\/td>\n<td colspan=\"6\">IP55\/IK10<\/td>\n<\/tr>\n<tr>\n<td colspan=\"2\"><strong>Normas<\/strong><\/td>\n<td colspan=\"6\">UL 2202, CSA-C22.2 N.\u00ba 107.1-16 UL2231, CSA C22.2 N.\u00ba 281<\/td>\n<\/tr>\n<tr>\n<td colspan=\"2\"><strong>Peso<\/strong><\/td>\n<td colspan=\"6\">230 kg ~ 260 kg<\/td>\n<\/tr>\n<tr>\n<td colspan=\"2\"><strong>Dimensi\u00f3n<\/strong><\/td>\n<td colspan=\"6\">6507001700 mm (L**H)<\/td>\n<\/tr>\n<tr>\n<td colspan=\"2\"><strong>Interfaz de red<\/strong><\/td>\n<td colspan=\"6\">Ethemet, WIFl, 4G<\/td>\n<\/tr>\n<tr>\n<td colspan=\"2\"><strong>Norma de seguridad<\/strong><\/td>\n<td colspan=\"6\">EN 61851-1-2001 EN 61851-21-2001 EN 61851-22-2001<\/td>\n<\/tr>\n<\/tbody>\n<\/table>\n<\/div>\n<p><img fetchpriority=\"high\" decoding=\"async\" class=\"alignnone wp-image-676 size-full\" src=\"https:\/\/hdxenergy.com\/wp-content\/uploads\/2025\/11\/CCS2-Series6.jpg\" alt=\"Aplicaciones de la estaci\u00f3n de carga para veh\u00edculos el\u00e9ctricos CCS2\" width=\"1000\" height=\"1000\" srcset=\"https:\/\/hdxenergy.com\/wp-content\/uploads\/2025\/11\/CCS2-Series6.jpg 1000w, https:\/\/hdxenergy.com\/wp-content\/uploads\/2025\/11\/CCS2-Series6-300x300.jpg 300w, https:\/\/hdxenergy.com\/wp-content\/uploads\/2025\/11\/CCS2-Series6-150x150.jpg 150w, https:\/\/hdxenergy.com\/wp-content\/uploads\/2025\/11\/CCS2-Series6-768x768.jpg 768w, https:\/\/hdxenergy.com\/wp-content\/uploads\/2025\/11\/CCS2-Series6-600x600.jpg 600w, https:\/\/hdxenergy.com\/wp-content\/uploads\/2025\/11\/CCS2-Series6-100x100.jpg 100w\" sizes=\"(max-width: 1000px) 100vw, 1000px\" \/> <img decoding=\"async\" class=\"alignnone wp-image-675 size-full\" src=\"https:\/\/hdxenergy.com\/wp-content\/uploads\/2025\/11\/CCS2-Series5.png\" alt=\"Puertos simples\/dobles opcionales\" width=\"1000\" height=\"1000\" srcset=\"https:\/\/hdxenergy.com\/wp-content\/uploads\/2025\/11\/CCS2-Series5.png 1000w, https:\/\/hdxenergy.com\/wp-content\/uploads\/2025\/11\/CCS2-Series5-300x300.png 300w, https:\/\/hdxenergy.com\/wp-content\/uploads\/2025\/11\/CCS2-Series5-150x150.png 150w, https:\/\/hdxenergy.com\/wp-content\/uploads\/2025\/11\/CCS2-Series5-768x768.png 768w, https:\/\/hdxenergy.com\/wp-content\/uploads\/2025\/11\/CCS2-Series5-600x600.png 600w, https:\/\/hdxenergy.com\/wp-content\/uploads\/2025\/11\/CCS2-Series5-100x100.png 100w\" sizes=\"(max-width: 1000px) 100vw, 1000px\" \/><\/p>","protected":false},"excerpt":{"rendered":"<ul>\n<li>Cargador r\u00e1pido 2 Guns DC para veh\u00edculos el\u00e9ctricos<\/li>\n<li>Ofrece flexibilidad en rangos de potencia de 40 kW a 400 kW para cargar dos veh\u00edculos el\u00e9ctricos simult\u00e1neamente.<\/li>\n<li>60\/80\/160\/180\/240\/360 Opcional<\/li>\n<li>Ahorro de tiempo: carga r\u00e1pida<\/li>\n<li>M\u00e9todo de pago RFID\/C\u00d3DIGO QR\/M\u00e1quina POS<\/li>\n<li>1 pistola o 2 pistolas (CCS1 || CCS2 || CHAdeMO || GBT|| Tesla)<\/li>\n<li>Pantalla t\u00e1ctil LCD a color de 7 pulgadas<\/li>\n<li>Garant\u00eda de 24 meses<\/li>\n<\/ul>","protected":false},"featured_media":672,"comment_status":"open","ping_status":"closed","template":"","meta":[],"product_brand":[],"product_cat":[24],"product_tag":[],"class_list":{"0":"post-670","1":"product","2":"type-product","3":"status-publish","4":"has-post-thumbnail","6":"product_cat-electric-vehicle-charging-stations","8":"first","9":"instock","10":"shipping-taxable","11":"product-type-simple"},"_links":{"self":[{"href":"https:\/\/hdxenergy.com\/es\/wp-json\/wp\/v2\/product\/670","targetHints":{"allow":["GET"]}}],"collection":[{"href":"https:\/\/hdxenergy.com\/es\/wp-json\/wp\/v2\/product"}],"about":[{"href":"https:\/\/hdxenergy.com\/es\/wp-json\/wp\/v2\/types\/product"}],"replies":[{"embeddable":true,"href":"https:\/\/hdxenergy.com\/es\/wp-json\/wp\/v2\/comments?post=670"}],"wp:featuredmedia":[{"embeddable":true,"href":"https:\/\/hdxenergy.com\/es\/wp-json\/wp\/v2\/media\/672"}],"wp:attachment":[{"href":"https:\/\/hdxenergy.com\/es\/wp-json\/wp\/v2\/media?parent=670"}],"wp:term":[{"taxonomy":"product_brand","embeddable":true,"href":"https:\/\/hdxenergy.com\/es\/wp-json\/wp\/v2\/product_brand?post=670"},{"taxonomy":"product_cat","embeddable":true,"href":"https:\/\/hdxenergy.com\/es\/wp-json\/wp\/v2\/product_cat?post=670"},{"taxonomy":"product_tag","embeddable":true,"href":"https:\/\/hdxenergy.com\/es\/wp-json\/wp\/v2\/product_tag?post=670"}],"curies":[{"name":"wp","href":"https:\/\/api.w.org\/{rel}","templated":true}]}}