{"id":657,"date":"2025-11-25T06:12:48","date_gmt":"2025-11-25T06:12:48","guid":{"rendered":"https:\/\/hdxenergy.com\/?post_type=product&#038;p=657"},"modified":"2026-01-07T07:21:22","modified_gmt":"2026-01-07T07:21:22","slug":"serie-nacs","status":"publish","type":"product","link":"https:\/\/hdxenergy.com\/es\/product\/nacs-series\/","title":{"rendered":"Fabricante de estaciones de carga para veh\u00edculos el\u00e9ctricos NACS Serie CCS1 | 60-360 kW"},"content":{"rendered":"<div class=\"table-container\">\n<table>\n<tbody>\n<tr>\n<td colspan=\"2\"><strong>ltem<\/strong><\/td>\n<td colspan=\"6\">Valor est\u00e1ndar del par\u00e1metro<\/td>\n<\/tr>\n<tr>\n<td colspan=\"2\"><strong>Voltaje de entrada<\/strong><\/td>\n<td colspan=\"6\">Trif\u00e1sico 260-530 VCA<\/td>\n<\/tr>\n<tr>\n<td colspan=\"2\"><strong>frecuencia de luput<\/strong><\/td>\n<td colspan=\"6\">50 Hz\/60 Hz<\/td>\n<\/tr>\n<tr>\n<td colspan=\"2\"><strong>Potencia nominal<\/strong><\/td>\n<td colspan=\"6\">30 kW\/60 kW\/120 kW<\/td>\n<\/tr>\n<tr>\n<td colspan=\"2\"><strong>Voltaje de salida<\/strong><\/td>\n<td colspan=\"6\">200~1000 V CC<\/td>\n<\/tr>\n<tr>\n<td colspan=\"2\"><strong>Corriente de salida<\/strong><\/td>\n<td colspan=\"6\">0-200 Adc<\/td>\n<\/tr>\n<tr>\n<td colspan=\"2\"><strong>Voltaje de entrada<\/strong><\/td>\n<td colspan=\"6\">Trif\u00e1sico 260-530 VCA<\/td>\n<\/tr>\n<tr>\n<td colspan=\"2\"><strong>Grado de protecci\u00f3n<\/strong><\/td>\n<td colspan=\"6\">IP55\/IK10<\/td>\n<\/tr>\n<tr>\n<td colspan=\"2\"><strong>Normas<\/strong><\/td>\n<td colspan=\"6\">UL 2202, CSA-C22.2 N.\u00ba 107.1-16 UL2231, CSA C22.2 N.\u00ba 281<\/td>\n<\/tr>\n<tr>\n<td colspan=\"2\"><strong>Peso<\/strong><\/td>\n<td colspan=\"6\">230 kg ~ 260 kg<\/td>\n<\/tr>\n<tr>\n<td colspan=\"2\"><strong>Dimensi\u00f3n<\/strong><\/td>\n<td colspan=\"6\">6507001700 mm (L**H)<\/td>\n<\/tr>\n<tr>\n<td colspan=\"2\"><strong>Interfaz de red<\/strong><\/td>\n<td colspan=\"6\">Ethemet, WIFl, 4G<\/td>\n<\/tr>\n<tr>\n<td colspan=\"2\"><strong>Norma de seguridad<\/strong><\/td>\n<td colspan=\"6\">EN 61851-1-2001 EN 61851-21-2001 EN 61851-22-2001<\/td>\n<\/tr>\n<\/tbody>\n<\/table>\n<\/div>\n<p><img fetchpriority=\"high\" decoding=\"async\" class=\"alignnone wp-image-658 size-full\" src=\"https:\/\/hdxenergy.com\/wp-content\/uploads\/2025\/11\/NACS-Series00.jpg\" alt=\"Descripci\u00f3n de las indicaciones funcionales de la estaci\u00f3n de carga para veh\u00edculos el\u00e9ctricos NACS Serie CCS1\" width=\"1000\" height=\"1000\" srcset=\"https:\/\/hdxenergy.com\/wp-content\/uploads\/2025\/11\/NACS-Series00.jpg 1000w, https:\/\/hdxenergy.com\/wp-content\/uploads\/2025\/11\/NACS-Series00-300x300.jpg 300w, https:\/\/hdxenergy.com\/wp-content\/uploads\/2025\/11\/NACS-Series00-150x150.jpg 150w, https:\/\/hdxenergy.com\/wp-content\/uploads\/2025\/11\/NACS-Series00-768x768.jpg 768w, https:\/\/hdxenergy.com\/wp-content\/uploads\/2025\/11\/NACS-Series00-600x600.jpg 600w, https:\/\/hdxenergy.com\/wp-content\/uploads\/2025\/11\/NACS-Series00-100x100.jpg 100w\" sizes=\"(max-width: 1000px) 100vw, 1000px\" \/><\/p>\n<p><strong>Carga r\u00e1pida de alta potencia (60-300 kW)<\/strong><\/p>\n<p>Ofrece opciones de alimentaci\u00f3n flexibles para adaptarse a diferentes tipos de veh\u00edculos y escenarios de uso comercial, proporcionando una carga de CC r\u00e1pida y eficiente para lugares con mucho tr\u00e1fico.<\/p>\n<p><strong>Funcionamiento estable, duradero e inteligente<\/strong><\/p>\n<p>Dise\u00f1ado con componentes de grado industrial, refrigeraci\u00f3n avanzada y control inteligente de la energ\u00eda para garantizar una estabilidad a largo plazo, una gesti\u00f3n eficiente de la energ\u00eda y bajos costos operativos.<\/p>\n<p><strong>Seguro, certificado y f\u00e1cil de usar.<\/strong><\/p>\n<p>Incluye funciones de protecci\u00f3n integrales y una interfaz f\u00e1cil de usar. Certificado con CE y UKCA, lo que lo hace adecuado para instalaciones de carga p\u00fablicas, comerciales y de flotas.<\/p>\n<p><img decoding=\"async\" class=\"alignnone wp-image-1087 size-full\" src=\"https:\/\/hdxenergy.com\/wp-content\/uploads\/2025\/11\/NACS-SeriesCCS1.jpg\" alt=\"Tama\u00f1o de la estaci\u00f3n de carga para veh\u00edculos el\u00e9ctricos NACS Serie CCS1\" width=\"568\" height=\"551\" srcset=\"https:\/\/hdxenergy.com\/wp-content\/uploads\/2025\/11\/NACS-SeriesCCS1.jpg 568w, https:\/\/hdxenergy.com\/wp-content\/uploads\/2025\/11\/NACS-SeriesCCS1-300x291.jpg 300w\" sizes=\"(max-width: 568px) 100vw, 568px\" \/><\/p>\n<p><strong>Solicitudes<\/strong><br \/>\nEstaciones p\u00fablicas de carga para veh\u00edculos el\u00e9ctricos<br \/>\nAparcamientos comerciales<br \/>\nEmpresas de log\u00edstica y operadores de flotas<br \/>\nConcesionarios de autom\u00f3viles y centros de servicio<br \/>\nCentros comerciales y parques empresariales<br \/>\nComunidades residenciales y complejos de uso mixto<br \/>\nSitios que requieren la integraci\u00f3n de paneles solares y gabinetes de almacenamiento de energ\u00eda para construir un sistema energ\u00e9tico comercial completo.<\/p>\n<p><img decoding=\"async\" class=\"alignnone wp-image-1089 size-full\" src=\"https:\/\/hdxenergy.com\/wp-content\/uploads\/2025\/11\/NACS-Series-2.jpg\" alt=\"Estaci\u00f3n de carga para veh\u00edculos el\u00e9ctricos NACS Serie CCS1 Escenarios de uso 1\" width=\"965\" height=\"721\" srcset=\"https:\/\/hdxenergy.com\/wp-content\/uploads\/2025\/11\/NACS-Series-2.jpg 965w, https:\/\/hdxenergy.com\/wp-content\/uploads\/2025\/11\/NACS-Series-2-300x224.jpg 300w, https:\/\/hdxenergy.com\/wp-content\/uploads\/2025\/11\/NACS-Series-2-768x574.jpg 768w, https:\/\/hdxenergy.com\/wp-content\/uploads\/2025\/11\/NACS-Series-2-600x448.jpg 600w\" sizes=\"(max-width: 965px) 100vw, 965px\" \/><\/p>\n<p><img loading=\"lazy\" decoding=\"async\" class=\"alignnone wp-image-1090 size-full\" src=\"https:\/\/hdxenergy.com\/wp-content\/uploads\/2025\/11\/NACS-Series-3.jpg\" alt=\"Estaci\u00f3n de carga para veh\u00edculos el\u00e9ctricos NACS Serie CCS1 Escenarios de uso 2\" width=\"965\" height=\"452\" srcset=\"https:\/\/hdxenergy.com\/wp-content\/uploads\/2025\/11\/NACS-Series-3.jpg 965w, https:\/\/hdxenergy.com\/wp-content\/uploads\/2025\/11\/NACS-Series-3-300x141.jpg 300w, https:\/\/hdxenergy.com\/wp-content\/uploads\/2025\/11\/NACS-Series-3-768x360.jpg 768w, https:\/\/hdxenergy.com\/wp-content\/uploads\/2025\/11\/NACS-Series-3-600x281.jpg 600w\" sizes=\"(max-width: 965px) 100vw, 965px\" \/><\/p>","protected":false},"excerpt":{"rendered":"<ul>\n<li>60\/80\/160\/180\/240\/360 kW opcional<\/li>\n<li>Ahorro de tiempo: carga r\u00e1pida<\/li>\n<li>M\u00e9todo de pago RFID\/C\u00d3DIGO QR\/M\u00e1quina POS<\/li>\n<li>1 pistola o 2 pistolas (CCS1 || CCS2 || CHAdeMO || GBT|| Tesla)<\/li>\n<li>Pantalla t\u00e1ctil LCD a color de 7 pulgadas<\/li>\n<li>Garant\u00eda de 24 meses<\/li>\n<\/ul>","protected":false},"featured_media":707,"comment_status":"open","ping_status":"closed","template":"","meta":[],"product_brand":[],"product_cat":[24],"product_tag":[],"class_list":{"0":"post-657","1":"product","2":"type-product","3":"status-publish","4":"has-post-thumbnail","6":"product_cat-electric-vehicle-charging-stations","8":"first","9":"instock","10":"shipping-taxable","11":"product-type-simple"},"_links":{"self":[{"href":"https:\/\/hdxenergy.com\/es\/wp-json\/wp\/v2\/product\/657","targetHints":{"allow":["GET"]}}],"collection":[{"href":"https:\/\/hdxenergy.com\/es\/wp-json\/wp\/v2\/product"}],"about":[{"href":"https:\/\/hdxenergy.com\/es\/wp-json\/wp\/v2\/types\/product"}],"replies":[{"embeddable":true,"href":"https:\/\/hdxenergy.com\/es\/wp-json\/wp\/v2\/comments?post=657"}],"wp:featuredmedia":[{"embeddable":true,"href":"https:\/\/hdxenergy.com\/es\/wp-json\/wp\/v2\/media\/707"}],"wp:attachment":[{"href":"https:\/\/hdxenergy.com\/es\/wp-json\/wp\/v2\/media?parent=657"}],"wp:term":[{"taxonomy":"product_brand","embeddable":true,"href":"https:\/\/hdxenergy.com\/es\/wp-json\/wp\/v2\/product_brand?post=657"},{"taxonomy":"product_cat","embeddable":true,"href":"https:\/\/hdxenergy.com\/es\/wp-json\/wp\/v2\/product_cat?post=657"},{"taxonomy":"product_tag","embeddable":true,"href":"https:\/\/hdxenergy.com\/es\/wp-json\/wp\/v2\/product_tag?post=657"}],"curies":[{"name":"wp","href":"https:\/\/api.w.org\/{rel}","templated":true}]}}