{"id":645,"date":"2025-11-25T06:03:14","date_gmt":"2025-11-25T06:03:14","guid":{"rendered":"https:\/\/hdxenergy.com\/?post_type=product&#038;p=645"},"modified":"2026-01-07T07:16:03","modified_gmt":"2026-01-07T07:16:03","slug":"sistema-integrado-de-carga-de-almacenamiento-solar","status":"publish","type":"product","link":"https:\/\/hdxenergy.com\/es\/product\/solar-storage-charging-integrated-system\/","title":{"rendered":"Sistema integrado de carga y almacenamiento solar"},"content":{"rendered":"<div class=\"table-container\">\n<table>\n<tbody>\n<tr>\n<td colspan=\"3\"><strong>Modelo<\/strong><\/td>\n<td>H098-193 kWh<\/td>\n<\/tr>\n<tr>\n<td><strong>Tama\u00f1o (largo x ancho x alto)<\/strong><\/td>\n<td>1340 mm 1100 mm 2280 mm<\/td>\n<td>M\u00e9todo de recarga de bater\u00edas<\/td>\n<td>Pistola de carga est\u00e1ndar nacional de CC Pistola de carga est\u00e1ndar nacional de CC<\/td>\n<\/tr>\n<tr>\n<td><strong>Peso<\/strong><\/td>\n<td>1600 kg<\/td>\n<td><\/td>\n<td>CA: 380 VCA (3P+N+PE)<\/td>\n<\/tr>\n<tr>\n<td><strong>Voltaje de la bater\u00eda<\/strong><\/td>\n<td>614,4 V<\/td>\n<td>Potencia de salida<\/td>\n<td>180 kW<\/td>\n<\/tr>\n<tr>\n<td><strong>Rango de voltaje de la bater\u00eda<\/strong><\/td>\n<td>480 V-700,8 V<\/td>\n<td>Voltaje de salida<\/td>\n<td>200-1000 V CC<\/td>\n<\/tr>\n<tr>\n<td><strong>Energ\u00eda nominal<\/strong><\/td>\n<td>193 kWh<\/td>\n<td>Corriente de carga<\/td>\n<td>0-250 A<\/td>\n<\/tr>\n<tr>\n<td><strong>Potencia nominal de entrada<\/strong><\/td>\n<td>60 kW<\/td>\n<td>Pistola de carga est\u00e1ndar<\/td>\n<td>Norma nacional (personalizable)<\/td>\n<\/tr>\n<tr>\n<td><strong>Potencia nominal de salida<\/strong><\/td>\n<td>120 kW<\/td>\n<td>Longitud del cable de la pistola de carga<\/td>\n<td>7 m<\/td>\n<\/tr>\n<tr>\n<td><strong>Tensi\u00f3n nominal de red<\/strong><\/td>\n<td>380 V<\/td>\n<td>M\u00e9todo de comunicaci\u00f3n<\/td>\n<td>4G<\/td>\n<\/tr>\n<tr>\n<td><strong>Rango de voltaje de la red<\/strong><\/td>\n<td>323 V~418 V<\/td>\n<td>Rango de temperatura de funcionamiento<\/td>\n<td>-30 \u00b0C ~ +50 \u00b0C<\/td>\n<\/tr>\n<tr>\n<td><strong>Rango de frecuencia de la red<\/strong><\/td>\n<td>45 Hz-55 Hz<\/td>\n<td>Altitud m\u00e1xima de operaci\u00f3n<\/td>\n<td>3000 m<\/td>\n<\/tr>\n<tr>\n<td><strong>Clase de protecci\u00f3n<\/strong><\/td>\n<td>IP55<\/td>\n<td>Normas de certificaci\u00f3n<\/td>\n<td>GBIT 36276, GBT 34131, GBIT 34120, GBT 34133<\/td>\n<\/tr>\n<tr>\n<td><strong>M\u00e9todo de control de temperatura<\/strong><\/td>\n<td>refrigeraci\u00f3n l\u00edquida inteligente<\/td>\n<td>Interfaz de comunicaci\u00f3n<\/td>\n<td>LAN\/CAN\/485<\/td>\n<\/tr>\n<\/tbody>\n<\/table>\n<\/div>\n<p><img fetchpriority=\"high\" decoding=\"async\" class=\"alignnone wp-image-655 size-full\" src=\"https:\/\/hdxenergy.com\/wp-content\/uploads\/2025\/11\/Solar-Storage-Charging-Integrated-System7.jpg\" alt=\"Sistema integrado de carga de almacenamiento solar objeto f\u00edsico\" width=\"1000\" height=\"1000\" srcset=\"https:\/\/hdxenergy.com\/wp-content\/uploads\/2025\/11\/Solar-Storage-Charging-Integrated-System7.jpg 1000w, https:\/\/hdxenergy.com\/wp-content\/uploads\/2025\/11\/Solar-Storage-Charging-Integrated-System7-300x300.jpg 300w, https:\/\/hdxenergy.com\/wp-content\/uploads\/2025\/11\/Solar-Storage-Charging-Integrated-System7-150x150.jpg 150w, https:\/\/hdxenergy.com\/wp-content\/uploads\/2025\/11\/Solar-Storage-Charging-Integrated-System7-768x768.jpg 768w, https:\/\/hdxenergy.com\/wp-content\/uploads\/2025\/11\/Solar-Storage-Charging-Integrated-System7-600x600.jpg 600w, https:\/\/hdxenergy.com\/wp-content\/uploads\/2025\/11\/Solar-Storage-Charging-Integrated-System7-100x100.jpg 100w\" sizes=\"(max-width: 1000px) 100vw, 1000px\" \/> <img decoding=\"async\" class=\"alignnone wp-image-654 size-full\" src=\"https:\/\/hdxenergy.com\/wp-content\/uploads\/2025\/11\/Solar-Storage-Charging-Integrated-System6.jpg\" alt=\"tabla de par\u00e1metros\" width=\"1000\" height=\"1000\" srcset=\"https:\/\/hdxenergy.com\/wp-content\/uploads\/2025\/11\/Solar-Storage-Charging-Integrated-System6.jpg 1000w, https:\/\/hdxenergy.com\/wp-content\/uploads\/2025\/11\/Solar-Storage-Charging-Integrated-System6-300x300.jpg 300w, https:\/\/hdxenergy.com\/wp-content\/uploads\/2025\/11\/Solar-Storage-Charging-Integrated-System6-150x150.jpg 150w, https:\/\/hdxenergy.com\/wp-content\/uploads\/2025\/11\/Solar-Storage-Charging-Integrated-System6-768x768.jpg 768w, https:\/\/hdxenergy.com\/wp-content\/uploads\/2025\/11\/Solar-Storage-Charging-Integrated-System6-600x600.jpg 600w, https:\/\/hdxenergy.com\/wp-content\/uploads\/2025\/11\/Solar-Storage-Charging-Integrated-System6-100x100.jpg 100w\" sizes=\"(max-width: 1000px) 100vw, 1000px\" \/> <img decoding=\"async\" class=\"alignnone wp-image-653 size-full\" src=\"https:\/\/hdxenergy.com\/wp-content\/uploads\/2025\/11\/Solar-Storage-Charging-Integrated-System5.jpg\" alt=\"Sistema integrado de carga y almacenamiento solar. Escenarios de aplicaci\u00f3n 3\" width=\"1000\" height=\"1000\" srcset=\"https:\/\/hdxenergy.com\/wp-content\/uploads\/2025\/11\/Solar-Storage-Charging-Integrated-System5.jpg 1000w, https:\/\/hdxenergy.com\/wp-content\/uploads\/2025\/11\/Solar-Storage-Charging-Integrated-System5-300x300.jpg 300w, https:\/\/hdxenergy.com\/wp-content\/uploads\/2025\/11\/Solar-Storage-Charging-Integrated-System5-150x150.jpg 150w, https:\/\/hdxenergy.com\/wp-content\/uploads\/2025\/11\/Solar-Storage-Charging-Integrated-System5-768x768.jpg 768w, https:\/\/hdxenergy.com\/wp-content\/uploads\/2025\/11\/Solar-Storage-Charging-Integrated-System5-600x600.jpg 600w, https:\/\/hdxenergy.com\/wp-content\/uploads\/2025\/11\/Solar-Storage-Charging-Integrated-System5-100x100.jpg 100w\" sizes=\"(max-width: 1000px) 100vw, 1000px\" \/> <img loading=\"lazy\" decoding=\"async\" class=\"alignnone wp-image-652 size-full\" src=\"https:\/\/hdxenergy.com\/wp-content\/uploads\/2025\/11\/Solar-Storage-Charging-Integrated-System4.jpg\" alt=\"Sistema integrado de carga y almacenamiento solar. Escenarios de aplicaci\u00f3n 2\" width=\"1000\" height=\"1000\" srcset=\"https:\/\/hdxenergy.com\/wp-content\/uploads\/2025\/11\/Solar-Storage-Charging-Integrated-System4.jpg 1000w, https:\/\/hdxenergy.com\/wp-content\/uploads\/2025\/11\/Solar-Storage-Charging-Integrated-System4-300x300.jpg 300w, https:\/\/hdxenergy.com\/wp-content\/uploads\/2025\/11\/Solar-Storage-Charging-Integrated-System4-150x150.jpg 150w, https:\/\/hdxenergy.com\/wp-content\/uploads\/2025\/11\/Solar-Storage-Charging-Integrated-System4-768x768.jpg 768w, https:\/\/hdxenergy.com\/wp-content\/uploads\/2025\/11\/Solar-Storage-Charging-Integrated-System4-600x600.jpg 600w, https:\/\/hdxenergy.com\/wp-content\/uploads\/2025\/11\/Solar-Storage-Charging-Integrated-System4-100x100.jpg 100w\" sizes=\"(max-width: 1000px) 100vw, 1000px\" \/> <img loading=\"lazy\" decoding=\"async\" class=\"alignnone wp-image-651 size-full\" src=\"https:\/\/hdxenergy.com\/wp-content\/uploads\/2025\/11\/Solar-Storage-Charging-Integrated-System3.jpg\" alt=\"Sistema integrado de carga y almacenamiento solar. Escenarios de aplicaci\u00f3n 1\" width=\"1080\" height=\"1440\" srcset=\"https:\/\/hdxenergy.com\/wp-content\/uploads\/2025\/11\/Solar-Storage-Charging-Integrated-System3.jpg 1080w, https:\/\/hdxenergy.com\/wp-content\/uploads\/2025\/11\/Solar-Storage-Charging-Integrated-System3-225x300.jpg 225w, https:\/\/hdxenergy.com\/wp-content\/uploads\/2025\/11\/Solar-Storage-Charging-Integrated-System3-768x1024.jpg 768w, https:\/\/hdxenergy.com\/wp-content\/uploads\/2025\/11\/Solar-Storage-Charging-Integrated-System3-600x800.jpg 600w, https:\/\/hdxenergy.com\/wp-content\/uploads\/2025\/11\/Solar-Storage-Charging-Integrated-System3-1000x1333.jpg 1000w\" sizes=\"(max-width: 1080px) 100vw, 1080px\" \/><\/p>","protected":false},"excerpt":{"rendered":"<ul>\n<li>Estaci\u00f3n de carga r\u00e1pida de CC para veh\u00edculos de nueva energ\u00eda, independiente de la red el\u00e9ctrica y lista para usar.<\/li>\n<li>Soluci\u00f3n integrada para celdas de bater\u00eda LiFePO4 y sistema de carga<\/li>\n<li>El modo de carga es para entrada de pila de carga de CC.<\/li>\n<li>Salida de doble pistola, compatible con pistolas de carga personalizadas seg\u00fan las normas nacionales (normas europeas\/estadounidenses\/japonesas).<\/li>\n<li>El dise\u00f1o modular facilita la instalaci\u00f3n y el mantenimiento.<\/li>\n<\/ul>\n<p>&nbsp;<\/p>","protected":false},"featured_media":650,"comment_status":"open","ping_status":"closed","template":"","meta":[],"product_brand":[],"product_cat":[24],"product_tag":[],"class_list":{"0":"post-645","1":"product","2":"type-product","3":"status-publish","4":"has-post-thumbnail","6":"product_cat-electric-vehicle-charging-stations","8":"first","9":"instock","10":"shipping-taxable","11":"product-type-simple"},"_links":{"self":[{"href":"https:\/\/hdxenergy.com\/es\/wp-json\/wp\/v2\/product\/645","targetHints":{"allow":["GET"]}}],"collection":[{"href":"https:\/\/hdxenergy.com\/es\/wp-json\/wp\/v2\/product"}],"about":[{"href":"https:\/\/hdxenergy.com\/es\/wp-json\/wp\/v2\/types\/product"}],"replies":[{"embeddable":true,"href":"https:\/\/hdxenergy.com\/es\/wp-json\/wp\/v2\/comments?post=645"}],"wp:featuredmedia":[{"embeddable":true,"href":"https:\/\/hdxenergy.com\/es\/wp-json\/wp\/v2\/media\/650"}],"wp:attachment":[{"href":"https:\/\/hdxenergy.com\/es\/wp-json\/wp\/v2\/media?parent=645"}],"wp:term":[{"taxonomy":"product_brand","embeddable":true,"href":"https:\/\/hdxenergy.com\/es\/wp-json\/wp\/v2\/product_brand?post=645"},{"taxonomy":"product_cat","embeddable":true,"href":"https:\/\/hdxenergy.com\/es\/wp-json\/wp\/v2\/product_cat?post=645"},{"taxonomy":"product_tag","embeddable":true,"href":"https:\/\/hdxenergy.com\/es\/wp-json\/wp\/v2\/product_tag?post=645"}],"curies":[{"name":"wp","href":"https:\/\/api.w.org\/{rel}","templated":true}]}}