{"id":640,"date":"2025-11-25T05:55:37","date_gmt":"2025-11-25T05:55:37","guid":{"rendered":"https:\/\/hdxenergy.com\/?post_type=product&#038;p=640"},"modified":"2026-01-07T07:12:44","modified_gmt":"2026-01-07T07:12:44","slug":"sistema-de-montaje-en-pared","status":"publish","type":"product","link":"https:\/\/hdxenergy.com\/es\/product\/wall-mounted-system\/","title":{"rendered":"Estaci\u00f3n de carga para veh\u00edculos el\u00e9ctricos montada en la pared Faire | Control mediante aplicaci\u00f3n inteligente y alta potencia"},"content":{"rendered":"<div class=\"table-container\">\n<table>\n<tbody>\n<tr>\n<td colspan=\"3\">20\/30\/40 kW opcional<\/td>\n<\/tr>\n<tr>\n<td colspan=\"3\">Ahorro de tiempo: carga r\u00e1pida<\/td>\n<\/tr>\n<tr>\n<td colspan=\"3\">M\u00e9todo de pago RFID\/C\u00d3DIGO QR\/M\u00e1quina POS<\/td>\n<\/tr>\n<tr>\n<td colspan=\"3\">1 pistola o 2 pistolas (CCS1 || CCS2 || CHAdeMO || GBT || Tesla)<\/td>\n<\/tr>\n<tr>\n<td colspan=\"3\">Pantalla t\u00e1ctil LCD a color de 7 pulgadas<\/td>\n<\/tr>\n<tr>\n<td colspan=\"3\">Garant\u00eda de 24 meses<\/td>\n<\/tr>\n<tr>\n<td colspan=\"3\">Nuestra estaci\u00f3n de carga de CC para veh\u00edculos el\u00e9ctricos permite una carga r\u00e1pida de hasta 40 kW a trav\u00e9s de un puerto CCS2 estandarizado, lo que ahorra unos valiosos minutos en cada parada para recargar.<\/td>\n<\/tr>\n<tr>\n<td colspan=\"3\">Recargue de manera eficiente su veh\u00edculo el\u00e9ctrico en nuestras estaciones de carga de CC de \u00faltima generaci\u00f3n. Disfrute de un control perfecto con nuestra pantalla publicitaria de 32 pulgadas. Nuestras unidades certificadas, incluyendo CE, UKCA y TUV, dan prioridad a la seguridad.<\/td>\n<\/tr>\n<tr>\n<td colspan=\"3\">El gestor de software inteligente se encarga de la carga y la recopilaci\u00f3n de datos, y supervisa las operaciones y la frecuencia de las actividades las 24 horas del d\u00eda, los 7 d\u00edas de la semana.<\/td>\n<\/tr>\n<\/tbody>\n<\/table>\n<\/div>\n<p><img fetchpriority=\"high\" decoding=\"async\" class=\"alignnone wp-image-641 size-full\" src=\"https:\/\/hdxenergy.com\/wp-content\/uploads\/2025\/11\/Wall-Mounted-System1.jpg\" alt=\"Diferentes KW y funciones te permiten elegir\" width=\"1000\" height=\"1000\" srcset=\"https:\/\/hdxenergy.com\/wp-content\/uploads\/2025\/11\/Wall-Mounted-System1.jpg 1000w, https:\/\/hdxenergy.com\/wp-content\/uploads\/2025\/11\/Wall-Mounted-System1-300x300.jpg 300w, https:\/\/hdxenergy.com\/wp-content\/uploads\/2025\/11\/Wall-Mounted-System1-150x150.jpg 150w, https:\/\/hdxenergy.com\/wp-content\/uploads\/2025\/11\/Wall-Mounted-System1-768x768.jpg 768w, https:\/\/hdxenergy.com\/wp-content\/uploads\/2025\/11\/Wall-Mounted-System1-600x600.jpg 600w, https:\/\/hdxenergy.com\/wp-content\/uploads\/2025\/11\/Wall-Mounted-System1-100x100.jpg 100w\" sizes=\"(max-width: 1000px) 100vw, 1000px\" \/> <img decoding=\"async\" class=\"alignnone wp-image-644 size-full\" src=\"https:\/\/hdxenergy.com\/wp-content\/uploads\/2025\/11\/Wall-Mounted-System4.jpg\" alt=\"Estaci\u00f3n de carga para veh\u00edculos el\u00e9ctricos montada en la pared\" width=\"1000\" height=\"1000\" srcset=\"https:\/\/hdxenergy.com\/wp-content\/uploads\/2025\/11\/Wall-Mounted-System4.jpg 1000w, https:\/\/hdxenergy.com\/wp-content\/uploads\/2025\/11\/Wall-Mounted-System4-300x300.jpg 300w, https:\/\/hdxenergy.com\/wp-content\/uploads\/2025\/11\/Wall-Mounted-System4-150x150.jpg 150w, https:\/\/hdxenergy.com\/wp-content\/uploads\/2025\/11\/Wall-Mounted-System4-768x768.jpg 768w, https:\/\/hdxenergy.com\/wp-content\/uploads\/2025\/11\/Wall-Mounted-System4-600x600.jpg 600w, https:\/\/hdxenergy.com\/wp-content\/uploads\/2025\/11\/Wall-Mounted-System4-100x100.jpg 100w\" sizes=\"(max-width: 1000px) 100vw, 1000px\" \/><\/p>","protected":false},"excerpt":{"rendered":"<ul>\n<li>Estaci\u00f3n de carga r\u00e1pida, eficiente y segura para veh\u00edculos el\u00e9ctricos<\/li>\n<li>Funciones de protecci\u00f3n completa<\/li>\n<li>Aplicaci\u00f3n para dispositivos inteligentes\/Programa de administraci\u00f3n de carga<\/li>\n<li>Funcionalidad de alta potencia, eficiencia energ\u00e9tica y fiabilidad en condiciones exigentes.<\/li>\n<\/ul>","protected":false},"featured_media":643,"comment_status":"open","ping_status":"closed","template":"","meta":[],"product_brand":[],"product_cat":[24],"product_tag":[],"class_list":{"0":"post-640","1":"product","2":"type-product","3":"status-publish","4":"has-post-thumbnail","6":"product_cat-electric-vehicle-charging-stations","8":"first","9":"instock","10":"shipping-taxable","11":"product-type-simple"},"_links":{"self":[{"href":"https:\/\/hdxenergy.com\/es\/wp-json\/wp\/v2\/product\/640","targetHints":{"allow":["GET"]}}],"collection":[{"href":"https:\/\/hdxenergy.com\/es\/wp-json\/wp\/v2\/product"}],"about":[{"href":"https:\/\/hdxenergy.com\/es\/wp-json\/wp\/v2\/types\/product"}],"replies":[{"embeddable":true,"href":"https:\/\/hdxenergy.com\/es\/wp-json\/wp\/v2\/comments?post=640"}],"wp:featuredmedia":[{"embeddable":true,"href":"https:\/\/hdxenergy.com\/es\/wp-json\/wp\/v2\/media\/643"}],"wp:attachment":[{"href":"https:\/\/hdxenergy.com\/es\/wp-json\/wp\/v2\/media?parent=640"}],"wp:term":[{"taxonomy":"product_brand","embeddable":true,"href":"https:\/\/hdxenergy.com\/es\/wp-json\/wp\/v2\/product_brand?post=640"},{"taxonomy":"product_cat","embeddable":true,"href":"https:\/\/hdxenergy.com\/es\/wp-json\/wp\/v2\/product_cat?post=640"},{"taxonomy":"product_tag","embeddable":true,"href":"https:\/\/hdxenergy.com\/es\/wp-json\/wp\/v2\/product_tag?post=640"}],"curies":[{"name":"wp","href":"https:\/\/api.w.org\/{rel}","templated":true}]}}