{"id":635,"date":"2025-11-25T05:42:57","date_gmt":"2025-11-25T05:42:57","guid":{"rendered":"https:\/\/hdxenergy.com\/?post_type=product&#038;p=635"},"modified":"2026-01-07T07:09:30","modified_gmt":"2026-01-07T07:09:30","slug":"h096-10-kwh-2","status":"publish","type":"product","link":"https:\/\/hdxenergy.com\/es\/product\/h096-10kwh-2\/","title":{"rendered":"H096-10kWh Proveedor de servicios de bater\u00edas de suelo | Almacenamiento escalable"},"content":{"rendered":"<div class=\"table-container\">\n<table>\n<tbody>\n<tr>\n<td>Modelo<\/td>\n<td>Clase H096-10kWh<\/td>\n<\/tr>\n<tr>\n<td>Capacidad de la bater\u00eda<\/td>\n<td>200 Ah\/51,2 V (10,24 kWh)<\/td>\n<\/tr>\n<tr>\n<td>Tama\u00f1o (largo x ancho x alto)<\/td>\n<td>460 mm (largo) x 245 mm (ancho) x 620 mm (alto)<\/td>\n<\/tr>\n<tr>\n<td>Pesar<\/td>\n<td>95 kg<\/td>\n<\/tr>\n<tr>\n<td>Tipo de bater\u00eda<\/td>\n<td>LiFePO4<\/td>\n<\/tr>\n<tr>\n<td>Rango de voltaje de la bater\u00eda<\/td>\n<td>40~58 V<\/td>\n<\/tr>\n<tr>\n<td>Modo de comunicaci\u00f3n<\/td>\n<td>Compatible con conexi\u00f3n Wi-Fi y Bluetooth con aplicaci\u00f3n m\u00f3vil.<\/td>\n<\/tr>\n<tr>\n<td>Comunicar<\/td>\n<td>RS485\/CAN<\/td>\n<\/tr>\n<tr>\n<td>Duraci\u00f3n del ciclo de la bater\u00eda<\/td>\n<td>Despu\u00e9s de 3000 ciclos, la capacidad restante sigue siendo superior a 801 TP3T.<\/td>\n<\/tr>\n<tr>\n<td>Protecci\u00f3n del sistema<\/td>\n<td>Protecci\u00f3n contra sobrecalentamiento\/Protecci\u00f3n contra sobretensi\u00f3n\/Protecci\u00f3n contra sobrecorriente\/Protecci\u00f3n contra sobrecarga\/Protecci\u00f3n contra descarga excesiva\/Protecci\u00f3n contra cortocircuito de carga\/Protecci\u00f3n contra sobrecarga.<\/td>\n<\/tr>\n<tr>\n<td>Temperatura de descarga<\/td>\n<td>-20 \u2103~50 \u2103 (La temperatura ambiente recomendada es de 20 \u2103 a 30 \u2103).<\/td>\n<\/tr>\n<tr>\n<td>Temperatura de carga<\/td>\n<td>-5 \u2103~50 \u2103 (La temperatura ambiente recomendada es de 20 \u2103 a 30 \u2103).<\/td>\n<\/tr>\n<tr>\n<td>Temperatura de almacenamiento<\/td>\n<td>La temperatura ambiente recomendada es de 0 \u00b0C a 45 \u00b0C.<\/td>\n<\/tr>\n<tr>\n<td>Interfaz de usuario<\/td>\n<td>pantalla de cristal l\u00edquido<\/td>\n<\/tr>\n<tr>\n<td>Nivel de protecci\u00f3n<\/td>\n<td>IP20<\/td>\n<\/tr>\n<tr>\n<td>Modo de instalaci\u00f3n<\/td>\n<td>De pie<\/td>\n<\/tr>\n<tr>\n<td>Normas de certificaci\u00f3n<\/td>\n<td>CE FCC ROHS<\/td>\n<\/tr>\n<\/tbody>\n<\/table>\n<\/div>","protected":false},"excerpt":{"rendered":"<ul>\n<li>BMS LiFePO\u2084 de 200 A integrado<\/li>\n<li>M\u00e1s de 6500 ciclos profundos a 90 % DOD, lo que proporciona una vida \u00fatil de \u2265 15 a\u00f1os.<\/li>\n<li>La pantalla t\u00e1ctil a color de 7 pulgadas muestra en tiempo real los voltios, los amperios, el estado de carga (SOC) y el ahorro diario.<\/li>\n<li>Se ampl\u00eda hasta 16 unidades en paralelo, proporcionando 200 A de carga\/descarga y 10,24 kWh de potencia lista para CA.<\/li>\n<li>BMS inteligente integrado con puertos CAN\/RS485 para emparejamiento plug-and-play con inversores de 48 V convencionales (Deye, Solis, Goodwe, etc.).<\/li>\n<\/ul>","protected":false},"featured_media":637,"comment_status":"open","ping_status":"closed","template":"","meta":[],"product_brand":[],"product_cat":[31],"product_tag":[],"class_list":{"0":"post-635","1":"product","2":"type-product","3":"status-publish","4":"has-post-thumbnail","6":"product_cat-floor-standing-lithiumbattery","8":"first","9":"instock","10":"shipping-taxable","11":"product-type-simple"},"_links":{"self":[{"href":"https:\/\/hdxenergy.com\/es\/wp-json\/wp\/v2\/product\/635","targetHints":{"allow":["GET"]}}],"collection":[{"href":"https:\/\/hdxenergy.com\/es\/wp-json\/wp\/v2\/product"}],"about":[{"href":"https:\/\/hdxenergy.com\/es\/wp-json\/wp\/v2\/types\/product"}],"replies":[{"embeddable":true,"href":"https:\/\/hdxenergy.com\/es\/wp-json\/wp\/v2\/comments?post=635"}],"wp:featuredmedia":[{"embeddable":true,"href":"https:\/\/hdxenergy.com\/es\/wp-json\/wp\/v2\/media\/637"}],"wp:attachment":[{"href":"https:\/\/hdxenergy.com\/es\/wp-json\/wp\/v2\/media?parent=635"}],"wp:term":[{"taxonomy":"product_brand","embeddable":true,"href":"https:\/\/hdxenergy.com\/es\/wp-json\/wp\/v2\/product_brand?post=635"},{"taxonomy":"product_cat","embeddable":true,"href":"https:\/\/hdxenergy.com\/es\/wp-json\/wp\/v2\/product_cat?post=635"},{"taxonomy":"product_tag","embeddable":true,"href":"https:\/\/hdxenergy.com\/es\/wp-json\/wp\/v2\/product_tag?post=635"}],"curies":[{"name":"wp","href":"https:\/\/api.w.org\/{rel}","templated":true}]}}