{"id":620,"date":"2025-11-25T05:38:18","date_gmt":"2025-11-25T05:38:18","guid":{"rendered":"https:\/\/hdxenergy.com\/?post_type=product&#038;p=620"},"modified":"2026-01-07T07:05:48","modified_gmt":"2026-01-07T07:05:48","slug":"h096-15-kwh","status":"publish","type":"product","link":"https:\/\/hdxenergy.com\/es\/product\/h096-15kwh\/","title":{"rendered":"H096-15kWh Bater\u00eda de piso con env\u00edo directo | 6500 ciclos, apilable"},"content":{"rendered":"<div class=\"table-container\">\n<table>\n<tbody>\n<tr>\n<td>Modelo<\/td>\n<td>Clase H096-15 kWh<\/td>\n<\/tr>\n<tr>\n<td>Capacidad de la bater\u00eda<\/td>\n<td>280 Ah\/51,2 V (14,33 kWh)<\/td>\n<\/tr>\n<tr>\n<td>Tama\u00f1o (largo x ancho x alto)<\/td>\n<td>460 mm (largo) x 245 mm (ancho) x 760 mm (alto)<\/td>\n<\/tr>\n<tr>\n<td>Pesar<\/td>\n<td>120 kg<\/td>\n<\/tr>\n<tr>\n<td>Tipo de bater\u00eda<\/td>\n<td>LiFePO4<\/td>\n<\/tr>\n<tr>\n<td>Rango de voltaje de la bater\u00eda<\/td>\n<td>40~58 V<\/td>\n<\/tr>\n<tr>\n<td>Modo de comunicaci\u00f3n<\/td>\n<td>Compatible con conexi\u00f3n Wi-Fi y Bluetooth con aplicaci\u00f3n m\u00f3vil.<\/td>\n<\/tr>\n<tr>\n<td>Comunicar<\/td>\n<td>RS485\/CAN<\/td>\n<\/tr>\n<tr>\n<td>Duraci\u00f3n del ciclo de la bater\u00eda<\/td>\n<td>Despu\u00e9s de 3000 ciclos, la capacidad restante sigue siendo superior a 801 TP3T.<\/td>\n<\/tr>\n<tr>\n<td>Protecci\u00f3n del sistema<\/td>\n<td>Protecci\u00f3n contra sobrecalentamiento\/Protecci\u00f3n contra sobretensi\u00f3n\/Protecci\u00f3n contra sobrecorriente\/Protecci\u00f3n contra sobrecarga\/Protecci\u00f3n contra descarga excesiva\/Protecci\u00f3n contra cortocircuito de carga\/Protecci\u00f3n contra sobrecarga.<\/td>\n<\/tr>\n<tr>\n<td>Temperatura de descarga<\/td>\n<td>-20 \u2103~50 \u2103 (La temperatura ambiente recomendada es de 20 \u2103 a 30 \u2103).<\/td>\n<\/tr>\n<tr>\n<td>Temperatura de carga<\/td>\n<td>-5 \u2103~50 \u2103 (La temperatura ambiente recomendada es de 20 \u2103 a 30 \u2103).<\/td>\n<\/tr>\n<tr>\n<td>Temperatura de almacenamiento<\/td>\n<td>La temperatura ambiente recomendada es de 0 \u00b0C a 45 \u00b0C.<\/td>\n<\/tr>\n<tr>\n<td>Interfaz de usuario<\/td>\n<td>pantalla de cristal l\u00edquido<\/td>\n<\/tr>\n<tr>\n<td>Nivel de protecci\u00f3n<\/td>\n<td>IP20<\/td>\n<\/tr>\n<tr>\n<td>Modo de instalaci\u00f3n<\/td>\n<td>De pie<\/td>\n<\/tr>\n<tr>\n<td>Normas de certificaci\u00f3n<\/td>\n<td>CE FCC ROHS<\/td>\n<\/tr>\n<\/tbody>\n<\/table>\n<\/div>","protected":false},"excerpt":{"rendered":"<ul>\n<li>C\u00e9lulas de grado A con un ciclo de vida superior a 6500 veces y una vida \u00fatil prevista de 12 a\u00f1os.<\/li>\n<li>Las funciones de protecci\u00f3n incluyen: descarga excesiva, sobrecarga, sobrecorriente y temperatura demasiado alta o baja. El sistema puede gestionar autom\u00e1ticamente el estado de carga y descarga y equilibrar la corriente y el voltaje de cada celda.<\/li>\n<li>Admite un m\u00e1ximo de 16 piezas en paralelo\/apiladas, con una carga y descarga m\u00e1ximas de 200 amperios, lo que equivale a 10 240 Wh para carga de CA.<\/li>\n<li>La pantalla t\u00e1ctil a color de 7 pulgadas muestra en tiempo real los voltios, los amperios, el estado de carga (SOC) y el ahorro diario.<\/li>\n<li>Se adapta perfectamente a la mayor\u00eda de las marcas principales de inversores h\u00edbridos del mundo.<\/li>\n<\/ul>","protected":false},"featured_media":632,"comment_status":"open","ping_status":"closed","template":"","meta":[],"product_brand":[],"product_cat":[31],"product_tag":[],"class_list":{"0":"post-620","1":"product","2":"type-product","3":"status-publish","4":"has-post-thumbnail","6":"product_cat-floor-standing-lithiumbattery","8":"first","9":"instock","10":"shipping-taxable","11":"product-type-simple"},"_links":{"self":[{"href":"https:\/\/hdxenergy.com\/es\/wp-json\/wp\/v2\/product\/620","targetHints":{"allow":["GET"]}}],"collection":[{"href":"https:\/\/hdxenergy.com\/es\/wp-json\/wp\/v2\/product"}],"about":[{"href":"https:\/\/hdxenergy.com\/es\/wp-json\/wp\/v2\/types\/product"}],"replies":[{"embeddable":true,"href":"https:\/\/hdxenergy.com\/es\/wp-json\/wp\/v2\/comments?post=620"}],"wp:featuredmedia":[{"embeddable":true,"href":"https:\/\/hdxenergy.com\/es\/wp-json\/wp\/v2\/media\/632"}],"wp:attachment":[{"href":"https:\/\/hdxenergy.com\/es\/wp-json\/wp\/v2\/media?parent=620"}],"wp:term":[{"taxonomy":"product_brand","embeddable":true,"href":"https:\/\/hdxenergy.com\/es\/wp-json\/wp\/v2\/product_brand?post=620"},{"taxonomy":"product_cat","embeddable":true,"href":"https:\/\/hdxenergy.com\/es\/wp-json\/wp\/v2\/product_cat?post=620"},{"taxonomy":"product_tag","embeddable":true,"href":"https:\/\/hdxenergy.com\/es\/wp-json\/wp\/v2\/product_tag?post=620"}],"curies":[{"name":"wp","href":"https:\/\/api.w.org\/{rel}","templated":true}]}}