{"id":588,"date":"2025-11-25T05:33:11","date_gmt":"2025-11-25T05:33:11","guid":{"rendered":"https:\/\/hdxenergy.com\/?post_type=product&#038;p=588"},"modified":"2026-01-07T07:02:01","modified_gmt":"2026-01-07T07:02:01","slug":"pared-de-almacenamiento-de-energia","status":"publish","type":"product","link":"https:\/\/hdxenergy.com\/es\/product\/power-storage-wall\/","title":{"rendered":"Pared de almacenamiento de energ\u00eda \u2013 Home Battery Faire | Escalable de 5 a 80 kWh, m\u00e1s de 6500 ciclos"},"content":{"rendered":"<div class=\"table-container\">\n<table>\n<thead>\n<tr>\n<th>Elemento del par\u00e1metro<\/th>\n<th>H096-Clase 5 kWh<\/th>\n<th>Clase H096-10kWh<\/th>\n<th>Clase H096-15 kWh<\/th>\n<\/tr>\n<\/thead>\n<tbody>\n<tr>\n<td>Modelo<\/td>\n<td>H096-Clase 5 kWh<\/td>\n<td>Clase H096-10kWh<\/td>\n<td>Clase H096-15 kWh<\/td>\n<\/tr>\n<tr>\n<td>Capacidad de la bater\u00eda<\/td>\n<td>100 Ah\/51,2 V (5,12 kWh)<\/td>\n<td>200 Ah\/51,2 V (10,24 kWh)<\/td>\n<td>280 Ah\/51,2 V (14,33 kWh)<\/td>\n<\/tr>\n<tr>\n<td>Tama\u00f1o (ancho)<em>h<\/em>l)<\/td>\n<td>460 mm<em>145 mm<\/em>515 mm de alto<\/td>\n<td>460 mm<em>245 mm<\/em>620 mm de alto<\/td>\n<td>460 mm<em>245 mm<\/em>760 mm de alto<\/td>\n<\/tr>\n<tr>\n<td>Peso<\/td>\n<td>45 kg<\/td>\n<td>95 kg<\/td>\n<td>120 kg<\/td>\n<\/tr>\n<tr>\n<td>Tipo de bater\u00eda<\/td>\n<td>LiFePO\u2084<\/td>\n<td>LiFePO\u2084<\/td>\n<td>LiFePO\u2084<\/td>\n<\/tr>\n<tr>\n<td>Rango de voltaje de la bater\u00eda<\/td>\n<td>40-58 V<\/td>\n<td>40-58 V<\/td>\n<td>40-58 V<\/td>\n<\/tr>\n<tr>\n<td>Modo de comunicaci\u00f3n<\/td>\n<td>Compatible con conexi\u00f3n Wi-Fi y Bluetooth con aplicaci\u00f3n m\u00f3vil.<\/td>\n<td>Compatible con conexi\u00f3n Wi-Fi y Bluetooth con aplicaci\u00f3n m\u00f3vil.<\/td>\n<td>Compatible con conexi\u00f3n Wi-Fi y Bluetooth con aplicaci\u00f3n m\u00f3vil.<\/td>\n<\/tr>\n<tr>\n<td>Comunicar<\/td>\n<td>RS485\/CAN<\/td>\n<td>RS485\/CAN<\/td>\n<td>RS485\/CAN<\/td>\n<\/tr>\n<tr>\n<td>Duraci\u00f3n del ciclo de la bater\u00eda<\/td>\n<td>Despu\u00e9s de 3000 ciclos, la capacidad restante sigue siendo superior a 801 TP3T.<\/td>\n<td>Despu\u00e9s de 3000 ciclos, la capacidad restante sigue siendo superior a 801 TP3T.<\/td>\n<td>Despu\u00e9s de 3000 ciclos, la capacidad restante sigue siendo superior a 801 TP3T.<\/td>\n<\/tr>\n<tr>\n<td>Protecci\u00f3n del sistema<\/td>\n<td>Protector contra sobrecalentamiento\/Protecci\u00f3n contra sobretensi\u00f3n\/Protecci\u00f3n contra sobrecorriente\/Protecci\u00f3n contra sobrecarga\/Protecci\u00f3n contra descarga excesiva\/Protecci\u00f3n contra cortocircuito de carga\/Protecci\u00f3n contra sobrecarga.<\/td>\n<td>Protector contra sobrecalentamiento\/Protecci\u00f3n contra sobretensi\u00f3n\/Protecci\u00f3n contra sobrecorriente\/Protecci\u00f3n contra sobrecarga\/Protecci\u00f3n contra descarga excesiva\/Protecci\u00f3n contra cortocircuito de carga\/Protecci\u00f3n contra sobrecarga.<\/td>\n<td>Protector contra sobrecalentamiento\/Protecci\u00f3n contra sobretensi\u00f3n\/Protecci\u00f3n contra sobrecorriente\/Protecci\u00f3n contra sobrecarga\/Protecci\u00f3n contra descarga excesiva\/Protecci\u00f3n contra cortocircuito de carga\/Protecci\u00f3n contra sobrecarga.<\/td>\n<\/tr>\n<tr>\n<td>Temperatura de descarga<\/td>\n<td>-20 \u2103~50 \u2103 (La temperatura ambiente recomendada es de 20 \u2103 a 30 \u2103).<\/td>\n<td>-20 \u2103~50 \u2103 (La temperatura ambiente recomendada es de 20 \u2103 a 30 \u2103).<\/td>\n<td>-20 \u2103~50 \u2103 (La temperatura ambiente recomendada es de 20 \u2103 a 30 \u2103).<\/td>\n<\/tr>\n<tr>\n<td>Temperatura de carga<\/td>\n<td>-5 \u2103~50 \u2103 (La temperatura ambiente recomendada es de 20 \u2103 a 30 \u2103).<\/td>\n<td>-5 \u2103~50 \u2103 (La temperatura ambiente recomendada es de 20 \u2103 a 30 \u2103).<\/td>\n<td>-5 \u2103~50 \u2103 (La temperatura ambiente recomendada es de 20 \u2103 a 30 \u2103).<\/td>\n<\/tr>\n<tr>\n<td>Temperatura de almacenamiento<\/td>\n<td>La temperatura ambiente recomendada es de 0 \u00b0C a 45 \u00b0C.<\/td>\n<td>La temperatura ambiente recomendada es de 0 \u00b0C a 45 \u00b0C.<\/td>\n<td>La temperatura ambiente recomendada es de 0 \u00b0C a 45 \u00b0C.<\/td>\n<\/tr>\n<tr>\n<td>Interfaz de usuario<\/td>\n<td>pantalla de cristal l\u00edquido<\/td>\n<td>pantalla de cristal l\u00edquido<\/td>\n<td>pantalla de cristal l\u00edquido<\/td>\n<\/tr>\n<tr>\n<td>Nivel de protecci\u00f3n<\/td>\n<td>IP20<\/td>\n<td>IP20<\/td>\n<td>IP20<\/td>\n<\/tr>\n<tr>\n<td>Modo de instalaci\u00f3n<\/td>\n<td>Montado en la pared<\/td>\n<td>De pie<\/td>\n<td>De pie<\/td>\n<\/tr>\n<tr>\n<td>Normas de certificaci\u00f3n<\/td>\n<td>CE FCC ROHS<\/td>\n<td>CE FCC ROHS<\/td>\n<td>CE FCC ROHS<\/td>\n<\/tr>\n<\/tbody>\n<\/table>\n<\/div>","protected":false},"excerpt":{"rendered":"<ul>\n<li><b>Ahorre hasta 90% en facturas de energ\u00eda.<\/b>\u2013 Almacenar energ\u00eda solar o energ\u00eda el\u00e9ctrica fuera de las horas pico a bajo costo y utilizarla durante las horas pico, cuando es m\u00e1s cara.<\/li>\n<li><b>Verdadero plug-and-play<\/b>\u2013 Dise\u00f1o ligero de 45 kg para montaje en pared que dos personas pueden instalar en menos de una hora sin herramientas pesadas.<\/li>\n<li><b>M\u00e1s de 6500 ciclos y 10 a\u00f1os de garant\u00eda <\/b>\u2013 Las celdas de LiFePO\u2084 ofrecen m\u00e1s de 6000 ciclos profundos, lo que proporciona una vida \u00fatil de 25 a\u00f1os en un uso dom\u00e9stico t\u00edpico.<\/li>\n<li><b>Eficiencia de ida y vuelta 98% <\/b>\u2013 Se transmite m\u00e1s energ\u00eda almacenada a los aparatos, superando a las bater\u00edas de plomo-\u00e1cido o a las antiguas bater\u00edas de litio en un 10-20 %.<b><\/b><\/li>\n<li><b>Pantalla t\u00e1ctil a color de 7 pulgadas<\/b><b><\/b>\u2013 Muestra en tiempo real los voltios, amperios, SOC y el ahorro diario.<\/li>\n<li><b>Escalable 5 \u2192 <\/b><strong><b>80<\/b><\/strong><strong><b>kWh <\/b><\/strong>\u2013 Simplemente conecte hasta 16 unidades id\u00e9nticas en paralelo cuando su familia adquiera un veh\u00edculo el\u00e9ctrico o una bomba de calor m\u00e1s adelante.<\/li>\n<\/ul>","protected":false},"featured_media":602,"comment_status":"open","ping_status":"closed","template":"","meta":[],"product_brand":[],"product_cat":[30],"product_tag":[],"class_list":{"0":"post-588","1":"product","2":"type-product","3":"status-publish","4":"has-post-thumbnail","6":"product_cat-home-battery-storage","8":"first","9":"instock","10":"shipping-taxable","11":"product-type-simple"},"_links":{"self":[{"href":"https:\/\/hdxenergy.com\/es\/wp-json\/wp\/v2\/product\/588","targetHints":{"allow":["GET"]}}],"collection":[{"href":"https:\/\/hdxenergy.com\/es\/wp-json\/wp\/v2\/product"}],"about":[{"href":"https:\/\/hdxenergy.com\/es\/wp-json\/wp\/v2\/types\/product"}],"replies":[{"embeddable":true,"href":"https:\/\/hdxenergy.com\/es\/wp-json\/wp\/v2\/comments?post=588"}],"wp:featuredmedia":[{"embeddable":true,"href":"https:\/\/hdxenergy.com\/es\/wp-json\/wp\/v2\/media\/602"}],"wp:attachment":[{"href":"https:\/\/hdxenergy.com\/es\/wp-json\/wp\/v2\/media?parent=588"}],"wp:term":[{"taxonomy":"product_brand","embeddable":true,"href":"https:\/\/hdxenergy.com\/es\/wp-json\/wp\/v2\/product_brand?post=588"},{"taxonomy":"product_cat","embeddable":true,"href":"https:\/\/hdxenergy.com\/es\/wp-json\/wp\/v2\/product_cat?post=588"},{"taxonomy":"product_tag","embeddable":true,"href":"https:\/\/hdxenergy.com\/es\/wp-json\/wp\/v2\/product_tag?post=588"}],"curies":[{"name":"wp","href":"https:\/\/api.w.org\/{rel}","templated":true}]}}