{"id":529,"date":"2025-11-24T07:41:52","date_gmt":"2025-11-24T07:41:52","guid":{"rendered":"https:\/\/hdxenergy.com\/?post_type=product&#038;p=529"},"modified":"2026-01-07T06:36:59","modified_gmt":"2026-01-07T06:36:59","slug":"12-v-200-ah","status":"publish","type":"product","link":"https:\/\/hdxenergy.com\/es\/product\/12v200ah\/","title":{"rendered":"Proveedor de bater\u00edas LiFePO4 de 12 V y 200 Ah | 2000 ciclos"},"content":{"rendered":"<p><strong>HM-LF12200 12,8 V 200 Ah<\/strong><\/p>\n<p><strong>Especificaciones generales<\/strong><\/p>\n<div class=\"table-container\">\n<table>\n<tbody>\n<tr>\n<td>Caracter\u00edsticas el\u00e9ctricas<\/td>\n<td>Voltaje nominal<\/td>\n<td>12,8 V<\/td>\n<\/tr>\n<tr>\n<td><\/td>\n<td>Capacidad nominal<\/td>\n<td>200 Ah<\/td>\n<\/tr>\n<tr>\n<td><\/td>\n<td>Energ\u00eda<\/td>\n<td>2560 Wh<\/td>\n<\/tr>\n<tr>\n<td><\/td>\n<td>Resistencia interna<\/td>\n<td>\u226435 m\u03a9<\/td>\n<\/tr>\n<tr>\n<td><\/td>\n<td>Ciclo de vida<\/td>\n<td>2000 ciclos a 0,2 C de carga\/descarga, hasta una capacidad de 801 TP3T.<\/td>\n<\/tr>\n<tr>\n<td><\/td>\n<td>Autodescarga<\/td>\n<td>\u22643,51 TP3T al mes a 25 \u00b0C<\/td>\n<\/tr>\n<tr>\n<td>Carga est\u00e1ndar<\/td>\n<td>Voltaje m\u00e1ximo de carga<\/td>\n<td>14,0~14,6 V<\/td>\n<\/tr>\n<tr>\n<td><\/td>\n<td>Modo de carga<\/td>\n<td>A una temperatura de entre 0 \u2103 y 45 \u2103, se carga a 14,6 V con una corriente constante de 0,2 C y, a continuaci\u00f3n, se cambia continuamente con un voltaje constante de 14,6 V hasta que la corriente no supere los 0,02 C.<\/td>\n<\/tr>\n<tr>\n<td><\/td>\n<td>Corriente de carga<\/td>\n<td>100A<\/td>\n<\/tr>\n<tr>\n<td><\/td>\n<td>Corriente m\u00e1xima de carga<\/td>\n<td>200 A<\/td>\n<\/tr>\n<tr>\n<td>Descarga est\u00e1ndar<\/td>\n<td>Carga de corriente<\/td>\n<td>200 A<\/td>\n<\/tr>\n<tr>\n<td><\/td>\n<td>Corriente continua m\u00e1xima<\/td>\n<td>200 A<\/td>\n<\/tr>\n<tr>\n<td><\/td>\n<td>Corriente de pulso m\u00e1xima<\/td>\n<td>400 A (&lt;3 s)<\/td>\n<\/tr>\n<tr>\n<td><\/td>\n<td>Tensi\u00f3n de descarga de corte<\/td>\n<td>10.0<\/td>\n<\/tr>\n<tr>\n<td>Condiciones de funcionamiento<\/td>\n<td>Temperatura de carga<\/td>\n<td>0 \u2103 a 45 \u2103 (32 \u2109 a 113 \u2109) @60\u00b125% Humedad relativa<\/td>\n<\/tr>\n<tr>\n<td><\/td>\n<td>Temperatura de descarga<\/td>\n<td>-20 \u00b0C a 60 \u00b0C (-4 \u00b0F a 140 \u00b0F) a 60 \u00b1 251 TP3T de humedad relativa<\/td>\n<\/tr>\n<tr>\n<td><\/td>\n<td>Temperatura de almacenamiento<\/td>\n<td>0 \u2103 a 45 \u2103 (32 \u2109 a 113 \u2109) @60\u00b125% Humedad relativa<\/td>\n<\/tr>\n<tr>\n<td><\/td>\n<td>Resistencia al agua y al polvo<\/td>\n<td>IP55<\/td>\n<\/tr>\n<tr>\n<td>Estructura<\/td>\n<td>Celda y formato<\/td>\n<td>LFP72H4K0 (4S1P)<\/td>\n<\/tr>\n<tr>\n<td><\/td>\n<td>Carcasa<\/td>\n<td>Pl\u00e1stico<\/td>\n<\/tr>\n<tr>\n<td><\/td>\n<td>Dimensiones (L x A x G)<\/td>\n<td>522238218218 mm<\/td>\n<\/tr>\n<tr>\n<td><\/td>\n<td>Dimensiones del paquete<\/td>\n<td>570310297 mm<\/td>\n<\/tr>\n<tr>\n<td><\/td>\n<td>Peso<\/td>\n<td>Aproximadamente 22 kg.<\/td>\n<\/tr>\n<tr>\n<td><\/td>\n<td>Terminal<\/td>\n<td>M8<\/td>\n<\/tr>\n<\/tbody>\n<\/table>\n<\/div>\n<p><img fetchpriority=\"high\" decoding=\"async\" class=\"alignnone wp-image-543 size-full\" src=\"https:\/\/hdxenergy.com\/wp-content\/uploads\/2025\/11\/12v200ah06.jpg\" alt=\"Resistencia al agua: clasificaci\u00f3n IP67, apto para uso en exteriores.\" width=\"1000\" height=\"1000\" srcset=\"https:\/\/hdxenergy.com\/wp-content\/uploads\/2025\/11\/12v200ah06.jpg 1000w, https:\/\/hdxenergy.com\/wp-content\/uploads\/2025\/11\/12v200ah06-300x300.jpg 300w, https:\/\/hdxenergy.com\/wp-content\/uploads\/2025\/11\/12v200ah06-150x150.jpg 150w, https:\/\/hdxenergy.com\/wp-content\/uploads\/2025\/11\/12v200ah06-768x768.jpg 768w, https:\/\/hdxenergy.com\/wp-content\/uploads\/2025\/11\/12v200ah06-600x600.jpg 600w, https:\/\/hdxenergy.com\/wp-content\/uploads\/2025\/11\/12v200ah06-100x100.jpg 100w\" sizes=\"(max-width: 1000px) 100vw, 1000px\" \/> <img decoding=\"async\" class=\"alignnone wp-image-542 size-full\" src=\"https:\/\/hdxenergy.com\/wp-content\/uploads\/2025\/11\/12v200ah05.jpg\" alt=\"Almacenamiento de energ\u00eda dom\u00e9stico: respaldo de energ\u00eda confiable para su hogar\" width=\"1000\" height=\"1000\" srcset=\"https:\/\/hdxenergy.com\/wp-content\/uploads\/2025\/11\/12v200ah05.jpg 1000w, https:\/\/hdxenergy.com\/wp-content\/uploads\/2025\/11\/12v200ah05-300x300.jpg 300w, https:\/\/hdxenergy.com\/wp-content\/uploads\/2025\/11\/12v200ah05-150x150.jpg 150w, https:\/\/hdxenergy.com\/wp-content\/uploads\/2025\/11\/12v200ah05-768x768.jpg 768w, https:\/\/hdxenergy.com\/wp-content\/uploads\/2025\/11\/12v200ah05-600x600.jpg 600w, https:\/\/hdxenergy.com\/wp-content\/uploads\/2025\/11\/12v200ah05-100x100.jpg 100w\" sizes=\"(max-width: 1000px) 100vw, 1000px\" \/> <img decoding=\"async\" class=\"alignnone wp-image-541 size-full\" src=\"https:\/\/hdxenergy.com\/wp-content\/uploads\/2025\/11\/12v200ah04.jpg\" alt=\"Soluci\u00f3n de energ\u00eda para autocaravanas: suministro energ\u00e9tico eficiente para aventuras sobre la marcha\" width=\"1000\" height=\"1000\" srcset=\"https:\/\/hdxenergy.com\/wp-content\/uploads\/2025\/11\/12v200ah04.jpg 1000w, https:\/\/hdxenergy.com\/wp-content\/uploads\/2025\/11\/12v200ah04-300x300.jpg 300w, https:\/\/hdxenergy.com\/wp-content\/uploads\/2025\/11\/12v200ah04-150x150.jpg 150w, https:\/\/hdxenergy.com\/wp-content\/uploads\/2025\/11\/12v200ah04-768x768.jpg 768w, https:\/\/hdxenergy.com\/wp-content\/uploads\/2025\/11\/12v200ah04-600x600.jpg 600w, https:\/\/hdxenergy.com\/wp-content\/uploads\/2025\/11\/12v200ah04-100x100.jpg 100w\" sizes=\"(max-width: 1000px) 100vw, 1000px\" \/> <img loading=\"lazy\" decoding=\"async\" class=\"alignnone wp-image-540 size-full\" src=\"https:\/\/hdxenergy.com\/wp-content\/uploads\/2025\/11\/12v200ah03.jpg\" alt=\"Bater\u00eda HDXenergy de 12 V y 200 Ah LiFePO4: ideal para sistemas de almacenamiento de energ\u00eda solar, m\u00e1s de 8000 ciclos, 2560 Wh.\" width=\"1000\" height=\"1000\" srcset=\"https:\/\/hdxenergy.com\/wp-content\/uploads\/2025\/11\/12v200ah03.jpg 1000w, https:\/\/hdxenergy.com\/wp-content\/uploads\/2025\/11\/12v200ah03-300x300.jpg 300w, https:\/\/hdxenergy.com\/wp-content\/uploads\/2025\/11\/12v200ah03-150x150.jpg 150w, https:\/\/hdxenergy.com\/wp-content\/uploads\/2025\/11\/12v200ah03-768x768.jpg 768w, https:\/\/hdxenergy.com\/wp-content\/uploads\/2025\/11\/12v200ah03-600x600.jpg 600w, https:\/\/hdxenergy.com\/wp-content\/uploads\/2025\/11\/12v200ah03-100x100.jpg 100w\" sizes=\"(max-width: 1000px) 100vw, 1000px\" \/><\/p>","protected":false},"excerpt":{"rendered":"<p>HM-LF12200\u00a012.8V\u00a0200Ah General\u00a0Specification Electrical Characteristics Nominal Voltage 12.8V Nominal Capacity 200Ah Energy 2560Wh Internal Resistance \u226435m\u03a9 Cycle Life 2000 Cycles @ 0.2C Charging\/Discharging ,Until 80% Capacity Self Discharge \u22643.5% per month at 25\u2103 Standard Charging Max.Charging Voltage 14.0~14.6V Charging Mode At 0\u2103~45\u2103 temperature, charged to 14.6V at a constant current of 0.2C, and then,changed continuously with [&hellip;]<\/p>\n","protected":false},"featured_media":538,"comment_status":"open","ping_status":"closed","template":"","meta":[],"product_brand":[],"product_cat":[28],"product_tag":[],"class_list":{"0":"post-529","1":"product","2":"type-product","3":"status-publish","4":"has-post-thumbnail","6":"product_cat-12v-24v-lifepo4-battery","8":"first","9":"instock","10":"shipping-taxable","11":"product-type-simple"},"_links":{"self":[{"href":"https:\/\/hdxenergy.com\/es\/wp-json\/wp\/v2\/product\/529","targetHints":{"allow":["GET"]}}],"collection":[{"href":"https:\/\/hdxenergy.com\/es\/wp-json\/wp\/v2\/product"}],"about":[{"href":"https:\/\/hdxenergy.com\/es\/wp-json\/wp\/v2\/types\/product"}],"replies":[{"embeddable":true,"href":"https:\/\/hdxenergy.com\/es\/wp-json\/wp\/v2\/comments?post=529"}],"wp:featuredmedia":[{"embeddable":true,"href":"https:\/\/hdxenergy.com\/es\/wp-json\/wp\/v2\/media\/538"}],"wp:attachment":[{"href":"https:\/\/hdxenergy.com\/es\/wp-json\/wp\/v2\/media?parent=529"}],"wp:term":[{"taxonomy":"product_brand","embeddable":true,"href":"https:\/\/hdxenergy.com\/es\/wp-json\/wp\/v2\/product_brand?post=529"},{"taxonomy":"product_cat","embeddable":true,"href":"https:\/\/hdxenergy.com\/es\/wp-json\/wp\/v2\/product_cat?post=529"},{"taxonomy":"product_tag","embeddable":true,"href":"https:\/\/hdxenergy.com\/es\/wp-json\/wp\/v2\/product_tag?post=529"}],"curies":[{"name":"wp","href":"https:\/\/api.w.org\/{rel}","templated":true}]}}