{"id":519,"date":"2025-11-24T07:33:58","date_gmt":"2025-11-24T07:33:58","guid":{"rendered":"https:\/\/hdxenergy.com\/?post_type=product&#038;p=519"},"modified":"2026-01-07T06:28:41","modified_gmt":"2026-01-07T06:28:41","slug":"24-v-100-ah","status":"publish","type":"product","link":"https:\/\/hdxenergy.com\/es\/product\/24v100ah\/","title":{"rendered":"Bater\u00eda LiFePO4 de 24 V y 100 Ah | IP55, 2000 ciclos, ligera"},"content":{"rendered":"<h1>HM-LF24100 25,6 V 100 Ah<\/h1>\n<p><strong>Solicitud<\/strong><\/p>\n<ul>\n<li>UPS<\/li>\n<li>Sistema de energ\u00eda solar y e\u00f3lica<\/li>\n<li>Carrito de golf<\/li>\n<li>Veh\u00edculo el\u00e9ctrico, bicicleta el\u00e9ctrica, mototaxi el\u00e9ctrico<\/li>\n<li>Iluminaci\u00f3n<\/li>\n<\/ul>\n<p><strong>Especificaciones generales<\/strong><\/p>\n<div class=\"table-container\">\n<table>\n<tbody>\n<tr>\n<td>Caracter\u00edsticas el\u00e9ctricas<\/td>\n<td>Voltaje nominal<\/td>\n<td>25,6 V<\/td>\n<\/tr>\n<tr>\n<td><\/td>\n<td>Capacidad nominal<\/td>\n<td>100Ah@0.2C<\/td>\n<\/tr>\n<tr>\n<td><\/td>\n<td>Energ\u00eda<\/td>\n<td>2560 Wh<\/td>\n<\/tr>\n<tr>\n<td><\/td>\n<td>Resistencia interna<\/td>\n<td>\u226435 m\u03a9<\/td>\n<\/tr>\n<tr>\n<td><\/td>\n<td>Ciclo de vida<\/td>\n<td>2000 ciclos a 0,2 C de carga\/descarga, hasta una capacidad de 801 TP3T.<\/td>\n<\/tr>\n<tr>\n<td><\/td>\n<td>Autodescarga<\/td>\n<td>\u22643,51 TP3T al mes a 25 \u00b0C<\/td>\n<\/tr>\n<tr>\n<td>Carga est\u00e1ndar<\/td>\n<td>Voltaje m\u00e1ximo de carga<\/td>\n<td>28,0~29,2 V<\/td>\n<\/tr>\n<tr>\n<td><\/td>\n<td>Modo de carga<\/td>\n<td>A una temperatura de entre 0 \u2103 y 45 \u2103, se carga a 14,6 V con una corriente constante de 0,2 C y, a continuaci\u00f3n, se cambia continuamente con un voltaje constante de 14,6 V hasta que la corriente no supere los 0,02 C.<\/td>\n<\/tr>\n<tr>\n<td><\/td>\n<td>Corriente de carga<\/td>\n<td>50A<\/td>\n<\/tr>\n<tr>\n<td><\/td>\n<td>Corriente m\u00e1xima de carga<\/td>\n<td>100A<\/td>\n<\/tr>\n<tr>\n<td>Descarga est\u00e1ndar<\/td>\n<td>Carga de corriente<\/td>\n<td>100A<\/td>\n<\/tr>\n<tr>\n<td><\/td>\n<td>Corriente continua m\u00e1xima<\/td>\n<td>100A<\/td>\n<\/tr>\n<tr>\n<td><\/td>\n<td>Corriente de pulso m\u00e1xima<\/td>\n<td>200 A (&lt;3 s)<\/td>\n<\/tr>\n<tr>\n<td><\/td>\n<td>Tensi\u00f3n de descarga de corte<\/td>\n<td>10.0<\/td>\n<\/tr>\n<tr>\n<td>Condiciones de funcionamiento<\/td>\n<td>Temperatura de carga<\/td>\n<td>0 \u2103 a 45 \u2103 (32 \u2109 a 113 \u2109) @60\u00b125% Humedad relativa<\/td>\n<\/tr>\n<tr>\n<td><\/td>\n<td>Temperatura de descarga<\/td>\n<td>-20 \u00b0C a 60 \u00b0C (-4 \u00b0F a 140 \u00b0F) a 60 \u00b1 251 TP3T de humedad relativa<\/td>\n<\/tr>\n<tr>\n<td><\/td>\n<td>Temperatura de almacenamiento<\/td>\n<td>0 \u2103 a 45 \u2103 (32 \u2109 a 113 \u2109) @60\u00b125% Humedad relativa<\/td>\n<\/tr>\n<tr>\n<td><\/td>\n<td>Resistencia al agua y al polvo<\/td>\n<td>IP55<\/td>\n<\/tr>\n<tr>\n<td>Estructura<\/td>\n<td>Celda y formato<\/td>\n<td>(8S1P)<\/td>\n<\/tr>\n<tr>\n<td><\/td>\n<td>Carcasa<\/td>\n<td>Pl\u00e1stico<\/td>\n<\/tr>\n<tr>\n<td><\/td>\n<td>Dimensiones (L x A x G)<\/td>\n<td>522238218218 mm<\/td>\n<\/tr>\n<tr>\n<td><\/td>\n<td>Dimensiones del paquete<\/td>\n<td>570310297 mm<\/td>\n<\/tr>\n<tr>\n<td><\/td>\n<td>Peso<\/td>\n<td>Aproximadamente 20 kg.<\/td>\n<\/tr>\n<tr>\n<td><\/td>\n<td>Terminal<\/td>\n<td>M8<\/td>\n<\/tr>\n<\/tbody>\n<\/table>\n<\/div>\n<p><img fetchpriority=\"high\" decoding=\"async\" class=\"alignnone wp-image-528 size-full\" src=\"https:\/\/hdxenergy.com\/wp-content\/uploads\/2025\/11\/24v100ah005.jpg\" alt=\"Resistente al agua IP67\" width=\"1000\" height=\"1000\" srcset=\"https:\/\/hdxenergy.com\/wp-content\/uploads\/2025\/11\/24v100ah005.jpg 1000w, https:\/\/hdxenergy.com\/wp-content\/uploads\/2025\/11\/24v100ah005-300x300.jpg 300w, https:\/\/hdxenergy.com\/wp-content\/uploads\/2025\/11\/24v100ah005-150x150.jpg 150w, https:\/\/hdxenergy.com\/wp-content\/uploads\/2025\/11\/24v100ah005-768x768.jpg 768w, https:\/\/hdxenergy.com\/wp-content\/uploads\/2025\/11\/24v100ah005-600x600.jpg 600w, https:\/\/hdxenergy.com\/wp-content\/uploads\/2025\/11\/24v100ah005-100x100.jpg 100w\" sizes=\"(max-width: 1000px) 100vw, 1000px\" \/> <img decoding=\"async\" class=\"alignnone wp-image-527 size-full\" src=\"https:\/\/hdxenergy.com\/wp-content\/uploads\/2025\/11\/24v100ah004.jpg\" alt=\"Bater\u00eda LiFeP04: el componente central de almacenamiento de energ\u00eda en los sistemas de almacenamiento de energ\u00eda solar.\" width=\"1000\" height=\"1000\" srcset=\"https:\/\/hdxenergy.com\/wp-content\/uploads\/2025\/11\/24v100ah004.jpg 1000w, https:\/\/hdxenergy.com\/wp-content\/uploads\/2025\/11\/24v100ah004-300x300.jpg 300w, https:\/\/hdxenergy.com\/wp-content\/uploads\/2025\/11\/24v100ah004-150x150.jpg 150w, https:\/\/hdxenergy.com\/wp-content\/uploads\/2025\/11\/24v100ah004-768x768.jpg 768w, https:\/\/hdxenergy.com\/wp-content\/uploads\/2025\/11\/24v100ah004-600x600.jpg 600w, https:\/\/hdxenergy.com\/wp-content\/uploads\/2025\/11\/24v100ah004-100x100.jpg 100w\" sizes=\"(max-width: 1000px) 100vw, 1000px\" \/> <img decoding=\"async\" class=\"alignnone wp-image-526 size-full\" src=\"https:\/\/hdxenergy.com\/wp-content\/uploads\/2025\/11\/24v100ah003.jpg\" alt=\"Gesti\u00f3n de energ\u00eda para autocaravanas: estado de la bater\u00eda con Bluetooth para controlar la energ\u00eda sobre la marcha\" width=\"1000\" height=\"1000\" srcset=\"https:\/\/hdxenergy.com\/wp-content\/uploads\/2025\/11\/24v100ah003.jpg 1000w, https:\/\/hdxenergy.com\/wp-content\/uploads\/2025\/11\/24v100ah003-300x300.jpg 300w, https:\/\/hdxenergy.com\/wp-content\/uploads\/2025\/11\/24v100ah003-150x150.jpg 150w, https:\/\/hdxenergy.com\/wp-content\/uploads\/2025\/11\/24v100ah003-768x768.jpg 768w, https:\/\/hdxenergy.com\/wp-content\/uploads\/2025\/11\/24v100ah003-600x600.jpg 600w, https:\/\/hdxenergy.com\/wp-content\/uploads\/2025\/11\/24v100ah003-100x100.jpg 100w\" sizes=\"(max-width: 1000px) 100vw, 1000px\" \/> <img loading=\"lazy\" decoding=\"async\" class=\"alignnone wp-image-525 size-full\" src=\"https:\/\/hdxenergy.com\/wp-content\/uploads\/2025\/11\/24v100ah002.jpg\" alt=\"Imprescindible para acampar: la bater\u00eda con monitorizaci\u00f3n Bluetooth garantiza una alimentaci\u00f3n ininterrumpida en exteriores.\" width=\"1000\" height=\"1000\" srcset=\"https:\/\/hdxenergy.com\/wp-content\/uploads\/2025\/11\/24v100ah002.jpg 1000w, https:\/\/hdxenergy.com\/wp-content\/uploads\/2025\/11\/24v100ah002-300x300.jpg 300w, https:\/\/hdxenergy.com\/wp-content\/uploads\/2025\/11\/24v100ah002-150x150.jpg 150w, https:\/\/hdxenergy.com\/wp-content\/uploads\/2025\/11\/24v100ah002-768x768.jpg 768w, https:\/\/hdxenergy.com\/wp-content\/uploads\/2025\/11\/24v100ah002-600x600.jpg 600w, https:\/\/hdxenergy.com\/wp-content\/uploads\/2025\/11\/24v100ah002-100x100.jpg 100w\" sizes=\"(max-width: 1000px) 100vw, 1000px\" \/><\/p>","protected":false},"excerpt":{"rendered":"<ul>\n<li>La bater\u00eda de litio destaca por su elevada relaci\u00f3n capacidad-peso, su gran potencia de descarga, su r\u00e1pida carga, su larga vida \u00fatil y su excelente estabilidad a altas temperaturas.<\/li>\n<li>Con una profundidad de descarga de 80% y qu\u00edmica LiFePO4, garantiza seguridad t\u00e9rmica, reacciones redox estables y una vida \u00fatil prolongada. Su voltaje de descarga constante simplifica la regulaci\u00f3n del voltaje, y su dise\u00f1o a prueba de impactos resiste golpes fuertes sin riesgo de explosi\u00f3n.<\/li>\n<li>La marca BMS ofrece opciones de personalizaci\u00f3n, incluyendo el dise\u00f1o del logotipo y el aspecto exterior.<\/li>\n<\/ul>","protected":false},"featured_media":524,"comment_status":"open","ping_status":"closed","template":"","meta":[],"product_brand":[],"product_cat":[28],"product_tag":[],"class_list":{"0":"post-519","1":"product","2":"type-product","3":"status-publish","4":"has-post-thumbnail","6":"product_cat-12v-24v-lifepo4-battery","8":"first","9":"instock","10":"shipping-taxable","11":"product-type-simple"},"_links":{"self":[{"href":"https:\/\/hdxenergy.com\/es\/wp-json\/wp\/v2\/product\/519","targetHints":{"allow":["GET"]}}],"collection":[{"href":"https:\/\/hdxenergy.com\/es\/wp-json\/wp\/v2\/product"}],"about":[{"href":"https:\/\/hdxenergy.com\/es\/wp-json\/wp\/v2\/types\/product"}],"replies":[{"embeddable":true,"href":"https:\/\/hdxenergy.com\/es\/wp-json\/wp\/v2\/comments?post=519"}],"wp:featuredmedia":[{"embeddable":true,"href":"https:\/\/hdxenergy.com\/es\/wp-json\/wp\/v2\/media\/524"}],"wp:attachment":[{"href":"https:\/\/hdxenergy.com\/es\/wp-json\/wp\/v2\/media?parent=519"}],"wp:term":[{"taxonomy":"product_brand","embeddable":true,"href":"https:\/\/hdxenergy.com\/es\/wp-json\/wp\/v2\/product_brand?post=519"},{"taxonomy":"product_cat","embeddable":true,"href":"https:\/\/hdxenergy.com\/es\/wp-json\/wp\/v2\/product_cat?post=519"},{"taxonomy":"product_tag","embeddable":true,"href":"https:\/\/hdxenergy.com\/es\/wp-json\/wp\/v2\/product_tag?post=519"}],"curies":[{"name":"wp","href":"https:\/\/api.w.org\/{rel}","templated":true}]}}