{"id":472,"date":"2025-11-24T07:21:22","date_gmt":"2025-11-24T07:21:22","guid":{"rendered":"https:\/\/hdxenergy.com\/?post_type=product&#038;p=472"},"modified":"2026-01-07T06:24:02","modified_gmt":"2026-01-07T06:24:02","slug":"24-v-200-ah","status":"publish","type":"product","link":"https:\/\/hdxenergy.com\/es\/product\/24v200ah\/","title":{"rendered":"Bater\u00eda LiFePO4 de 24 V y 200 Ah OEM\/ODM | Ciclo profundo para energ\u00eda solar, UPS y carritos de golf"},"content":{"rendered":"<p><strong><b>Solicitud<\/b><\/strong><\/p>\n<p>\u25c6 UPS<\/p>\n<p>\u25c6 Sistema de energ\u00eda solar y e\u00f3lica<\/p>\n<p>\u25c6 Carrito de golf<\/p>\n<p>\u25c6 Veh\u00edculos el\u00e9ctricos, bicicletas el\u00e9ctricas, rickshaws el\u00e9ctricos, etc.<\/p>\n<p>\u25c6 Iluminaci\u00f3n<\/p>\n<p><strong><b>General<\/b><\/strong><strong><b>\u00a0<\/b><\/strong><strong><b>Especificaciones<\/b><\/strong><\/p>\n<div class=\"table-container\">\n<table>\n<tbody>\n<tr>\n<td>Caracter\u00edsticas el\u00e9ctricas<\/td>\n<td>Voltaje nominal<\/td>\n<td>25,6 V<\/td>\n<\/tr>\n<tr>\n<td><\/td>\n<td>Capacidad nominal<\/td>\n<td>200 Ah<\/td>\n<\/tr>\n<tr>\n<td><\/td>\n<td>Energ\u00eda<\/td>\n<td>5120 Wh<\/td>\n<\/tr>\n<tr>\n<td><\/td>\n<td>Resistencia interna<\/td>\n<td>\u226435 m\u03a9<\/td>\n<\/tr>\n<tr>\n<td><\/td>\n<td>Ciclo de vida<\/td>\n<td>2000 ciclos a 0,2 C de carga\/descarga, hasta una capacidad de 801 TP3T.<\/td>\n<\/tr>\n<tr>\n<td><\/td>\n<td>Autodescarga<\/td>\n<td>\u22643,51 TP3T al mes a 25 \u00b0C<\/td>\n<\/tr>\n<tr>\n<td>Carga est\u00e1ndar<\/td>\n<td>Voltaje m\u00e1ximo de carga<\/td>\n<td>28,0~25,6 V<\/td>\n<\/tr>\n<tr>\n<td><\/td>\n<td>Modo de carga<\/td>\n<td>A una temperatura de entre 0 \u2103 y 45 \u2103, se carga a 14,6 V con una corriente constante de 0,2 C y, a continuaci\u00f3n, se cambia continuamente con un voltaje constante de 14,6 V hasta que la corriente no supere los 0,02 C.<\/td>\n<\/tr>\n<tr>\n<td><\/td>\n<td>Corriente de carga<\/td>\n<td>100A<\/td>\n<\/tr>\n<tr>\n<td><\/td>\n<td>Corriente m\u00e1xima de carga<\/td>\n<td>200 A<\/td>\n<\/tr>\n<tr>\n<td>Descarga est\u00e1ndar<\/td>\n<td>Carga de corriente<\/td>\n<td>200 A<\/td>\n<\/tr>\n<tr>\n<td><\/td>\n<td>Corriente continua m\u00e1xima<\/td>\n<td>200 A<\/td>\n<\/tr>\n<tr>\n<td><\/td>\n<td>Corriente de pulso m\u00e1xima<\/td>\n<td>400 A (&lt;3 s)<\/td>\n<\/tr>\n<tr>\n<td><\/td>\n<td>Tensi\u00f3n de descarga de corte<\/td>\n<td>20.0<\/td>\n<\/tr>\n<tr>\n<td>Condiciones de funcionamiento<\/td>\n<td>Temperatura de carga<\/td>\n<td>0 \u2103 a 45 \u2103 (32 \u2109 a 113 \u2109) @60\u00b125% Humedad relativa<\/td>\n<\/tr>\n<tr>\n<td><\/td>\n<td>Temperatura de descarga<\/td>\n<td>-20 \u00b0C a 60 \u00b0C (-4 \u00b0F a 140 \u00b0F) a 60 \u00b1 251 TP3T de humedad relativa<\/td>\n<\/tr>\n<tr>\n<td><\/td>\n<td>Temperatura de almacenamiento<\/td>\n<td>0 \u2103 a 45 \u2103 (32 \u2109 a 113 \u2109) @60\u00b125% Humedad relativa<\/td>\n<\/tr>\n<tr>\n<td><\/td>\n<td>Resistencia al agua y al polvo<\/td>\n<td>IP55<\/td>\n<\/tr>\n<tr>\n<td>Estructura<\/td>\n<td>Celda y formato<\/td>\n<td>LFP206AH (8S1P)<\/td>\n<\/tr>\n<tr>\n<td><\/td>\n<td>Carcasa<\/td>\n<td>Pl\u00e1stico<\/td>\n<\/tr>\n<tr>\n<td><\/td>\n<td>Dimensiones (L x A x G)<\/td>\n<td>522238218218 mm<\/td>\n<\/tr>\n<tr>\n<td><\/td>\n<td>Dimensiones del paquete<\/td>\n<td>570310280 mm<\/td>\n<\/tr>\n<tr>\n<td><\/td>\n<td>Peso<\/td>\n<td>Aprox. 3,8 kg<\/td>\n<\/tr>\n<tr>\n<td><\/td>\n<td>Terminal<\/td>\n<td>M8<\/td>\n<\/tr>\n<\/tbody>\n<\/table>\n<\/div>\n<p><img fetchpriority=\"high\" decoding=\"async\" class=\"alignnone wp-image-514 size-full\" src=\"https:\/\/hdxenergy.com\/wp-content\/uploads\/2025\/11\/24v200ah08.jpg\" alt=\"Protecci\u00f3n contra corte por baja temperatura\" width=\"1000\" height=\"1000\" srcset=\"https:\/\/hdxenergy.com\/wp-content\/uploads\/2025\/11\/24v200ah08.jpg 1000w, https:\/\/hdxenergy.com\/wp-content\/uploads\/2025\/11\/24v200ah08-300x300.jpg 300w, https:\/\/hdxenergy.com\/wp-content\/uploads\/2025\/11\/24v200ah08-150x150.jpg 150w, https:\/\/hdxenergy.com\/wp-content\/uploads\/2025\/11\/24v200ah08-768x768.jpg 768w, https:\/\/hdxenergy.com\/wp-content\/uploads\/2025\/11\/24v200ah08-600x600.jpg 600w, https:\/\/hdxenergy.com\/wp-content\/uploads\/2025\/11\/24v200ah08-100x100.jpg 100w\" sizes=\"(max-width: 1000px) 100vw, 1000px\" \/> <img decoding=\"async\" class=\"alignnone wp-image-513 size-full\" src=\"https:\/\/hdxenergy.com\/wp-content\/uploads\/2025\/11\/24v200ah07.jpg\" alt=\"RESISTENTE AL AGUA\" width=\"1000\" height=\"1000\" srcset=\"https:\/\/hdxenergy.com\/wp-content\/uploads\/2025\/11\/24v200ah07.jpg 1000w, https:\/\/hdxenergy.com\/wp-content\/uploads\/2025\/11\/24v200ah07-300x300.jpg 300w, https:\/\/hdxenergy.com\/wp-content\/uploads\/2025\/11\/24v200ah07-150x150.jpg 150w, https:\/\/hdxenergy.com\/wp-content\/uploads\/2025\/11\/24v200ah07-768x768.jpg 768w, https:\/\/hdxenergy.com\/wp-content\/uploads\/2025\/11\/24v200ah07-600x600.jpg 600w, https:\/\/hdxenergy.com\/wp-content\/uploads\/2025\/11\/24v200ah07-100x100.jpg 100w\" sizes=\"(max-width: 1000px) 100vw, 1000px\" \/> <img decoding=\"async\" class=\"alignnone wp-image-512 size-full\" src=\"https:\/\/hdxenergy.com\/wp-content\/uploads\/2025\/11\/24v200ah06.jpg\" alt=\"Alimente con bater\u00eda sus aventuras en autocaravana\" width=\"1000\" height=\"1000\" srcset=\"https:\/\/hdxenergy.com\/wp-content\/uploads\/2025\/11\/24v200ah06.jpg 1000w, https:\/\/hdxenergy.com\/wp-content\/uploads\/2025\/11\/24v200ah06-300x300.jpg 300w, https:\/\/hdxenergy.com\/wp-content\/uploads\/2025\/11\/24v200ah06-150x150.jpg 150w, https:\/\/hdxenergy.com\/wp-content\/uploads\/2025\/11\/24v200ah06-768x768.jpg 768w, https:\/\/hdxenergy.com\/wp-content\/uploads\/2025\/11\/24v200ah06-600x600.jpg 600w, https:\/\/hdxenergy.com\/wp-content\/uploads\/2025\/11\/24v200ah06-100x100.jpg 100w\" sizes=\"(max-width: 1000px) 100vw, 1000px\" \/> <img loading=\"lazy\" decoding=\"async\" class=\"alignnone wp-image-511 size-full\" src=\"https:\/\/hdxenergy.com\/wp-content\/uploads\/2025\/11\/24v200ah05.jpg\" alt=\"Bater\u00eda LiFePo4 de 24 V y 200 Ah: energ\u00eda confiable para viajes en barco\" width=\"1000\" height=\"1000\" srcset=\"https:\/\/hdxenergy.com\/wp-content\/uploads\/2025\/11\/24v200ah05.jpg 1000w, https:\/\/hdxenergy.com\/wp-content\/uploads\/2025\/11\/24v200ah05-300x300.jpg 300w, https:\/\/hdxenergy.com\/wp-content\/uploads\/2025\/11\/24v200ah05-150x150.jpg 150w, https:\/\/hdxenergy.com\/wp-content\/uploads\/2025\/11\/24v200ah05-768x768.jpg 768w, https:\/\/hdxenergy.com\/wp-content\/uploads\/2025\/11\/24v200ah05-600x600.jpg 600w, https:\/\/hdxenergy.com\/wp-content\/uploads\/2025\/11\/24v200ah05-100x100.jpg 100w\" sizes=\"(max-width: 1000px) 100vw, 1000px\" \/><\/p>","protected":false},"excerpt":{"rendered":"<ul>\n<li>La bater\u00eda de litio destaca por su elevada relaci\u00f3n capacidad-peso, su gran potencia de descarga, su r\u00e1pida carga, su larga vida \u00fatil y su excelente estabilidad a altas temperaturas.<\/li>\n<li>Con una profundidad de descarga de 80% y qu\u00edmica LiFePO4, garantiza seguridad t\u00e9rmica, reacciones redox estables y una vida \u00fatil prolongada. Su voltaje de descarga constante simplifica la regulaci\u00f3n del voltaje, y su dise\u00f1o a prueba de impactos resiste golpes fuertes sin riesgo de explosi\u00f3n.<\/li>\n<li>La marca BMS ofrece opciones de personalizaci\u00f3n, incluyendo el dise\u00f1o del logotipo y el aspecto exterior.<\/li>\n<\/ul>","protected":false},"featured_media":507,"comment_status":"open","ping_status":"closed","template":"","meta":[],"product_brand":[],"product_cat":[28],"product_tag":[],"class_list":{"0":"post-472","1":"product","2":"type-product","3":"status-publish","4":"has-post-thumbnail","6":"product_cat-12v-24v-lifepo4-battery","8":"first","9":"instock","10":"shipping-taxable","11":"product-type-simple"},"_links":{"self":[{"href":"https:\/\/hdxenergy.com\/es\/wp-json\/wp\/v2\/product\/472","targetHints":{"allow":["GET"]}}],"collection":[{"href":"https:\/\/hdxenergy.com\/es\/wp-json\/wp\/v2\/product"}],"about":[{"href":"https:\/\/hdxenergy.com\/es\/wp-json\/wp\/v2\/types\/product"}],"replies":[{"embeddable":true,"href":"https:\/\/hdxenergy.com\/es\/wp-json\/wp\/v2\/comments?post=472"}],"wp:featuredmedia":[{"embeddable":true,"href":"https:\/\/hdxenergy.com\/es\/wp-json\/wp\/v2\/media\/507"}],"wp:attachment":[{"href":"https:\/\/hdxenergy.com\/es\/wp-json\/wp\/v2\/media?parent=472"}],"wp:term":[{"taxonomy":"product_brand","embeddable":true,"href":"https:\/\/hdxenergy.com\/es\/wp-json\/wp\/v2\/product_brand?post=472"},{"taxonomy":"product_cat","embeddable":true,"href":"https:\/\/hdxenergy.com\/es\/wp-json\/wp\/v2\/product_cat?post=472"},{"taxonomy":"product_tag","embeddable":true,"href":"https:\/\/hdxenergy.com\/es\/wp-json\/wp\/v2\/product_tag?post=472"}],"curies":[{"name":"wp","href":"https:\/\/api.w.org\/{rel}","templated":true}]}}