{"id":451,"date":"2025-11-24T06:51:53","date_gmt":"2025-11-24T06:51:53","guid":{"rendered":"https:\/\/hdxenergy.com\/?post_type=product&#038;p=451"},"modified":"2026-01-07T06:10:22","modified_gmt":"2026-01-07T06:10:22","slug":"38-version-con-carcasa-de-caucho-4v105ah","status":"publish","type":"product","link":"https:\/\/hdxenergy.com\/es\/product\/38-4v105ah-rubber-shell-version\/","title":{"rendered":"Bater\u00eda para carrito de golf de 38,4 V y 105 Ah | Carcasa de caucho resistente a los impactos LiFePO4"},"content":{"rendered":"<p><strong>Especificaciones y par\u00e1metros del producto<\/strong><\/p>\n<p><strong>Par\u00e1metros t\u00e9cnicos de la bater\u00eda<\/strong><\/p>\n<div class=\"table-container\">\n<table>\n<tbody>\n<tr>\n<td>Especificaciones del proyecto<\/td>\n<td>Par\u00e1metros est\u00e1ndar<\/td>\n<td>Observaciones<\/td>\n<\/tr>\n<tr>\n<td>Modelo de bater\u00eda<\/td>\n<td>38,4 V, 105 Ah<\/td>\n<td><\/td>\n<\/tr>\n<tr>\n<td>Tipo de bater\u00eda<\/td>\n<td>Bater\u00eda LFP<\/td>\n<td><\/td>\n<\/tr>\n<tr>\n<td>Voltaje nominal (V)<\/td>\n<td>38.4<\/td>\n<td><\/td>\n<\/tr>\n<tr>\n<td>Capacidad nominal (Ah)<\/td>\n<td>105 \u00b1 51 TP3T<\/td>\n<td>25 \u00b0C \u00b1 2 \u00b0C, carga de 0,5 C, descarga de 0,5 C<\/td>\n<\/tr>\n<tr>\n<td>Energ\u00eda nominal (Wh)<\/td>\n<td>4032<\/td>\n<td><\/td>\n<\/tr>\n<tr>\n<td>Voltaje de carga nominal (V)<\/td>\n<td>43.8<\/td>\n<td><\/td>\n<\/tr>\n<tr>\n<td>Voltaje nominal de corte de descarga (V)<\/td>\n<td>33.6<\/td>\n<td><\/td>\n<\/tr>\n<tr>\n<td>Corriente de carga est\u00e1ndar (A)<\/td>\n<td>20<\/td>\n<td><\/td>\n<\/tr>\n<tr>\n<td>Corriente m\u00e1xima de carga (A)<\/td>\n<td>50<\/td>\n<td><\/td>\n<\/tr>\n<tr>\n<td>Carga est\u00e1ndar Corriente (A)<\/td>\n<td>50<\/td>\n<td><\/td>\n<\/tr>\n<tr>\n<td>Corriente de descarga continua (A)<\/td>\n<td>200<\/td>\n<td><\/td>\n<\/tr>\n<tr>\n<td>Corriente de descarga m\u00e1xima (A)<\/td>\n<td>400 (35S)<\/td>\n<td><\/td>\n<\/tr>\n<tr>\n<td>Corriente m\u00e1xima de descarga (A)<\/td>\n<td>600 A (3 S)<\/td>\n<td><\/td>\n<\/tr>\n<tr>\n<td>Material de la carcasa<\/td>\n<td>Carcasa de pl\u00e1stico<\/td>\n<td><\/td>\n<\/tr>\n<tr>\n<td>Peso (kg)<\/td>\n<td>Aproximadamente 31,7 kg.<\/td>\n<td><\/td>\n<\/tr>\n<tr>\n<td>Resistencia interna inicial (m\u03a9)<\/td>\n<td>\u226450<\/td>\n<td>Bater\u00eda nueva en un plazo de 3 meses, ACIR, 1000 Hz.<\/td>\n<\/tr>\n<tr>\n<td>Tasa de autodescarga mensual<\/td>\n<td>\u22645%<\/td>\n<td>Est\u00e1ndar cargado a 100% SOC y almacenamiento durante 28 d\u00edas a 25 \u00b1 2 \u2103.<\/td>\n<\/tr>\n<\/tbody>\n<\/table>\n<table>\n<tbody>\n<tr>\n<td>Dimensiones totales (mm)<\/td>\n<td>520 \u00d7 268 \u00d7 220 mm \u00b1 2,0<\/td>\n<td>Longitud \u00d7 Ancho \u00d7 Altura (tama\u00f1o de la caja, sin asa)<\/td>\n<\/tr>\n<tr>\n<td>Voltaje de entrega (V)<\/td>\n<td>38 ~ 39.6<\/td>\n<td>30~70%SOC<\/td>\n<\/tr>\n<tr>\n<td>Vida \u00fatil (veces) (25 \u00b0C \u00b1 2 \u00b0C)<\/td>\n<td>retenci\u00f3n de capacidad: \u226580%<\/td>\n<td>a\uff09A temperatura ambiente, contin\u00fae cargando a una corriente constante de 20 A hasta que el voltaje de la bater\u00eda sea de 43,8, y cargue a voltaje constante hasta que la corriente sea de 0,05 C. Deje reposar durante 2 horas. b\uff09Descargue a 20 A hasta el voltaje de corte de 30 V a temperatura ambiente. Deje reposar durante 3 horas. c\uff09Repita los pasos de a\uff09 a b) hasta que la capacidad de descarga alcance el 80% de la capacidad nominal. El n\u00famero de ciclos completados se defini\u00f3 como la vida \u00fatil de la bater\u00eda.<\/td>\n<\/tr>\n<\/tbody>\n<\/table>\n<table>\n<tbody>\n<tr>\n<td>Vida \u00fatil (veces) (25 \u00b0C \u00b1 2 \u00b0C)<\/td>\n<td>retenci\u00f3n de capacidad: \u226580%<\/td>\n<td>a\uff09A temperatura ambiente, contin\u00fae cargando a una corriente constante de 20 A hasta que el voltaje de la bater\u00eda sea de 43,8, y cargue a voltaje constante hasta que la corriente sea de 0,05 C. Deje reposar durante 2 horas. b\uff09Descargue a 20 A hasta el voltaje de corte de 30 V a temperatura ambiente. Deje reposar durante 3 horas. c\uff09Repita los pasos de a\uff09 a b) hasta que la capacidad de descarga alcance el 80% de la capacidad nominal. El n\u00famero de ciclos completados se defini\u00f3 como la vida \u00fatil de la bater\u00eda.<\/td>\n<\/tr>\n<tr>\n<td>Modo de comunicaci\u00f3n<\/td>\n<td colspan=\"2\">UART<\/td>\n<\/tr>\n<tr>\n<td>Temperatura de carga (\u2103)<\/td>\n<td>30A<\/td>\n<td>0~10 \u2103<\/td>\n<\/tr>\n<tr>\n<td><\/td>\n<td>20A<\/td>\n<td>10~20 \u2103<\/td>\n<\/tr>\n<tr>\n<td><\/td>\n<td>50A<\/td>\n<td>20~40 \u2103<\/td>\n<\/tr>\n<tr>\n<td><\/td>\n<td>30A<\/td>\n<td>40~55 \u2103<\/td>\n<\/tr>\n<tr>\n<td>Temperatura de descarga (\u00b0C)<\/td>\n<td>-20~55<\/td>\n<td>La temperatura superficial de la celda no debe superar los 60 \u00b0C.<\/td>\n<\/tr>\n<tr>\n<td>Temperatura de almacenamiento<\/td>\n<td>-30~55 \u2103 90 % HR m\u00e1x. -10\uff5e45 \u2103 70 % HR m\u00e1x.<\/td>\n<td>Menos de 1 mes M\u00e1s de 3 meses<\/td>\n<\/tr>\n<tr>\n<td>Temperatura de almacenamiento recomendada<\/td>\n<td>-10\uff5e35 \u2103 85 % HR m\u00e1x.<\/td>\n<td>La vida \u00fatil de la bater\u00eda se reducir\u00eda si se almacena a altas temperaturas.<\/td>\n<\/tr>\n<\/tbody>\n<\/table>\n<\/div>\n<p><img fetchpriority=\"high\" decoding=\"async\" class=\"alignnone wp-image-460 size-full\" src=\"https:\/\/hdxenergy.com\/wp-content\/uploads\/2025\/11\/38.4v105ah-rubber-shell-version03.jpg\" alt=\"Caracter\u00edsticas de la versi\u00f3n con carcasa de goma de 38,4 V y 105 Ah\" width=\"1000\" height=\"1000\" srcset=\"https:\/\/hdxenergy.com\/wp-content\/uploads\/2025\/11\/38.4v105ah-rubber-shell-version03.jpg 1000w, https:\/\/hdxenergy.com\/wp-content\/uploads\/2025\/11\/38.4v105ah-rubber-shell-version03-300x300.jpg 300w, https:\/\/hdxenergy.com\/wp-content\/uploads\/2025\/11\/38.4v105ah-rubber-shell-version03-150x150.jpg 150w, https:\/\/hdxenergy.com\/wp-content\/uploads\/2025\/11\/38.4v105ah-rubber-shell-version03-768x768.jpg 768w, https:\/\/hdxenergy.com\/wp-content\/uploads\/2025\/11\/38.4v105ah-rubber-shell-version03-600x600.jpg 600w, https:\/\/hdxenergy.com\/wp-content\/uploads\/2025\/11\/38.4v105ah-rubber-shell-version03-100x100.jpg 100w\" sizes=\"(max-width: 1000px) 100vw, 1000px\" \/> <img decoding=\"async\" class=\"alignnone wp-image-461 size-full\" src=\"https:\/\/hdxenergy.com\/wp-content\/uploads\/2025\/11\/38.4v105ah-rubber-shell-version04.jpg\" alt=\"Bater\u00edas para carritos de golf HMX compatibles con\" width=\"1000\" height=\"1000\" srcset=\"https:\/\/hdxenergy.com\/wp-content\/uploads\/2025\/11\/38.4v105ah-rubber-shell-version04.jpg 1000w, https:\/\/hdxenergy.com\/wp-content\/uploads\/2025\/11\/38.4v105ah-rubber-shell-version04-300x300.jpg 300w, https:\/\/hdxenergy.com\/wp-content\/uploads\/2025\/11\/38.4v105ah-rubber-shell-version04-150x150.jpg 150w, https:\/\/hdxenergy.com\/wp-content\/uploads\/2025\/11\/38.4v105ah-rubber-shell-version04-768x768.jpg 768w, https:\/\/hdxenergy.com\/wp-content\/uploads\/2025\/11\/38.4v105ah-rubber-shell-version04-600x600.jpg 600w, https:\/\/hdxenergy.com\/wp-content\/uploads\/2025\/11\/38.4v105ah-rubber-shell-version04-100x100.jpg 100w\" sizes=\"(max-width: 1000px) 100vw, 1000px\" \/> <img decoding=\"async\" class=\"alignnone wp-image-462 size-full\" src=\"https:\/\/hdxenergy.com\/wp-content\/uploads\/2025\/11\/38.4v105ah-rubber-shell-version05.jpg\" alt=\"COMPATIBLE CON LA MAYOR\u00cdA DE MARCAS DE CONTROLADORES DE VEH\u00cdCULOS DE GOLF\" width=\"1000\" height=\"1000\" srcset=\"https:\/\/hdxenergy.com\/wp-content\/uploads\/2025\/11\/38.4v105ah-rubber-shell-version05.jpg 1000w, https:\/\/hdxenergy.com\/wp-content\/uploads\/2025\/11\/38.4v105ah-rubber-shell-version05-300x300.jpg 300w, https:\/\/hdxenergy.com\/wp-content\/uploads\/2025\/11\/38.4v105ah-rubber-shell-version05-150x150.jpg 150w, https:\/\/hdxenergy.com\/wp-content\/uploads\/2025\/11\/38.4v105ah-rubber-shell-version05-768x768.jpg 768w, https:\/\/hdxenergy.com\/wp-content\/uploads\/2025\/11\/38.4v105ah-rubber-shell-version05-600x600.jpg 600w, https:\/\/hdxenergy.com\/wp-content\/uploads\/2025\/11\/38.4v105ah-rubber-shell-version05-100x100.jpg 100w\" sizes=\"(max-width: 1000px) 100vw, 1000px\" \/> <img loading=\"lazy\" decoding=\"async\" class=\"alignnone wp-image-463 size-full\" src=\"https:\/\/hdxenergy.com\/wp-content\/uploads\/2025\/11\/38.4v105ah-rubber-shell-version06.jpg\" alt=\"Nuevo dise\u00f1o (tecnolog\u00eda central)\" width=\"1000\" height=\"1000\" srcset=\"https:\/\/hdxenergy.com\/wp-content\/uploads\/2025\/11\/38.4v105ah-rubber-shell-version06.jpg 1000w, https:\/\/hdxenergy.com\/wp-content\/uploads\/2025\/11\/38.4v105ah-rubber-shell-version06-300x300.jpg 300w, https:\/\/hdxenergy.com\/wp-content\/uploads\/2025\/11\/38.4v105ah-rubber-shell-version06-150x150.jpg 150w, https:\/\/hdxenergy.com\/wp-content\/uploads\/2025\/11\/38.4v105ah-rubber-shell-version06-768x768.jpg 768w, https:\/\/hdxenergy.com\/wp-content\/uploads\/2025\/11\/38.4v105ah-rubber-shell-version06-600x600.jpg 600w, https:\/\/hdxenergy.com\/wp-content\/uploads\/2025\/11\/38.4v105ah-rubber-shell-version06-100x100.jpg 100w\" sizes=\"(max-width: 1000px) 100vw, 1000px\" \/><\/p>","protected":false},"excerpt":{"rendered":"<ol>\n<li>Rendimiento b\u00e1sico<\/li>\n<\/ol>\n<p>Gran capacidad de 100 Ah: proporciona energ\u00eda confiable para el almacenamiento de energ\u00eda solar, sistemas de energ\u00eda de respaldo, veh\u00edculos recreativos, herramientas el\u00e9ctricas y otros escenarios vers\u00e1tiles.<\/p>\n<ol start=\"2\">\n<li>Seguridad de primer nivel<\/li>\n<\/ol>\n<p>Doble protecci\u00f3n de seguridad: cuenta con una estabilidad t\u00e9rmica excepcional y un sistema de gesti\u00f3n de bater\u00eda (BMS) integrado para evitar sobrecargas, descargas excesivas y cortocircuitos.<\/p>\n<ol start=\"3\">\n<li>Durabilidad prolongada<\/li>\n<\/ol>\n<p>M\u00e1s de 5000 ciclos de carga: garantiza una fiabilidad a largo plazo, reduce la necesidad de reemplazos frecuentes y disminuye los costos generales de mantenimiento.<\/p>\n<ol start=\"4\">\n<li>Carga r\u00e1pida y eficiente<\/li>\n<\/ol>\n<p>Compatibilidad con carga r\u00e1pida: carga de forma r\u00e1pida y eficiente, con amplia compatibilidad para diversos dispositivos y sistemas de alimentaci\u00f3n.<\/p>\n<ol start=\"5\">\n<li>Dise\u00f1o ecol\u00f3gico<\/li>\n<\/ol>\n<p>No t\u00f3xico y reciclable: cumple con las normas medioambientales internacionales, lo que lo convierte en una soluci\u00f3n energ\u00e9tica sostenible.<\/p>","protected":false},"featured_media":458,"comment_status":"open","ping_status":"closed","template":"","meta":[],"product_brand":[],"product_cat":[29],"product_tag":[],"class_list":{"0":"post-451","1":"product","2":"type-product","3":"status-publish","4":"has-post-thumbnail","6":"product_cat-golf-cart-lithium-battery","8":"first","9":"instock","10":"shipping-taxable","11":"product-type-simple"},"_links":{"self":[{"href":"https:\/\/hdxenergy.com\/es\/wp-json\/wp\/v2\/product\/451","targetHints":{"allow":["GET"]}}],"collection":[{"href":"https:\/\/hdxenergy.com\/es\/wp-json\/wp\/v2\/product"}],"about":[{"href":"https:\/\/hdxenergy.com\/es\/wp-json\/wp\/v2\/types\/product"}],"replies":[{"embeddable":true,"href":"https:\/\/hdxenergy.com\/es\/wp-json\/wp\/v2\/comments?post=451"}],"wp:featuredmedia":[{"embeddable":true,"href":"https:\/\/hdxenergy.com\/es\/wp-json\/wp\/v2\/media\/458"}],"wp:attachment":[{"href":"https:\/\/hdxenergy.com\/es\/wp-json\/wp\/v2\/media?parent=451"}],"wp:term":[{"taxonomy":"product_brand","embeddable":true,"href":"https:\/\/hdxenergy.com\/es\/wp-json\/wp\/v2\/product_brand?post=451"},{"taxonomy":"product_cat","embeddable":true,"href":"https:\/\/hdxenergy.com\/es\/wp-json\/wp\/v2\/product_cat?post=451"},{"taxonomy":"product_tag","embeddable":true,"href":"https:\/\/hdxenergy.com\/es\/wp-json\/wp\/v2\/product_tag?post=451"}],"curies":[{"name":"wp","href":"https:\/\/api.w.org\/{rel}","templated":true}]}}