{"id":216,"date":"2025-11-24T05:48:05","date_gmt":"2025-11-24T05:48:05","guid":{"rendered":"https:\/\/hdxenergy.com\/?post_type=product&#038;p=216"},"modified":"2026-01-07T05:40:25","modified_gmt":"2026-01-07T05:40:25","slug":"serie-1000w","status":"publish","type":"product","link":"https:\/\/hdxenergy.com\/es\/product\/1000w-series\/","title":{"rendered":"Distribuidor de estaciones de energ\u00eda port\u00e1tiles H092-1000Wh | Generador solar LiFePO4 de 1000W"},"content":{"rendered":"<div class=\"table-container\"><strong>H092-1000Wh Especificaciones t\u00e9cnicas<\/strong><\/p>\n<table>\n<tbody>\n<tr>\n<td>Modelo<\/td>\n<td>H092-1000 Wh<\/td>\n<\/tr>\n<tr>\n<td>Tama\u00f1o (L*W*H)<\/td>\n<td>350 mm \u00d7 200 mm \u00d7 304 mm<\/td>\n<\/tr>\n<tr>\n<td>Peso<\/td>\n<td>13 kg<\/td>\n<\/tr>\n<tr>\n<td>Capacidad de la bater\u00eda<\/td>\n<td>40 Ah\/25,6 V (1024 Wh)<\/td>\n<\/tr>\n<tr>\n<td>Normas de certificaci\u00f3n<\/td>\n<td>CE FCC ROHS<\/td>\n<\/tr>\n<tr>\n<td>Salida de CA<\/td>\n<td>Onda sinusoidal pura CA 110 V a 60 Hz*2 O CA 220 V a 50 Hz*2<\/td>\n<\/tr>\n<tr>\n<td>Potencia de salida del inverter<\/td>\n<td>Potencia nominal 1000 W, potencia m\u00e1xima 2000 W.<\/td>\n<\/tr>\n<tr>\n<td>Entrada de carga solar<\/td>\n<td>12-30 V\u23936 A M\u00e1x. 180 W<\/td>\n<\/tr>\n<tr>\n<td>Salida de carga del autom\u00f3vil<\/td>\n<td>14 V\u239315 A*1<\/td>\n<\/tr>\n<tr>\n<td>Otras entradas<\/td>\n<td>Entrada del inversor: 28 V\u23936 A Entrada tipo C: 5-20 V\u23935 A M\u00e1x. 100 W<\/td>\n<\/tr>\n<tr>\n<td>Salida DC5521<\/td>\n<td>13,5 V\u23935 A*2<\/td>\n<\/tr>\n<tr>\n<td>Salida USB<\/td>\n<td>5 V\u23932,4 A*2 QC3.0 (5 V\u23933 A, 9 V\u23932 A, 12 V\u23931,5 A)*2<\/td>\n<\/tr>\n<tr>\n<td>Tipo C<\/td>\n<td>Entrada: 5-20 V\u23935 A M\u00e1x. 100 W Salida: 100 W PD *1 60 WPD *1<\/td>\n<\/tr>\n<tr>\n<td>Iluminaci\u00f3n<\/td>\n<td>Luz LED de 6 W<\/td>\n<\/tr>\n<tr>\n<td>Tipo de bater\u00eda<\/td>\n<td>Bater\u00eda LiFePO4<\/td>\n<\/tr>\n<tr>\n<td>Duraci\u00f3n del ciclo de la bater\u00eda<\/td>\n<td>Despu\u00e9s de 3000 ciclos, la capacidad restante sigue siendo superior a 801 TP3T.<\/td>\n<\/tr>\n<tr>\n<td>Temperatura de almacenamiento<\/td>\n<td>La temperatura ambiente recomendada oscila entre 20 \u2103 y 30 \u2103.<\/td>\n<\/tr>\n<tr>\n<td>Temperatura de descarga<\/td>\n<td>-20 \u2103\u201450 \u2103<\/td>\n<\/tr>\n<tr>\n<td>Temperatura de carga<\/td>\n<td>-5 \u2103\u201450 \u2103<\/td>\n<\/tr>\n<tr>\n<td>Protecci\u00f3n del sistema<\/td>\n<td>Protecci\u00f3n contra sobrecalentamiento, protecci\u00f3n contra sobretensi\u00f3n, protecci\u00f3n contra sobrecorriente, protecci\u00f3n contra sobrecarga, protecci\u00f3n contra descarga excesiva, protecci\u00f3n contra cortocircuito de carga.,<\/td>\n<\/tr>\n<\/tbody>\n<\/table>\n<\/div>\n<p><img fetchpriority=\"high\" decoding=\"async\" class=\"alignnone wp-image-312 size-full\" src=\"https:\/\/hdxenergy.com\/wp-content\/uploads\/2025\/11\/1000W-Series06.jpg\" alt=\"ESTACI\u00d3N DE ENERG\u00cdA PORT\u00c1TIL 1000 W\/1500 W Personalizable OEM\/ODM\" width=\"1000\" height=\"1000\" srcset=\"https:\/\/hdxenergy.com\/wp-content\/uploads\/2025\/11\/1000W-Series06.jpg 1000w, https:\/\/hdxenergy.com\/wp-content\/uploads\/2025\/11\/1000W-Series06-300x300.jpg 300w, https:\/\/hdxenergy.com\/wp-content\/uploads\/2025\/11\/1000W-Series06-150x150.jpg 150w, https:\/\/hdxenergy.com\/wp-content\/uploads\/2025\/11\/1000W-Series06-768x768.jpg 768w, https:\/\/hdxenergy.com\/wp-content\/uploads\/2025\/11\/1000W-Series06-600x600.jpg 600w, https:\/\/hdxenergy.com\/wp-content\/uploads\/2025\/11\/1000W-Series06-100x100.jpg 100w\" sizes=\"(max-width: 1000px) 100vw, 1000px\" \/> <img decoding=\"async\" class=\"alignnone wp-image-311 size-full\" src=\"https:\/\/hdxenergy.com\/wp-content\/uploads\/2025\/11\/1000W-Series05.jpg\" alt=\"SALIDA DE CA POTENTE DE 1000\/1500 W\" width=\"1000\" height=\"1000\" srcset=\"https:\/\/hdxenergy.com\/wp-content\/uploads\/2025\/11\/1000W-Series05.jpg 1000w, https:\/\/hdxenergy.com\/wp-content\/uploads\/2025\/11\/1000W-Series05-300x300.jpg 300w, https:\/\/hdxenergy.com\/wp-content\/uploads\/2025\/11\/1000W-Series05-150x150.jpg 150w, https:\/\/hdxenergy.com\/wp-content\/uploads\/2025\/11\/1000W-Series05-768x768.jpg 768w, https:\/\/hdxenergy.com\/wp-content\/uploads\/2025\/11\/1000W-Series05-600x600.jpg 600w, https:\/\/hdxenergy.com\/wp-content\/uploads\/2025\/11\/1000W-Series05-100x100.jpg 100w\" sizes=\"(max-width: 1000px) 100vw, 1000px\" \/> <img decoding=\"async\" class=\"alignnone wp-image-310 size-full\" src=\"https:\/\/hdxenergy.com\/wp-content\/uploads\/2025\/11\/1000W-Series04.jpg\" alt=\"ALTA CAPACIDAD\" width=\"1000\" height=\"1000\" srcset=\"https:\/\/hdxenergy.com\/wp-content\/uploads\/2025\/11\/1000W-Series04.jpg 1000w, https:\/\/hdxenergy.com\/wp-content\/uploads\/2025\/11\/1000W-Series04-300x300.jpg 300w, https:\/\/hdxenergy.com\/wp-content\/uploads\/2025\/11\/1000W-Series04-150x150.jpg 150w, https:\/\/hdxenergy.com\/wp-content\/uploads\/2025\/11\/1000W-Series04-768x768.jpg 768w, https:\/\/hdxenergy.com\/wp-content\/uploads\/2025\/11\/1000W-Series04-600x600.jpg 600w, https:\/\/hdxenergy.com\/wp-content\/uploads\/2025\/11\/1000W-Series04-100x100.jpg 100w\" sizes=\"(max-width: 1000px) 100vw, 1000px\" \/> <img loading=\"lazy\" decoding=\"async\" class=\"alignnone wp-image-309 size-full\" src=\"https:\/\/hdxenergy.com\/wp-content\/uploads\/2025\/11\/1000W-Series03.jpg\" alt=\"7 salidas admiten dispositivos de alimentaci\u00f3n simult\u00e1neamente\" width=\"1000\" height=\"1000\" srcset=\"https:\/\/hdxenergy.com\/wp-content\/uploads\/2025\/11\/1000W-Series03.jpg 1000w, https:\/\/hdxenergy.com\/wp-content\/uploads\/2025\/11\/1000W-Series03-300x300.jpg 300w, https:\/\/hdxenergy.com\/wp-content\/uploads\/2025\/11\/1000W-Series03-150x150.jpg 150w, https:\/\/hdxenergy.com\/wp-content\/uploads\/2025\/11\/1000W-Series03-768x768.jpg 768w, https:\/\/hdxenergy.com\/wp-content\/uploads\/2025\/11\/1000W-Series03-600x600.jpg 600w, https:\/\/hdxenergy.com\/wp-content\/uploads\/2025\/11\/1000W-Series03-100x100.jpg 100w\" sizes=\"(max-width: 1000px) 100vw, 1000px\" \/><\/p>","protected":false},"excerpt":{"rendered":"<ul>\n<li>3 formas de carga flexible: CA, enchufes de pared, carga solar, encendedor de cigarrillos del coche.<\/li>\n<li>Admite tres formas de alimentaci\u00f3n: 12 V CC, 5 V USB y CA.<\/li>\n<li>Con una capacidad de 1024 Wh, permite un funcionamiento prolongado.<\/li>\n<li>Compatible con la funci\u00f3n de carga de veh\u00edculos el\u00e9ctricos, para que no tengas que preocuparte por la energ\u00eda mientras conduces.<\/li>\n<li>Salida de onda sinusoidal pura C\u00e9lula de bater\u00eda LifePo4<\/li>\n<\/ul>","protected":false},"featured_media":307,"comment_status":"open","ping_status":"closed","template":"","meta":[],"product_brand":[],"product_cat":[23],"product_tag":[49],"class_list":{"0":"post-216","1":"product","2":"type-product","3":"status-publish","4":"has-post-thumbnail","6":"product_cat-portable-power-station","7":"product_tag-lifepo4","9":"first","10":"instock","11":"shipping-taxable","12":"product-type-simple"},"_links":{"self":[{"href":"https:\/\/hdxenergy.com\/es\/wp-json\/wp\/v2\/product\/216","targetHints":{"allow":["GET"]}}],"collection":[{"href":"https:\/\/hdxenergy.com\/es\/wp-json\/wp\/v2\/product"}],"about":[{"href":"https:\/\/hdxenergy.com\/es\/wp-json\/wp\/v2\/types\/product"}],"replies":[{"embeddable":true,"href":"https:\/\/hdxenergy.com\/es\/wp-json\/wp\/v2\/comments?post=216"}],"wp:featuredmedia":[{"embeddable":true,"href":"https:\/\/hdxenergy.com\/es\/wp-json\/wp\/v2\/media\/307"}],"wp:attachment":[{"href":"https:\/\/hdxenergy.com\/es\/wp-json\/wp\/v2\/media?parent=216"}],"wp:term":[{"taxonomy":"product_brand","embeddable":true,"href":"https:\/\/hdxenergy.com\/es\/wp-json\/wp\/v2\/product_brand?post=216"},{"taxonomy":"product_cat","embeddable":true,"href":"https:\/\/hdxenergy.com\/es\/wp-json\/wp\/v2\/product_cat?post=216"},{"taxonomy":"product_tag","embeddable":true,"href":"https:\/\/hdxenergy.com\/es\/wp-json\/wp\/v2\/product_tag?post=216"}],"curies":[{"name":"wp","href":"https:\/\/api.w.org\/{rel}","templated":true}]}}