{"id":206,"date":"2025-11-24T03:01:33","date_gmt":"2025-11-24T03:01:33","guid":{"rendered":"https:\/\/hdxenergy.com\/?post_type=product&#038;p=206"},"modified":"2026-01-07T05:30:12","modified_gmt":"2026-01-07T05:30:12","slug":"maleta-con-ruedas-25-kwh","status":"publish","type":"product","link":"https:\/\/hdxenergy.com\/es\/product\/trolley-case-2-5kwh\/","title":{"rendered":"F\u00e1brica de estaciones de energ\u00eda port\u00e1tiles con ruedas de 2,5 kWh | Soporte OEM\/ODM"},"content":{"rendered":"<p><strong>H094-2500Wh Especificaciones t\u00e9cnicas<\/strong><\/p>\n<div class=\"table-container\">\n<table>\n<tbody>\n<tr>\n<td>Modelo<\/td>\n<td>H094-2500 Wh<\/td>\n<\/tr>\n<tr>\n<td>Tama\u00f1o (L*W*H)<\/td>\n<td>396 mm \u00d7 580 mm \u00d7 200 mm<\/td>\n<\/tr>\n<tr>\n<td>Peso<\/td>\n<td>Aproximadamente 35 kg.<\/td>\n<\/tr>\n<tr>\n<td>Capacidad de la bater\u00eda<\/td>\n<td>52 Ah\/48 V (2496 Wh)<\/td>\n<\/tr>\n<tr>\n<td>Normas de certificaci\u00f3n<\/td>\n<td>CE FCC ROHS<\/td>\n<\/tr>\n<tr>\n<td>Salida de CA<\/td>\n<td>Onda sinusoidal pura CA 120 V a 60 Hz*4 O CA 230 V a 50 Hz*4<\/td>\n<\/tr>\n<tr>\n<td>Potencia de salida del inverter<\/td>\n<td>Potencia nominal de 2200 W, potencia m\u00e1xima de 3000 W con funci\u00f3n UPS.<\/td>\n<\/tr>\n<tr>\n<td>Entrada de CA<\/td>\n<td>120 V CA a 14 A\/230 V a 7 A Potencia nominal 1680 W<\/td>\n<\/tr>\n<tr>\n<td>Salida de carga del autom\u00f3vil<\/td>\n<td>24V10@A*1<\/td>\n<\/tr>\n<tr>\n<td>conexi\u00f3n en paralelo<\/td>\n<td>Admite dos m\u00e1quinas en paralelo, con una potencia de salida total de hasta 4400 W.<\/td>\n<\/tr>\n<tr>\n<td>Entrada de carga solar<\/td>\n<td>12~75 V_M\u00e1x. 800 W<\/td>\n<\/tr>\n<tr>\n<td>Salida XT90<\/td>\n<td>12 V a 10 A<\/td>\n<\/tr>\n<tr>\n<td>Salida tipo C<\/td>\n<td>5\u201320 V = 5 A m\u00e1x. 100 W<\/td>\n<\/tr>\n<tr>\n<td>Carga de veh\u00edculos el\u00e9ctricos<\/td>\n<td>Salida de 1840 W<\/td>\n<\/tr>\n<tr>\n<td>Tipo de bater\u00eda<\/td>\n<td>Bater\u00eda LiFePO4<\/td>\n<\/tr>\n<tr>\n<td>Duraci\u00f3n del ciclo de la bater\u00eda<\/td>\n<td>Despu\u00e9s de 3000 ciclos, la capacidad restante sigue siendo superior a 801 TP3T.<\/td>\n<\/tr>\n<tr>\n<td>Temperatura de almacenamiento<\/td>\n<td>La temperatura ambiente recomendada oscila entre 20 \u00b0C y 30 \u00b0C.<\/td>\n<\/tr>\n<tr>\n<td>Temperatura de descarga<\/td>\n<td>-20 \u00b0C\u201450 \u00b0C<\/td>\n<\/tr>\n<tr>\n<td>Temperatura de carga<\/td>\n<td>-5 \u00b0C\u201450 \u00b0C<\/td>\n<\/tr>\n<tr>\n<td>Protecci\u00f3n del sistema<\/td>\n<td>Protecci\u00f3n contra sobrecalentamiento, protecci\u00f3n contra sobretensi\u00f3n, protecci\u00f3n contra sobrecorriente, protecci\u00f3n contra sobrecarga, protecci\u00f3n contra descarga excesiva, protecci\u00f3n contra cortocircuito de carga.,<\/td>\n<\/tr>\n<\/tbody>\n<\/table>\n<\/div>\n<p><img fetchpriority=\"high\" decoding=\"async\" class=\"alignnone wp-image-214 size-full\" src=\"https:\/\/hdxenergy.com\/wp-content\/uploads\/2025\/11\/Trolley-Case-2.5kWh05.jpg\" alt=\"Maleta con ruedas Estaci\u00f3n de energ\u00eda port\u00e1til de 2,5 kWh Muestra\" width=\"1000\" height=\"1000\" srcset=\"https:\/\/hdxenergy.com\/wp-content\/uploads\/2025\/11\/Trolley-Case-2.5kWh05.jpg 1000w, https:\/\/hdxenergy.com\/wp-content\/uploads\/2025\/11\/Trolley-Case-2.5kWh05-600x600.jpg 600w, https:\/\/hdxenergy.com\/wp-content\/uploads\/2025\/11\/Trolley-Case-2.5kWh05-100x100.jpg 100w, https:\/\/hdxenergy.com\/wp-content\/uploads\/2025\/11\/Trolley-Case-2.5kWh05-300x300.jpg 300w, https:\/\/hdxenergy.com\/wp-content\/uploads\/2025\/11\/Trolley-Case-2.5kWh05-150x150.jpg 150w, https:\/\/hdxenergy.com\/wp-content\/uploads\/2025\/11\/Trolley-Case-2.5kWh05-768x768.jpg 768w\" sizes=\"(max-width: 1000px) 100vw, 1000px\" \/> <img decoding=\"async\" class=\"alignnone wp-image-215 size-full\" src=\"https:\/\/hdxenergy.com\/wp-content\/uploads\/2025\/11\/Trolley-Case-2.5kWh06.jpg\" alt=\"Maleta con ruedas Estaci\u00f3n de energ\u00eda port\u00e1til de 2,5 kWh Escena\" width=\"1000\" height=\"1000\" srcset=\"https:\/\/hdxenergy.com\/wp-content\/uploads\/2025\/11\/Trolley-Case-2.5kWh06.jpg 1000w, https:\/\/hdxenergy.com\/wp-content\/uploads\/2025\/11\/Trolley-Case-2.5kWh06-600x600.jpg 600w, https:\/\/hdxenergy.com\/wp-content\/uploads\/2025\/11\/Trolley-Case-2.5kWh06-100x100.jpg 100w, https:\/\/hdxenergy.com\/wp-content\/uploads\/2025\/11\/Trolley-Case-2.5kWh06-300x300.jpg 300w, https:\/\/hdxenergy.com\/wp-content\/uploads\/2025\/11\/Trolley-Case-2.5kWh06-150x150.jpg 150w, https:\/\/hdxenergy.com\/wp-content\/uploads\/2025\/11\/Trolley-Case-2.5kWh06-768x768.jpg 768w\" sizes=\"(max-width: 1000px) 100vw, 1000px\" \/><\/p>","protected":false},"excerpt":{"rendered":"<ul>\n<li>Salida de CA de onda sinusoidal pura 120\/230 V, est\u00e1ndar estadounidense\/europeo<\/li>\n<li>F\u00e1brica de origen. Soporte 0EM\/ODM.<\/li>\n<li>Admite la funci\u00f3n paralela de dos m\u00e1quinas.<\/li>\n<li>Certificado completo CE MSDS<\/li>\n<\/ul>","protected":false},"featured_media":213,"comment_status":"open","ping_status":"closed","template":"","meta":[],"product_brand":[],"product_cat":[23],"product_tag":[49],"class_list":{"0":"post-206","1":"product","2":"type-product","3":"status-publish","4":"has-post-thumbnail","6":"product_cat-portable-power-station","7":"product_tag-lifepo4","9":"first","10":"instock","11":"shipping-taxable","12":"product-type-simple"},"_links":{"self":[{"href":"https:\/\/hdxenergy.com\/es\/wp-json\/wp\/v2\/product\/206","targetHints":{"allow":["GET"]}}],"collection":[{"href":"https:\/\/hdxenergy.com\/es\/wp-json\/wp\/v2\/product"}],"about":[{"href":"https:\/\/hdxenergy.com\/es\/wp-json\/wp\/v2\/types\/product"}],"replies":[{"embeddable":true,"href":"https:\/\/hdxenergy.com\/es\/wp-json\/wp\/v2\/comments?post=206"}],"wp:featuredmedia":[{"embeddable":true,"href":"https:\/\/hdxenergy.com\/es\/wp-json\/wp\/v2\/media\/213"}],"wp:attachment":[{"href":"https:\/\/hdxenergy.com\/es\/wp-json\/wp\/v2\/media?parent=206"}],"wp:term":[{"taxonomy":"product_brand","embeddable":true,"href":"https:\/\/hdxenergy.com\/es\/wp-json\/wp\/v2\/product_brand?post=206"},{"taxonomy":"product_cat","embeddable":true,"href":"https:\/\/hdxenergy.com\/es\/wp-json\/wp\/v2\/product_cat?post=206"},{"taxonomy":"product_tag","embeddable":true,"href":"https:\/\/hdxenergy.com\/es\/wp-json\/wp\/v2\/product_tag?post=206"}],"curies":[{"name":"wp","href":"https:\/\/api.w.org\/{rel}","templated":true}]}}