{"id":198,"date":"2025-11-24T02:50:19","date_gmt":"2025-11-24T02:50:19","guid":{"rendered":"https:\/\/hdxenergy.com\/?post_type=product&#038;p=198"},"modified":"2026-01-07T05:31:45","modified_gmt":"2026-01-07T05:31:45","slug":"maleta-con-ruedas-3-6-kwh","status":"publish","type":"product","link":"https:\/\/hdxenergy.com\/es\/product\/trolley-case-3-6kwh\/","title":{"rendered":"Proveedor de estaciones de energ\u00eda port\u00e1tiles con maleta con ruedas de 3,6 kWh | LiFePO4 de 3600 W"},"content":{"rendered":"<p><strong>Estaci\u00f3n de energ\u00eda port\u00e1til personalizable Camping Home House 3600W con ruedas m\u00f3viles<\/strong><\/p>\n<div class=\"table-container\">\n<table>\n<tbody>\n<tr>\n<td>Capacidad de la bater\u00eda\/Modelo<\/td>\n<td>67Ah\/48V\uff083216Wh)\/LiFePO4<\/td>\n<td>Salida de CA<\/td>\n<td>Onda sinusoidal pura CA 120 V a 60 Hz*2 O CA 230 V a 50 Hz*2<\/td>\n<\/tr>\n<tr>\n<td>Tama\u00f1o (L*W*H)<\/td>\n<td>700 mm \u00d7 364 mm \u00d7 393 mm<\/td>\n<td>Salida USB<\/td>\n<td>QC3.0 (5 V 3 A, 9 V 2 A, 12 V 1,5 A)*4, potencia m\u00e1xima de 18 W<\/td>\n<\/tr>\n<tr>\n<td>Peso<\/td>\n<td>45 kg<\/td>\n<td>Potencia de entrada de CA<\/td>\n<td>Potencia m\u00e1xima de entrada: 3600 W<\/td>\n<\/tr>\n<tr>\n<td>Normas de certificaci\u00f3n<\/td>\n<td>CE FCC ROHS<\/td>\n<td>Voltaje de entrada de CA<\/td>\n<td>100-120 V a 60 Hz o 220-240 V a 50 Hz<\/td>\n<\/tr>\n<tr>\n<td>5521 Salida<\/td>\n<td>12 V 5 A*2<\/td>\n<td>Entrada de carga solar<\/td>\n<td>12-150 V, 25 A m\u00e1x., 2400 W<\/td>\n<\/tr>\n<tr>\n<td>Salida tipo C<\/td>\n<td>100 W PD *2<\/td>\n<td>Funci\u00f3n de carga r\u00e1pida de la estaci\u00f3n de carga<\/td>\n<td>Compatible con carga r\u00e1pida mediante estaci\u00f3n de carga para autom\u00f3vil, potencia m\u00e1xima de carga de 3600 W.<\/td>\n<\/tr>\n<tr>\n<td>Salida de carga del autom\u00f3vil<\/td>\n<td>12 V, 10 A; potencia m\u00e1xima de salida: 120 W.<\/td>\n<td>Carga de veh\u00edculos el\u00e9ctricos<\/td>\n<td>Compatible con la carga de veh\u00edculos el\u00e9ctricos<\/td>\n<\/tr>\n<tr>\n<td>Salida XT60<\/td>\n<td>24 V, 20 A, potencia m\u00e1xima de 480 W<\/td>\n<td>Duraci\u00f3n del ciclo de la bater\u00eda<\/td>\n<td>Despu\u00e9s de 3000 ciclos, la capacidad restante sigue siendo superior a 801 TP3T.<\/td>\n<\/tr>\n<tr>\n<td>Salida EC5<\/td>\n<td>12 V, 30 A, potencia m\u00e1xima de salida de 360 W.<\/td>\n<td>Temperatura de descarga<\/td>\n<td>-5 \u2103\u201450 \u2103<\/td>\n<\/tr>\n<tr>\n<td>Potencia de salida del inverter<\/td>\n<td>Potencia nominal 3600 W, potencia m\u00e1xima 7200 W.<\/td>\n<td>Temperatura de carga<\/td>\n<td>-20 \u2103\u201450 \u2103<\/td>\n<\/tr>\n<tr>\n<td>Conexi\u00f3n paralela<\/td>\n<td>Admite dos m\u00e1quinas en paralelo, con una potencia de salida total de hasta 7200 W.<\/td>\n<td>Temperatura de almacenamiento<\/td>\n<td>La temperatura ambiente recomendada oscila entre 20 \u2103 y 30 \u2103.<\/td>\n<\/tr>\n<tr>\n<td>Funci\u00f3n de ampliaci\u00f3n de capacidad<\/td>\n<td>Admite dos m\u00e1quinas en paralelo o una bater\u00eda externa de hasta 18 kWh.<\/td>\n<td>Temperatura de almacenamiento<\/td>\n<td>Compatible con conexi\u00f3n WiFi y Bluetooth con aplicaci\u00f3n m\u00f3vil.<\/td>\n<\/tr>\n<tr>\n<td>Protecci\u00f3n del sistema<\/td>\n<td>Proporciona protecci\u00f3n contra sobrecalentamiento, sobretensi\u00f3n, sobrecorriente, sobrecarga, descarga excesiva, cortocircuito de carga y sobrecarga.<\/td>\n<td><\/td>\n<td><\/td>\n<\/tr>\n<\/tbody>\n<\/table>\n<\/div>","protected":false},"excerpt":{"rendered":"<ul>\n<li>Estaci\u00f3n el\u00e9ctrica port\u00e1til multifunci\u00f3n Smart Safety con varilla de tracci\u00f3n<\/li>\n<li>Pantalla t\u00e1ctil con interfaz Bluetooth<\/li>\n<li>Compatible con la recarga de veh\u00edculos el\u00e9ctricos, inversor bidireccional integrado.<\/li>\n<li>Admite dos m\u00e1quinas en paralelo o una bater\u00eda externa de hasta 18 kWh.<\/li>\n<\/ul>","protected":false},"featured_media":200,"comment_status":"open","ping_status":"closed","template":"","meta":[],"product_brand":[],"product_cat":[23],"product_tag":[49],"class_list":{"0":"post-198","1":"product","2":"type-product","3":"status-publish","4":"has-post-thumbnail","6":"product_cat-portable-power-station","7":"product_tag-lifepo4","9":"first","10":"instock","11":"shipping-taxable","12":"product-type-simple"},"_links":{"self":[{"href":"https:\/\/hdxenergy.com\/es\/wp-json\/wp\/v2\/product\/198","targetHints":{"allow":["GET"]}}],"collection":[{"href":"https:\/\/hdxenergy.com\/es\/wp-json\/wp\/v2\/product"}],"about":[{"href":"https:\/\/hdxenergy.com\/es\/wp-json\/wp\/v2\/types\/product"}],"replies":[{"embeddable":true,"href":"https:\/\/hdxenergy.com\/es\/wp-json\/wp\/v2\/comments?post=198"}],"wp:featuredmedia":[{"embeddable":true,"href":"https:\/\/hdxenergy.com\/es\/wp-json\/wp\/v2\/media\/200"}],"wp:attachment":[{"href":"https:\/\/hdxenergy.com\/es\/wp-json\/wp\/v2\/media?parent=198"}],"wp:term":[{"taxonomy":"product_brand","embeddable":true,"href":"https:\/\/hdxenergy.com\/es\/wp-json\/wp\/v2\/product_brand?post=198"},{"taxonomy":"product_cat","embeddable":true,"href":"https:\/\/hdxenergy.com\/es\/wp-json\/wp\/v2\/product_cat?post=198"},{"taxonomy":"product_tag","embeddable":true,"href":"https:\/\/hdxenergy.com\/es\/wp-json\/wp\/v2\/product_tag?post=198"}],"curies":[{"name":"wp","href":"https:\/\/api.w.org\/{rel}","templated":true}]}}