{"id":185,"date":"2025-11-24T02:36:58","date_gmt":"2025-11-24T02:36:58","guid":{"rendered":"https:\/\/hdxenergy.com\/?post_type=product&#038;p=185"},"modified":"2026-01-07T05:18:45","modified_gmt":"2026-01-07T05:18:45","slug":"h096-5-20-kwh","status":"publish","type":"product","link":"https:\/\/hdxenergy.com\/es\/product\/h096-5-20kwh\/","title":{"rendered":"H096 (5-20 kWh) Bater\u00eda LiFePO4 escalable al por mayor"},"content":{"rendered":"<div class=\"table-container\">\n<table>\n<tbody>\n<tr>\n<td><strong>Nombre del producto<\/strong><\/td>\n<td colspan=\"4\"><strong>H096-(5-20)kWh<\/strong><\/td>\n<td><strong>H096-10 kWh Pro<\/strong><\/td>\n<\/tr>\n<tr>\n<td>M\u00f3dulo de bater\u00eda<\/td>\n<td colspan=\"4\">51,2 V\/5,12 Wh\/51,8 kg<\/td>\n<td><\/td>\n<\/tr>\n<tr>\n<td>N\u00famero de m\u00f3dulos<\/td>\n<td>1<\/td>\n<td>2<\/td>\n<td>3<\/td>\n<td>4<\/td>\n<td><\/td>\n<\/tr>\n<tr>\n<td>Capacidad de la bater\u00eda<\/td>\n<td>5,12 kWh<\/td>\n<td>10,24 kWh<\/td>\n<td>15,36 kWh<\/td>\n<td>20,48 kWh<\/td>\n<td>10,24 kWh<\/td>\n<\/tr>\n<tr>\n<td>Tensi\u00f3n nominal<\/td>\n<td>51,2 V<\/td>\n<td>51,2 V<\/td>\n<td>51,2 V<\/td>\n<td>204,8 V<\/td>\n<td>51,2 V<\/td>\n<\/tr>\n<tr>\n<td>Rango de voltaje de la bater\u00eda<\/td>\n<td>40 V~58,4 V<\/td>\n<td>40 V~58,4 V<\/td>\n<td>40 V~58,4 V<\/td>\n<td>160 V~233,6 V<\/td>\n<td>40 V~58,4 V<\/td>\n<\/tr>\n<tr>\n<td>Tama\u00f1o (L*A*H)<\/td>\n<td>637\/387\/914<\/td>\n<td>637\/387\/1075<\/td>\n<td>637\/387\/1236<\/td>\n<td>637\/387\/1397<\/td>\n<td>603\/300\/1620<\/td>\n<\/tr>\n<tr>\n<td>Pesar<\/td>\n<td>118 kg<\/td>\n<td>169,8 kg<\/td>\n<td>221,6 kg<\/td>\n<td>277,4 kg<\/td>\n<td>180 kg<\/td>\n<\/tr>\n<tr>\n<td>Corriente m\u00e1xima de carga\/descarga<\/td>\n<td>45A<\/td>\n<td>80A<\/td>\n<td>110A<\/td>\n<td>45A<\/td>\n<td>80A<\/td>\n<\/tr>\n<tr>\n<td>Salida de alto voltaje<\/td>\n<td colspan=\"3\">No compatible<\/td>\n<td>Apoyo<\/td>\n<td>No compatible<\/td>\n<\/tr>\n<tr>\n<td>Tipo de bater\u00eda<\/td>\n<td colspan=\"5\">LiFePO4<\/td>\n<\/tr>\n<tr>\n<td>Modo de comunicaci\u00f3n<\/td>\n<td colspan=\"5\">Compatible con conexi\u00f3n Wi-Fi y Bluetooth con aplicaci\u00f3n m\u00f3vil.<\/td>\n<\/tr>\n<tr>\n<td>Duraci\u00f3n del ciclo de la bater\u00eda<\/td>\n<td colspan=\"5\">Despu\u00e9s de 3000 ciclos, la capacidad restante sigue siendo superior a 801 TP3T.<\/td>\n<\/tr>\n<tr>\n<td>Temperatura de carga<\/td>\n<td colspan=\"5\">0 \u2103 ~ 50 \u2103<\/td>\n<\/tr>\n<tr>\n<td>Temperatura de descarga<\/td>\n<td colspan=\"5\">-20 \u2103 ~ 50 \u2103<\/td>\n<\/tr>\n<tr>\n<td>Comunicar<\/td>\n<td colspan=\"5\">RS485\/CAN<\/td>\n<\/tr>\n<tr>\n<td>Nivel de protecci\u00f3n<\/td>\n<td colspan=\"5\">IP20<\/td>\n<\/tr>\n<tr>\n<td>Tipo de conexi\u00f3n a la red<\/td>\n<td colspan=\"5\">L+N+PE<\/td>\n<\/tr>\n<tr>\n<td>Capacidad de sobrecarga<\/td>\n<td colspan=\"5\">110%<\/td>\n<\/tr>\n<tr>\n<td>Protecci\u00f3n del sistema<\/td>\n<td colspan=\"5\">Protecci\u00f3n contra sobrecalentamiento\/Protecci\u00f3n contra sobretensi\u00f3n\/Protecci\u00f3n contra sobrecorriente\/<br \/>\nProtecci\u00f3n contra sobrecarga\/Protecci\u00f3n contra descarga excesiva\/Protecci\u00f3n contra cortocircuito de carga\/Protecci\u00f3n contra sobrecarga.<\/td>\n<\/tr>\n<tr>\n<td>Modo de instalaci\u00f3n<\/td>\n<td colspan=\"5\">Apilable<\/td>\n<\/tr>\n<tr>\n<td>Normas de certificaci\u00f3n<\/td>\n<td colspan=\"5\">CF FCC ROHS<\/td>\n<\/tr>\n<\/tbody>\n<\/table>\n<\/div>\n<p><img fetchpriority=\"high\" decoding=\"async\" class=\"alignnone wp-image-189 size-full\" src=\"https:\/\/hdxenergy.com\/wp-content\/uploads\/2025\/11\/H096-5-20kWh04.jpg\" alt=\"MONITOR DE APLICACIONES INTELIGENTES\" width=\"1000\" height=\"1000\" srcset=\"https:\/\/hdxenergy.com\/wp-content\/uploads\/2025\/11\/H096-5-20kWh04.jpg 1000w, https:\/\/hdxenergy.com\/wp-content\/uploads\/2025\/11\/H096-5-20kWh04-600x600.jpg 600w, https:\/\/hdxenergy.com\/wp-content\/uploads\/2025\/11\/H096-5-20kWh04-100x100.jpg 100w, https:\/\/hdxenergy.com\/wp-content\/uploads\/2025\/11\/H096-5-20kWh04-300x300.jpg 300w, https:\/\/hdxenergy.com\/wp-content\/uploads\/2025\/11\/H096-5-20kWh04-150x150.jpg 150w, https:\/\/hdxenergy.com\/wp-content\/uploads\/2025\/11\/H096-5-20kWh04-768x768.jpg 768w\" sizes=\"(max-width: 1000px) 100vw, 1000px\" \/> <img decoding=\"async\" class=\"alignnone wp-image-190 size-full\" src=\"https:\/\/hdxenergy.com\/wp-content\/uploads\/2025\/11\/H096-5-20kWh05.jpg\" alt=\"Sistema energ\u00e9tico todo en uno\" width=\"1000\" height=\"1000\" srcset=\"https:\/\/hdxenergy.com\/wp-content\/uploads\/2025\/11\/H096-5-20kWh05.jpg 1000w, https:\/\/hdxenergy.com\/wp-content\/uploads\/2025\/11\/H096-5-20kWh05-600x600.jpg 600w, https:\/\/hdxenergy.com\/wp-content\/uploads\/2025\/11\/H096-5-20kWh05-100x100.jpg 100w, https:\/\/hdxenergy.com\/wp-content\/uploads\/2025\/11\/H096-5-20kWh05-300x300.jpg 300w, https:\/\/hdxenergy.com\/wp-content\/uploads\/2025\/11\/H096-5-20kWh05-150x150.jpg 150w, https:\/\/hdxenergy.com\/wp-content\/uploads\/2025\/11\/H096-5-20kWh05-768x768.jpg 768w\" sizes=\"(max-width: 1000px) 100vw, 1000px\" \/> <img decoding=\"async\" class=\"alignnone wp-image-191 size-full\" src=\"https:\/\/hdxenergy.com\/wp-content\/uploads\/2025\/11\/H096-5-20kWh06.jpg\" alt=\"H096 (5-20 kWh)\" width=\"1000\" height=\"1000\" srcset=\"https:\/\/hdxenergy.com\/wp-content\/uploads\/2025\/11\/H096-5-20kWh06.jpg 1000w, https:\/\/hdxenergy.com\/wp-content\/uploads\/2025\/11\/H096-5-20kWh06-600x600.jpg 600w, https:\/\/hdxenergy.com\/wp-content\/uploads\/2025\/11\/H096-5-20kWh06-100x100.jpg 100w, https:\/\/hdxenergy.com\/wp-content\/uploads\/2025\/11\/H096-5-20kWh06-300x300.jpg 300w, https:\/\/hdxenergy.com\/wp-content\/uploads\/2025\/11\/H096-5-20kWh06-150x150.jpg 150w, https:\/\/hdxenergy.com\/wp-content\/uploads\/2025\/11\/H096-5-20kWh06-768x768.jpg 768w\" sizes=\"(max-width: 1000px) 100vw, 1000px\" \/><\/p>\n<p>&nbsp;<\/p>","protected":false},"excerpt":{"rendered":"<ul>\n<li>Aplicado al almacenamiento de energ\u00eda dom\u00e9stica, la comunicaci\u00f3n y la energ\u00eda de respaldo.<\/li>\n<li>Interfaz CAN para la comunicaci\u00f3n con el inversor.<\/li>\n<li>Interfaz RS485 doble, compatible con comunicaci\u00f3n paralela.<\/li>\n<li>Dise\u00f1o modular apilable para un uso flexible de la energ\u00eda. Rango de potencia de la bater\u00eda: de 5 kWh a 20 kWh.<\/li>\n<li>El chasis de la bater\u00eda est\u00e1 equipado con poleas para facilitar y agilizar su desplazamiento.<\/li>\n<li>Configuraci\u00f3n flexible, f\u00e1cil de instalar, plug and play.<\/li>\n<li>Monitoreo remoto WiFi\/GPRS<\/li>\n<\/ul>","protected":false},"featured_media":193,"comment_status":"open","ping_status":"closed","template":"","meta":[],"product_brand":[],"product_cat":[26],"product_tag":[50,49],"class_list":{"0":"post-185","1":"product","2":"type-product","3":"status-publish","4":"has-post-thumbnail","6":"product_cat-all-in-one-battery-energy","7":"product_tag-all-in-one-battery-energy","8":"product_tag-lifepo4","10":"first","11":"instock","12":"shipping-taxable","13":"product-type-simple"},"_links":{"self":[{"href":"https:\/\/hdxenergy.com\/es\/wp-json\/wp\/v2\/product\/185","targetHints":{"allow":["GET"]}}],"collection":[{"href":"https:\/\/hdxenergy.com\/es\/wp-json\/wp\/v2\/product"}],"about":[{"href":"https:\/\/hdxenergy.com\/es\/wp-json\/wp\/v2\/types\/product"}],"replies":[{"embeddable":true,"href":"https:\/\/hdxenergy.com\/es\/wp-json\/wp\/v2\/comments?post=185"}],"wp:featuredmedia":[{"embeddable":true,"href":"https:\/\/hdxenergy.com\/es\/wp-json\/wp\/v2\/media\/193"}],"wp:attachment":[{"href":"https:\/\/hdxenergy.com\/es\/wp-json\/wp\/v2\/media?parent=185"}],"wp:term":[{"taxonomy":"product_brand","embeddable":true,"href":"https:\/\/hdxenergy.com\/es\/wp-json\/wp\/v2\/product_brand?post=185"},{"taxonomy":"product_cat","embeddable":true,"href":"https:\/\/hdxenergy.com\/es\/wp-json\/wp\/v2\/product_cat?post=185"},{"taxonomy":"product_tag","embeddable":true,"href":"https:\/\/hdxenergy.com\/es\/wp-json\/wp\/v2\/product_tag?post=185"}],"curies":[{"name":"wp","href":"https:\/\/api.w.org\/{rel}","templated":true}]}}