{"id":174,"date":"2025-11-24T02:25:05","date_gmt":"2025-11-24T02:25:05","guid":{"rendered":"https:\/\/hdxenergy.com\/?post_type=product&#038;p=174"},"modified":"2026-01-07T05:18:41","modified_gmt":"2026-01-07T05:18:41","slug":"h096-10-kwh","status":"publish","type":"product","link":"https:\/\/hdxenergy.com\/es\/product\/h096-10kwh\/","title":{"rendered":"Proveedor de bater\u00edas todo en uno H096-10kWh | Almacenamiento de energ\u00eda LiFePO4 escalable"},"content":{"rendered":"<div class=\"table-container\">\n<table>\n<tbody>\n<tr>\n<td width=\"280\"><strong>Nombre del producto<\/strong><\/td>\n<td colspan=\"3\" width=\"591\"><strong>H096-<\/strong><strong>\uff08<\/strong><strong>10-20<\/strong><strong>\uff09<\/strong><strong>kWh<\/strong><\/td>\n<\/tr>\n<tr>\n<td width=\"280\">M\u00f3dulo de bater\u00eda<\/td>\n<td colspan=\"3\" width=\"591\">51,2 V\/5,12 Wh\/51,8 kg<\/td>\n<\/tr>\n<tr>\n<td width=\"280\">N\u00famero de m\u00f3dulos<\/td>\n<td width=\"185\">2<\/td>\n<td width=\"178\">3<\/td>\n<td width=\"227\">4<\/td>\n<\/tr>\n<tr>\n<td width=\"280\">Capacidad de la bater\u00eda<\/td>\n<td width=\"185\">10,24 kWh<\/td>\n<td width=\"178\">15,36 kWh<\/td>\n<td width=\"227\">20,48 kWh<\/td>\n<\/tr>\n<tr>\n<td width=\"280\">Tensi\u00f3n nominal<\/td>\n<td width=\"185\">102,4 V<\/td>\n<td width=\"178\">153,6 V<\/td>\n<td width=\"227\">204,8 V<\/td>\n<\/tr>\n<tr>\n<td width=\"280\">Rango de voltaje de la bater\u00eda<\/td>\n<td colspan=\"3\" width=\"591\">160 V~233,6 V<\/td>\n<\/tr>\n<tr>\n<td width=\"280\">Tama\u00f1o (L*A*H)<\/td>\n<td width=\"185\">637\/387\/1075<\/td>\n<td width=\"178\">637\/387\/1236<\/td>\n<td width=\"227\">637\/387\/1397<\/td>\n<\/tr>\n<tr>\n<td width=\"280\">Pesar<\/td>\n<td width=\"185\">169,8 kg<\/td>\n<td width=\"178\">221,6 kg<\/td>\n<td width=\"227\">277,4 kg<\/td>\n<\/tr>\n<tr>\n<td width=\"280\">Corriente m\u00e1xima de carga\/descarga<\/td>\n<td width=\"185\">80A<\/td>\n<td width=\"178\">110A<\/td>\n<td width=\"227\">45A<\/td>\n<\/tr>\n<tr>\n<td width=\"280\">Tipo de bater\u00eda<\/td>\n<td colspan=\"3\" width=\"591\">LiFePO4<\/td>\n<\/tr>\n<tr>\n<td width=\"280\">Modo de comunicaci\u00f3n<\/td>\n<td colspan=\"3\" width=\"591\">Compatible con conexi\u00f3n WiFi y Bluetooth con aplicaci\u00f3n m\u00f3vil.<\/td>\n<\/tr>\n<tr>\n<td width=\"280\">Duraci\u00f3n del ciclo de la bater\u00eda<\/td>\n<td colspan=\"3\" width=\"591\">Despu\u00e9s de 3000 ciclos, la capacidad restante sigue siendo superior a 801 TP3T.<\/td>\n<\/tr>\n<tr>\n<td width=\"280\">Temperatura de carga<\/td>\n<td colspan=\"3\" width=\"591\">0 \u2103 ~ 50 \u2103<\/td>\n<\/tr>\n<tr>\n<td width=\"280\">Temperatura de descarga<\/td>\n<td colspan=\"3\" width=\"591\">-20 \u2103 ~ 50 \u2103<\/td>\n<\/tr>\n<tr>\n<td width=\"280\">Comunicar<\/td>\n<td colspan=\"3\" width=\"591\">RS485\/CAN<\/td>\n<\/tr>\n<tr>\n<td width=\"280\">Nivel de protecci\u00f3n<\/td>\n<td colspan=\"3\" width=\"591\">IP20<\/td>\n<\/tr>\n<tr>\n<td width=\"280\">Tipo de conexi\u00f3n a la red<\/td>\n<td colspan=\"3\" width=\"591\">L+N+PE<\/td>\n<\/tr>\n<tr>\n<td width=\"280\">Capacidad de sobrecarga<\/td>\n<td colspan=\"3\" width=\"591\">110%<\/td>\n<\/tr>\n<tr>\n<td width=\"280\">Protecci\u00f3n del sistema<\/td>\n<td colspan=\"3\" width=\"591\">Protecci\u00f3n contra sobrecalentamiento\/Protecci\u00f3n contra sobretensi\u00f3n\/Protecci\u00f3n contra sobrecorriente\/<br \/>\nProtecci\u00f3n contra sobrecarga\/Protecci\u00f3n contra descarga excesiva\/Protecci\u00f3n contra cortocircuito de carga\/Protecci\u00f3n contra sobrecarga.<\/td>\n<\/tr>\n<tr>\n<td width=\"280\">Modo de instalaci\u00f3n<\/td>\n<td colspan=\"3\" width=\"591\">Apilable<\/td>\n<\/tr>\n<tr>\n<td width=\"280\">Normas de certificaci\u00f3n<\/td>\n<td colspan=\"3\" width=\"591\">CF FCC ROHS<\/td>\n<\/tr>\n<\/tbody>\n<\/table>\n<\/div>\n<p><img fetchpriority=\"high\" decoding=\"async\" class=\"alignnone wp-image-181 size-full\" src=\"https:\/\/hdxenergy.com\/wp-content\/uploads\/2025\/11\/H096-10kWh07.jpg\" alt=\"H096-10 kWh\" width=\"1000\" height=\"1000\" srcset=\"https:\/\/hdxenergy.com\/wp-content\/uploads\/2025\/11\/H096-10kWh07.jpg 1000w, https:\/\/hdxenergy.com\/wp-content\/uploads\/2025\/11\/H096-10kWh07-600x600.jpg 600w, https:\/\/hdxenergy.com\/wp-content\/uploads\/2025\/11\/H096-10kWh07-100x100.jpg 100w, https:\/\/hdxenergy.com\/wp-content\/uploads\/2025\/11\/H096-10kWh07-300x300.jpg 300w, https:\/\/hdxenergy.com\/wp-content\/uploads\/2025\/11\/H096-10kWh07-150x150.jpg 150w, https:\/\/hdxenergy.com\/wp-content\/uploads\/2025\/11\/H096-10kWh07-768x768.jpg 768w\" sizes=\"(max-width: 1000px) 100vw, 1000px\" \/> <img decoding=\"async\" class=\"alignnone wp-image-180 size-full\" src=\"https:\/\/hdxenergy.com\/wp-content\/uploads\/2025\/11\/H096-10kWh06.jpg\" alt=\"Sistema solar dom\u00e9stico todo en uno\" width=\"1000\" height=\"1000\" srcset=\"https:\/\/hdxenergy.com\/wp-content\/uploads\/2025\/11\/H096-10kWh06.jpg 1000w, https:\/\/hdxenergy.com\/wp-content\/uploads\/2025\/11\/H096-10kWh06-600x600.jpg 600w, https:\/\/hdxenergy.com\/wp-content\/uploads\/2025\/11\/H096-10kWh06-100x100.jpg 100w, https:\/\/hdxenergy.com\/wp-content\/uploads\/2025\/11\/H096-10kWh06-300x300.jpg 300w, https:\/\/hdxenergy.com\/wp-content\/uploads\/2025\/11\/H096-10kWh06-150x150.jpg 150w, https:\/\/hdxenergy.com\/wp-content\/uploads\/2025\/11\/H096-10kWh06-768x768.jpg 768w\" sizes=\"(max-width: 1000px) 100vw, 1000px\" \/> <img decoding=\"async\" class=\"alignnone wp-image-179 size-full\" src=\"https:\/\/hdxenergy.com\/wp-content\/uploads\/2025\/11\/H096-10kWh05.jpg\" alt=\"Energ\u00eda de bater\u00eda todo en uno\" width=\"1000\" height=\"1000\" srcset=\"https:\/\/hdxenergy.com\/wp-content\/uploads\/2025\/11\/H096-10kWh05.jpg 1000w, https:\/\/hdxenergy.com\/wp-content\/uploads\/2025\/11\/H096-10kWh05-600x600.jpg 600w, https:\/\/hdxenergy.com\/wp-content\/uploads\/2025\/11\/H096-10kWh05-100x100.jpg 100w, https:\/\/hdxenergy.com\/wp-content\/uploads\/2025\/11\/H096-10kWh05-300x300.jpg 300w, https:\/\/hdxenergy.com\/wp-content\/uploads\/2025\/11\/H096-10kWh05-150x150.jpg 150w, https:\/\/hdxenergy.com\/wp-content\/uploads\/2025\/11\/H096-10kWh05-768x768.jpg 768w\" sizes=\"(max-width: 1000px) 100vw, 1000px\" \/> <img loading=\"lazy\" decoding=\"async\" class=\"alignnone wp-image-178 size-full\" src=\"https:\/\/hdxenergy.com\/wp-content\/uploads\/2025\/11\/H096-10kWh04.jpg\" alt=\"10 kWh H096-10 kWh\" width=\"1000\" height=\"1000\" srcset=\"https:\/\/hdxenergy.com\/wp-content\/uploads\/2025\/11\/H096-10kWh04.jpg 1000w, https:\/\/hdxenergy.com\/wp-content\/uploads\/2025\/11\/H096-10kWh04-600x600.jpg 600w, https:\/\/hdxenergy.com\/wp-content\/uploads\/2025\/11\/H096-10kWh04-100x100.jpg 100w, https:\/\/hdxenergy.com\/wp-content\/uploads\/2025\/11\/H096-10kWh04-300x300.jpg 300w, https:\/\/hdxenergy.com\/wp-content\/uploads\/2025\/11\/H096-10kWh04-150x150.jpg 150w, https:\/\/hdxenergy.com\/wp-content\/uploads\/2025\/11\/H096-10kWh04-768x768.jpg 768w\" sizes=\"(max-width: 1000px) 100vw, 1000px\" \/><\/p>","protected":false},"excerpt":{"rendered":"<ul>\n<li>Alto voltaje<\/li>\n<li>Instalaci\u00f3n sencilla<\/li>\n<li>Amplia tolerancia a la temperatura<\/li>\n<li>95% Eficiencia de carga y eficiencia de descarga<\/li>\n<li>6 m\u00f3dulos en serie<\/li>\n<li>Vida \u00fatil \u22656000 ciclos<\/li>\n<li>Monitoreo remoto WiFi\/GPRS<\/li>\n<\/ul>","protected":false},"featured_media":184,"comment_status":"open","ping_status":"closed","template":"","meta":[],"product_brand":[],"product_cat":[26],"product_tag":[50,49],"class_list":{"0":"post-174","1":"product","2":"type-product","3":"status-publish","4":"has-post-thumbnail","6":"product_cat-all-in-one-battery-energy","7":"product_tag-all-in-one-battery-energy","8":"product_tag-lifepo4","10":"first","11":"instock","12":"shipping-taxable","13":"product-type-simple"},"_links":{"self":[{"href":"https:\/\/hdxenergy.com\/es\/wp-json\/wp\/v2\/product\/174","targetHints":{"allow":["GET"]}}],"collection":[{"href":"https:\/\/hdxenergy.com\/es\/wp-json\/wp\/v2\/product"}],"about":[{"href":"https:\/\/hdxenergy.com\/es\/wp-json\/wp\/v2\/types\/product"}],"replies":[{"embeddable":true,"href":"https:\/\/hdxenergy.com\/es\/wp-json\/wp\/v2\/comments?post=174"}],"wp:featuredmedia":[{"embeddable":true,"href":"https:\/\/hdxenergy.com\/es\/wp-json\/wp\/v2\/media\/184"}],"wp:attachment":[{"href":"https:\/\/hdxenergy.com\/es\/wp-json\/wp\/v2\/media?parent=174"}],"wp:term":[{"taxonomy":"product_brand","embeddable":true,"href":"https:\/\/hdxenergy.com\/es\/wp-json\/wp\/v2\/product_brand?post=174"},{"taxonomy":"product_cat","embeddable":true,"href":"https:\/\/hdxenergy.com\/es\/wp-json\/wp\/v2\/product_cat?post=174"},{"taxonomy":"product_tag","embeddable":true,"href":"https:\/\/hdxenergy.com\/es\/wp-json\/wp\/v2\/product_tag?post=174"}],"curies":[{"name":"wp","href":"https:\/\/api.w.org\/{rel}","templated":true}]}}