{"id":1120,"date":"2025-12-08T01:02:14","date_gmt":"2025-12-08T01:02:14","guid":{"rendered":"https:\/\/hdxenergy.com\/?post_type=product&#038;p=1120"},"modified":"2026-01-07T07:39:10","modified_gmt":"2026-01-07T07:39:10","slug":"1-mw-2-mwh","status":"publish","type":"product","link":"https:\/\/hdxenergy.com\/es\/product\/1mw2mwh\/","title":{"rendered":"Abastecimiento de ESS en contenedores de 1 MW\/2 MWh | Soluci\u00f3n BESS llave en mano"},"content":{"rendered":"<table border=\"0\" width=\"100%\" cellspacing=\"0\" cellpadding=\"0\">\n<tbody>\n<tr>\n<td><strong>Modelo del producto<\/strong><\/td>\n<td><strong>H098-2 MWh<\/strong><\/td>\n<\/tr>\n<tr>\n<td><strong>Capacidad de la bater\u00eda<\/strong><\/td>\n<td>3360 Ah\/598,4 V (2010,6 kWh)<\/td>\n<\/tr>\n<tr>\n<td><strong>Potencia nominal<\/strong><\/td>\n<td>1 MW<\/td>\n<\/tr>\n<tr>\n<td><strong>Potencia m\u00e1xima<\/strong><\/td>\n<td>1,1 MW<\/td>\n<\/tr>\n<tr>\n<td><strong>Rango de voltaje de la bater\u00eda<\/strong><\/td>\n<td>467,5-682,5 V<\/td>\n<\/tr>\n<tr>\n<td><strong>Corriente nominal de CA<\/strong><\/td>\n<td>1444A<\/td>\n<\/tr>\n<tr>\n<td><strong>Corriente de salida CA m\u00e1xima<\/strong><\/td>\n<td>1588A<\/td>\n<\/tr>\n<tr>\n<td><strong>Tama\u00f1o (L*A*H)<\/strong><\/td>\n<td>12192*2438*2896 (mm)<\/td>\n<\/tr>\n<tr>\n<td><strong>Peso<\/strong><\/td>\n<td>25 800 kg<\/td>\n<\/tr>\n<tr>\n<td><strong>Tipo de bater\u00eda<\/strong><\/td>\n<td>LiFePO4<\/td>\n<\/tr>\n<tr>\n<td><strong>Voltaje de salida de CA<\/strong><\/td>\n<td>400 V (-201 TP3T ~ +151 TP3T)<\/td>\n<\/tr>\n<tr>\n<td><strong>Comunicaci\u00f3n inal\u00e1mbrica<\/strong><\/td>\n<td>Compatible con comunicaci\u00f3n 4G<\/td>\n<\/tr>\n<tr>\n<td><strong>Comunicar<\/strong><\/td>\n<td>RS485\/CAN<\/td>\n<\/tr>\n<tr>\n<td><strong>Duraci\u00f3n del ciclo de la bater\u00eda<\/strong><\/td>\n<td>M\u00e1s de 6000 ciclos<\/td>\n<\/tr>\n<tr>\n<td><strong>Protecci\u00f3n del sistema<\/strong><\/td>\n<td>Protecci\u00f3n contra sobrecalentamiento\/Protecci\u00f3n contra sobretensi\u00f3n\/Protecci\u00f3n contra sobrecorriente\/Protecci\u00f3n contra sobrecarga\/Protecci\u00f3n contra descarga excesiva\/Protecci\u00f3n contra cortocircuito de carga\/Protecci\u00f3n contra sobrecarga.<\/td>\n<\/tr>\n<tr>\n<td><strong>Temperatura de descarga<\/strong><\/td>\n<td>-20 \u2103~50 \u2103 (La temperatura ambiente recomendada es de 20 \u2103 a 30 \u2103).<\/td>\n<\/tr>\n<tr>\n<td><strong>Rango de temperatura de carga<\/strong><\/td>\n<td>-5 \u2103~50 \u2103 (La temperatura ambiente recomendada es de 20 \u2103 a 30 \u2103).<\/td>\n<\/tr>\n<tr>\n<td><strong>Temperatura de almacenamiento<\/strong><\/td>\n<td>La temperatura ambiente recomendada es de 0 \u00b0C a 45 \u00b0C.<\/td>\n<\/tr>\n<tr>\n<td><strong>Normas de certificaci\u00f3n<\/strong><\/td>\n<td>IEC UN38.3 MSDS ROHS<\/td>\n<\/tr>\n<\/tbody>\n<\/table>","protected":false},"excerpt":{"rendered":"<ul>\n<li>Dise\u00f1o altamente integrado, f\u00e1cil de transportar, instalar y mantener, con monitoreo del estado en tiempo real y registro de fallas.<\/li>\n<li>Modularidad inteligente: este sistema de almacenamiento de energ\u00eda utiliza la tecnolog\u00eda CTP (Cell to Pack), admite conexiones en paralelo y permite ampliar f\u00e1cilmente el sistema.<\/li>\n<li>Seguro y confiable, equipado con un sistema de protecci\u00f3n de bater\u00eda multinivel y un sistema de extinci\u00f3n de incendios HFC-227ea para mayor seguridad.<\/li>\n<li>Opciones de refrigeraci\u00f3n personalizables: ofrece refrigeraci\u00f3n tanto por l\u00edquido como por aire para satisfacer diversos requisitos medioambientales y de rendimiento.<\/li>\n<li>Con una larga vida \u00fatil, este contenedor de bater\u00edas alcanza m\u00e1s de 6000 ciclos mientras mantiene un estado de salud (SOH) de 70%.<\/li>\n<li>El sistema de almacenamiento de energ\u00eda es duradero y est\u00e1 dise\u00f1ado para funcionar durante m\u00e1s de 15 a\u00f1os con una carga diaria.<\/li>\n<li>Adecuado para una amplia gama de aplicaciones, entre las que se incluyen: integraci\u00f3n de energ\u00edas renovables, estabilizaci\u00f3n de la red el\u00e9ctrica, gesti\u00f3n energ\u00e9tica industrial, uso comercial, zonas remotas, etc.<\/li>\n<\/ul>","protected":false},"featured_media":1121,"comment_status":"open","ping_status":"closed","template":"","meta":[],"product_brand":[],"product_cat":[33,32,35],"product_tag":[],"class_list":{"0":"post-1120","1":"product","2":"type-product","3":"status-publish","4":"has-post-thumbnail","6":"product_cat-all-in-one-battery-energy-storage-system","7":"product_cat-commercial-and-industrial-energy-storage","8":"product_cat-container-series","10":"first","11":"instock","12":"shipping-taxable","13":"product-type-simple"},"_links":{"self":[{"href":"https:\/\/hdxenergy.com\/es\/wp-json\/wp\/v2\/product\/1120","targetHints":{"allow":["GET"]}}],"collection":[{"href":"https:\/\/hdxenergy.com\/es\/wp-json\/wp\/v2\/product"}],"about":[{"href":"https:\/\/hdxenergy.com\/es\/wp-json\/wp\/v2\/types\/product"}],"replies":[{"embeddable":true,"href":"https:\/\/hdxenergy.com\/es\/wp-json\/wp\/v2\/comments?post=1120"}],"wp:featuredmedia":[{"embeddable":true,"href":"https:\/\/hdxenergy.com\/es\/wp-json\/wp\/v2\/media\/1121"}],"wp:attachment":[{"href":"https:\/\/hdxenergy.com\/es\/wp-json\/wp\/v2\/media?parent=1120"}],"wp:term":[{"taxonomy":"product_brand","embeddable":true,"href":"https:\/\/hdxenergy.com\/es\/wp-json\/wp\/v2\/product_brand?post=1120"},{"taxonomy":"product_cat","embeddable":true,"href":"https:\/\/hdxenergy.com\/es\/wp-json\/wp\/v2\/product_cat?post=1120"},{"taxonomy":"product_tag","embeddable":true,"href":"https:\/\/hdxenergy.com\/es\/wp-json\/wp\/v2\/product_tag?post=1120"}],"curies":[{"name":"wp","href":"https:\/\/api.w.org\/{rel}","templated":true}]}}