{"id":1115,"date":"2025-12-08T01:01:56","date_gmt":"2025-12-08T01:01:56","guid":{"rendered":"https:\/\/hdxenergy.com\/?post_type=product&#038;p=1115"},"modified":"2026-01-07T07:35:30","modified_gmt":"2026-01-07T07:35:30","slug":"1-mw-3-mwh","status":"publish","type":"product","link":"https:\/\/hdxenergy.com\/es\/product\/1mw3mwh\/","title":{"rendered":"ESS en contenedor de 1 MW\/3 MWh | Almacenamiento de energ\u00eda en bater\u00edas de grado industrial"},"content":{"rendered":"<table border=\"0\" width=\"100%\" cellspacing=\"0\" cellpadding=\"0\">\n<tbody>\n<tr>\n<td><strong>Modelo del producto<\/strong><\/td>\n<td><strong>H098-3 MWh<\/strong><\/td>\n<\/tr>\n<tr>\n<td><strong>Capacidad de la bater\u00eda<\/strong><\/td>\n<td>4480 Ah\/704 V (3153,9 kWh)<\/td>\n<\/tr>\n<tr>\n<td><strong>Potencia nominal<\/strong><\/td>\n<td>1 MW<\/td>\n<\/tr>\n<tr>\n<td><strong>Potencia m\u00e1xima<\/strong><\/td>\n<td>1,1 MW<\/td>\n<\/tr>\n<tr>\n<td><strong>Rango de voltaje de la bater\u00eda<\/strong><\/td>\n<td>550-803 V<\/td>\n<\/tr>\n<tr>\n<td><strong>Corriente nominal de CA<\/strong><\/td>\n<td>1444A<\/td>\n<\/tr>\n<tr>\n<td><strong>Corriente de salida CA m\u00e1xima<\/strong><\/td>\n<td>1588A<\/td>\n<\/tr>\n<tr>\n<td><strong>Tama\u00f1o (L*A*H)<\/strong><\/td>\n<td>12192*2438*2896 (mm)<\/td>\n<\/tr>\n<tr>\n<td><strong>Peso<\/strong><\/td>\n<td>32 000 kg<\/td>\n<\/tr>\n<tr>\n<td><strong>Tipo de bater\u00eda<\/strong><\/td>\n<td>LiFePO4<\/td>\n<\/tr>\n<tr>\n<td><strong>Voltaje de salida de CA<\/strong><\/td>\n<td>400 V (-201 TP3T ~ +151 TP3T)<\/td>\n<\/tr>\n<tr>\n<td><strong>Comunicaci\u00f3n inal\u00e1mbrica<\/strong><\/td>\n<td>Compatible con comunicaci\u00f3n 4G<\/td>\n<\/tr>\n<tr>\n<td><strong>Comunicar<\/strong><\/td>\n<td>RS485\/CAN<\/td>\n<\/tr>\n<tr>\n<td><strong>Duraci\u00f3n del ciclo de la bater\u00eda<\/strong><\/td>\n<td>M\u00e1s de 6000 ciclos<\/td>\n<\/tr>\n<tr>\n<td><strong>Protecci\u00f3n del sistema<\/strong><\/td>\n<td>Protecci\u00f3n contra sobrecalentamiento\/Protecci\u00f3n contra sobretensi\u00f3n\/Protecci\u00f3n contra sobrecorriente\/Protecci\u00f3n contra sobrecarga\/Protecci\u00f3n contra descarga excesiva\/Protecci\u00f3n contra cortocircuito de carga\/Protecci\u00f3n contra sobrecarga.<\/td>\n<\/tr>\n<tr>\n<td><strong>Temperatura de descarga<\/strong><\/td>\n<td>-20 \u2103~50 \u2103 (La temperatura ambiente recomendada es de 20 \u2103 a 30 \u2103).<\/td>\n<\/tr>\n<tr>\n<td><strong>Rango de temperatura de carga<\/strong><\/td>\n<td>-5 \u2103~50 \u2103 (La temperatura ambiente recomendada es de 20 \u2103 a 30 \u2103).<\/td>\n<\/tr>\n<tr>\n<td><strong>Temperatura de almacenamiento<\/strong><\/td>\n<td>La temperatura ambiente recomendada es de 0 \u00b0C a 45 \u00b0C.<\/td>\n<\/tr>\n<tr>\n<td><strong>Normas de certificaci\u00f3n<\/strong><\/td>\n<td>IEC UN38.3 MSDS ROHS<\/td>\n<\/tr>\n<\/tbody>\n<\/table>","protected":false},"excerpt":{"rendered":"<p><strong>Funcionalidad vers\u00e1til<\/strong><\/p>\n<ul>\n<li>Admite funciones importantes como el recorte de picos, el relleno de valles, la respuesta del lado de la demanda, el suministro de energ\u00eda de respaldo y otras.;<\/li>\n<li>Admite la actualizaci\u00f3n remota de estrategias operativas y actualizaciones de firmware, lo que reduce los costos de operaci\u00f3n y mantenimiento.<\/li>\n<\/ul>\n<p><strong>Altamente integrado<\/strong><\/p>\n<ul>\n<li>Productizaci\u00f3n del sistema, integrando bater\u00edas de almacenamiento de energ\u00eda, PCS y distribuci\u00f3n de energ\u00eda, control de temperatura, protecci\u00f3n contra incendios, sensores de puertas sumergidas en agua y comunicaciones de monitoreo, para controlar completamente el estado operativo y los riesgos del sistema.;<\/li>\n<li>Entrega integral, lo que acorta el ciclo de instalaci\u00f3n y puesta en marcha en el lugar del proyecto.<\/li>\n<\/ul>\n<p><strong>Seguro e inteligente<\/strong><\/p>\n<ul>\n<li>Mecanismo de procesamiento jer\u00e1rquico de fallas para responder a escenarios de fallas preestablecidos.;<\/li>\n<li>BMS personalizado, que proporciona funciones completas de medici\u00f3n y protecci\u00f3n.;<\/li>\n<li>Compatible con la programaci\u00f3n en la nube y el an\u00e1lisis de informes operativos.<\/li>\n<li>Viene con un sistema de refrigeraci\u00f3n por aire o l\u00edquido, un sistema de protecci\u00f3n contra incendios, un sistema de control de temperatura y un sistema de iluminaci\u00f3n.<\/li>\n<\/ul>\n<p><strong>Flexible y conveniente<\/strong><\/p>\n<ul>\n<li>PCS modular, unidad de bater\u00eda de expansi\u00f3n lineal y unidad inversora bidireccional de almacenamiento de energ\u00eda.;<\/li>\n<li>Equipado con capacidades independientes de control de carga y descarga para m\u00faltiples conjuntos de bater\u00edas, con el fin de mejorar la utilizaci\u00f3n y la seguridad de las mismas.<\/li>\n<\/ul>","protected":false},"featured_media":1116,"comment_status":"open","ping_status":"closed","template":"","meta":[],"product_brand":[],"product_cat":[33,32,35],"product_tag":[],"class_list":{"0":"post-1115","1":"product","2":"type-product","3":"status-publish","4":"has-post-thumbnail","6":"product_cat-all-in-one-battery-energy-storage-system","7":"product_cat-commercial-and-industrial-energy-storage","8":"product_cat-container-series","10":"first","11":"instock","12":"shipping-taxable","13":"product-type-simple"},"_links":{"self":[{"href":"https:\/\/hdxenergy.com\/es\/wp-json\/wp\/v2\/product\/1115","targetHints":{"allow":["GET"]}}],"collection":[{"href":"https:\/\/hdxenergy.com\/es\/wp-json\/wp\/v2\/product"}],"about":[{"href":"https:\/\/hdxenergy.com\/es\/wp-json\/wp\/v2\/types\/product"}],"replies":[{"embeddable":true,"href":"https:\/\/hdxenergy.com\/es\/wp-json\/wp\/v2\/comments?post=1115"}],"wp:featuredmedia":[{"embeddable":true,"href":"https:\/\/hdxenergy.com\/es\/wp-json\/wp\/v2\/media\/1116"}],"wp:attachment":[{"href":"https:\/\/hdxenergy.com\/es\/wp-json\/wp\/v2\/media?parent=1115"}],"wp:term":[{"taxonomy":"product_brand","embeddable":true,"href":"https:\/\/hdxenergy.com\/es\/wp-json\/wp\/v2\/product_brand?post=1115"},{"taxonomy":"product_cat","embeddable":true,"href":"https:\/\/hdxenergy.com\/es\/wp-json\/wp\/v2\/product_cat?post=1115"},{"taxonomy":"product_tag","embeddable":true,"href":"https:\/\/hdxenergy.com\/es\/wp-json\/wp\/v2\/product_tag?post=1115"}],"curies":[{"name":"wp","href":"https:\/\/api.w.org\/{rel}","templated":true}]}}