{"id":1109,"date":"2025-12-08T01:32:39","date_gmt":"2025-12-08T01:32:39","guid":{"rendered":"https:\/\/hdxenergy.com\/?post_type=product&#038;p=1109"},"modified":"2026-01-07T07:46:33","modified_gmt":"2026-01-07T07:46:33","slug":"250-kw-500-kw","status":"publish","type":"product","link":"https:\/\/hdxenergy.com\/es\/product\/250kw500kw\/","title":{"rendered":"Proveedor de sistemas de almacenamiento de energ\u00eda en contenedores de 250 kW\/500 kWh | Sistemas de almacenamiento de energ\u00eda en bater\u00edas compactos y de alta eficiencia"},"content":{"rendered":"<table border=\"0\" width=\"100%\" cellspacing=\"0\" cellpadding=\"0\">\n<tbody>\n<tr>\n<td><strong>Modelo del producto<\/strong><\/td>\n<td><strong>H098-500 kWh<\/strong><\/td>\n<\/tr>\n<tr>\n<td><strong>Capacidad de la bater\u00eda<\/strong><\/td>\n<td>840 Ah\/598,4 V 502,6 kWh)<\/td>\n<\/tr>\n<tr>\n<td><strong>Potencia nominal<\/strong><\/td>\n<td>250 kW<\/td>\n<\/tr>\n<tr>\n<td><strong>Potencia m\u00e1xima<\/strong><\/td>\n<td>275 kW<\/td>\n<\/tr>\n<tr>\n<td><strong>Rango de voltaje de la bater\u00eda<\/strong><\/td>\n<td>467,5-682,5 V<\/td>\n<\/tr>\n<tr>\n<td><strong>Corriente nominal de CA<\/strong><\/td>\n<td>361A<\/td>\n<\/tr>\n<tr>\n<td><strong>Corriente de salida CA m\u00e1xima<\/strong><\/td>\n<td>397A<\/td>\n<\/tr>\n<tr>\n<td><strong>Tama\u00f1o (L*A*H)<\/strong><\/td>\n<td>6058*2438*2591 (mm)<\/td>\n<\/tr>\n<tr>\n<td><strong>Peso<\/strong><\/td>\n<td>11 500 kg<\/td>\n<\/tr>\n<tr>\n<td><strong>Tipo de bater\u00eda<\/strong><\/td>\n<td>LiFePO4<\/td>\n<\/tr>\n<tr>\n<td><strong>Voltaje de salida de CA<\/strong><\/td>\n<td>400 V (-201 TP3T ~ +151 TP3T)<\/td>\n<\/tr>\n<tr>\n<td><strong>Comunicaci\u00f3n inal\u00e1mbrica<\/strong><\/td>\n<td>Compatible con comunicaci\u00f3n 4G<\/td>\n<\/tr>\n<tr>\n<td><strong>Comunicar<\/strong><\/td>\n<td>RS485\/CAN<\/td>\n<\/tr>\n<tr>\n<td><strong>Duraci\u00f3n del ciclo de la bater\u00eda<\/strong><\/td>\n<td>M\u00e1s de 6000 ciclos<\/td>\n<\/tr>\n<tr>\n<td><strong>Protecci\u00f3n del sistema<\/strong><\/td>\n<td>Protecci\u00f3n contra sobrecalentamiento\/Protecci\u00f3n contra sobretensi\u00f3n\/Protecci\u00f3n contra sobrecorriente\/Protecci\u00f3n contra sobrecarga\/Protecci\u00f3n contra descarga excesiva\/Protecci\u00f3n contra cortocircuito de carga\/Protecci\u00f3n contra sobrecarga.<\/td>\n<\/tr>\n<tr>\n<td><strong>Temperatura de descarga<\/strong><\/td>\n<td>-20 \u2103~50 \u2103 (La temperatura ambiente recomendada es de 20 \u2103 a 30 \u2103).<\/td>\n<\/tr>\n<tr>\n<td><strong>Rango de temperatura de carga<\/strong><\/td>\n<td>-5 \u2103~50 \u2103 (La temperatura ambiente recomendada es de 20 \u2103 a 30 \u2103).<\/td>\n<\/tr>\n<tr>\n<td><strong>Temperatura de almacenamiento<\/strong><\/td>\n<td>La temperatura ambiente recomendada es de 0 \u00b0C a 45 \u00b0C.<\/td>\n<\/tr>\n<tr>\n<td><strong>Normas de certificaci\u00f3n<\/strong><\/td>\n<td>IEC UN38.3 MSDS ROHS<\/td>\n<\/tr>\n<\/tbody>\n<\/table>","protected":false},"excerpt":{"rendered":"<ul>\n<li>Este sistema de almacenamiento de energ\u00eda solar de 250 kW\/500 kWh est\u00e1 equipado con bater\u00edas de almacenamiento de energ\u00eda, PCS, controlador fotovoltaico (MPPT) (opcional), sistema de gesti\u00f3n BMS, sistema de gesti\u00f3n EMS, sistema de distribuci\u00f3n de energ\u00eda, sistema de control ambiental y sistema de control de incendios para controlar completamente el estado operativo y los riesgos del sistema.<\/li>\n<li>Configurado con un PCS modular montado en bastidor, admite la conexi\u00f3n en paralelo de varias m\u00e1quinas y tiene una buena escalabilidad; el n\u00famero de m\u00f3dulos PCS y la potencia total de la bater\u00eda se pueden seleccionar de acuerdo con los requisitos de capacidad del sistema de almacenamiento t\u00e9rmico de energ\u00eda solar de la microrred y otros escenarios.<\/li>\n<li>El nivel de protecci\u00f3n es IP54, lo que permite soportar perfectamente diversos tipos de condiciones clim\u00e1ticas al aire libre.<\/li>\n<li>El aire acondicionado integrado empotrado en la puerta no ocupa espacio en el gabinete, aumenta el espacio disponible de los gabinetes exteriores, tiene una mejor integridad estructural superior y un buen efecto de impermeabilizaci\u00f3n.<\/li>\n<li>El panel de control local puede realizar diversas funciones, como la supervisi\u00f3n del funcionamiento del sistema, la formulaci\u00f3n de estrategias de gesti\u00f3n energ\u00e9tica y la actualizaci\u00f3n remota de equipos.<\/li>\n<\/ul>","protected":false},"featured_media":1110,"comment_status":"open","ping_status":"closed","template":"","meta":[],"product_brand":[],"product_cat":[33,32,35],"product_tag":[],"class_list":{"0":"post-1109","1":"product","2":"type-product","3":"status-publish","4":"has-post-thumbnail","6":"product_cat-all-in-one-battery-energy-storage-system","7":"product_cat-commercial-and-industrial-energy-storage","8":"product_cat-container-series","10":"first","11":"instock","12":"shipping-taxable","13":"product-type-simple"},"_links":{"self":[{"href":"https:\/\/hdxenergy.com\/es\/wp-json\/wp\/v2\/product\/1109","targetHints":{"allow":["GET"]}}],"collection":[{"href":"https:\/\/hdxenergy.com\/es\/wp-json\/wp\/v2\/product"}],"about":[{"href":"https:\/\/hdxenergy.com\/es\/wp-json\/wp\/v2\/types\/product"}],"replies":[{"embeddable":true,"href":"https:\/\/hdxenergy.com\/es\/wp-json\/wp\/v2\/comments?post=1109"}],"wp:featuredmedia":[{"embeddable":true,"href":"https:\/\/hdxenergy.com\/es\/wp-json\/wp\/v2\/media\/1110"}],"wp:attachment":[{"href":"https:\/\/hdxenergy.com\/es\/wp-json\/wp\/v2\/media?parent=1109"}],"wp:term":[{"taxonomy":"product_brand","embeddable":true,"href":"https:\/\/hdxenergy.com\/es\/wp-json\/wp\/v2\/product_brand?post=1109"},{"taxonomy":"product_cat","embeddable":true,"href":"https:\/\/hdxenergy.com\/es\/wp-json\/wp\/v2\/product_cat?post=1109"},{"taxonomy":"product_tag","embeddable":true,"href":"https:\/\/hdxenergy.com\/es\/wp-json\/wp\/v2\/product_tag?post=1109"}],"curies":[{"name":"wp","href":"https:\/\/api.w.org\/{rel}","templated":true}]}}