{"id":1103,"date":"2025-12-08T01:21:09","date_gmt":"2025-12-08T01:21:09","guid":{"rendered":"https:\/\/hdxenergy.com\/?post_type=product&#038;p=1103"},"modified":"2026-01-07T07:43:00","modified_gmt":"2026-01-07T07:43:00","slug":"500-kw-1-mwh","status":"publish","type":"product","link":"https:\/\/hdxenergy.com\/es\/product\/500kw1mwh\/","title":{"rendered":"Exportador de ESS en contenedores de 500 kW\/1 MWh | BESS escalable y de alto ciclo"},"content":{"rendered":"<table border=\"0\" width=\"100%\" cellspacing=\"0\" cellpadding=\"0\">\n<tbody>\n<tr>\n<td><strong>Modelo del producto<\/strong><\/td>\n<td><strong>H098-1 MWh<\/strong><\/td>\n<\/tr>\n<tr>\n<td><strong>Capacidad de la bater\u00eda<\/strong><\/td>\n<td>1680 Ah\/598,4 V (1005,3 kWh)<\/td>\n<\/tr>\n<tr>\n<td><strong>Potencia nominal<\/strong><\/td>\n<td>500 kW<\/td>\n<\/tr>\n<tr>\n<td><strong>Potencia m\u00e1xima<\/strong><\/td>\n<td>550 kW<\/td>\n<\/tr>\n<tr>\n<td><strong>Rango de voltaje de la bater\u00eda<\/strong><\/td>\n<td>467,5-682,5 V<\/td>\n<\/tr>\n<tr>\n<td><strong>Corriente nominal de CA<\/strong><\/td>\n<td>722A<\/td>\n<\/tr>\n<tr>\n<td><strong>Corriente de salida CA m\u00e1xima<\/strong><\/td>\n<td>794A<\/td>\n<\/tr>\n<tr>\n<td><strong>Tama\u00f1o (L*A*H)<\/strong><\/td>\n<td>6058*2438*2591 (mm)<\/td>\n<\/tr>\n<tr>\n<td><strong>Peso<\/strong><\/td>\n<td>16 200 kg<\/td>\n<\/tr>\n<tr>\n<td><strong>Tipo de bater\u00eda<\/strong><\/td>\n<td>LiFePO4<\/td>\n<\/tr>\n<tr>\n<td><strong>Voltaje de salida de CA<\/strong><\/td>\n<td>400 V (-201 TP3T ~ +151 TP3T)<\/td>\n<\/tr>\n<tr>\n<td><strong>Comunicaci\u00f3n inal\u00e1mbrica<\/strong><\/td>\n<td>Compatible con comunicaci\u00f3n 4G<\/td>\n<\/tr>\n<tr>\n<td><strong>Comunicar<\/strong><\/td>\n<td>RS485\/CAN<\/td>\n<\/tr>\n<tr>\n<td><strong>Duraci\u00f3n del ciclo de la bater\u00eda<\/strong><\/td>\n<td>M\u00e1s de 6000 ciclos<\/td>\n<\/tr>\n<tr>\n<td><strong>Protecci\u00f3n del sistema<\/strong><\/td>\n<td>Protecci\u00f3n contra sobrecalentamiento\/Protecci\u00f3n contra sobretensi\u00f3n\/Protecci\u00f3n contra sobrecorriente\/Protecci\u00f3n contra sobrecarga\/Protecci\u00f3n contra descarga excesiva\/Protecci\u00f3n contra cortocircuito de carga\/Protecci\u00f3n contra sobrecarga.<\/td>\n<\/tr>\n<tr>\n<td><strong>Temperatura de descarga<\/strong><\/td>\n<td>-20 \u2103~50 \u2103 (La temperatura ambiente recomendada es de 20 \u2103 a 30 \u2103).<\/td>\n<\/tr>\n<tr>\n<td><strong>Rango de temperatura de carga<\/strong><\/td>\n<td>-5 \u2103~50 \u2103 (La temperatura ambiente recomendada es de 20 \u2103 a 30 \u2103).<\/td>\n<\/tr>\n<tr>\n<td><strong>Temperatura de almacenamiento<\/strong><\/td>\n<td>La temperatura ambiente recomendada es de 0 \u00b0C a 45 \u00b0C.<\/td>\n<\/tr>\n<tr>\n<td><strong>Normas de certificaci\u00f3n<\/strong><\/td>\n<td>IEC UN38.3 MSDS ROHS<\/td>\n<\/tr>\n<\/tbody>\n<\/table>","protected":false},"excerpt":{"rendered":"<ul>\n<li>Formato de contenedor est\u00e1ndar: env\u00edo plug-and-play, instalaci\u00f3n r\u00e1pida con gr\u00faa, clasificaci\u00f3n IP para uso en exteriores en condiciones adversas.<\/li>\n<li>Funcionamiento multimodo: soporte VAR conectado a la red, funcionamiento en isla sin conexi\u00f3n a la red e inversor aut\u00f3nomo para microrredes con un solo clic.<\/li>\n<li>BMS inteligente de 3 niveles: protecci\u00f3n por capas de celda-m\u00f3dulo-sistema, aislamiento t\u00e9rmico y de fallos en tiempo real, seguridad sin desconexi\u00f3n.<\/li>\n<li>Preparado para redes inteligentes: cumple totalmente con las normas de interconexi\u00f3n IEC\/IEEE y acepta el despacho de servicios p\u00fablicos en tiempo real.<\/li>\n<li>Anti-islanding avanzado: detecci\u00f3n y supervivencia de subciclos, reconexi\u00f3n perfecta, estabilidad s\u00f3lida como una roca.<\/li>\n<\/ul>","protected":false},"featured_media":1104,"comment_status":"open","ping_status":"closed","template":"","meta":[],"product_brand":[],"product_cat":[33,32,35],"product_tag":[],"class_list":{"0":"post-1103","1":"product","2":"type-product","3":"status-publish","4":"has-post-thumbnail","6":"product_cat-all-in-one-battery-energy-storage-system","7":"product_cat-commercial-and-industrial-energy-storage","8":"product_cat-container-series","10":"first","11":"instock","12":"shipping-taxable","13":"product-type-simple"},"_links":{"self":[{"href":"https:\/\/hdxenergy.com\/es\/wp-json\/wp\/v2\/product\/1103","targetHints":{"allow":["GET"]}}],"collection":[{"href":"https:\/\/hdxenergy.com\/es\/wp-json\/wp\/v2\/product"}],"about":[{"href":"https:\/\/hdxenergy.com\/es\/wp-json\/wp\/v2\/types\/product"}],"replies":[{"embeddable":true,"href":"https:\/\/hdxenergy.com\/es\/wp-json\/wp\/v2\/comments?post=1103"}],"wp:featuredmedia":[{"embeddable":true,"href":"https:\/\/hdxenergy.com\/es\/wp-json\/wp\/v2\/media\/1104"}],"wp:attachment":[{"href":"https:\/\/hdxenergy.com\/es\/wp-json\/wp\/v2\/media?parent=1103"}],"wp:term":[{"taxonomy":"product_brand","embeddable":true,"href":"https:\/\/hdxenergy.com\/es\/wp-json\/wp\/v2\/product_brand?post=1103"},{"taxonomy":"product_cat","embeddable":true,"href":"https:\/\/hdxenergy.com\/es\/wp-json\/wp\/v2\/product_cat?post=1103"},{"taxonomy":"product_tag","embeddable":true,"href":"https:\/\/hdxenergy.com\/es\/wp-json\/wp\/v2\/product_tag?post=1103"}],"curies":[{"name":"wp","href":"https:\/\/api.w.org\/{rel}","templated":true}]}}