{"id":1098,"date":"2025-12-08T00:10:35","date_gmt":"2025-12-08T00:10:35","guid":{"rendered":"https:\/\/hdxenergy.com\/?post_type=product&#038;p=1098"},"modified":"2026-01-07T07:53:32","modified_gmt":"2026-01-07T07:53:32","slug":"100-kw-215-kwh","status":"publish","type":"product","link":"https:\/\/hdxenergy.com\/es\/product\/100kw215kwh\/","title":{"rendered":"Integrador BESS de gabinete de 100 kW\/215 kWh"},"content":{"rendered":"<div class=\"table-container\">\n<table border=\"0\" width=\"100%\" cellspacing=\"0\" cellpadding=\"0\">\n<tbody>\n<tr>\n<td><strong>Modelo del producto<\/strong><\/td>\n<td><strong>H098-50 kWh<\/strong><\/td>\n<td><strong>H098-100 kWh<\/strong><\/td>\n<td><strong>H098-150 kWh<\/strong><\/td>\n<td><strong>H098-215 kWh<\/strong><\/td>\n<td><strong>H098-315 kWh<\/strong><\/td>\n<\/tr>\n<tr>\n<td><strong>Tensi\u00f3n nominal<\/strong><\/td>\n<td>563,2 V CC<\/td>\n<td>537,6 V CC<\/td>\n<td>768 V CC<\/td>\n<td>768 V CC<\/td>\n<td>768 V CC<\/td>\n<\/tr>\n<tr>\n<td><strong>Rango de voltaje<\/strong><\/td>\n<td>440-642,4 V CC<\/td>\n<td>420-537,6 V CC<\/td>\n<td>600-876 V CC<\/td>\n<td>672-864 V CC<\/td>\n<td>672-864 V CC<\/td>\n<\/tr>\n<tr>\n<td><strong>Capacidad nominal<\/strong><\/td>\n<td>90 Ah<\/td>\n<td>200 Ah<\/td>\n<td>206 Ah<\/td>\n<td>280 Ah<\/td>\n<td>412 Ah<\/td>\n<\/tr>\n<tr>\n<td><strong>Energ\u00eda nominal<\/strong><\/td>\n<td>50,68 kWh<\/td>\n<td>107,5 kWh<\/td>\n<td>158 kWh<\/td>\n<td>215 kWh<\/td>\n<td>316,4 kWh<\/td>\n<\/tr>\n<tr>\n<td><strong>Corriente nominal de carga<\/strong><\/td>\n<td>45A<\/td>\n<td>100A<\/td>\n<td>206A<\/td>\n<td>140A<\/td>\n<td>206A<\/td>\n<\/tr>\n<tr>\n<td><strong>Corriente nominal de descarga<\/strong><\/td>\n<td>45A<\/td>\n<td>100A<\/td>\n<td>206A<\/td>\n<td>140A<\/td>\n<td>206A<\/td>\n<\/tr>\n<tr>\n<td><strong>Tama\u00f1o (L*A*H)<\/strong><\/td>\n<td>819 x 900 x 1964 (mm)<\/td>\n<td>1228 mm (ancho) x 1125 mm (profundidad) x 2084 mm (alto)<\/td>\n<td>1600 \u00d7 1247 \u00d7 2414 (mm)<\/td>\n<td>1910 x 1297 x 2414 (mm)<\/td>\n<td>2153 x 1297 x 2414 (mm)<\/td>\n<\/tr>\n<tr>\n<td><strong>Voltaje de salida de CA<\/strong><\/td>\n<td>400 V (-201 TP3T ~ +151 TP3T)<\/td>\n<td>400 V (-201 TP3T ~ +151 TP3T)<\/td>\n<td>400 V (-201 TP3T ~ +151 TP3T)<\/td>\n<td>320-460 V<\/td>\n<td>320-460 V<\/td>\n<\/tr>\n<tr>\n<td><strong>Voltaje de entrada nominal<\/strong><\/td>\n<td>3 W + N + PE; CA 400 V<\/td>\n<td>3 W + N + PE; CA 400 V<\/td>\n<td>3 W + N + PE; CA 400 V<\/td>\n<td>3 W + N + PE; CA 400 V<\/td>\n<td>3 W + N + PE; CA 400 V<\/td>\n<\/tr>\n<tr>\n<td><strong>Voltaje de salida nominal<\/strong><\/td>\n<td>3 W + N + PE; CA 400 V<\/td>\n<td>3 W + N + PE; CA 400 V<\/td>\n<td>3 W + N + PE; CA 400 V<\/td>\n<td>3 W + N + PE; CA 400 V<\/td>\n<td>3 W + N + PE; CA 400 V<\/td>\n<\/tr>\n<tr>\n<td><strong>Frecuencia nominal<\/strong><\/td>\n<td>50 Hz\/60 Hz<\/td>\n<td>50 Hz\/60 Hz<\/td>\n<td>50 Hz\/60 Hz<\/td>\n<td>50 Hz\/60 Hz<\/td>\n<td>50 Hz\/60 Hz<\/td>\n<\/tr>\n<tr>\n<td><strong>Corriente de salida nominal<\/strong><\/td>\n<td>36,2 A<\/td>\n<td>72,5 A<\/td>\n<td>138A<\/td>\n<td>138A<\/td>\n<td>276A<\/td>\n<\/tr>\n<tr>\n<td><strong>Potencia nominal<\/strong><\/td>\n<td>25 kW<\/td>\n<td>50 kW<\/td>\n<td>100 kW<\/td>\n<td>100 kW<\/td>\n<td>200 kW<\/td>\n<\/tr>\n<tr>\n<td><strong>Voltaje m\u00e1ximo de entrada fotovoltaica<\/strong><\/td>\n<td>850 V<\/td>\n<td>850 V<\/td>\n<td>850 V<\/td>\n<td>850 V<\/td>\n<td>850 V<\/td>\n<\/tr>\n<tr>\n<td><strong>Potencia fotovoltaica m\u00e1xima<\/strong><\/td>\n<td>15 kW + 15 kW<\/td>\n<td>38,4 kW + 38,4 kW<\/td>\n<td>120 kW<\/td>\n<td>120 kW<\/td>\n<td>240 kW<\/td>\n<\/tr>\n<tr>\n<td><strong>Rango de voltaje operativo MPPT<\/strong><\/td>\n<td>200 V-800 V<\/td>\n<td>200 V-800 V<\/td>\n<td>200 V-950 V<\/td>\n<td>200 V-950 V<\/td>\n<td>200 V-950 V<\/td>\n<\/tr>\n<tr>\n<td><strong>Rango de voltaje a plena carga MPPT<\/strong><\/td>\n<td>450 V-750 V<\/td>\n<td>450 V-750 V<\/td>\n<td>650 V-750 V<\/td>\n<td>650 V-750 V<\/td>\n<td>650 V-750 V<\/td>\n<\/tr>\n<tr>\n<td><strong>Peso<\/strong><\/td>\n<td>900 kg<\/td>\n<td>1700 kg<\/td>\n<td>2300 kg<\/td>\n<td>2850 kg<\/td>\n<td>3500 kg<\/td>\n<\/tr>\n<tr>\n<td><strong>Comunicaci\u00f3n<\/strong><\/td>\n<td>RS485\/CAN<\/td>\n<td><\/td>\n<td><\/td>\n<td>RS485\/CAN<\/td>\n<td><\/td>\n<\/tr>\n<tr>\n<td><strong>Altitud<\/strong><\/td>\n<td colspan=\"5\">\u22642000 m<\/td>\n<\/tr>\n<tr>\n<td><strong>Clase de protecci\u00f3n\/\u00cdndice de protecci\u00f3n IP<\/strong><\/td>\n<td colspan=\"5\">IP55<\/td>\n<\/tr>\n<tr>\n<td><strong>Rango de temperatura de carga<\/strong><\/td>\n<td colspan=\"5\">0 \u2103~50 \u2103<\/td>\n<\/tr>\n<tr>\n<td><strong>Rango de temperatura de descarga<\/strong><\/td>\n<td colspan=\"5\">-20 \u2103 ~ 55 \u2103<\/td>\n<\/tr>\n<tr>\n<td><strong>Normas de certificaci\u00f3n<\/strong><\/td>\n<td colspan=\"5\">IEC 63056\/IEC 62477-1\/EN61000-6\/IEC62933-5-2-2020\/IEC62933-2-1:2017\/ROHS 2.0\/UN38.3\/MSDS<\/td>\n<\/tr>\n<\/tbody>\n<\/table>\n<\/div>","protected":false},"excerpt":{"rendered":"<ul>\n<li>Sistema de almacenamiento de energ\u00eda de alto rendimiento que utiliza tecnolog\u00eda avanzada de bater\u00edas e inversores, y que proporciona una eficiencia de carga y descarga de hasta 90% o m\u00e1s.<\/li>\n<li>Aplicaciones flexibles, sistema de almacenamiento de energ\u00eda adecuado para una amplia gama de aplicaciones, como almacenamiento comercial, industrial, de energ\u00eda renovable, microrredes, centrales el\u00e9ctricas virtuales, etc.<\/li>\n<li>Ahorro energ\u00e9tico y reducci\u00f3n de costos, ayudando a los usuarios a ahorrar energ\u00eda y reducir los costos de electricidad mediante el arbitraje de tarifas en horas pico y valle y la reducci\u00f3n de las fluctuaciones de carga de la red.<\/li>\n<li>Dise\u00f1o modular, f\u00e1cil de ampliar y actualizar, configuraci\u00f3n flexible seg\u00fan la demanda.<\/li>\n<li>Gran adaptabilidad ambiental, sistemas de almacenamiento de energ\u00eda aplicables a diferentes condiciones clim\u00e1ticas, con nivel de protecci\u00f3n IP54, adaptables a diversos entornos externos.<\/li>\n<\/ul>","protected":false},"featured_media":1099,"comment_status":"open","ping_status":"closed","template":"","meta":[],"product_brand":[],"product_cat":[33,34,32],"product_tag":[],"class_list":{"0":"post-1098","1":"product","2":"type-product","3":"status-publish","4":"has-post-thumbnail","6":"product_cat-all-in-one-battery-energy-storage-system","7":"product_cat-cabinet-series","8":"product_cat-commercial-and-industrial-energy-storage","10":"first","11":"instock","12":"shipping-taxable","13":"product-type-simple"},"_links":{"self":[{"href":"https:\/\/hdxenergy.com\/es\/wp-json\/wp\/v2\/product\/1098","targetHints":{"allow":["GET"]}}],"collection":[{"href":"https:\/\/hdxenergy.com\/es\/wp-json\/wp\/v2\/product"}],"about":[{"href":"https:\/\/hdxenergy.com\/es\/wp-json\/wp\/v2\/types\/product"}],"replies":[{"embeddable":true,"href":"https:\/\/hdxenergy.com\/es\/wp-json\/wp\/v2\/comments?post=1098"}],"wp:featuredmedia":[{"embeddable":true,"href":"https:\/\/hdxenergy.com\/es\/wp-json\/wp\/v2\/media\/1099"}],"wp:attachment":[{"href":"https:\/\/hdxenergy.com\/es\/wp-json\/wp\/v2\/media?parent=1098"}],"wp:term":[{"taxonomy":"product_brand","embeddable":true,"href":"https:\/\/hdxenergy.com\/es\/wp-json\/wp\/v2\/product_brand?post=1098"},{"taxonomy":"product_cat","embeddable":true,"href":"https:\/\/hdxenergy.com\/es\/wp-json\/wp\/v2\/product_cat?post=1098"},{"taxonomy":"product_tag","embeddable":true,"href":"https:\/\/hdxenergy.com\/es\/wp-json\/wp\/v2\/product_tag?post=1098"}],"curies":[{"name":"wp","href":"https:\/\/api.w.org\/{rel}","templated":true}]}}