{"id":657,"date":"2025-11-25T06:12:48","date_gmt":"2025-11-25T06:12:48","guid":{"rendered":"https:\/\/hdxenergy.com\/?post_type=product&#038;p=657"},"modified":"2026-01-07T07:21:22","modified_gmt":"2026-01-07T07:21:22","slug":"nacs-serie","status":"publish","type":"product","link":"https:\/\/hdxenergy.com\/de\/product\/nacs-series\/","title":{"rendered":"Hersteller der NACS-Serie CCS1 EV-Ladestation | 60\u2013360 kW"},"content":{"rendered":"<div class=\"table-container\">\n<table>\n<tbody>\n<tr>\n<td colspan=\"2\"><strong>ltem<\/strong><\/td>\n<td colspan=\"6\">Standard-Parameterwert<\/td>\n<\/tr>\n<tr>\n<td colspan=\"2\"><strong>Eingangsspannung<\/strong><\/td>\n<td colspan=\"6\">3-phasig 260\u2013530 VAC<\/td>\n<\/tr>\n<tr>\n<td colspan=\"2\"><strong>Luput-Frequenz<\/strong><\/td>\n<td colspan=\"6\">50 Hz\/60 Hz<\/td>\n<\/tr>\n<tr>\n<td colspan=\"2\"><strong>Nennleistung<\/strong><\/td>\n<td colspan=\"6\">30 kW\/60 kW\/120 kW<\/td>\n<\/tr>\n<tr>\n<td colspan=\"2\"><strong>Ausgangsspannung<\/strong><\/td>\n<td colspan=\"6\">200 bis 1000 V Gleichstrom<\/td>\n<\/tr>\n<tr>\n<td colspan=\"2\"><strong>Ausgangsstrom<\/strong><\/td>\n<td colspan=\"6\">0\u2013200 Adc<\/td>\n<\/tr>\n<tr>\n<td colspan=\"2\"><strong>Eingangsspannung<\/strong><\/td>\n<td colspan=\"6\">3-phasig 260\u2013530 VAC<\/td>\n<\/tr>\n<tr>\n<td colspan=\"2\"><strong>Schutzgrad<\/strong><\/td>\n<td colspan=\"6\">IP55\/IK10<\/td>\n<\/tr>\n<tr>\n<td colspan=\"2\"><strong>Normen<\/strong><\/td>\n<td colspan=\"6\">UL 2202, CSA-C22.2 Nr. 107.1-16, UL 2231, CSA C22.2 Nr. 281<\/td>\n<\/tr>\n<tr>\n<td colspan=\"2\"><strong>Gewicht<\/strong><\/td>\n<td colspan=\"6\">230 kg bis 260 kg<\/td>\n<\/tr>\n<tr>\n<td colspan=\"2\"><strong>Dimension<\/strong><\/td>\n<td colspan=\"6\">6507001700 mm (L**H)<\/td>\n<\/tr>\n<tr>\n<td colspan=\"2\"><strong>Netzwerkschnittstelle<\/strong><\/td>\n<td colspan=\"6\">Ethemet, WIFl, 4G<\/td>\n<\/tr>\n<tr>\n<td colspan=\"2\"><strong>Sicherheitsstandard<\/strong><\/td>\n<td colspan=\"6\">EN 61851-1-2001 EN 61851-21-2001 EN 61851-22-2001<\/td>\n<\/tr>\n<\/tbody>\n<\/table>\n<\/div>\n<p><img fetchpriority=\"high\" decoding=\"async\" class=\"alignnone wp-image-658 size-full\" src=\"https:\/\/hdxenergy.com\/wp-content\/uploads\/2025\/11\/NACS-Series00.jpg\" alt=\"NACS-Serie CCS1 EV-Ladestation Beschreibung der Funktionsanzeige\" width=\"1000\" height=\"1000\" srcset=\"https:\/\/hdxenergy.com\/wp-content\/uploads\/2025\/11\/NACS-Series00.jpg 1000w, https:\/\/hdxenergy.com\/wp-content\/uploads\/2025\/11\/NACS-Series00-300x300.jpg 300w, https:\/\/hdxenergy.com\/wp-content\/uploads\/2025\/11\/NACS-Series00-150x150.jpg 150w, https:\/\/hdxenergy.com\/wp-content\/uploads\/2025\/11\/NACS-Series00-768x768.jpg 768w, https:\/\/hdxenergy.com\/wp-content\/uploads\/2025\/11\/NACS-Series00-600x600.jpg 600w, https:\/\/hdxenergy.com\/wp-content\/uploads\/2025\/11\/NACS-Series00-100x100.jpg 100w\" sizes=\"(max-width: 1000px) 100vw, 1000px\" \/><\/p>\n<p><strong>Hochleistungs-Schnellladung (60\u2013300 kW)<\/strong><\/p>\n<p>Bietet flexible Stromversorgungsoptionen f\u00fcr verschiedene Fahrzeugtypen und gewerbliche Nutzungsszenarien und erm\u00f6glicht schnelles und effizientes Gleichstromladen an stark frequentierten Standorten.<\/p>\n<p><strong>Stabiler, langlebiger und intelligenter Betrieb<\/strong><\/p>\n<p>Entwickelt mit Komponenten in Industriequalit\u00e4t, fortschrittlicher K\u00fchlung und intelligenter Leistungssteuerung, um langfristige Stabilit\u00e4t, effizientes Energiemanagement und niedrige Betriebskosten zu gew\u00e4hrleisten.<\/p>\n<p><strong>Sicher, zertifiziert und benutzerfreundlich<\/strong><\/p>\n<p>Umfasst umfassende Schutzfunktionen und eine benutzerfreundliche Oberfl\u00e4che. Mit CE- und UKCA-Zertifizierung, sodass es f\u00fcr \u00f6ffentliche, gewerbliche und Flotten-Ladeeinrichtungen geeignet ist.<\/p>\n<p><img decoding=\"async\" class=\"alignnone wp-image-1087 size-full\" src=\"https:\/\/hdxenergy.com\/wp-content\/uploads\/2025\/11\/NACS-SeriesCCS1.jpg\" alt=\"NACS-Serie CCS1 EV-Ladestation Gr\u00f6\u00dfe\" width=\"568\" height=\"551\" srcset=\"https:\/\/hdxenergy.com\/wp-content\/uploads\/2025\/11\/NACS-SeriesCCS1.jpg 568w, https:\/\/hdxenergy.com\/wp-content\/uploads\/2025\/11\/NACS-SeriesCCS1-300x291.jpg 300w\" sizes=\"(max-width: 568px) 100vw, 568px\" \/><\/p>\n<p><strong>Anwendungen<\/strong><br \/>\n\u00d6ffentliche EV-Ladestationen<br \/>\nGewerbliche Parkm\u00f6glichkeiten<br \/>\nLogistikunternehmen &amp; Flottenbetreiber<br \/>\nAutoh\u00e4user und Servicezentren<br \/>\nEinkaufszentren und Gewerbegebiete<br \/>\nWohnsiedlungen und gemischt genutzte Komplexe<br \/>\nStandorte, die eine Integration von Solarmodulen und Energiespeicherschr\u00e4nken erfordern, um ein vollst\u00e4ndiges kommerzielles Energiesystem aufzubauen.<\/p>\n<p><img decoding=\"async\" class=\"alignnone wp-image-1089 size-full\" src=\"https:\/\/hdxenergy.com\/wp-content\/uploads\/2025\/11\/NACS-Series-2.jpg\" alt=\"NACS-Serie CCS1 EV-Ladestation Nutzungsszenarien 1\" width=\"965\" height=\"721\" srcset=\"https:\/\/hdxenergy.com\/wp-content\/uploads\/2025\/11\/NACS-Series-2.jpg 965w, https:\/\/hdxenergy.com\/wp-content\/uploads\/2025\/11\/NACS-Series-2-300x224.jpg 300w, https:\/\/hdxenergy.com\/wp-content\/uploads\/2025\/11\/NACS-Series-2-768x574.jpg 768w, https:\/\/hdxenergy.com\/wp-content\/uploads\/2025\/11\/NACS-Series-2-600x448.jpg 600w\" sizes=\"(max-width: 965px) 100vw, 965px\" \/><\/p>\n<p><img loading=\"lazy\" decoding=\"async\" class=\"alignnone wp-image-1090 size-full\" src=\"https:\/\/hdxenergy.com\/wp-content\/uploads\/2025\/11\/NACS-Series-3.jpg\" alt=\"NACS Serie CCS1 EV-Ladestation Nutzungsszenarien 2\" width=\"965\" height=\"452\" srcset=\"https:\/\/hdxenergy.com\/wp-content\/uploads\/2025\/11\/NACS-Series-3.jpg 965w, https:\/\/hdxenergy.com\/wp-content\/uploads\/2025\/11\/NACS-Series-3-300x141.jpg 300w, https:\/\/hdxenergy.com\/wp-content\/uploads\/2025\/11\/NACS-Series-3-768x360.jpg 768w, https:\/\/hdxenergy.com\/wp-content\/uploads\/2025\/11\/NACS-Series-3-600x281.jpg 600w\" sizes=\"(max-width: 965px) 100vw, 965px\" \/><\/p>","protected":false},"excerpt":{"rendered":"<ul>\n<li>60\/80\/160\/180\/240\/360 kW Optional<\/li>\n<li>Zeitsparend \u2013 Schnelles Aufladen<\/li>\n<li>Zahlungsmethode RFID\/QR-Code\/POS-Ger\u00e4t<\/li>\n<li>1 Pistole oder 2 Pistolen ( CCS1 || CCS2 || CHAdeMO || GBT|| Tesla )<\/li>\n<li>7-Zoll-LCD-Farbdisplay mit Touchscreen<\/li>\n<li>24 Monate Garantie<\/li>\n<\/ul>","protected":false},"featured_media":707,"comment_status":"open","ping_status":"closed","template":"","meta":[],"product_brand":[],"product_cat":[24],"product_tag":[],"class_list":{"0":"post-657","1":"product","2":"type-product","3":"status-publish","4":"has-post-thumbnail","6":"product_cat-electric-vehicle-charging-stations","8":"first","9":"instock","10":"shipping-taxable","11":"product-type-simple"},"_links":{"self":[{"href":"https:\/\/hdxenergy.com\/de\/wp-json\/wp\/v2\/product\/657","targetHints":{"allow":["GET"]}}],"collection":[{"href":"https:\/\/hdxenergy.com\/de\/wp-json\/wp\/v2\/product"}],"about":[{"href":"https:\/\/hdxenergy.com\/de\/wp-json\/wp\/v2\/types\/product"}],"replies":[{"embeddable":true,"href":"https:\/\/hdxenergy.com\/de\/wp-json\/wp\/v2\/comments?post=657"}],"wp:featuredmedia":[{"embeddable":true,"href":"https:\/\/hdxenergy.com\/de\/wp-json\/wp\/v2\/media\/707"}],"wp:attachment":[{"href":"https:\/\/hdxenergy.com\/de\/wp-json\/wp\/v2\/media?parent=657"}],"wp:term":[{"taxonomy":"product_brand","embeddable":true,"href":"https:\/\/hdxenergy.com\/de\/wp-json\/wp\/v2\/product_brand?post=657"},{"taxonomy":"product_cat","embeddable":true,"href":"https:\/\/hdxenergy.com\/de\/wp-json\/wp\/v2\/product_cat?post=657"},{"taxonomy":"product_tag","embeddable":true,"href":"https:\/\/hdxenergy.com\/de\/wp-json\/wp\/v2\/product_tag?post=657"}],"curies":[{"name":"wp","href":"https:\/\/api.w.org\/{rel}","templated":true}]}}