{"id":620,"date":"2025-11-25T05:38:18","date_gmt":"2025-11-25T05:38:18","guid":{"rendered":"https:\/\/hdxenergy.com\/?post_type=product&#038;p=620"},"modified":"2026-01-07T07:05:48","modified_gmt":"2026-01-07T07:05:48","slug":"h096-15kwh","status":"publish","type":"product","link":"https:\/\/hdxenergy.com\/de\/product\/h096-15kwh\/","title":{"rendered":"H096-15kWh Standbatterie Dropshipping | 6500 Zyklen, stapelbar"},"content":{"rendered":"<div class=\"table-container\">\n<table>\n<tbody>\n<tr>\n<td>Modell<\/td>\n<td>H096-15kWh-Klasse<\/td>\n<\/tr>\n<tr>\n<td>Batteriekapazit\u00e4t<\/td>\n<td>280 Ah\/51,2 V (14,33 kWh)<\/td>\n<\/tr>\n<tr>\n<td>Gr\u00f6\u00dfe (L x B x H)<\/td>\n<td>L460mmB245mmH760mm<\/td>\n<\/tr>\n<tr>\n<td>Wiegen<\/td>\n<td>120 kg<\/td>\n<\/tr>\n<tr>\n<td>Batterietyp<\/td>\n<td>LiFePO4<\/td>\n<\/tr>\n<tr>\n<td>Batteriespannungsbereich<\/td>\n<td>40~58V<\/td>\n<\/tr>\n<tr>\n<td>Kommunikationsmodus<\/td>\n<td>Unterst\u00fctzt WLAN-Bluetooth-Verbindung mit mobiler App<\/td>\n<\/tr>\n<tr>\n<td>Kommunizieren<\/td>\n<td>RS485\/CAN<\/td>\n<\/tr>\n<tr>\n<td>Lebensdauer der Batterie<\/td>\n<td>Nach 3000 Zyklen betr\u00e4gt die verbleibende Kapazit\u00e4t immer noch mehr als 80%.<\/td>\n<\/tr>\n<tr>\n<td>Systemschutz<\/td>\n<td>\u00dcbertemperaturschutz\/\u00dcberspannungsschutz\/\u00dcberstromschutz\/\u00dcberladeschutz\/\u00dcberentladeschutz\/Lastkurzschlussschutz\/\u00dcberlastschutz.<\/td>\n<\/tr>\n<tr>\n<td>Austrittstemperatur<\/td>\n<td>-20 \u00b0C bis 50 \u00b0C (Die empfohlene Umgebungstemperatur liegt zwischen 20 \u00b0C und 30 \u00b0C.)<\/td>\n<\/tr>\n<tr>\n<td>Ladetemperatur<\/td>\n<td>-5 \u00b0C bis 50 \u00b0C (Die empfohlene Umgebungstemperatur liegt zwischen 20 \u00b0C und 30 \u00b0C.)<\/td>\n<\/tr>\n<tr>\n<td>Lagertemperatur<\/td>\n<td>Die empfohlene Umgebungstemperatur liegt zwischen 0 \u00b0C und 45 \u00b0C.<\/td>\n<\/tr>\n<tr>\n<td>Benutzeroberfl\u00e4che<\/td>\n<td>LCD<\/td>\n<\/tr>\n<tr>\n<td>Schutzstufe<\/td>\n<td>IP20<\/td>\n<\/tr>\n<tr>\n<td>Installationsmodus<\/td>\n<td>Standger\u00e4t<\/td>\n<\/tr>\n<tr>\n<td>Zertifizierungsstandards<\/td>\n<td>CE FCC ROHS<\/td>\n<\/tr>\n<\/tbody>\n<\/table>\n<\/div>","protected":false},"excerpt":{"rendered":"<ul>\n<li>Zellen der Klasse A mit \u00fcber 6500-facher Lebensdauer und einer Lebensdauer von 12 Jahren<\/li>\n<li>Die Schutzfunktionen umfassen: \u00dcberentladung, \u00dcberladung, \u00dcberstrom und zu hohe oder zu niedrige Temperatur. Das System kann den Lade- und Entladezustand automatisch verwalten und Strom und Spannung jeder Zelle ausgleichen.<\/li>\n<li>Unterst\u00fctzt maximal 16 parallele\/gestapelte Stromversorgungen, mit einer maximalen Lade- und Entladeleistung von 200 Ampere, was 10240Wh entspricht.<\/li>\n<li>7-Zoll-Farb-Touchscreen zeigt in Echtzeit Volt, Ampere, SOC und t\u00e4gliche Einsparungen<\/li>\n<li>Passt perfekt zu den meisten g\u00e4ngigen Hybrid-Wechselrichtern der Welt<\/li>\n<\/ul>","protected":false},"featured_media":632,"comment_status":"open","ping_status":"closed","template":"","meta":[],"product_brand":[],"product_cat":[31],"product_tag":[],"class_list":{"0":"post-620","1":"product","2":"type-product","3":"status-publish","4":"has-post-thumbnail","6":"product_cat-floor-standing-lithiumbattery","8":"first","9":"instock","10":"shipping-taxable","11":"product-type-simple"},"_links":{"self":[{"href":"https:\/\/hdxenergy.com\/de\/wp-json\/wp\/v2\/product\/620","targetHints":{"allow":["GET"]}}],"collection":[{"href":"https:\/\/hdxenergy.com\/de\/wp-json\/wp\/v2\/product"}],"about":[{"href":"https:\/\/hdxenergy.com\/de\/wp-json\/wp\/v2\/types\/product"}],"replies":[{"embeddable":true,"href":"https:\/\/hdxenergy.com\/de\/wp-json\/wp\/v2\/comments?post=620"}],"wp:featuredmedia":[{"embeddable":true,"href":"https:\/\/hdxenergy.com\/de\/wp-json\/wp\/v2\/media\/632"}],"wp:attachment":[{"href":"https:\/\/hdxenergy.com\/de\/wp-json\/wp\/v2\/media?parent=620"}],"wp:term":[{"taxonomy":"product_brand","embeddable":true,"href":"https:\/\/hdxenergy.com\/de\/wp-json\/wp\/v2\/product_brand?post=620"},{"taxonomy":"product_cat","embeddable":true,"href":"https:\/\/hdxenergy.com\/de\/wp-json\/wp\/v2\/product_cat?post=620"},{"taxonomy":"product_tag","embeddable":true,"href":"https:\/\/hdxenergy.com\/de\/wp-json\/wp\/v2\/product_tag?post=620"}],"curies":[{"name":"wp","href":"https:\/\/api.w.org\/{rel}","templated":true}]}}