{"id":588,"date":"2025-11-25T05:33:11","date_gmt":"2025-11-25T05:33:11","guid":{"rendered":"https:\/\/hdxenergy.com\/?post_type=product&#038;p=588"},"modified":"2026-01-07T07:02:01","modified_gmt":"2026-01-07T07:02:01","slug":"energiespeicherwand","status":"publish","type":"product","link":"https:\/\/hdxenergy.com\/de\/product\/power-storage-wall\/","title":{"rendered":"Wand-Energiespeicher \u2013 Home Battery Faire | Skalierbar von 5 bis 80 kWh, \u00fcber 6500 Ladezyklen"},"content":{"rendered":"<div class=\"table-container\">\n<table>\n<thead>\n<tr>\n<th>Parameterelement<\/th>\n<th>H096-5kWh-Klasse<\/th>\n<th>H096-10-kWh-Klasse<\/th>\n<th>H096-15kWh-Klasse<\/th>\n<\/tr>\n<\/thead>\n<tbody>\n<tr>\n<td>Modell<\/td>\n<td>H096-5kWh-Klasse<\/td>\n<td>H096-10-kWh-Klasse<\/td>\n<td>H096-15kWh-Klasse<\/td>\n<\/tr>\n<tr>\n<td>Batteriekapazit\u00e4t<\/td>\n<td>100 Ah\/51,2 V (5,12 kWh)<\/td>\n<td>200 Ah\/51,2 V (10,24 kWh)<\/td>\n<td>280 Ah\/51,2 V (14,33 kWh)<\/td>\n<\/tr>\n<tr>\n<td>Gr\u00f6\u00dfe (B<em>h<\/em>l)<\/td>\n<td>L460 mm<em>W145 mm<\/em>H515 mm<\/td>\n<td>L460 mm<em>245 mm<\/em>H620 mm<\/td>\n<td>L460 mm<em>245 mm<\/em>H760 mm<\/td>\n<\/tr>\n<tr>\n<td>Gewicht<\/td>\n<td>45 kg<\/td>\n<td>95 kg<\/td>\n<td>120 kg<\/td>\n<\/tr>\n<tr>\n<td>Batterietyp<\/td>\n<td>LiFePO\u2084<\/td>\n<td>LiFePO\u2084<\/td>\n<td>LiFePO\u2084<\/td>\n<\/tr>\n<tr>\n<td>Batteriespannungsbereich<\/td>\n<td>40\u201358 V<\/td>\n<td>40\u201358 V<\/td>\n<td>40\u201358 V<\/td>\n<\/tr>\n<tr>\n<td>Kommunikationsmodus<\/td>\n<td>Unterst\u00fctzt WLAN-Bluetooth-Verbindung mit mobiler App<\/td>\n<td>Unterst\u00fctzt WLAN-Bluetooth-Verbindung mit mobiler App<\/td>\n<td>Unterst\u00fctzt WLAN-Bluetooth-Verbindung mit mobiler App<\/td>\n<\/tr>\n<tr>\n<td>Kommunizieren<\/td>\n<td>RS485\/CAN<\/td>\n<td>RS485\/CAN<\/td>\n<td>RS485\/CAN<\/td>\n<\/tr>\n<tr>\n<td>Lebensdauer der Batterie<\/td>\n<td>Nach 3000 Zyklen betr\u00e4gt die verbleibende Kapazit\u00e4t immer noch mehr als 80%.<\/td>\n<td>Nach 3000 Zyklen betr\u00e4gt die verbleibende Kapazit\u00e4t immer noch mehr als 80%.<\/td>\n<td>Nach 3000 Zyklen betr\u00e4gt die verbleibende Kapazit\u00e4t immer noch mehr als 80%.<\/td>\n<\/tr>\n<tr>\n<td>Systemschutz<\/td>\n<td>\u00dcbertemperaturschutz\/\u00dcberspannungsschutz\/\u00dcberstromschutz\/\u00dcberladeschutz\/\u00dcberentladungsschutz\/Kurzschlussschutz\/\u00dcberlastschutz.<\/td>\n<td>\u00dcbertemperaturschutz\/\u00dcberspannungsschutz\/\u00dcberstromschutz\/\u00dcberladeschutz\/\u00dcberentladungsschutz\/Kurzschlussschutz\/\u00dcberlastschutz.<\/td>\n<td>\u00dcbertemperaturschutz\/\u00dcberspannungsschutz\/\u00dcberstromschutz\/\u00dcberladeschutz\/\u00dcberentladungsschutz\/Kurzschlussschutz\/\u00dcberlastschutz.<\/td>\n<\/tr>\n<tr>\n<td>Austrittstemperatur<\/td>\n<td>-20 \u00b0C bis 50 \u00b0C (Die empfohlene Umgebungstemperatur liegt zwischen 20 \u00b0C und 30 \u00b0C.)<\/td>\n<td>-20 \u00b0C bis 50 \u00b0C (Die empfohlene Umgebungstemperatur liegt zwischen 20 \u00b0C und 30 \u00b0C.)<\/td>\n<td>-20 \u00b0C bis 50 \u00b0C (Die empfohlene Umgebungstemperatur liegt zwischen 20 \u00b0C und 30 \u00b0C.)<\/td>\n<\/tr>\n<tr>\n<td>Ladetemperatur<\/td>\n<td>-5 \u00b0C bis 50 \u00b0C (Die empfohlene Umgebungstemperatur liegt zwischen 20 \u00b0C und 30 \u00b0C.)<\/td>\n<td>-5 \u00b0C bis 50 \u00b0C (Die empfohlene Umgebungstemperatur liegt zwischen 20 \u00b0C und 30 \u00b0C.)<\/td>\n<td>-5 \u00b0C bis 50 \u00b0C (Die empfohlene Umgebungstemperatur liegt zwischen 20 \u00b0C und 30 \u00b0C.)<\/td>\n<\/tr>\n<tr>\n<td>Lagertemperatur<\/td>\n<td>Die empfohlene Umgebungstemperatur liegt zwischen 0 \u00b0C und 45 \u00b0C.<\/td>\n<td>Die empfohlene Umgebungstemperatur liegt zwischen 0 \u00b0C und 45 \u00b0C.<\/td>\n<td>Die empfohlene Umgebungstemperatur liegt zwischen 0 \u00b0C und 45 \u00b0C.<\/td>\n<\/tr>\n<tr>\n<td>Benutzeroberfl\u00e4che<\/td>\n<td>LCD<\/td>\n<td>LCD<\/td>\n<td>LCD<\/td>\n<\/tr>\n<tr>\n<td>Schutzstufe<\/td>\n<td>IP20<\/td>\n<td>IP20<\/td>\n<td>IP20<\/td>\n<\/tr>\n<tr>\n<td>Installationsmodus<\/td>\n<td>Wandmontiert<\/td>\n<td>Standger\u00e4t<\/td>\n<td>Standger\u00e4t<\/td>\n<\/tr>\n<tr>\n<td>Zertifizierungsstandards<\/td>\n<td>CE FCC ROHS<\/td>\n<td>CE FCC ROHS<\/td>\n<td>CE FCC ROHS<\/td>\n<\/tr>\n<\/tbody>\n<\/table>\n<\/div>","protected":false},"excerpt":{"rendered":"<ul>\n<li><b>Sparen Sie bis zu 90% bei Ihren Energiekosten<\/b>\u2013 Speichern Sie g\u00fcnstigen Solarstrom oder Strom aus dem Netz au\u00dferhalb der Spitzenzeiten und nutzen Sie ihn w\u00e4hrend der teuren Spitzenzeiten.<\/li>\n<li><b>Echtes Plug-and-Play<\/b>\u2013 Wandmontage, 45 kg leichtes Design, das zwei Personen ohne schweres Werkzeug in weniger als einer Stunde installieren k\u00f6nnen<\/li>\n<li><b>\u00dcber 6500 Zyklen und 10 Jahre Garantie <\/b>\u2013 LiFePO\u2084-Zellen bieten \u00fcber 6.000 Tiefenzyklen und damit eine Lebensdauer von 25 Jahren bei typischer Nutzung im Haushalt.<\/li>\n<li><b>98% Rundlaufwirkungsgrad <\/b>\u2013 Es gelangt tats\u00e4chlich mehr gespeicherte Energie zu Ihren Ger\u00e4ten, wodurch Blei-S\u00e4ure- oder \u00e4ltere Lithium-Akkus um 10-20% \u00fcbertroffen werden.<b><\/b><\/li>\n<li><b>7-Zoll-Farb-Touchscreen<\/b><b><\/b>\u2013 Anzeige von Spannung, Stromst\u00e4rke, Ladezustand und t\u00e4glichen Einsparungen in Echtzeit<\/li>\n<li><b>Skalierbar 5 \u2192 <\/b><strong><b>80<\/b><\/strong><strong><b>kWh <\/b><\/strong>\u2013 Verbinden Sie einfach bis zu 16 identische Einheiten parallel miteinander, wenn Ihre Familie sp\u00e4ter ein Elektroauto oder eine W\u00e4rmepumpe anschafft.<\/li>\n<\/ul>","protected":false},"featured_media":602,"comment_status":"open","ping_status":"closed","template":"","meta":[],"product_brand":[],"product_cat":[30],"product_tag":[],"class_list":{"0":"post-588","1":"product","2":"type-product","3":"status-publish","4":"has-post-thumbnail","6":"product_cat-home-battery-storage","8":"first","9":"instock","10":"shipping-taxable","11":"product-type-simple"},"_links":{"self":[{"href":"https:\/\/hdxenergy.com\/de\/wp-json\/wp\/v2\/product\/588","targetHints":{"allow":["GET"]}}],"collection":[{"href":"https:\/\/hdxenergy.com\/de\/wp-json\/wp\/v2\/product"}],"about":[{"href":"https:\/\/hdxenergy.com\/de\/wp-json\/wp\/v2\/types\/product"}],"replies":[{"embeddable":true,"href":"https:\/\/hdxenergy.com\/de\/wp-json\/wp\/v2\/comments?post=588"}],"wp:featuredmedia":[{"embeddable":true,"href":"https:\/\/hdxenergy.com\/de\/wp-json\/wp\/v2\/media\/602"}],"wp:attachment":[{"href":"https:\/\/hdxenergy.com\/de\/wp-json\/wp\/v2\/media?parent=588"}],"wp:term":[{"taxonomy":"product_brand","embeddable":true,"href":"https:\/\/hdxenergy.com\/de\/wp-json\/wp\/v2\/product_brand?post=588"},{"taxonomy":"product_cat","embeddable":true,"href":"https:\/\/hdxenergy.com\/de\/wp-json\/wp\/v2\/product_cat?post=588"},{"taxonomy":"product_tag","embeddable":true,"href":"https:\/\/hdxenergy.com\/de\/wp-json\/wp\/v2\/product_tag?post=588"}],"curies":[{"name":"wp","href":"https:\/\/api.w.org\/{rel}","templated":true}]}}