{"id":549,"date":"2025-11-24T07:54:31","date_gmt":"2025-11-24T07:54:31","guid":{"rendered":"https:\/\/hdxenergy.com\/?post_type=product&#038;p=549"},"modified":"2026-01-07T06:45:38","modified_gmt":"2026-01-07T06:45:38","slug":"12-v-100-ah","status":"publish","type":"product","link":"https:\/\/hdxenergy.com\/de\/product\/12v100ah\/","title":{"rendered":"12V 100Ah LiFePO4 Batterie Fabrik | Benutzerdefinierte BMS, 8000+ Zyklen"},"content":{"rendered":"<p><strong>HM-LF12100 12,8 V 100 Ah<\/strong><br \/>\n<strong>Allgemeine Spezifikation<\/strong><\/p>\n<div class=\"table-container\">\n<table>\n<tbody>\n<tr>\n<td>Elektrische Eigenschaften<\/td>\n<td>Nennspannung<\/td>\n<td>12,8 V<\/td>\n<\/tr>\n<tr>\n<td><\/td>\n<td>Nennkapazit\u00e4t<\/td>\n<td>100 Ah<\/td>\n<\/tr>\n<tr>\n<td><\/td>\n<td>Energie<\/td>\n<td>1280 Wh<\/td>\n<\/tr>\n<tr>\n<td><\/td>\n<td>Innenwiderstand<\/td>\n<td>\u226435 m\u03a9<\/td>\n<\/tr>\n<tr>\n<td><\/td>\n<td>Lebensdauer<\/td>\n<td>8000 Zyklen @ 0,2C Laden\/Entladen, bis 80% Kapazit\u00e4t<\/td>\n<\/tr>\n<tr>\n<td><\/td>\n<td>Selbstentladung<\/td>\n<td>\u22643,51 TP3T pro Monat bei 25 \u00b0C<\/td>\n<\/tr>\n<tr>\n<td>Standard-Aufladung<\/td>\n<td>Max. Ladespannung<\/td>\n<td>14,0 bis 14,6 V<\/td>\n<\/tr>\n<tr>\n<td><\/td>\n<td>Lademodus<\/td>\n<td>Bei einer Temperatur von 0 \u00b0C bis 45 \u00b0C wurde mit einem konstanten Strom von 0,2 C auf 14,6 V geladen und anschlie\u00dfend mit einer konstanten Spannung von 14,6 V kontinuierlich ge\u00e4ndert, bis der Strom nicht mehr als 0,02 C betrug.<\/td>\n<\/tr>\n<tr>\n<td><\/td>\n<td>Ladestrom<\/td>\n<td>50A<\/td>\n<\/tr>\n<tr>\n<td><\/td>\n<td>Max. Ladestrom<\/td>\n<td>100A<\/td>\n<\/tr>\n<tr>\n<td>Standardentladung<\/td>\n<td>Entladestrom<\/td>\n<td>100A<\/td>\n<\/tr>\n<tr>\n<td><\/td>\n<td>Max. Dauerstrom<\/td>\n<td>100A<\/td>\n<\/tr>\n<tr>\n<td><\/td>\n<td>Max. Impulsstrom<\/td>\n<td>200 A (&lt;3 s)<\/td>\n<\/tr>\n<tr>\n<td><\/td>\n<td>Entladungssperrspannung<\/td>\n<td>10.0<\/td>\n<\/tr>\n<tr>\n<td>Betriebszustand<\/td>\n<td>Ladetemperatur<\/td>\n<td>0 \u00b0C bis 45 \u00b0C (32 \u00b0F bis 113 \u00b0F) bei 60 \u00b1 251 TP3T relativer Luftfeuchtigkeit<\/td>\n<\/tr>\n<tr>\n<td><\/td>\n<td>Austrittstemperatur<\/td>\n<td>-20 \u00b0C bis 60 \u00b0C (-4 \u00b0F bis 140 \u00b0F) bei 60 \u00b1 251 TP3T relativer Luftfeuchtigkeit<\/td>\n<\/tr>\n<tr>\n<td><\/td>\n<td>Lagertemperatur<\/td>\n<td>0 \u00b0C bis 45 \u00b0C (32 \u00b0F bis 113 \u00b0F) bei 60 \u00b1 251 TP3T relativer Luftfeuchtigkeit<\/td>\n<\/tr>\n<tr>\n<td><\/td>\n<td>Wasser- und Staubbest\u00e4ndigkeit<\/td>\n<td>IP55<\/td>\n<\/tr>\n<tr>\n<td>Struktur<\/td>\n<td>Zelle &amp; Format<\/td>\n<td>LFP 3,2 V, 100 Ah (4S1P)<\/td>\n<\/tr>\n<tr>\n<td><\/td>\n<td>Geh\u00e4use<\/td>\n<td>Kunststoff<\/td>\n<\/tr>\n<tr>\n<td><\/td>\n<td>Abmessungen (L x B x H)<\/td>\n<td>330172215 mm<\/td>\n<\/tr>\n<tr>\n<td><\/td>\n<td>Paketabmessungen<\/td>\n<td>360210 \u00d7 260 mm<\/td>\n<\/tr>\n<tr>\n<td><\/td>\n<td>Gewicht<\/td>\n<td>Ca. 10 kg<\/td>\n<\/tr>\n<tr>\n<td><\/td>\n<td>Terminal<\/td>\n<td>M8<\/td>\n<\/tr>\n<\/tbody>\n<\/table>\n<\/div>\n<p><img fetchpriority=\"high\" decoding=\"async\" class=\"alignnone wp-image-559 size-full\" src=\"https:\/\/hdxenergy.com\/wp-content\/uploads\/2025\/11\/12v100ah06.jpg\" alt=\"Bluetooth-gest\u00fctzte \u00dcberwachung: Verfolgen Sie den Batteriestatus jederzeit und \u00fcberall\" width=\"1000\" height=\"1000\" srcset=\"https:\/\/hdxenergy.com\/wp-content\/uploads\/2025\/11\/12v100ah06.jpg 1000w, https:\/\/hdxenergy.com\/wp-content\/uploads\/2025\/11\/12v100ah06-300x300.jpg 300w, https:\/\/hdxenergy.com\/wp-content\/uploads\/2025\/11\/12v100ah06-150x150.jpg 150w, https:\/\/hdxenergy.com\/wp-content\/uploads\/2025\/11\/12v100ah06-768x768.jpg 768w, https:\/\/hdxenergy.com\/wp-content\/uploads\/2025\/11\/12v100ah06-600x600.jpg 600w, https:\/\/hdxenergy.com\/wp-content\/uploads\/2025\/11\/12v100ah06-100x100.jpg 100w\" sizes=\"(max-width: 1000px) 100vw, 1000px\" \/> <img decoding=\"async\" class=\"alignnone wp-image-557 size-full\" src=\"https:\/\/hdxenergy.com\/wp-content\/uploads\/2025\/11\/12v100ah04.jpg\" alt=\"Solarenergiespeicher Erneuerbare Energie Tag und Nacht\" width=\"1000\" height=\"1000\" srcset=\"https:\/\/hdxenergy.com\/wp-content\/uploads\/2025\/11\/12v100ah04.jpg 1000w, https:\/\/hdxenergy.com\/wp-content\/uploads\/2025\/11\/12v100ah04-300x300.jpg 300w, https:\/\/hdxenergy.com\/wp-content\/uploads\/2025\/11\/12v100ah04-150x150.jpg 150w, https:\/\/hdxenergy.com\/wp-content\/uploads\/2025\/11\/12v100ah04-768x768.jpg 768w, https:\/\/hdxenergy.com\/wp-content\/uploads\/2025\/11\/12v100ah04-600x600.jpg 600w, https:\/\/hdxenergy.com\/wp-content\/uploads\/2025\/11\/12v100ah04-100x100.jpg 100w\" sizes=\"(max-width: 1000px) 100vw, 1000px\" \/> <img decoding=\"async\" class=\"alignnone wp-image-558 size-full\" src=\"https:\/\/hdxenergy.com\/wp-content\/uploads\/2025\/11\/12v100ah05.jpg\" alt=\"IP55\" width=\"1000\" height=\"1000\" srcset=\"https:\/\/hdxenergy.com\/wp-content\/uploads\/2025\/11\/12v100ah05.jpg 1000w, https:\/\/hdxenergy.com\/wp-content\/uploads\/2025\/11\/12v100ah05-300x300.jpg 300w, https:\/\/hdxenergy.com\/wp-content\/uploads\/2025\/11\/12v100ah05-150x150.jpg 150w, https:\/\/hdxenergy.com\/wp-content\/uploads\/2025\/11\/12v100ah05-768x768.jpg 768w, https:\/\/hdxenergy.com\/wp-content\/uploads\/2025\/11\/12v100ah05-600x600.jpg 600w, https:\/\/hdxenergy.com\/wp-content\/uploads\/2025\/11\/12v100ah05-100x100.jpg 100w\" sizes=\"(max-width: 1000px) 100vw, 1000px\" \/> <img loading=\"lazy\" decoding=\"async\" class=\"alignnone wp-image-556 size-full\" src=\"https:\/\/hdxenergy.com\/wp-content\/uploads\/2025\/11\/12v100ah03.jpg\" alt=\"RV Power Solution Energie f\u00fcr Ihre Reisen\" width=\"1000\" height=\"1000\" srcset=\"https:\/\/hdxenergy.com\/wp-content\/uploads\/2025\/11\/12v100ah03.jpg 1000w, https:\/\/hdxenergy.com\/wp-content\/uploads\/2025\/11\/12v100ah03-300x300.jpg 300w, https:\/\/hdxenergy.com\/wp-content\/uploads\/2025\/11\/12v100ah03-150x150.jpg 150w, https:\/\/hdxenergy.com\/wp-content\/uploads\/2025\/11\/12v100ah03-768x768.jpg 768w, https:\/\/hdxenergy.com\/wp-content\/uploads\/2025\/11\/12v100ah03-600x600.jpg 600w, https:\/\/hdxenergy.com\/wp-content\/uploads\/2025\/11\/12v100ah03-100x100.jpg 100w\" sizes=\"(max-width: 1000px) 100vw, 1000px\" \/> <img loading=\"lazy\" decoding=\"async\" class=\"alignnone wp-image-555 size-full\" src=\"https:\/\/hdxenergy.com\/wp-content\/uploads\/2025\/11\/12v100ah02.jpg\" alt=\"Heim-Energiespeicher - Zuverl\u00e4ssige Stromversorgung f\u00fcr Ihren Haushalt\" width=\"1000\" height=\"1000\" srcset=\"https:\/\/hdxenergy.com\/wp-content\/uploads\/2025\/11\/12v100ah02.jpg 1000w, https:\/\/hdxenergy.com\/wp-content\/uploads\/2025\/11\/12v100ah02-300x300.jpg 300w, https:\/\/hdxenergy.com\/wp-content\/uploads\/2025\/11\/12v100ah02-150x150.jpg 150w, https:\/\/hdxenergy.com\/wp-content\/uploads\/2025\/11\/12v100ah02-768x768.jpg 768w, https:\/\/hdxenergy.com\/wp-content\/uploads\/2025\/11\/12v100ah02-600x600.jpg 600w, https:\/\/hdxenergy.com\/wp-content\/uploads\/2025\/11\/12v100ah02-100x100.jpg 100w\" sizes=\"(max-width: 1000px) 100vw, 1000px\" \/><\/p>","protected":false},"excerpt":{"rendered":"<ul>\n<li>Die Lithium-Batterie zeichnet sich durch ein hervorragendes Verh\u00e4ltnis von Kapazit\u00e4t zu Gewicht, eine hohe Entladeleistung, schnelle Ladezeiten, eine lange Lebensdauer und eine ausgezeichnete Stabilit\u00e4t bei hohen Temperaturen aus.<\/li>\n<li>Mit einer Entladetiefe von 80% und LiFePO4-Chemie gew\u00e4hrleistet sie thermische Sicherheit, stabile Redoxreaktionen und eine verl\u00e4ngerte Lebensdauer. Ihre konstante Entladespannung vereinfacht die Spannungsregelung, und ihr sto\u00dffestes Design widersteht starken Ersch\u00fctterungen ohne Explosionsgefahr.<\/li>\n<li>Die Marke BMS bietet Optionen zur individuellen Gestaltung, darunter Logo-Design und \u00e4u\u00dferes Erscheinungsbild.<\/li>\n<\/ul>\n<p>&nbsp;<\/p>","protected":false},"featured_media":554,"comment_status":"open","ping_status":"closed","template":"","meta":[],"product_brand":[],"product_cat":[28],"product_tag":[],"class_list":{"0":"post-549","1":"product","2":"type-product","3":"status-publish","4":"has-post-thumbnail","6":"product_cat-12v-24v-lifepo4-battery","8":"first","9":"instock","10":"shipping-taxable","11":"product-type-simple"},"_links":{"self":[{"href":"https:\/\/hdxenergy.com\/de\/wp-json\/wp\/v2\/product\/549","targetHints":{"allow":["GET"]}}],"collection":[{"href":"https:\/\/hdxenergy.com\/de\/wp-json\/wp\/v2\/product"}],"about":[{"href":"https:\/\/hdxenergy.com\/de\/wp-json\/wp\/v2\/types\/product"}],"replies":[{"embeddable":true,"href":"https:\/\/hdxenergy.com\/de\/wp-json\/wp\/v2\/comments?post=549"}],"wp:featuredmedia":[{"embeddable":true,"href":"https:\/\/hdxenergy.com\/de\/wp-json\/wp\/v2\/media\/554"}],"wp:attachment":[{"href":"https:\/\/hdxenergy.com\/de\/wp-json\/wp\/v2\/media?parent=549"}],"wp:term":[{"taxonomy":"product_brand","embeddable":true,"href":"https:\/\/hdxenergy.com\/de\/wp-json\/wp\/v2\/product_brand?post=549"},{"taxonomy":"product_cat","embeddable":true,"href":"https:\/\/hdxenergy.com\/de\/wp-json\/wp\/v2\/product_cat?post=549"},{"taxonomy":"product_tag","embeddable":true,"href":"https:\/\/hdxenergy.com\/de\/wp-json\/wp\/v2\/product_tag?post=549"}],"curies":[{"name":"wp","href":"https:\/\/api.w.org\/{rel}","templated":true}]}}