{"id":313,"date":"2025-11-24T06:03:42","date_gmt":"2025-11-24T06:03:42","guid":{"rendered":"https:\/\/hdxenergy.com\/?post_type=product&#038;p=313"},"modified":"2026-01-07T05:53:58","modified_gmt":"2026-01-07T05:53:58","slug":"51-2v105ah-ausfuhrung-mit-eisenmantel","status":"publish","type":"product","link":"https:\/\/hdxenergy.com\/de\/product\/51-2v105ah-iron-shell-version\/","title":{"rendered":"51.2V 105Ah Golf Cart Batterie Gro\u00dfbestellung | 5000+ Zyklen LiFePO4 Power"},"content":{"rendered":"<p><strong>Produktspezifikationen und Parameter<\/strong><br \/>\n<strong>Technische Parameter der Batterie<\/strong><\/p>\n<div class=\"table-container\">\n<table>\n<tbody>\n<tr>\n<td>Projektspezifikationen<\/td>\n<td>Standardparameter<\/td>\n<td>Anmerkungen<\/td>\n<\/tr>\n<tr>\n<td>Batteriemodell<\/td>\n<td>51,2 V, 105 Ah<\/td>\n<td><\/td>\n<\/tr>\n<tr>\n<td>Batterietyp<\/td>\n<td>LFP-Batterie<\/td>\n<td><\/td>\n<\/tr>\n<tr>\n<td>Nennspannung (V)<\/td>\n<td>51.2<\/td>\n<td><\/td>\n<\/tr>\n<tr>\n<td>Nennkapazit\u00e4t (Ah)<\/td>\n<td>105 \u00b1 51 TP3T<\/td>\n<td>25 \u00b0C \u00b1 2 \u00b0C, 0,5 C Ladung, 0,5 C Entladung<\/td>\n<\/tr>\n<tr>\n<td>Nennleistung (Wh)<\/td>\n<td>5376<\/td>\n<td><\/td>\n<\/tr>\n<tr>\n<td>Nennladespannung (V)<\/td>\n<td>57.6<\/td>\n<td><\/td>\n<\/tr>\n<tr>\n<td>Nenn-Abschaltspannung (V)<\/td>\n<td>40<\/td>\n<td><\/td>\n<\/tr>\n<tr>\n<td>Standard-Ladestrom (A)<\/td>\n<td>20<\/td>\n<td><\/td>\n<\/tr>\n<tr>\n<td>Maximaler Ladestrom (A)<\/td>\n<td>50<\/td>\n<td><\/td>\n<\/tr>\n<tr>\n<td>Standard-Entladestrom (A)<\/td>\n<td>20<\/td>\n<td><\/td>\n<\/tr>\n<tr>\n<td>Dauerableitstrom (A)<\/td>\n<td>200<\/td>\n<td><\/td>\n<\/tr>\n<tr>\n<td>Maximaler Entladestrom (A)<\/td>\n<td>400 (35S)<\/td>\n<td><\/td>\n<\/tr>\n<tr>\n<td>Maximaler Spitzenentladungsstrom (A)<\/td>\n<td>600 A (3S)<\/td>\n<td><\/td>\n<\/tr>\n<tr>\n<td>Schalenmaterial<\/td>\n<td>Metallgeh\u00e4use<\/td>\n<td><\/td>\n<\/tr>\n<tr>\n<td>Gewicht (kg)<\/td>\n<td>Etwa 51 kg<\/td>\n<td><\/td>\n<\/tr>\n<tr>\n<td>Anfangs-Innenwiderstand (m\u03a9)<\/td>\n<td>\u226450<\/td>\n<td>Neue Batterie innerhalb von 3 Monaten, ACIR, 1000 Hz<\/td>\n<\/tr>\n<tr>\n<td>Monatliche Selbstentladungsrate<\/td>\n<td>\u22645%<\/td>\n<td>Standardm\u00e4\u00dfig auf 100% SOC aufgeladen und 28 Tage lang bei 25 \u00b1 2 \u00b0C gelagert.<\/td>\n<\/tr>\n<\/tbody>\n<\/table>\n<table>\n<tbody>\n<tr>\n<td>Gesamtabmessungen (mm)<\/td>\n<td>550 \u00d7 300 \u00d7 245 mm \u00b12,0<\/td>\n<td>L\u00e4nge \u00d7 Breite \u00d7 H\u00f6he (Kartongr\u00f6\u00dfe ohne Griff)<\/td>\n<\/tr>\n<tr>\n<td>Ausgangsspannung (V)<\/td>\n<td>51 ~ 52.8<\/td>\n<td>30~70%SOC<\/td>\n<\/tr>\n<tr>\n<td>Lebensdauer (Zyklen) (25 \u00b0C \u00b1 2 \u00b0C)<\/td>\n<td><\/td>\n<td>a\uff09Bei Raumtemperatur mit 20 A Konstantstrom weiterladen, bis die Batteriespannung 43,8 betr\u00e4gt, und mit Konstantspannung laden, bis der Strom 0,05 C betr\u00e4gt. 2 Stunden stehen lassen. b\uff09Entladen Sie bei Raumtemperatur mit 20 A bis zur Abschaltspannung von 30 V. Lassen Sie die Batterie 3 Stunden lang stehen. c\uff09Wiederholen Sie die Schritte a\uff09 bis b), bis die Entladekapazit\u00e4t 80 % der Nennkapazit\u00e4t erreicht hat. Die Anzahl der abgeschlossenen Zyklen wurde als Lebensdauer der Batterie definiert.<\/td>\n<\/tr>\n<\/tbody>\n<\/table>\n<table>\n<tbody>\n<tr>\n<td>Lebensdauer (Zyklen) (25 \u00b0C \u00b1 2 \u00b0C)<\/td>\n<td><\/td>\n<td>a\uff09Bei Raumtemperatur mit 20 A Konstantstrom weiterladen, bis die Batteriespannung 43,8 betr\u00e4gt, und mit Konstantspannung laden, bis der Strom 0,05 C betr\u00e4gt. 2 Stunden stehen lassen. b\uff09Entladen Sie bei Raumtemperatur mit 20 A bis zur Abschaltspannung von 30 V. Lassen Sie die Batterie 3 Stunden lang stehen. c\uff09Wiederholen Sie die Schritte a\uff09 bis b), bis die Entladekapazit\u00e4t 80 % der Nennkapazit\u00e4t erreicht hat. Die Anzahl der abgeschlossenen Zyklen wurde als Lebensdauer der Batterie definiert.<\/td>\n<\/tr>\n<tr>\n<td>Kommunikationsmodus<\/td>\n<td colspan=\"2\">UART<\/td>\n<\/tr>\n<tr>\n<td>Ladetemperatur (\u2103)<\/td>\n<td>30A<\/td>\n<td>0 bis 10 \u00b0C<\/td>\n<\/tr>\n<tr>\n<td><\/td>\n<td>20A<\/td>\n<td>10 bis 20 \u00b0C<\/td>\n<\/tr>\n<tr>\n<td><\/td>\n<td>50A<\/td>\n<td>20 bis 40 \u00b0C<\/td>\n<\/tr>\n<tr>\n<td><\/td>\n<td>30A<\/td>\n<td>40 bis 55 Grad Celsius<\/td>\n<\/tr>\n<tr>\n<td>Ausgangstemperatur (\u2103)<\/td>\n<td>-20~55<\/td>\n<td>Die Oberfl\u00e4chentemperatur der Zelle sollte 60 \u00b0C nicht \u00fcberschreiten.<\/td>\n<\/tr>\n<tr>\n<td>Lagertemperatur<\/td>\n<td>-30 bis 55 \u00b0C, max. 90 % relative Luftfeuchtigkeit -10 bis 45 \u00b0C, max. 70 % relative Luftfeuchtigkeit<\/td>\n<td>Weniger als 1 Monat Mehr als 3 Monate<\/td>\n<\/tr>\n<tr>\n<td>Empfohlene Lagertemperatur<\/td>\n<td>-10 bis 35 \u00b0C, max. 85 % relative Luftfeuchtigkeit<\/td>\n<td>Die Lebensdauer der Batterie w\u00fcrde sich verk\u00fcrzen, wenn die Batterie bei hohen Temperaturen gelagert wird.<\/td>\n<\/tr>\n<\/tbody>\n<\/table>\n<\/div>\n<p><img fetchpriority=\"high\" decoding=\"async\" class=\"alignnone wp-image-357 size-full\" src=\"https:\/\/hdxenergy.com\/wp-content\/uploads\/2025\/11\/51.2v105ah-iron-shell-version07.jpg\" alt=\"Schnellerer und l\u00e4ngerer Antrieb f\u00fcr Ihren Golfwagen\" width=\"1000\" height=\"1000\" srcset=\"https:\/\/hdxenergy.com\/wp-content\/uploads\/2025\/11\/51.2v105ah-iron-shell-version07.jpg 1000w, https:\/\/hdxenergy.com\/wp-content\/uploads\/2025\/11\/51.2v105ah-iron-shell-version07-300x300.jpg 300w, https:\/\/hdxenergy.com\/wp-content\/uploads\/2025\/11\/51.2v105ah-iron-shell-version07-150x150.jpg 150w, https:\/\/hdxenergy.com\/wp-content\/uploads\/2025\/11\/51.2v105ah-iron-shell-version07-768x768.jpg 768w, https:\/\/hdxenergy.com\/wp-content\/uploads\/2025\/11\/51.2v105ah-iron-shell-version07-600x600.jpg 600w, https:\/\/hdxenergy.com\/wp-content\/uploads\/2025\/11\/51.2v105ah-iron-shell-version07-100x100.jpg 100w\" sizes=\"(max-width: 1000px) 100vw, 1000px\" \/> <img decoding=\"async\" class=\"alignnone wp-image-356 size-full\" src=\"https:\/\/hdxenergy.com\/wp-content\/uploads\/2025\/11\/51.2v105ah-iron-shell-version06.jpg\" alt=\"Batterie OEM\/IHR LOGO\" width=\"1000\" height=\"1000\" srcset=\"https:\/\/hdxenergy.com\/wp-content\/uploads\/2025\/11\/51.2v105ah-iron-shell-version06.jpg 1000w, https:\/\/hdxenergy.com\/wp-content\/uploads\/2025\/11\/51.2v105ah-iron-shell-version06-300x300.jpg 300w, https:\/\/hdxenergy.com\/wp-content\/uploads\/2025\/11\/51.2v105ah-iron-shell-version06-150x150.jpg 150w, https:\/\/hdxenergy.com\/wp-content\/uploads\/2025\/11\/51.2v105ah-iron-shell-version06-768x768.jpg 768w, https:\/\/hdxenergy.com\/wp-content\/uploads\/2025\/11\/51.2v105ah-iron-shell-version06-600x600.jpg 600w, https:\/\/hdxenergy.com\/wp-content\/uploads\/2025\/11\/51.2v105ah-iron-shell-version06-100x100.jpg 100w\" sizes=\"(max-width: 1000px) 100vw, 1000px\" \/> <img decoding=\"async\" class=\"alignnone wp-image-355 size-full\" src=\"https:\/\/hdxenergy.com\/wp-content\/uploads\/2025\/11\/51.2v105ah-iron-shell-version05.jpg\" alt=\"Lifepo4 Golfwagen Batterie\" width=\"750\" height=\"750\" srcset=\"https:\/\/hdxenergy.com\/wp-content\/uploads\/2025\/11\/51.2v105ah-iron-shell-version05.jpg 750w, https:\/\/hdxenergy.com\/wp-content\/uploads\/2025\/11\/51.2v105ah-iron-shell-version05-300x300.jpg 300w, https:\/\/hdxenergy.com\/wp-content\/uploads\/2025\/11\/51.2v105ah-iron-shell-version05-150x150.jpg 150w, https:\/\/hdxenergy.com\/wp-content\/uploads\/2025\/11\/51.2v105ah-iron-shell-version05-600x600.jpg 600w, https:\/\/hdxenergy.com\/wp-content\/uploads\/2025\/11\/51.2v105ah-iron-shell-version05-100x100.jpg 100w\" sizes=\"(max-width: 750px) 100vw, 750px\" \/> <img loading=\"lazy\" decoding=\"async\" class=\"alignnone wp-image-354 size-full\" src=\"https:\/\/hdxenergy.com\/wp-content\/uploads\/2025\/11\/51.2v105ah-iron-shell-version04.jpg\" alt=\"Fertigungstechnologie\" width=\"1000\" height=\"1000\" srcset=\"https:\/\/hdxenergy.com\/wp-content\/uploads\/2025\/11\/51.2v105ah-iron-shell-version04.jpg 1000w, https:\/\/hdxenergy.com\/wp-content\/uploads\/2025\/11\/51.2v105ah-iron-shell-version04-300x300.jpg 300w, https:\/\/hdxenergy.com\/wp-content\/uploads\/2025\/11\/51.2v105ah-iron-shell-version04-150x150.jpg 150w, https:\/\/hdxenergy.com\/wp-content\/uploads\/2025\/11\/51.2v105ah-iron-shell-version04-768x768.jpg 768w, https:\/\/hdxenergy.com\/wp-content\/uploads\/2025\/11\/51.2v105ah-iron-shell-version04-600x600.jpg 600w, https:\/\/hdxenergy.com\/wp-content\/uploads\/2025\/11\/51.2v105ah-iron-shell-version04-100x100.jpg 100w\" sizes=\"(max-width: 1000px) 100vw, 1000px\" \/> <img loading=\"lazy\" decoding=\"async\" class=\"alignnone wp-image-353 size-full\" src=\"https:\/\/hdxenergy.com\/wp-content\/uploads\/2025\/11\/51.2v105ah-iron-shell-version03.jpg\" alt=\"Ladeger\u00e4t: w\u00e4hlbarer Ladestrom\" width=\"1000\" height=\"1000\" srcset=\"https:\/\/hdxenergy.com\/wp-content\/uploads\/2025\/11\/51.2v105ah-iron-shell-version03.jpg 1000w, https:\/\/hdxenergy.com\/wp-content\/uploads\/2025\/11\/51.2v105ah-iron-shell-version03-300x300.jpg 300w, https:\/\/hdxenergy.com\/wp-content\/uploads\/2025\/11\/51.2v105ah-iron-shell-version03-150x150.jpg 150w, https:\/\/hdxenergy.com\/wp-content\/uploads\/2025\/11\/51.2v105ah-iron-shell-version03-768x768.jpg 768w, https:\/\/hdxenergy.com\/wp-content\/uploads\/2025\/11\/51.2v105ah-iron-shell-version03-600x600.jpg 600w, https:\/\/hdxenergy.com\/wp-content\/uploads\/2025\/11\/51.2v105ah-iron-shell-version03-100x100.jpg 100w\" sizes=\"(max-width: 1000px) 100vw, 1000px\" \/><\/p>","protected":false},"excerpt":{"rendered":"<ol>\n<li>Kernleistung<\/li>\n<\/ol>\n<p>100 Ah gro\u00dfe Kapazit\u00e4t: Liefert zuverl\u00e4ssige Energie f\u00fcr die Speicherung von Solarenergie, Notstromversorgungssysteme, Wohnmobile, Elektrowerkzeuge und weitere vielseitige Anwendungsbereiche.<\/p>\n<ol start=\"2\">\n<li>Sicherheit auf h\u00f6chstem Niveau<\/li>\n<\/ol>\n<p>Doppelte Sicherheitsvorrichtung: Bietet au\u00dfergew\u00f6hnliche thermische Stabilit\u00e4t und ein integriertes Batteriemanagementsystem (BMS), um \u00dcberladung, \u00dcberentladung und Kurzschl\u00fcsse zu verhindern.<\/p>\n<ol start=\"3\">\n<li>Langlebige Haltbarkeit<\/li>\n<\/ol>\n<p>\u00dcber 5000 Ladezyklen: Gew\u00e4hrleistet langfristige Zuverl\u00e4ssigkeit, reduziert den h\u00e4ufigen Austauschbedarf und senkt die Gesamtwartungskosten.<\/p>\n<ol start=\"4\">\n<li>Schnelles und effizientes Aufladen<\/li>\n<\/ol>\n<p>Schnellladefunktion: L\u00e4dt schnell und effizient und ist mit einer Vielzahl von Ger\u00e4ten und Stromversorgungssystemen kompatibel.<\/p>\n<ol start=\"5\">\n<li>Umweltbewusstes Design<\/li>\n<\/ol>\n<p>Ungiftig und wiederverwertbar: Entspricht den internationalen Umweltstandards und ist somit eine nachhaltige Energiel\u00f6sung.<\/p>","protected":false},"featured_media":351,"comment_status":"open","ping_status":"closed","template":"","meta":[],"product_brand":[],"product_cat":[29],"product_tag":[],"class_list":{"0":"post-313","1":"product","2":"type-product","3":"status-publish","4":"has-post-thumbnail","6":"product_cat-golf-cart-lithium-battery","8":"first","9":"instock","10":"shipping-taxable","11":"product-type-simple"},"_links":{"self":[{"href":"https:\/\/hdxenergy.com\/de\/wp-json\/wp\/v2\/product\/313","targetHints":{"allow":["GET"]}}],"collection":[{"href":"https:\/\/hdxenergy.com\/de\/wp-json\/wp\/v2\/product"}],"about":[{"href":"https:\/\/hdxenergy.com\/de\/wp-json\/wp\/v2\/types\/product"}],"replies":[{"embeddable":true,"href":"https:\/\/hdxenergy.com\/de\/wp-json\/wp\/v2\/comments?post=313"}],"wp:featuredmedia":[{"embeddable":true,"href":"https:\/\/hdxenergy.com\/de\/wp-json\/wp\/v2\/media\/351"}],"wp:attachment":[{"href":"https:\/\/hdxenergy.com\/de\/wp-json\/wp\/v2\/media?parent=313"}],"wp:term":[{"taxonomy":"product_brand","embeddable":true,"href":"https:\/\/hdxenergy.com\/de\/wp-json\/wp\/v2\/product_brand?post=313"},{"taxonomy":"product_cat","embeddable":true,"href":"https:\/\/hdxenergy.com\/de\/wp-json\/wp\/v2\/product_cat?post=313"},{"taxonomy":"product_tag","embeddable":true,"href":"https:\/\/hdxenergy.com\/de\/wp-json\/wp\/v2\/product_tag?post=313"}],"curies":[{"name":"wp","href":"https:\/\/api.w.org\/{rel}","templated":true}]}}