{"id":1120,"date":"2025-12-08T01:02:14","date_gmt":"2025-12-08T01:02:14","guid":{"rendered":"https:\/\/hdxenergy.com\/?post_type=product&#038;p=1120"},"modified":"2026-01-07T07:39:10","modified_gmt":"2026-01-07T07:39:10","slug":"1-mw-2-mwh","status":"publish","type":"product","link":"https:\/\/hdxenergy.com\/de\/product\/1mw2mwh\/","title":{"rendered":"1 MW\/2 MWh Container-ESS-Beschaffung | Schl\u00fcsselfertige BESS-L\u00f6sung"},"content":{"rendered":"<table border=\"0\" width=\"100%\" cellspacing=\"0\" cellpadding=\"0\">\n<tbody>\n<tr>\n<td><strong>Produktmodell<\/strong><\/td>\n<td><strong>H098-2 MWh<\/strong><\/td>\n<\/tr>\n<tr>\n<td><strong>Batteriekapazit\u00e4t<\/strong><\/td>\n<td>3360 Ah\/598,4 V (2010,6 kWh)<\/td>\n<\/tr>\n<tr>\n<td><strong>Nennleistung<\/strong><\/td>\n<td>1 MW<\/td>\n<\/tr>\n<tr>\n<td><strong>Spitzenleistung<\/strong><\/td>\n<td>1,1 MW<\/td>\n<\/tr>\n<tr>\n<td><strong>Batteriespannungsbereich<\/strong><\/td>\n<td>467,5\u2013682,5 V<\/td>\n<\/tr>\n<tr>\n<td><strong>AC-Nennstrom<\/strong><\/td>\n<td>1444A<\/td>\n<\/tr>\n<tr>\n<td><strong>Maximaler Wechselstromausgangsstrom<\/strong><\/td>\n<td>1588A<\/td>\n<\/tr>\n<tr>\n<td><strong>Gr\u00f6\u00dfe (L*B*H)<\/strong><\/td>\n<td>12192 \u00d7 2438 \u00d7 2896 (mm)<\/td>\n<\/tr>\n<tr>\n<td><strong>Gewicht<\/strong><\/td>\n<td>25.800 kg<\/td>\n<\/tr>\n<tr>\n<td><strong>Batterietyp<\/strong><\/td>\n<td>LiFePO4<\/td>\n<\/tr>\n<tr>\n<td><strong>Wechselstrom-Ausgangsspannung<\/strong><\/td>\n<td>400 V (-201 TP3T bis +151 TP3T)<\/td>\n<\/tr>\n<tr>\n<td><strong>Drahtlose Kommunikation<\/strong><\/td>\n<td>Unterst\u00fctzt 4G-Kommunikation<\/td>\n<\/tr>\n<tr>\n<td><strong>Kommunizieren<\/strong><\/td>\n<td>RS485\/CAN<\/td>\n<\/tr>\n<tr>\n<td><strong>Lebensdauer der Batterie<\/strong><\/td>\n<td>\u00dcber 6000 Zyklen<\/td>\n<\/tr>\n<tr>\n<td><strong>Systemschutz<\/strong><\/td>\n<td>\u00dcbertemperaturschutz\/\u00dcberspannungsschutz\/\u00dcberstromschutz\/\u00dcberladungsschutz\/\u00dcberentladungsschutz\/Kurzschlussschutz\/\u00dcberlastschutz.<\/td>\n<\/tr>\n<tr>\n<td><strong>Austrittstemperatur<\/strong><\/td>\n<td>-20 \u00b0C bis 50 \u00b0C (Die empfohlene Umgebungstemperatur liegt zwischen 20 \u00b0C und 30 \u00b0C.)<\/td>\n<\/tr>\n<tr>\n<td><strong>Ladetemperaturbereich<\/strong><\/td>\n<td>-5 \u00b0C bis 50 \u00b0C (Die empfohlene Umgebungstemperatur liegt zwischen 20 \u00b0C und 30 \u00b0C.)<\/td>\n<\/tr>\n<tr>\n<td><strong>Lagertemperatur<\/strong><\/td>\n<td>Die empfohlene Umgebungstemperatur liegt zwischen 0 \u00b0C und 45 \u00b0C.<\/td>\n<\/tr>\n<tr>\n<td><strong>Zertifizierungsstandards<\/strong><\/td>\n<td>IEC UN38.3 Sicherheitsdatenblatt ROHS<\/td>\n<\/tr>\n<\/tbody>\n<\/table>","protected":false},"excerpt":{"rendered":"<ul>\n<li>Hochintegriertes Design, einfach zu transportieren, zu installieren und zu warten, mit Echtzeit-Status\u00fcberwachung und Fehlerprotokollierung.<\/li>\n<li>Intelligente Modularit\u00e4t: Dieses Energiespeichersystem nutzt die CTP-Technologie (Cell to Pack), unterst\u00fctzt Parallelschaltungen und erm\u00f6glicht eine einfache Systemerweiterung.<\/li>\n<li>Sicher und zuverl\u00e4ssig, ausgestattet mit einem mehrstufigen Batterieschutzsystem und einem HFC-227ea-Feuerl\u00f6schsystem f\u00fcr erh\u00f6hte Sicherheit.<\/li>\n<li>Anpassbare K\u00fchlungsoptionen: Es bietet sowohl Fl\u00fcssigkeits- als auch Luftk\u00fchlung, um unterschiedlichen Umgebungs- und Leistungsanforderungen gerecht zu werden.<\/li>\n<li>Dieser Batteriecontainer hat eine lange Lebensdauer und erreicht \u00fcber 6.000 Zyklen bei einem Gesundheitszustand (SOH) von 70%.<\/li>\n<li>Das langlebige Energiespeichersystem ist f\u00fcr eine Lebensdauer von \u00fcber 15 Jahren bei t\u00e4glicher Aufladung ausgelegt.<\/li>\n<li>Geeignet f\u00fcr eine Vielzahl von Anwendungen, darunter: Integration erneuerbarer Energien, Netzstabilisierung, industrielles Energiemanagement, gewerbliche Nutzung, abgelegene Gebiete usw.<\/li>\n<\/ul>","protected":false},"featured_media":1121,"comment_status":"open","ping_status":"closed","template":"","meta":[],"product_brand":[],"product_cat":[33,32,35],"product_tag":[],"class_list":{"0":"post-1120","1":"product","2":"type-product","3":"status-publish","4":"has-post-thumbnail","6":"product_cat-all-in-one-battery-energy-storage-system","7":"product_cat-commercial-and-industrial-energy-storage","8":"product_cat-container-series","10":"first","11":"instock","12":"shipping-taxable","13":"product-type-simple"},"_links":{"self":[{"href":"https:\/\/hdxenergy.com\/de\/wp-json\/wp\/v2\/product\/1120","targetHints":{"allow":["GET"]}}],"collection":[{"href":"https:\/\/hdxenergy.com\/de\/wp-json\/wp\/v2\/product"}],"about":[{"href":"https:\/\/hdxenergy.com\/de\/wp-json\/wp\/v2\/types\/product"}],"replies":[{"embeddable":true,"href":"https:\/\/hdxenergy.com\/de\/wp-json\/wp\/v2\/comments?post=1120"}],"wp:featuredmedia":[{"embeddable":true,"href":"https:\/\/hdxenergy.com\/de\/wp-json\/wp\/v2\/media\/1121"}],"wp:attachment":[{"href":"https:\/\/hdxenergy.com\/de\/wp-json\/wp\/v2\/media?parent=1120"}],"wp:term":[{"taxonomy":"product_brand","embeddable":true,"href":"https:\/\/hdxenergy.com\/de\/wp-json\/wp\/v2\/product_brand?post=1120"},{"taxonomy":"product_cat","embeddable":true,"href":"https:\/\/hdxenergy.com\/de\/wp-json\/wp\/v2\/product_cat?post=1120"},{"taxonomy":"product_tag","embeddable":true,"href":"https:\/\/hdxenergy.com\/de\/wp-json\/wp\/v2\/product_tag?post=1120"}],"curies":[{"name":"wp","href":"https:\/\/api.w.org\/{rel}","templated":true}]}}