{"id":1115,"date":"2025-12-08T01:01:56","date_gmt":"2025-12-08T01:01:56","guid":{"rendered":"https:\/\/hdxenergy.com\/?post_type=product&#038;p=1115"},"modified":"2026-01-07T07:35:30","modified_gmt":"2026-01-07T07:35:30","slug":"1mw3mwh","status":"publish","type":"product","link":"https:\/\/hdxenergy.com\/de\/product\/1mw3mwh\/","title":{"rendered":"1 MW\/3 MWh Container-ESS | Batterie-Energiespeicher in Industriequalit\u00e4t"},"content":{"rendered":"<table border=\"0\" width=\"100%\" cellspacing=\"0\" cellpadding=\"0\">\n<tbody>\n<tr>\n<td><strong>Produktmodell<\/strong><\/td>\n<td><strong>H098-3MWh<\/strong><\/td>\n<\/tr>\n<tr>\n<td><strong>Batteriekapazit\u00e4t<\/strong><\/td>\n<td>4480Ah\/704V (3153,9kWh)<\/td>\n<\/tr>\n<tr>\n<td><strong>Nennleistung<\/strong><\/td>\n<td>1 MW<\/td>\n<\/tr>\n<tr>\n<td><strong>Spitzenleistung<\/strong><\/td>\n<td>1,1 MW<\/td>\n<\/tr>\n<tr>\n<td><strong>Batteriespannungsbereich<\/strong><\/td>\n<td>550-803V<\/td>\n<\/tr>\n<tr>\n<td><strong>AC-Nennstrom<\/strong><\/td>\n<td>1444A<\/td>\n<\/tr>\n<tr>\n<td><strong>Maximaler Wechselstromausgangsstrom<\/strong><\/td>\n<td>1588A<\/td>\n<\/tr>\n<tr>\n<td><strong>Gr\u00f6\u00dfe (L*B*H)<\/strong><\/td>\n<td>12192 \u00d7 2438 \u00d7 2896 (mm)<\/td>\n<\/tr>\n<tr>\n<td><strong>Gewicht<\/strong><\/td>\n<td>32000kg<\/td>\n<\/tr>\n<tr>\n<td><strong>Batterietyp<\/strong><\/td>\n<td>LiFePO4<\/td>\n<\/tr>\n<tr>\n<td><strong>Wechselstrom-Ausgangsspannung<\/strong><\/td>\n<td>400 V (-201 TP3T bis +151 TP3T)<\/td>\n<\/tr>\n<tr>\n<td><strong>Drahtlose Kommunikation<\/strong><\/td>\n<td>Unterst\u00fctzt 4G-Kommunikation<\/td>\n<\/tr>\n<tr>\n<td><strong>Kommunizieren<\/strong><\/td>\n<td>RS485\/CAN<\/td>\n<\/tr>\n<tr>\n<td><strong>Lebensdauer der Batterie<\/strong><\/td>\n<td>\u00dcber 6000 Zyklen<\/td>\n<\/tr>\n<tr>\n<td><strong>Systemschutz<\/strong><\/td>\n<td>\u00dcbertemperaturschutz\/\u00dcberspannungsschutz\/\u00dcberstromschutz\/\u00dcberladungsschutz\/\u00dcberentladungsschutz\/Kurzschlussschutz\/\u00dcberlastschutz.<\/td>\n<\/tr>\n<tr>\n<td><strong>Austrittstemperatur<\/strong><\/td>\n<td>-20 \u00b0C bis 50 \u00b0C (Die empfohlene Umgebungstemperatur liegt zwischen 20 \u00b0C und 30 \u00b0C.)<\/td>\n<\/tr>\n<tr>\n<td><strong>Ladetemperaturbereich<\/strong><\/td>\n<td>-5 \u00b0C bis 50 \u00b0C (Die empfohlene Umgebungstemperatur liegt zwischen 20 \u00b0C und 30 \u00b0C.)<\/td>\n<\/tr>\n<tr>\n<td><strong>Lagertemperatur<\/strong><\/td>\n<td>Die empfohlene Umgebungstemperatur liegt zwischen 0 \u00b0C und 45 \u00b0C.<\/td>\n<\/tr>\n<tr>\n<td><strong>Zertifizierungsstandards<\/strong><\/td>\n<td>IEC UN38.3 Sicherheitsdatenblatt ROHS<\/td>\n<\/tr>\n<\/tbody>\n<\/table>","protected":false},"excerpt":{"rendered":"<p><strong>Vielseitige Funktionalit\u00e4t<\/strong><\/p>\n<ul>\n<li>Unterst\u00fctzt Peak Shaving, Valley Filling, Demand-Side-Response, Backuppower-Versorgung und andere wichtige Funktionen;<\/li>\n<li>Unterst\u00fctzt die Fernaktualisierung von Betriebsstrategien und Firmwareupgrades, senkt Betriebs- und Wartungskosten.<\/li>\n<\/ul>\n<p><strong>Hochgradig integriert<\/strong><\/p>\n<ul>\n<li>Systementwicklung, Integration von Energiespeicherbatterien, PCS und Stromverteilung, Temperaturkontrolle, Brandschutz, wassergef\u00fcllte T\u00fcrsensoren und \u00dcberwachungskommunikation, um den Betriebszustand und die Risiken des Systems vollst\u00e4ndig zu kontrollieren;<\/li>\n<li>Lieferung aus einer Hand, Verk\u00fcrzung des Installations- und Inbetriebnahmezyklus am Projektstandort.<\/li>\n<\/ul>\n<p><strong>Sicher und intelligent<\/strong><\/p>\n<ul>\n<li>Mechanismus zur hierarchischen Verarbeitung von Fehlern, um auf vorgegebene Fehlerszenarien zu reagieren;<\/li>\n<li>Kundenspezifisches BMS, das vollst\u00e4ndige Mess- und Schutzfunktionen bietet;<\/li>\n<li>Unterst\u00fctzung der Cloud-Planung und der Analyse von Betriebsberichten.<\/li>\n<li>Ausgestattet mit Luft- oder Fl\u00fcssigkeitsk\u00fchlung, Brandschutzsystem, Temperaturregelung und Beleuchtungssystem.<\/li>\n<\/ul>\n<p><strong>Flexibel und bequem<\/strong><\/p>\n<ul>\n<li>Modulares PCS, lineare Erweiterungsbatterieeinheit und Wechselrichtereinheit zur Energiespeicherung in beide Richtungen;<\/li>\n<li>Ausgestattet mit unabh\u00e4ngigen Lade- und Entladesteuerungsfunktionen f\u00fcr mehrere Batteries\u00e4tze zur Verbesserung der Batterieauslastung und Sicherheit.<\/li>\n<\/ul>","protected":false},"featured_media":1116,"comment_status":"open","ping_status":"closed","template":"","meta":[],"product_brand":[],"product_cat":[33,32,35],"product_tag":[],"class_list":{"0":"post-1115","1":"product","2":"type-product","3":"status-publish","4":"has-post-thumbnail","6":"product_cat-all-in-one-battery-energy-storage-system","7":"product_cat-commercial-and-industrial-energy-storage","8":"product_cat-container-series","10":"first","11":"instock","12":"shipping-taxable","13":"product-type-simple"},"_links":{"self":[{"href":"https:\/\/hdxenergy.com\/de\/wp-json\/wp\/v2\/product\/1115","targetHints":{"allow":["GET"]}}],"collection":[{"href":"https:\/\/hdxenergy.com\/de\/wp-json\/wp\/v2\/product"}],"about":[{"href":"https:\/\/hdxenergy.com\/de\/wp-json\/wp\/v2\/types\/product"}],"replies":[{"embeddable":true,"href":"https:\/\/hdxenergy.com\/de\/wp-json\/wp\/v2\/comments?post=1115"}],"wp:featuredmedia":[{"embeddable":true,"href":"https:\/\/hdxenergy.com\/de\/wp-json\/wp\/v2\/media\/1116"}],"wp:attachment":[{"href":"https:\/\/hdxenergy.com\/de\/wp-json\/wp\/v2\/media?parent=1115"}],"wp:term":[{"taxonomy":"product_brand","embeddable":true,"href":"https:\/\/hdxenergy.com\/de\/wp-json\/wp\/v2\/product_brand?post=1115"},{"taxonomy":"product_cat","embeddable":true,"href":"https:\/\/hdxenergy.com\/de\/wp-json\/wp\/v2\/product_cat?post=1115"},{"taxonomy":"product_tag","embeddable":true,"href":"https:\/\/hdxenergy.com\/de\/wp-json\/wp\/v2\/product_tag?post=1115"}],"curies":[{"name":"wp","href":"https:\/\/api.w.org\/{rel}","templated":true}]}}