{"id":1103,"date":"2025-12-08T01:21:09","date_gmt":"2025-12-08T01:21:09","guid":{"rendered":"https:\/\/hdxenergy.com\/?post_type=product&#038;p=1103"},"modified":"2026-01-07T07:43:00","modified_gmt":"2026-01-07T07:43:00","slug":"500-kw-1-mwh","status":"publish","type":"product","link":"https:\/\/hdxenergy.com\/de\/product\/500kw1mwh\/","title":{"rendered":"500 kW\/1 MWh Container-ESS-Exporteur | Skalierbares BESS mit hoher Zyklenfestigkeit"},"content":{"rendered":"<table border=\"0\" width=\"100%\" cellspacing=\"0\" cellpadding=\"0\">\n<tbody>\n<tr>\n<td><strong>Produktmodell<\/strong><\/td>\n<td><strong>H098-1MWh<\/strong><\/td>\n<\/tr>\n<tr>\n<td><strong>Batteriekapazit\u00e4t<\/strong><\/td>\n<td>1680Ah\/598,4V (1005,3kWh)<\/td>\n<\/tr>\n<tr>\n<td><strong>Nennleistung<\/strong><\/td>\n<td>500kW<\/td>\n<\/tr>\n<tr>\n<td><strong>Spitzenleistung<\/strong><\/td>\n<td>550kW<\/td>\n<\/tr>\n<tr>\n<td><strong>Batteriespannungsbereich<\/strong><\/td>\n<td>467,5\u2013682,5 V<\/td>\n<\/tr>\n<tr>\n<td><strong>AC-Nennstrom<\/strong><\/td>\n<td>722A<\/td>\n<\/tr>\n<tr>\n<td><strong>Maximaler Wechselstromausgangsstrom<\/strong><\/td>\n<td>794A<\/td>\n<\/tr>\n<tr>\n<td><strong>Gr\u00f6\u00dfe (L*B*H)<\/strong><\/td>\n<td>6058*2438*2591(mm)<\/td>\n<\/tr>\n<tr>\n<td><strong>Gewicht<\/strong><\/td>\n<td>16200kg<\/td>\n<\/tr>\n<tr>\n<td><strong>Batterietyp<\/strong><\/td>\n<td>LiFePO4<\/td>\n<\/tr>\n<tr>\n<td><strong>Wechselstrom-Ausgangsspannung<\/strong><\/td>\n<td>400 V (-201 TP3T bis +151 TP3T)<\/td>\n<\/tr>\n<tr>\n<td><strong>Drahtlose Kommunikation<\/strong><\/td>\n<td>Unterst\u00fctzt 4G-Kommunikation<\/td>\n<\/tr>\n<tr>\n<td><strong>Kommunizieren<\/strong><\/td>\n<td>RS485\/CAN<\/td>\n<\/tr>\n<tr>\n<td><strong>Lebensdauer der Batterie<\/strong><\/td>\n<td>\u00dcber 6000 Zyklen<\/td>\n<\/tr>\n<tr>\n<td><strong>Systemschutz<\/strong><\/td>\n<td>\u00dcbertemperaturschutz\/\u00dcberspannungsschutz\/\u00dcberstromschutz\/\u00dcberladungsschutz\/\u00dcberentladungsschutz\/Kurzschlussschutz\/\u00dcberlastschutz.<\/td>\n<\/tr>\n<tr>\n<td><strong>Austrittstemperatur<\/strong><\/td>\n<td>-20 \u00b0C bis 50 \u00b0C (Die empfohlene Umgebungstemperatur liegt zwischen 20 \u00b0C und 30 \u00b0C.)<\/td>\n<\/tr>\n<tr>\n<td><strong>Ladetemperaturbereich<\/strong><\/td>\n<td>-5 \u00b0C bis 50 \u00b0C (Die empfohlene Umgebungstemperatur liegt zwischen 20 \u00b0C und 30 \u00b0C.)<\/td>\n<\/tr>\n<tr>\n<td><strong>Lagertemperatur<\/strong><\/td>\n<td>Die empfohlene Umgebungstemperatur liegt zwischen 0 \u00b0C und 45 \u00b0C.<\/td>\n<\/tr>\n<tr>\n<td><strong>Zertifizierungsstandards<\/strong><\/td>\n<td>IEC UN38.3 Sicherheitsdatenblatt ROHS<\/td>\n<\/tr>\n<\/tbody>\n<\/table>","protected":false},"excerpt":{"rendered":"<ul>\n<li>Standard-Containerformfaktor: Plug-and-Play-Versand, kranschnelle Installation, IP-zertifiziert f\u00fcr den rauen Au\u00dfeneinsatz.<\/li>\n<li>Multimodus-Betrieb: VAR-Unterst\u00fctzung f\u00fcr das Netz, Inselbetrieb f\u00fcr das Netz und eigenst\u00e4ndiger Wechselrichter f\u00fcr das Mikro-Netz mit nur einem Klick.<\/li>\n<li>3-stufiges intelligentes BMS: mehrschichtiger Schutz von Zellen und Modulen, thermische Isolierung und Fehlertrennung in Echtzeit, Null-Fehler-Sicherheit.<\/li>\n<li>Smart-Grid-f\u00e4hig: Vollst\u00e4ndig konform mit den IEC\/IEEE-Verbindungsregeln, akzeptiert den Dispatch von Versorgungsunternehmen in Echtzeit.<\/li>\n<li>Fortschrittliche Anti-Insell\u00f6sung: Erkennung von Unterzyklen und Ride-Through, nahtlose Wiederanbindung, felsenfeste Stabilit\u00e4t.<\/li>\n<\/ul>","protected":false},"featured_media":1104,"comment_status":"open","ping_status":"closed","template":"","meta":[],"product_brand":[],"product_cat":[33,32,35],"product_tag":[],"class_list":{"0":"post-1103","1":"product","2":"type-product","3":"status-publish","4":"has-post-thumbnail","6":"product_cat-all-in-one-battery-energy-storage-system","7":"product_cat-commercial-and-industrial-energy-storage","8":"product_cat-container-series","10":"first","11":"instock","12":"shipping-taxable","13":"product-type-simple"},"_links":{"self":[{"href":"https:\/\/hdxenergy.com\/de\/wp-json\/wp\/v2\/product\/1103","targetHints":{"allow":["GET"]}}],"collection":[{"href":"https:\/\/hdxenergy.com\/de\/wp-json\/wp\/v2\/product"}],"about":[{"href":"https:\/\/hdxenergy.com\/de\/wp-json\/wp\/v2\/types\/product"}],"replies":[{"embeddable":true,"href":"https:\/\/hdxenergy.com\/de\/wp-json\/wp\/v2\/comments?post=1103"}],"wp:featuredmedia":[{"embeddable":true,"href":"https:\/\/hdxenergy.com\/de\/wp-json\/wp\/v2\/media\/1104"}],"wp:attachment":[{"href":"https:\/\/hdxenergy.com\/de\/wp-json\/wp\/v2\/media?parent=1103"}],"wp:term":[{"taxonomy":"product_brand","embeddable":true,"href":"https:\/\/hdxenergy.com\/de\/wp-json\/wp\/v2\/product_brand?post=1103"},{"taxonomy":"product_cat","embeddable":true,"href":"https:\/\/hdxenergy.com\/de\/wp-json\/wp\/v2\/product_cat?post=1103"},{"taxonomy":"product_tag","embeddable":true,"href":"https:\/\/hdxenergy.com\/de\/wp-json\/wp\/v2\/product_tag?post=1103"}],"curies":[{"name":"wp","href":"https:\/\/api.w.org\/{rel}","templated":true}]}}